{"id":2094,"date":"2016-10-05T16:22:43","date_gmt":"2016-10-05T14:22:43","guid":{"rendered":"http:\/\/localhost:8888\/natexpo\/?page_id=2094"},"modified":"2025-11-28T16:06:19","modified_gmt":"2025-11-28T15:06:19","slug":"infos-pratiques","status":"publish","type":"page","link":"https:\/\/www.respirelavie.fr\/rennes\/infos-pratiques\/","title":{"rendered":"Infos pratiques"},"content":{"rendered":"<p><img decoding=\"async\" class=\" wp-image-5416 alignleft\" src=\"https:\/\/www.salon-vivreautrement.com\/wp-content\/uploads\/2018\/03\/Service-visiteurs.jpg\" alt=\"\" width=\"106\" height=\"75\" \/><br \/>\nToutes les informations pour pr\u00e9parer au mieux votre visite sur le salon : savoir quand et ou il se d\u00e9roule, comment s\u2019y rendre, quels sont les services qui vont sont propos\u00e9s etc.<\/p>\n<h2><\/h2>\n<h2><a href=\"http:\/\/www.respirelavie.fr\/rennes\/infos-pratiques\/comment-venir\/\" target=\"_blank\" rel=\"noopener noreferrer\">Comment venir<\/a><\/h2>\n<p>En voiture, en train, \u00e0 v\u00e9lo, \u00e0 v\u00e9lo, \u00e0 pied ou encore en trottinette, tous les chemins vous m\u00e8nent au salon Respire La Vie Rennes.<br \/>\n<em><a href=\"https:\/\/www.rennesparcexpo.fr\/infos-pratiques\/\" target=\"_blank\" rel=\"noopener noreferrer\">Consultez le site internet du Parc des Expositions de Rennes<\/a><\/em><\/p>\n<h2><a href=\"http:\/\/www.respirelavie.fr\/rennes\/infos-pratiques\/informations-pratiques\/\" target=\"_blank\" rel=\"noopener noreferrer\">Informations pratiques<\/a><\/h2>\n<p>Du vendredi 13 au dimanche 15 f\u00e9vrier 2026<br \/>\nDe 10h \u00e0 19h et de 10h \u00e0 18h le dimanche \u2013 Derni\u00e8re entr\u00e9e 30min avant la fermeture<\/p>\n<h2><a href=\"http:\/\/www.respirelavie.fr\/rennes\/infos-pratiques\/contacts\/\" target=\"_blank\" rel=\"noopener noreferrer\">Contacts<\/a><\/h2>\n<p>Le salon Respire La Vie Rennes est organis\u00e9 par SPAS Organisation.<br \/>\nNous sommes \u00e0 votre \u00e9coute pour toutes vos questions.<\/p>\n<h2><a href=\"https:\/\/www.respirelavie.fr\/rennes\/infos-pratiques\/se-loger\/\" target=\"_blank\" rel=\"noopener\">Se loger<\/a><\/h2>\n<p>R\u00e9servez votre h\u00e9bergement pour Respire La Vie Rennes !<\/p>\n","protected":false},"excerpt":{"rendered":"<p>Toutes les informations pour pr\u00e9parer au mieux votre visite sur le salon : savoir quand et ou il se d\u00e9roule, comment s\u2019y rendre, quels sont les services qui vont sont propos\u00e9s etc. Comment venir En voiture, en train, \u00e0 v\u00e9lo, \u00e0 v\u00e9lo, \u00e0 pied ou encore en trottinette, tous les chemins vous m\u00e8nent au salon&hellip; <\/p>\n","protected":false},"author":1,"featured_media":0,"parent":0,"menu_order":0,"comment_status":"closed","ping_status":"closed","template":"","meta":{"_monsterinsights_skip_tracking":false,"_monsterinsights_sitenote_active":false,"_monsterinsights_sitenote_note":"","_monsterinsights_sitenote_category":0,"footnotes":""},"class_list":["post-2094","page","type-page","status-publish","hentry"],"yoast_head":"<!-- This site is optimized with the Yoast SEO plugin v27.3 - https:\/\/yoast.com\/product\/yoast-seo-wordpress\/ -->\n<title>Infos pratiques - Respire La Vie Rennes<\/title>\n<meta name=\"robots\" content=\"index, follow, max-snippet:-1, max-image-preview:large, max-video-preview:-1\" \/>\n<link rel=\"canonical\" href=\"https:\/\/www.respirelavie.fr\/rennes\/infos-pratiques\/\" \/>\n<meta property=\"og:locale\" content=\"fr_FR\" \/>\n<meta property=\"og:type\" content=\"article\" \/>\n<meta property=\"og:title\" content=\"Infos pratiques - Respire La Vie Rennes\" \/>\n<meta property=\"og:description\" content=\"Toutes les informations pour pr\u00e9parer au mieux votre visite sur le salon : savoir quand et ou il se d\u00e9roule, comment s\u2019y rendre, quels sont les services qui vont sont propos\u00e9s etc. Comment venir En voiture, en train, \u00e0 v\u00e9lo, \u00e0 v\u00e9lo, \u00e0 pied ou encore en trottinette, tous les chemins vous m\u00e8nent au salon&hellip;\" \/>\n<meta property=\"og:url\" content=\"https:\/\/www.respirelavie.fr\/rennes\/infos-pratiques\/\" \/>\n<meta property=\"og:site_name\" content=\"Respire La Vie Rennes\" \/>\n<meta property=\"article:modified_time\" content=\"2025-11-28T15:06:19+00:00\" \/>\n<meta property=\"og:image\" content=\"https:\/\/www.salon-vivreautrement.com\/wp-content\/uploads\/2018\/03\/Service-visiteurs.jpg\" \/>\n<meta name=\"twitter:card\" content=\"summary_large_image\" \/>\n<meta name=\"twitter:label1\" content=\"Dur\u00e9e de lecture estim\u00e9e\" \/>\n\t<meta name=\"twitter:data1\" content=\"1 minute\" \/>\n<script type=\"application\/ld+json\" class=\"yoast-schema-graph\">{\"@context\":\"https:\\\/\\\/schema.org\",\"@graph\":[{\"@type\":\"WebPage\",\"@id\":\"https:\\\/\\\/www.respirelavie.fr\\\/rennes\\\/infos-pratiques\\\/\",\"url\":\"https:\\\/\\\/www.respirelavie.fr\\\/rennes\\\/infos-pratiques\\\/\",\"name\":\"Infos pratiques - Respire La Vie Rennes\",\"isPartOf\":{\"@id\":\"https:\\\/\\\/www.respirelavie.fr\\\/rennes\\\/#website\"},\"primaryImageOfPage\":{\"@id\":\"https:\\\/\\\/www.respirelavie.fr\\\/rennes\\\/infos-pratiques\\\/#primaryimage\"},\"image\":{\"@id\":\"https:\\\/\\\/www.respirelavie.fr\\\/rennes\\\/infos-pratiques\\\/#primaryimage\"},\"thumbnailUrl\":\"https:\\\/\\\/www.salon-vivreautrement.com\\\/wp-content\\\/uploads\\\/2018\\\/03\\\/Service-visiteurs.jpg\",\"datePublished\":\"2016-10-05T14:22:43+00:00\",\"dateModified\":\"2025-11-28T15:06:19+00:00\",\"breadcrumb\":{\"@id\":\"https:\\\/\\\/www.respirelavie.fr\\\/rennes\\\/infos-pratiques\\\/#breadcrumb\"},\"inLanguage\":\"fr-FR\",\"potentialAction\":[{\"@type\":\"ReadAction\",\"target\":[\"https:\\\/\\\/www.respirelavie.fr\\\/rennes\\\/infos-pratiques\\\/\"]}]},{\"@type\":\"ImageObject\",\"inLanguage\":\"fr-FR\",\"@id\":\"https:\\\/\\\/www.respirelavie.fr\\\/rennes\\\/infos-pratiques\\\/#primaryimage\",\"url\":\"https:\\\/\\\/www.salon-vivreautrement.com\\\/wp-content\\\/uploads\\\/2018\\\/03\\\/Service-visiteurs.jpg\",\"contentUrl\":\"https:\\\/\\\/www.salon-vivreautrement.com\\\/wp-content\\\/uploads\\\/2018\\\/03\\\/Service-visiteurs.jpg\"},{\"@type\":\"BreadcrumbList\",\"@id\":\"https:\\\/\\\/www.respirelavie.fr\\\/rennes\\\/infos-pratiques\\\/#breadcrumb\",\"itemListElement\":[{\"@type\":\"ListItem\",\"position\":1,\"name\":\"Accueil\",\"item\":\"https:\\\/\\\/www.respirelavie.fr\\\/rennes\\\/\"},{\"@type\":\"ListItem\",\"position\":2,\"name\":\"Infos pratiques\"}]},{\"@type\":\"WebSite\",\"@id\":\"https:\\\/\\\/www.respirelavie.fr\\\/rennes\\\/#website\",\"url\":\"https:\\\/\\\/www.respirelavie.fr\\\/rennes\\\/\",\"name\":\"Respire La Vie Rennes\",\"description\":\"Respire La Vie Rennes : votre salon \u00e9colo, bio, bien-\u00eatre et habitat sain \u00e0 Rennes\",\"publisher\":{\"@id\":\"https:\\\/\\\/www.respirelavie.fr\\\/rennes\\\/#organization\"},\"potentialAction\":[{\"@type\":\"SearchAction\",\"target\":{\"@type\":\"EntryPoint\",\"urlTemplate\":\"https:\\\/\\\/www.respirelavie.fr\\\/rennes\\\/?s={search_term_string}\"},\"query-input\":{\"@type\":\"PropertyValueSpecification\",\"valueRequired\":true,\"valueName\":\"search_term_string\"}}],\"inLanguage\":\"fr-FR\"},{\"@type\":\"Organization\",\"@id\":\"https:\\\/\\\/www.respirelavie.fr\\\/rennes\\\/#organization\",\"name\":\"Respire La Vie Rennes\",\"url\":\"https:\\\/\\\/www.respirelavie.fr\\\/rennes\\\/\",\"logo\":{\"@type\":\"ImageObject\",\"inLanguage\":\"fr-FR\",\"@id\":\"https:\\\/\\\/www.respirelavie.fr\\\/rennes\\\/#\\\/schema\\\/logo\\\/image\\\/\",\"url\":\"https:\\\/\\\/www.respirelavie.fr\\\/rennes\\\/wp-content\\\/uploads\\\/sites\\\/5\\\/2025\\\/11\\\/cropped-Logo-RESPIRE-rennes-2026.png\",\"contentUrl\":\"https:\\\/\\\/www.respirelavie.fr\\\/rennes\\\/wp-content\\\/uploads\\\/sites\\\/5\\\/2025\\\/11\\\/cropped-Logo-RESPIRE-rennes-2026.png\",\"width\":921,\"height\":255,\"caption\":\"Respire La Vie Rennes\"},\"image\":{\"@id\":\"https:\\\/\\\/www.respirelavie.fr\\\/rennes\\\/#\\\/schema\\\/logo\\\/image\\\/\"}}]}<\/script>\n<!-- \/ Yoast SEO plugin. -->","yoast_head_json":{"title":"Infos pratiques - Respire La Vie Rennes","robots":{"index":"index","follow":"follow","max-snippet":"max-snippet:-1","max-image-preview":"max-image-preview:large","max-video-preview":"max-video-preview:-1"},"canonical":"https:\/\/www.respirelavie.fr\/rennes\/infos-pratiques\/","og_locale":"fr_FR","og_type":"article","og_title":"Infos pratiques - Respire La Vie Rennes","og_description":"Toutes les informations pour pr\u00e9parer au mieux votre visite sur le salon : savoir quand et ou il se d\u00e9roule, comment s\u2019y rendre, quels sont les services qui vont sont propos\u00e9s etc. Comment venir En voiture, en train, \u00e0 v\u00e9lo, \u00e0 v\u00e9lo, \u00e0 pied ou encore en trottinette, tous les chemins vous m\u00e8nent au salon&hellip;","og_url":"https:\/\/www.respirelavie.fr\/rennes\/infos-pratiques\/","og_site_name":"Respire La Vie Rennes","article_modified_time":"2025-11-28T15:06:19+00:00","og_image":[{"url":"https:\/\/www.salon-vivreautrement.com\/wp-content\/uploads\/2018\/03\/Service-visiteurs.jpg","type":"","width":"","height":""}],"twitter_card":"summary_large_image","twitter_misc":{"Dur\u00e9e de lecture estim\u00e9e":"1 minute"},"schema":{"@context":"https:\/\/schema.org","@graph":[{"@type":"WebPage","@id":"https:\/\/www.respirelavie.fr\/rennes\/infos-pratiques\/","url":"https:\/\/www.respirelavie.fr\/rennes\/infos-pratiques\/","name":"Infos pratiques - Respire La Vie Rennes","isPartOf":{"@id":"https:\/\/www.respirelavie.fr\/rennes\/#website"},"primaryImageOfPage":{"@id":"https:\/\/www.respirelavie.fr\/rennes\/infos-pratiques\/#primaryimage"},"image":{"@id":"https:\/\/www.respirelavie.fr\/rennes\/infos-pratiques\/#primaryimage"},"thumbnailUrl":"https:\/\/www.salon-vivreautrement.com\/wp-content\/uploads\/2018\/03\/Service-visiteurs.jpg","datePublished":"2016-10-05T14:22:43+00:00","dateModified":"2025-11-28T15:06:19+00:00","breadcrumb":{"@id":"https:\/\/www.respirelavie.fr\/rennes\/infos-pratiques\/#breadcrumb"},"inLanguage":"fr-FR","potentialAction":[{"@type":"ReadAction","target":["https:\/\/www.respirelavie.fr\/rennes\/infos-pratiques\/"]}]},{"@type":"ImageObject","inLanguage":"fr-FR","@id":"https:\/\/www.respirelavie.fr\/rennes\/infos-pratiques\/#primaryimage","url":"https:\/\/www.salon-vivreautrement.com\/wp-content\/uploads\/2018\/03\/Service-visiteurs.jpg","contentUrl":"https:\/\/www.salon-vivreautrement.com\/wp-content\/uploads\/2018\/03\/Service-visiteurs.jpg"},{"@type":"BreadcrumbList","@id":"https:\/\/www.respirelavie.fr\/rennes\/infos-pratiques\/#breadcrumb","itemListElement":[{"@type":"ListItem","position":1,"name":"Accueil","item":"https:\/\/www.respirelavie.fr\/rennes\/"},{"@type":"ListItem","position":2,"name":"Infos pratiques"}]},{"@type":"WebSite","@id":"https:\/\/www.respirelavie.fr\/rennes\/#website","url":"https:\/\/www.respirelavie.fr\/rennes\/","name":"Respire La Vie Rennes","description":"Respire La Vie Rennes : votre salon \u00e9colo, bio, bien-\u00eatre et habitat sain \u00e0 Rennes","publisher":{"@id":"https:\/\/www.respirelavie.fr\/rennes\/#organization"},"potentialAction":[{"@type":"SearchAction","target":{"@type":"EntryPoint","urlTemplate":"https:\/\/www.respirelavie.fr\/rennes\/?s={search_term_string}"},"query-input":{"@type":"PropertyValueSpecification","valueRequired":true,"valueName":"search_term_string"}}],"inLanguage":"fr-FR"},{"@type":"Organization","@id":"https:\/\/www.respirelavie.fr\/rennes\/#organization","name":"Respire La Vie Rennes","url":"https:\/\/www.respirelavie.fr\/rennes\/","logo":{"@type":"ImageObject","inLanguage":"fr-FR","@id":"https:\/\/www.respirelavie.fr\/rennes\/#\/schema\/logo\/image\/","url":"https:\/\/www.respirelavie.fr\/rennes\/wp-content\/uploads\/sites\/5\/2025\/11\/cropped-Logo-RESPIRE-rennes-2026.png","contentUrl":"https:\/\/www.respirelavie.fr\/rennes\/wp-content\/uploads\/sites\/5\/2025\/11\/cropped-Logo-RESPIRE-rennes-2026.png","width":921,"height":255,"caption":"Respire La Vie Rennes"},"image":{"@id":"https:\/\/www.respirelavie.fr\/rennes\/#\/schema\/logo\/image\/"}}]}},"_links":{"self":[{"href":"https:\/\/www.respirelavie.fr\/rennes\/wp-json\/wp\/v2\/pages\/2094","targetHints":{"allow":["GET"]}}],"collection":[{"href":"https:\/\/www.respirelavie.fr\/rennes\/wp-json\/wp\/v2\/pages"}],"about":[{"href":"https:\/\/www.respirelavie.fr\/rennes\/wp-json\/wp\/v2\/types\/page"}],"author":[{"embeddable":true,"href":"https:\/\/www.respirelavie.fr\/rennes\/wp-json\/wp\/v2\/users\/1"}],"replies":[{"embeddable":true,"href":"https:\/\/www.respirelavie.fr\/rennes\/wp-json\/wp\/v2\/comments?post=2094"}],"version-history":[{"count":28,"href":"https:\/\/www.respirelavie.fr\/rennes\/wp-json\/wp\/v2\/pages\/2094\/revisions"}],"predecessor-version":[{"id":12470,"href":"https:\/\/www.respirelavie.fr\/rennes\/wp-json\/wp\/v2\/pages\/2094\/revisions\/12470"}],"wp:attachment":[{"href":"https:\/\/www.respirelavie.fr\/rennes\/wp-json\/wp\/v2\/media?parent=2094"}],"curies":[{"name":"wp","href":"https:\/\/api.w.org\/{rel}","templated":true}]}}