{"id":3843,"date":"2017-04-14T11:12:25","date_gmt":"2017-04-14T09:12:25","guid":{"rendered":"http:\/\/localhost:8888\/artemisia\/?page_id=3843"},"modified":"2025-11-27T16:52:06","modified_gmt":"2025-11-27T15:52:06","slug":"visiter","status":"publish","type":"page","link":"https:\/\/www.respirelavie.fr\/rennes\/visiter\/","title":{"rendered":"Visiter le salon Respire La Vie \u00e0 Rennes"},"content":{"rendered":"<h2 style=\"text-align: justify;\"><strong>3 jours pour adopter un nouveau style de vie<\/strong><\/h2>\n<h2 style=\"text-align: justify;\"><strong><a href=\"http:\/\/www.respirelavie.fr\/rennes\/visiter\/la-presentation-du-salon\/\" target=\"_blank\" rel=\"noopener noreferrer\">Pr\u00e9sentation du salon<\/a><\/strong><\/h2>\n<p style=\"text-align: justify;\">Le salon Respire La Vie Rennes rassemble 160 exposants, producteurs et cr\u00e9ateurs inspir\u00e9s, respectueux de la nature et des hommes, pour adopter des \u00e9co-r\u00e9flexes dans tous les domaines du quotidien : alimentation et vins bio, mode et artisanat, habitat sain, environnement, beaut\u00e9, sant\u00e9 et bien-\u00eatre, d\u00e9veloppement personnel, m\u00e9decine douce\u2026<\/p>\n<h2 style=\"text-align: justify;\"><strong><a href=\"http:\/\/www.respirelavie.fr\/rennes\/visiter\/les-secteurs-du-salon\/\" target=\"_blank\" rel=\"noopener noreferrer\">Les secteurs du salon<\/a><\/strong><\/h2>\n<p style=\"text-align: justify;\">3 jours de rencontres, d\u2019\u00e9changes et de d\u00e9couvertes : alimentation et vins bio, mode et artisanat, habitat sain, environnement, beaut\u00e9, sant\u00e9 et bien-\u00eatre, d\u00e9veloppement personnel, m\u00e9decine douce\u2026<\/p>\n<h2><a href=\"https:\/\/www.respirelavie.fr\/rennes\/le-salon-en-images\/\" target=\"_blank\" rel=\"noopener\"><strong>Le salon en images<\/strong><\/a><\/h2>\n<p>D\u00e9couvrez en images le salon Respire La Vie Rennes !<\/p>\n<h2 style=\"text-align: justify;\"><strong><a href=\"http:\/\/www.respirelavie.fr\/rennes\/visiter\/charte-de-selection-salons-zen-bio\/\" target=\"_blank\" rel=\"noopener noreferrer\">Charte de s\u00e9lection des salons Zen &amp; Bio<\/a><\/strong><\/h2>\n<p style=\"text-align: justify;\">Le comit\u00e9 de s\u00e9lection du salon s\u2019assure que les crit\u00e8res requis soient respect\u00e9s pour tous les produits et services pr\u00e9sent\u00e9s, dans le respect d\u2019une d\u00e9marche environnementale. Une caution efficace pour vous, visiteurs qui pouvez faire vos achats sur le salon en toute confiance.<\/p>\n<h2><a href=\"https:\/\/www.respirelavie.fr\/rennes\/visiter\/le-plan-du-salon\/\" target=\"_blank\" rel=\"noopener noreferrer\"><strong>Le plan du salon<\/strong><\/a><\/h2>\n<p>Pr\u00e9parez votre visite et t\u00e9l\u00e9chargez le plan du salon<\/p>\n<h2 style=\"text-align: justify;\"><strong><a href=\"http:\/\/www.respirelavie.fr\/rennes\/visiter\/liste-des-exposants\/\" target=\"_blank\" rel=\"noopener noreferrer\">Liste des exposants<\/a><\/strong><\/h2>\n<p>Consultez la fiche de l\u2019exposant pour connaitre son N\u00b0 de stand ou visiter son site internet.<\/p>\n<p>D\u00e9couvrez des produits alliant qualit\u00e9, engagement, \u00e9thique et saveur.<\/p>\n","protected":false},"excerpt":{"rendered":"<p>3 jours pour adopter un nouveau style de vie Pr\u00e9sentation du salon Le salon Respire La Vie Rennes rassemble 160 exposants, producteurs et cr\u00e9ateurs inspir\u00e9s, respectueux de la nature et des hommes, pour adopter des \u00e9co-r\u00e9flexes dans tous les domaines du quotidien : alimentation et vins bio, mode et artisanat, habitat sain, environnement, beaut\u00e9, sant\u00e9&hellip; <\/p>\n","protected":false},"author":1,"featured_media":0,"parent":0,"menu_order":0,"comment_status":"closed","ping_status":"closed","template":"","meta":{"_monsterinsights_skip_tracking":false,"_monsterinsights_sitenote_active":false,"_monsterinsights_sitenote_note":"","_monsterinsights_sitenote_category":0,"footnotes":""},"class_list":["post-3843","page","type-page","status-publish","hentry"],"yoast_head":"<!-- This site is optimized with the Yoast SEO plugin v27.3 - https:\/\/yoast.com\/product\/yoast-seo-wordpress\/ -->\n<title>Visiter le salon Respire La Vie \u00e0 Rennes - Respire La Vie Rennes<\/title>\n<meta name=\"robots\" content=\"index, follow, max-snippet:-1, max-image-preview:large, max-video-preview:-1\" \/>\n<link rel=\"canonical\" href=\"https:\/\/www.respirelavie.fr\/rennes\/visiter\/\" \/>\n<meta property=\"og:locale\" content=\"fr_FR\" \/>\n<meta property=\"og:type\" content=\"article\" \/>\n<meta property=\"og:title\" content=\"Visiter le salon Respire La Vie \u00e0 Rennes - Respire La Vie Rennes\" \/>\n<meta property=\"og:description\" content=\"3 jours pour adopter un nouveau style de vie Pr\u00e9sentation du salon Le salon Respire La Vie Rennes rassemble 160 exposants, producteurs et cr\u00e9ateurs inspir\u00e9s, respectueux de la nature et des hommes, pour adopter des \u00e9co-r\u00e9flexes dans tous les domaines du quotidien : alimentation et vins bio, mode et artisanat, habitat sain, environnement, beaut\u00e9, sant\u00e9&hellip;\" \/>\n<meta property=\"og:url\" content=\"https:\/\/www.respirelavie.fr\/rennes\/visiter\/\" \/>\n<meta property=\"og:site_name\" content=\"Respire La Vie Rennes\" \/>\n<meta property=\"article:modified_time\" content=\"2025-11-27T15:52:06+00:00\" \/>\n<meta name=\"twitter:card\" content=\"summary_large_image\" \/>\n<meta name=\"twitter:label1\" content=\"Dur\u00e9e de lecture estim\u00e9e\" \/>\n\t<meta name=\"twitter:data1\" content=\"2 minutes\" \/>\n<script type=\"application\/ld+json\" class=\"yoast-schema-graph\">{\"@context\":\"https:\\\/\\\/schema.org\",\"@graph\":[{\"@type\":\"WebPage\",\"@id\":\"https:\\\/\\\/www.respirelavie.fr\\\/rennes\\\/visiter\\\/\",\"url\":\"https:\\\/\\\/www.respirelavie.fr\\\/rennes\\\/visiter\\\/\",\"name\":\"Visiter le salon Respire La Vie \u00e0 Rennes - Respire La Vie Rennes\",\"isPartOf\":{\"@id\":\"http:\\\/\\\/www.respirelavie.fr\\\/rennes\\\/#website\"},\"datePublished\":\"2017-04-14T09:12:25+00:00\",\"dateModified\":\"2025-11-27T15:52:06+00:00\",\"breadcrumb\":{\"@id\":\"https:\\\/\\\/www.respirelavie.fr\\\/rennes\\\/visiter\\\/#breadcrumb\"},\"inLanguage\":\"fr-FR\",\"potentialAction\":[{\"@type\":\"ReadAction\",\"target\":[\"https:\\\/\\\/www.respirelavie.fr\\\/rennes\\\/visiter\\\/\"]}]},{\"@type\":\"BreadcrumbList\",\"@id\":\"https:\\\/\\\/www.respirelavie.fr\\\/rennes\\\/visiter\\\/#breadcrumb\",\"itemListElement\":[{\"@type\":\"ListItem\",\"position\":1,\"name\":\"Accueil\",\"item\":\"https:\\\/\\\/www.respirelavie.fr\\\/rennes\\\/\"},{\"@type\":\"ListItem\",\"position\":2,\"name\":\"Visiter le salon Respire La Vie \u00e0 Rennes\"}]},{\"@type\":\"WebSite\",\"@id\":\"http:\\\/\\\/www.respirelavie.fr\\\/rennes\\\/#website\",\"url\":\"http:\\\/\\\/www.respirelavie.fr\\\/rennes\\\/\",\"name\":\"Respire La Vie Rennes\",\"description\":\"Respire La Vie Rennes : votre salon \u00e9colo, bio, bien-\u00eatre et habitat sain \u00e0 Rennes\",\"publisher\":{\"@id\":\"http:\\\/\\\/www.respirelavie.fr\\\/rennes\\\/#organization\"},\"potentialAction\":[{\"@type\":\"SearchAction\",\"target\":{\"@type\":\"EntryPoint\",\"urlTemplate\":\"http:\\\/\\\/www.respirelavie.fr\\\/rennes\\\/?s={search_term_string}\"},\"query-input\":{\"@type\":\"PropertyValueSpecification\",\"valueRequired\":true,\"valueName\":\"search_term_string\"}}],\"inLanguage\":\"fr-FR\"},{\"@type\":\"Organization\",\"@id\":\"http:\\\/\\\/www.respirelavie.fr\\\/rennes\\\/#organization\",\"name\":\"Respire La Vie Rennes\",\"url\":\"http:\\\/\\\/www.respirelavie.fr\\\/rennes\\\/\",\"logo\":{\"@type\":\"ImageObject\",\"inLanguage\":\"fr-FR\",\"@id\":\"http:\\\/\\\/www.respirelavie.fr\\\/rennes\\\/#\\\/schema\\\/logo\\\/image\\\/\",\"url\":\"https:\\\/\\\/www.respirelavie.fr\\\/rennes\\\/wp-content\\\/uploads\\\/sites\\\/5\\\/2025\\\/11\\\/cropped-Logo-RESPIRE-rennes-2026.png\",\"contentUrl\":\"https:\\\/\\\/www.respirelavie.fr\\\/rennes\\\/wp-content\\\/uploads\\\/sites\\\/5\\\/2025\\\/11\\\/cropped-Logo-RESPIRE-rennes-2026.png\",\"width\":921,\"height\":255,\"caption\":\"Respire La Vie Rennes\"},\"image\":{\"@id\":\"http:\\\/\\\/www.respirelavie.fr\\\/rennes\\\/#\\\/schema\\\/logo\\\/image\\\/\"}}]}<\/script>\n<!-- \/ Yoast SEO plugin. -->","yoast_head_json":{"title":"Visiter le salon Respire La Vie \u00e0 Rennes - Respire La Vie Rennes","robots":{"index":"index","follow":"follow","max-snippet":"max-snippet:-1","max-image-preview":"max-image-preview:large","max-video-preview":"max-video-preview:-1"},"canonical":"https:\/\/www.respirelavie.fr\/rennes\/visiter\/","og_locale":"fr_FR","og_type":"article","og_title":"Visiter le salon Respire La Vie \u00e0 Rennes - Respire La Vie Rennes","og_description":"3 jours pour adopter un nouveau style de vie Pr\u00e9sentation du salon Le salon Respire La Vie Rennes rassemble 160 exposants, producteurs et cr\u00e9ateurs inspir\u00e9s, respectueux de la nature et des hommes, pour adopter des \u00e9co-r\u00e9flexes dans tous les domaines du quotidien : alimentation et vins bio, mode et artisanat, habitat sain, environnement, beaut\u00e9, sant\u00e9&hellip;","og_url":"https:\/\/www.respirelavie.fr\/rennes\/visiter\/","og_site_name":"Respire La Vie Rennes","article_modified_time":"2025-11-27T15:52:06+00:00","twitter_card":"summary_large_image","twitter_misc":{"Dur\u00e9e de lecture estim\u00e9e":"2 minutes"},"schema":{"@context":"https:\/\/schema.org","@graph":[{"@type":"WebPage","@id":"https:\/\/www.respirelavie.fr\/rennes\/visiter\/","url":"https:\/\/www.respirelavie.fr\/rennes\/visiter\/","name":"Visiter le salon Respire La Vie \u00e0 Rennes - Respire La Vie Rennes","isPartOf":{"@id":"http:\/\/www.respirelavie.fr\/rennes\/#website"},"datePublished":"2017-04-14T09:12:25+00:00","dateModified":"2025-11-27T15:52:06+00:00","breadcrumb":{"@id":"https:\/\/www.respirelavie.fr\/rennes\/visiter\/#breadcrumb"},"inLanguage":"fr-FR","potentialAction":[{"@type":"ReadAction","target":["https:\/\/www.respirelavie.fr\/rennes\/visiter\/"]}]},{"@type":"BreadcrumbList","@id":"https:\/\/www.respirelavie.fr\/rennes\/visiter\/#breadcrumb","itemListElement":[{"@type":"ListItem","position":1,"name":"Accueil","item":"https:\/\/www.respirelavie.fr\/rennes\/"},{"@type":"ListItem","position":2,"name":"Visiter le salon Respire La Vie \u00e0 Rennes"}]},{"@type":"WebSite","@id":"http:\/\/www.respirelavie.fr\/rennes\/#website","url":"http:\/\/www.respirelavie.fr\/rennes\/","name":"Respire La Vie Rennes","description":"Respire La Vie Rennes : votre salon \u00e9colo, bio, bien-\u00eatre et habitat sain \u00e0 Rennes","publisher":{"@id":"http:\/\/www.respirelavie.fr\/rennes\/#organization"},"potentialAction":[{"@type":"SearchAction","target":{"@type":"EntryPoint","urlTemplate":"http:\/\/www.respirelavie.fr\/rennes\/?s={search_term_string}"},"query-input":{"@type":"PropertyValueSpecification","valueRequired":true,"valueName":"search_term_string"}}],"inLanguage":"fr-FR"},{"@type":"Organization","@id":"http:\/\/www.respirelavie.fr\/rennes\/#organization","name":"Respire La Vie Rennes","url":"http:\/\/www.respirelavie.fr\/rennes\/","logo":{"@type":"ImageObject","inLanguage":"fr-FR","@id":"http:\/\/www.respirelavie.fr\/rennes\/#\/schema\/logo\/image\/","url":"https:\/\/www.respirelavie.fr\/rennes\/wp-content\/uploads\/sites\/5\/2025\/11\/cropped-Logo-RESPIRE-rennes-2026.png","contentUrl":"https:\/\/www.respirelavie.fr\/rennes\/wp-content\/uploads\/sites\/5\/2025\/11\/cropped-Logo-RESPIRE-rennes-2026.png","width":921,"height":255,"caption":"Respire La Vie Rennes"},"image":{"@id":"http:\/\/www.respirelavie.fr\/rennes\/#\/schema\/logo\/image\/"}}]}},"_links":{"self":[{"href":"https:\/\/www.respirelavie.fr\/rennes\/wp-json\/wp\/v2\/pages\/3843","targetHints":{"allow":["GET"]}}],"collection":[{"href":"https:\/\/www.respirelavie.fr\/rennes\/wp-json\/wp\/v2\/pages"}],"about":[{"href":"https:\/\/www.respirelavie.fr\/rennes\/wp-json\/wp\/v2\/types\/page"}],"author":[{"embeddable":true,"href":"https:\/\/www.respirelavie.fr\/rennes\/wp-json\/wp\/v2\/users\/1"}],"replies":[{"embeddable":true,"href":"https:\/\/www.respirelavie.fr\/rennes\/wp-json\/wp\/v2\/comments?post=3843"}],"version-history":[{"count":28,"href":"https:\/\/www.respirelavie.fr\/rennes\/wp-json\/wp\/v2\/pages\/3843\/revisions"}],"predecessor-version":[{"id":12451,"href":"https:\/\/www.respirelavie.fr\/rennes\/wp-json\/wp\/v2\/pages\/3843\/revisions\/12451"}],"wp:attachment":[{"href":"https:\/\/www.respirelavie.fr\/rennes\/wp-json\/wp\/v2\/media?parent=3843"}],"curies":[{"name":"wp","href":"https:\/\/api.w.org\/{rel}","templated":true}]}}