{"id":3845,"date":"2017-04-14T11:13:03","date_gmt":"2017-04-14T09:13:03","guid":{"rendered":"http:\/\/localhost:8888\/artemisia\/?page_id=3845"},"modified":"2025-11-27T15:14:23","modified_gmt":"2025-11-27T14:14:23","slug":"la-presentation-du-salon","status":"publish","type":"page","link":"https:\/\/www.respirelavie.fr\/rennes\/visiter\/la-presentation-du-salon\/","title":{"rendered":"Pr\u00e9sentation du salon"},"content":{"rendered":"<p style=\"text-align: justify;\"><strong>La 21<sup>\u00e8me<\/sup> \u00e9dition <\/strong><strong>du salon Respire La Vie Rennes se tiendra au Parc des Expositions du 13 au 15 f\u00e9vrier 2026.<br \/>\n<\/strong><strong>Chaque visiteur y trouvera de pr\u00e9cieux conseil pour lui permettre de se sentir bien dans son esprit, dans son corps et dans son environnement.<\/strong><\/p>\n<p style=\"text-align: justify;\">Chaque ann\u00e9e le salon vous propose de rencontrer des professionnels de la bio, du bien-\u00eatre, mais \u00e9galement d\u2019en savoir plus sur l\u2019environnement, l\u2019habitat sain, le commerce \u00e9quitable, le tourisme vert et solidaire, ou encore de d\u00e9couvrir et rencontrer des producteurs bio locaux !<\/p>\n<p style=\"text-align: justify;\"><span style=\"color: #59a832;\"><strong>160 exposants<\/strong><\/span>\u00a0sont attendus lors de cette nouvelle \u00e9dition. Ils prodigueront leurs conseils pour un mode de vie plus sain, plus bio, et plus zen ! Proximit\u00e9 est le ma\u00eetre-mot de ce salon o\u00f9 vous pourrez \u00e9changer avec ceux \u0153uvrent pour le respect de l\u2019humain comme de l\u2019environnement.<\/p>\n<p style=\"text-align: justify;\">Il se passe toujours quelque chose sur les salons du R\u00e9seau Zen &amp; Bio !<\/p>\n<p style=\"text-align: justify;\">Le salon Respire La Vie \u00e0 Rennes propose un programme d\u2019animations complet et interactif, pour pousser la r\u00e9flexion plus loin. Assister \u00e0 des conf\u00e9rences anim\u00e9es par des experts de la bio et du bien-\u00eatre, d\u00e9couvrir de nouvelles pratiques en participant aux ateliers, ou encore mettre la main \u00e0 la p\u00e2te pour faire soi-m\u00eame\u2026<\/p>\n<ul style=\"text-align: justify;\">\n<li><span style=\"color: #59a832;\"><strong>Des conf\u00e9rences<\/strong><\/span>\u00a0propos\u00e9es gratuitement sur des th\u00e8mes vari\u00e9s comme l\u2019alimentation, la lib\u00e9ration \u00e9motionnelle, le d\u00e9veloppement durable<\/li>\n<li><span style=\"color: #59a832;\"><strong>Des ateliers bien-\u00eatre<\/strong><\/span> de pratiques corporelles pour s\u2019initier (m\u00e9ditation, sophrologie, massage, hypnose, yoga, ta\u00ef chi, qi gong\u2026)<\/li>\n<li><span style=\"color: #59a832;\"><strong>Des animations cr\u00e9atives et un espace d&#8217;animation<\/strong><\/span>\u00a0avec des d\u00e9monstration ou de la mise en pratique : cuisine saine, z\u00e9ro d\u00e9chet, cosm\u00e9tique naturelles, produits d\u2019entretien \u00e9cologiques, trucs et astuces \u00e9colo, ateliers recyclage, jardinage au naturel\u2026<\/li>\n<\/ul>\n<p style=\"text-align: justify;\">De quoi vous faire penser bio et vivre zen au quotidien\u00a0!<br \/>\nNous vous attendons nombreux\u00a0!<\/p>\n<p style=\"text-align: justify;\"><strong><em>L\u2019\u00e9quipe du salon Respire La Vie Rennes<\/em><\/strong><\/p>\n<h2 style=\"text-align: justify;\"><\/h2>\n<h2 style=\"text-align: justify;\"><\/h2>\n","protected":false},"excerpt":{"rendered":"<p>La 21\u00e8me \u00e9dition du salon Respire La Vie Rennes se tiendra au Parc des Expositions du 13 au 15 f\u00e9vrier 2026. Chaque visiteur y trouvera de pr\u00e9cieux conseil pour lui permettre de se sentir bien dans son esprit, dans son corps et dans son environnement. Chaque ann\u00e9e le salon vous propose de rencontrer des professionnels&hellip; <\/p>\n","protected":false},"author":1,"featured_media":0,"parent":3843,"menu_order":1,"comment_status":"closed","ping_status":"closed","template":"","meta":{"_monsterinsights_skip_tracking":false,"_monsterinsights_sitenote_active":false,"_monsterinsights_sitenote_note":"","_monsterinsights_sitenote_category":0,"footnotes":""},"class_list":["post-3845","page","type-page","status-publish","hentry"],"yoast_head":"<!-- This site is optimized with the Yoast SEO plugin v27.3 - https:\/\/yoast.com\/product\/yoast-seo-wordpress\/ -->\n<title>Pr\u00e9sentation du salon - Respire La Vie Rennes<\/title>\n<meta name=\"robots\" content=\"index, follow, max-snippet:-1, max-image-preview:large, max-video-preview:-1\" \/>\n<link rel=\"canonical\" href=\"https:\/\/www.respirelavie.fr\/rennes\/visiter\/la-presentation-du-salon\/\" \/>\n<meta property=\"og:locale\" content=\"fr_FR\" \/>\n<meta property=\"og:type\" content=\"article\" \/>\n<meta property=\"og:title\" content=\"Pr\u00e9sentation du salon - Respire La Vie Rennes\" \/>\n<meta property=\"og:description\" content=\"La 21\u00e8me \u00e9dition du salon Respire La Vie Rennes se tiendra au Parc des Expositions du 13 au 15 f\u00e9vrier 2026. Chaque visiteur y trouvera de pr\u00e9cieux conseil pour lui permettre de se sentir bien dans son esprit, dans son corps et dans son environnement. Chaque ann\u00e9e le salon vous propose de rencontrer des professionnels&hellip;\" \/>\n<meta property=\"og:url\" content=\"https:\/\/www.respirelavie.fr\/rennes\/visiter\/la-presentation-du-salon\/\" \/>\n<meta property=\"og:site_name\" content=\"Respire La Vie Rennes\" \/>\n<meta property=\"article:modified_time\" content=\"2025-11-27T14:14:23+00:00\" \/>\n<meta name=\"twitter:card\" content=\"summary_large_image\" \/>\n<meta name=\"twitter:label1\" content=\"Dur\u00e9e de lecture estim\u00e9e\" \/>\n\t<meta name=\"twitter:data1\" content=\"2 minutes\" \/>\n<script type=\"application\/ld+json\" class=\"yoast-schema-graph\">{\"@context\":\"https:\\\/\\\/schema.org\",\"@graph\":[{\"@type\":\"WebPage\",\"@id\":\"https:\\\/\\\/www.respirelavie.fr\\\/rennes\\\/visiter\\\/la-presentation-du-salon\\\/\",\"url\":\"https:\\\/\\\/www.respirelavie.fr\\\/rennes\\\/visiter\\\/la-presentation-du-salon\\\/\",\"name\":\"Pr\u00e9sentation du salon - Respire La Vie Rennes\",\"isPartOf\":{\"@id\":\"http:\\\/\\\/www.respirelavie.fr\\\/rennes\\\/#website\"},\"datePublished\":\"2017-04-14T09:13:03+00:00\",\"dateModified\":\"2025-11-27T14:14:23+00:00\",\"breadcrumb\":{\"@id\":\"https:\\\/\\\/www.respirelavie.fr\\\/rennes\\\/visiter\\\/la-presentation-du-salon\\\/#breadcrumb\"},\"inLanguage\":\"fr-FR\",\"potentialAction\":[{\"@type\":\"ReadAction\",\"target\":[\"https:\\\/\\\/www.respirelavie.fr\\\/rennes\\\/visiter\\\/la-presentation-du-salon\\\/\"]}]},{\"@type\":\"BreadcrumbList\",\"@id\":\"https:\\\/\\\/www.respirelavie.fr\\\/rennes\\\/visiter\\\/la-presentation-du-salon\\\/#breadcrumb\",\"itemListElement\":[{\"@type\":\"ListItem\",\"position\":1,\"name\":\"Accueil\",\"item\":\"https:\\\/\\\/www.respirelavie.fr\\\/rennes\\\/\"},{\"@type\":\"ListItem\",\"position\":2,\"name\":\"Visiter le salon Respire La Vie \u00e0 Rennes\",\"item\":\"https:\\\/\\\/www.respirelavie.fr\\\/rennes\\\/visiter\\\/\"},{\"@type\":\"ListItem\",\"position\":3,\"name\":\"Pr\u00e9sentation du salon\"}]},{\"@type\":\"WebSite\",\"@id\":\"http:\\\/\\\/www.respirelavie.fr\\\/rennes\\\/#website\",\"url\":\"http:\\\/\\\/www.respirelavie.fr\\\/rennes\\\/\",\"name\":\"Respire La Vie Rennes\",\"description\":\"Respire La Vie Rennes : votre salon \u00e9colo, bio, bien-\u00eatre et habitat sain \u00e0 Rennes\",\"publisher\":{\"@id\":\"http:\\\/\\\/www.respirelavie.fr\\\/rennes\\\/#organization\"},\"potentialAction\":[{\"@type\":\"SearchAction\",\"target\":{\"@type\":\"EntryPoint\",\"urlTemplate\":\"http:\\\/\\\/www.respirelavie.fr\\\/rennes\\\/?s={search_term_string}\"},\"query-input\":{\"@type\":\"PropertyValueSpecification\",\"valueRequired\":true,\"valueName\":\"search_term_string\"}}],\"inLanguage\":\"fr-FR\"},{\"@type\":\"Organization\",\"@id\":\"http:\\\/\\\/www.respirelavie.fr\\\/rennes\\\/#organization\",\"name\":\"Respire La Vie Rennes\",\"url\":\"http:\\\/\\\/www.respirelavie.fr\\\/rennes\\\/\",\"logo\":{\"@type\":\"ImageObject\",\"inLanguage\":\"fr-FR\",\"@id\":\"http:\\\/\\\/www.respirelavie.fr\\\/rennes\\\/#\\\/schema\\\/logo\\\/image\\\/\",\"url\":\"https:\\\/\\\/www.respirelavie.fr\\\/rennes\\\/wp-content\\\/uploads\\\/sites\\\/5\\\/2025\\\/11\\\/cropped-Logo-RESPIRE-rennes-2026.png\",\"contentUrl\":\"https:\\\/\\\/www.respirelavie.fr\\\/rennes\\\/wp-content\\\/uploads\\\/sites\\\/5\\\/2025\\\/11\\\/cropped-Logo-RESPIRE-rennes-2026.png\",\"width\":921,\"height\":255,\"caption\":\"Respire La Vie Rennes\"},\"image\":{\"@id\":\"http:\\\/\\\/www.respirelavie.fr\\\/rennes\\\/#\\\/schema\\\/logo\\\/image\\\/\"}}]}<\/script>\n<!-- \/ Yoast SEO plugin. -->","yoast_head_json":{"title":"Pr\u00e9sentation du salon - Respire La Vie Rennes","robots":{"index":"index","follow":"follow","max-snippet":"max-snippet:-1","max-image-preview":"max-image-preview:large","max-video-preview":"max-video-preview:-1"},"canonical":"https:\/\/www.respirelavie.fr\/rennes\/visiter\/la-presentation-du-salon\/","og_locale":"fr_FR","og_type":"article","og_title":"Pr\u00e9sentation du salon - Respire La Vie Rennes","og_description":"La 21\u00e8me \u00e9dition du salon Respire La Vie Rennes se tiendra au Parc des Expositions du 13 au 15 f\u00e9vrier 2026. Chaque visiteur y trouvera de pr\u00e9cieux conseil pour lui permettre de se sentir bien dans son esprit, dans son corps et dans son environnement. Chaque ann\u00e9e le salon vous propose de rencontrer des professionnels&hellip;","og_url":"https:\/\/www.respirelavie.fr\/rennes\/visiter\/la-presentation-du-salon\/","og_site_name":"Respire La Vie Rennes","article_modified_time":"2025-11-27T14:14:23+00:00","twitter_card":"summary_large_image","twitter_misc":{"Dur\u00e9e de lecture estim\u00e9e":"2 minutes"},"schema":{"@context":"https:\/\/schema.org","@graph":[{"@type":"WebPage","@id":"https:\/\/www.respirelavie.fr\/rennes\/visiter\/la-presentation-du-salon\/","url":"https:\/\/www.respirelavie.fr\/rennes\/visiter\/la-presentation-du-salon\/","name":"Pr\u00e9sentation du salon - Respire La Vie Rennes","isPartOf":{"@id":"http:\/\/www.respirelavie.fr\/rennes\/#website"},"datePublished":"2017-04-14T09:13:03+00:00","dateModified":"2025-11-27T14:14:23+00:00","breadcrumb":{"@id":"https:\/\/www.respirelavie.fr\/rennes\/visiter\/la-presentation-du-salon\/#breadcrumb"},"inLanguage":"fr-FR","potentialAction":[{"@type":"ReadAction","target":["https:\/\/www.respirelavie.fr\/rennes\/visiter\/la-presentation-du-salon\/"]}]},{"@type":"BreadcrumbList","@id":"https:\/\/www.respirelavie.fr\/rennes\/visiter\/la-presentation-du-salon\/#breadcrumb","itemListElement":[{"@type":"ListItem","position":1,"name":"Accueil","item":"https:\/\/www.respirelavie.fr\/rennes\/"},{"@type":"ListItem","position":2,"name":"Visiter le salon Respire La Vie \u00e0 Rennes","item":"https:\/\/www.respirelavie.fr\/rennes\/visiter\/"},{"@type":"ListItem","position":3,"name":"Pr\u00e9sentation du salon"}]},{"@type":"WebSite","@id":"http:\/\/www.respirelavie.fr\/rennes\/#website","url":"http:\/\/www.respirelavie.fr\/rennes\/","name":"Respire La Vie Rennes","description":"Respire La Vie Rennes : votre salon \u00e9colo, bio, bien-\u00eatre et habitat sain \u00e0 Rennes","publisher":{"@id":"http:\/\/www.respirelavie.fr\/rennes\/#organization"},"potentialAction":[{"@type":"SearchAction","target":{"@type":"EntryPoint","urlTemplate":"http:\/\/www.respirelavie.fr\/rennes\/?s={search_term_string}"},"query-input":{"@type":"PropertyValueSpecification","valueRequired":true,"valueName":"search_term_string"}}],"inLanguage":"fr-FR"},{"@type":"Organization","@id":"http:\/\/www.respirelavie.fr\/rennes\/#organization","name":"Respire La Vie Rennes","url":"http:\/\/www.respirelavie.fr\/rennes\/","logo":{"@type":"ImageObject","inLanguage":"fr-FR","@id":"http:\/\/www.respirelavie.fr\/rennes\/#\/schema\/logo\/image\/","url":"https:\/\/www.respirelavie.fr\/rennes\/wp-content\/uploads\/sites\/5\/2025\/11\/cropped-Logo-RESPIRE-rennes-2026.png","contentUrl":"https:\/\/www.respirelavie.fr\/rennes\/wp-content\/uploads\/sites\/5\/2025\/11\/cropped-Logo-RESPIRE-rennes-2026.png","width":921,"height":255,"caption":"Respire La Vie Rennes"},"image":{"@id":"http:\/\/www.respirelavie.fr\/rennes\/#\/schema\/logo\/image\/"}}]}},"_links":{"self":[{"href":"https:\/\/www.respirelavie.fr\/rennes\/wp-json\/wp\/v2\/pages\/3845","targetHints":{"allow":["GET"]}}],"collection":[{"href":"https:\/\/www.respirelavie.fr\/rennes\/wp-json\/wp\/v2\/pages"}],"about":[{"href":"https:\/\/www.respirelavie.fr\/rennes\/wp-json\/wp\/v2\/types\/page"}],"author":[{"embeddable":true,"href":"https:\/\/www.respirelavie.fr\/rennes\/wp-json\/wp\/v2\/users\/1"}],"replies":[{"embeddable":true,"href":"https:\/\/www.respirelavie.fr\/rennes\/wp-json\/wp\/v2\/comments?post=3845"}],"version-history":[{"count":31,"href":"https:\/\/www.respirelavie.fr\/rennes\/wp-json\/wp\/v2\/pages\/3845\/revisions"}],"predecessor-version":[{"id":12409,"href":"https:\/\/www.respirelavie.fr\/rennes\/wp-json\/wp\/v2\/pages\/3845\/revisions\/12409"}],"up":[{"embeddable":true,"href":"https:\/\/www.respirelavie.fr\/rennes\/wp-json\/wp\/v2\/pages\/3843"}],"wp:attachment":[{"href":"https:\/\/www.respirelavie.fr\/rennes\/wp-json\/wp\/v2\/media?parent=3845"}],"curies":[{"name":"wp","href":"https:\/\/api.w.org\/{rel}","templated":true}]}}