{"id":3847,"date":"2017-04-14T11:13:24","date_gmt":"2017-04-14T09:13:24","guid":{"rendered":"http:\/\/localhost:8888\/artemisia\/?page_id=3847"},"modified":"2024-12-18T17:02:54","modified_gmt":"2024-12-18T16:02:54","slug":"les-secteurs-du-salon","status":"publish","type":"page","link":"https:\/\/www.respirelavie.fr\/rennes\/visiter\/les-secteurs-du-salon\/","title":{"rendered":"Les secteurs du salon"},"content":{"rendered":"<h2><strong>UNE OFFRE EXHAUSTIVE<\/strong><br \/>\n<strong>EN BIO, BIEN-\u00caTRE ET HABITAT SAIN<\/strong><\/h2>\n<h2><\/h2>\n<h2>Alimentation et vin bio<\/h2>\n<p class=\"p1\">Fruits, l\u00e9gumes et transformations, fromages, viandes, charcuteries, vins, c\u00e9r\u00e9ales, pains, douceurs sucr\u00e9es, th\u00e9s, \u00e9pices, miels, huiles, produits de la mer, produits pour allergiques et intol\u00e9rants\u2026<\/p>\n<h2>Mode et artisanat<\/h2>\n<p>V\u00eatements \u00e9cologiques, chaussures, accessoires de mode, linge de maison, cadeaux et d\u00e9co nature, c\u00e9ramiques, papier recycl\u00e9, jeux et jouets\u2026<\/p>\n<h2>Maison \u00e9cologique et habitat sain<\/h2>\n<p>Mobilier, literie, \u00e9conomies d\u2019eau et d\u2019\u00e9nergie, mat\u00e9riel culinaire, produits d\u2019entretien, \u00e9co-construction, \u00e9nergies renouvelables, r\u00e9novation, d\u00e9coration\u2026<\/p>\n<h2>Associations, tourisme vert et jardinage<\/h2>\n<p>Protection de la nature et de l\u2019agriculture bio, vacances vertes et \u00e9quitables, lieux d\u2019accueil, sports nature, plantes, semences, mat\u00e9riel de jardinage\u2026<\/p>\n<h2>Beaut\u00e9, sant\u00e9 et bien-\u00eatre<\/h2>\n<p>Cosm\u00e9tiques et soins, maquillage, phytoth\u00e9rapie, aromath\u00e9rapie, compl\u00e9ments alimentaires, appareils de remise en forme, accessoires de beaut\u00e9, presse et \u00e9dition\u2026<\/p>\n<h2>Mieux-\u00eatre<\/h2>\n<p>D\u00e9veloppement personnel, m\u00e9decines et th\u00e9rapies douces, \u00e9coles de formation, massages, pratiques corporelles\u2026<\/p>\n","protected":false},"excerpt":{"rendered":"<p>UNE OFFRE EXHAUSTIVE EN BIO, BIEN-\u00caTRE ET HABITAT SAIN Alimentation et vin bio Fruits, l\u00e9gumes et transformations, fromages, viandes, charcuteries, vins, c\u00e9r\u00e9ales, pains, douceurs sucr\u00e9es, th\u00e9s, \u00e9pices, miels, huiles, produits de la mer, produits pour allergiques et intol\u00e9rants\u2026 Mode et artisanat V\u00eatements \u00e9cologiques, chaussures, accessoires de mode, linge de maison, cadeaux et d\u00e9co nature, c\u00e9ramiques,&hellip; <\/p>\n","protected":false},"author":1,"featured_media":0,"parent":3843,"menu_order":2,"comment_status":"closed","ping_status":"closed","template":"","meta":{"_monsterinsights_skip_tracking":false,"_monsterinsights_sitenote_active":false,"_monsterinsights_sitenote_note":"","_monsterinsights_sitenote_category":0,"footnotes":""},"class_list":["post-3847","page","type-page","status-publish","hentry"],"yoast_head":"<!-- This site is optimized with the Yoast SEO plugin v27.3 - https:\/\/yoast.com\/product\/yoast-seo-wordpress\/ -->\n<title>Les secteurs du salon - Respire La Vie Rennes<\/title>\n<meta name=\"robots\" content=\"index, follow, max-snippet:-1, max-image-preview:large, max-video-preview:-1\" \/>\n<link rel=\"canonical\" href=\"https:\/\/www.respirelavie.fr\/rennes\/visiter\/les-secteurs-du-salon\/\" \/>\n<meta property=\"og:locale\" content=\"fr_FR\" \/>\n<meta property=\"og:type\" content=\"article\" \/>\n<meta property=\"og:title\" content=\"Les secteurs du salon - Respire La Vie Rennes\" \/>\n<meta property=\"og:description\" content=\"UNE OFFRE EXHAUSTIVE EN BIO, BIEN-\u00caTRE ET HABITAT SAIN Alimentation et vin bio Fruits, l\u00e9gumes et transformations, fromages, viandes, charcuteries, vins, c\u00e9r\u00e9ales, pains, douceurs sucr\u00e9es, th\u00e9s, \u00e9pices, miels, huiles, produits de la mer, produits pour allergiques et intol\u00e9rants\u2026 Mode et artisanat V\u00eatements \u00e9cologiques, chaussures, accessoires de mode, linge de maison, cadeaux et d\u00e9co nature, c\u00e9ramiques,&hellip;\" \/>\n<meta property=\"og:url\" content=\"https:\/\/www.respirelavie.fr\/rennes\/visiter\/les-secteurs-du-salon\/\" \/>\n<meta property=\"og:site_name\" content=\"Respire La Vie Rennes\" \/>\n<meta property=\"article:modified_time\" content=\"2024-12-18T16:02:54+00:00\" \/>\n<meta name=\"twitter:card\" content=\"summary_large_image\" \/>\n<meta name=\"twitter:label1\" content=\"Dur\u00e9e de lecture estim\u00e9e\" \/>\n\t<meta name=\"twitter:data1\" content=\"1 minute\" \/>\n<script type=\"application\/ld+json\" class=\"yoast-schema-graph\">{\"@context\":\"https:\\\/\\\/schema.org\",\"@graph\":[{\"@type\":\"WebPage\",\"@id\":\"https:\\\/\\\/www.respirelavie.fr\\\/rennes\\\/visiter\\\/les-secteurs-du-salon\\\/\",\"url\":\"https:\\\/\\\/www.respirelavie.fr\\\/rennes\\\/visiter\\\/les-secteurs-du-salon\\\/\",\"name\":\"Les secteurs du salon - Respire La Vie Rennes\",\"isPartOf\":{\"@id\":\"https:\\\/\\\/www.respirelavie.fr\\\/rennes\\\/#website\"},\"datePublished\":\"2017-04-14T09:13:24+00:00\",\"dateModified\":\"2024-12-18T16:02:54+00:00\",\"breadcrumb\":{\"@id\":\"https:\\\/\\\/www.respirelavie.fr\\\/rennes\\\/visiter\\\/les-secteurs-du-salon\\\/#breadcrumb\"},\"inLanguage\":\"fr-FR\",\"potentialAction\":[{\"@type\":\"ReadAction\",\"target\":[\"https:\\\/\\\/www.respirelavie.fr\\\/rennes\\\/visiter\\\/les-secteurs-du-salon\\\/\"]}]},{\"@type\":\"BreadcrumbList\",\"@id\":\"https:\\\/\\\/www.respirelavie.fr\\\/rennes\\\/visiter\\\/les-secteurs-du-salon\\\/#breadcrumb\",\"itemListElement\":[{\"@type\":\"ListItem\",\"position\":1,\"name\":\"Accueil\",\"item\":\"https:\\\/\\\/www.respirelavie.fr\\\/rennes\\\/\"},{\"@type\":\"ListItem\",\"position\":2,\"name\":\"Visiter le salon Respire La Vie \u00e0 Rennes\",\"item\":\"https:\\\/\\\/www.respirelavie.fr\\\/rennes\\\/visiter\\\/\"},{\"@type\":\"ListItem\",\"position\":3,\"name\":\"Les secteurs du salon\"}]},{\"@type\":\"WebSite\",\"@id\":\"https:\\\/\\\/www.respirelavie.fr\\\/rennes\\\/#website\",\"url\":\"https:\\\/\\\/www.respirelavie.fr\\\/rennes\\\/\",\"name\":\"Respire La Vie Rennes\",\"description\":\"Respire La Vie Rennes : votre salon \u00e9colo, bio, bien-\u00eatre et habitat sain \u00e0 Rennes\",\"publisher\":{\"@id\":\"https:\\\/\\\/www.respirelavie.fr\\\/rennes\\\/#organization\"},\"potentialAction\":[{\"@type\":\"SearchAction\",\"target\":{\"@type\":\"EntryPoint\",\"urlTemplate\":\"https:\\\/\\\/www.respirelavie.fr\\\/rennes\\\/?s={search_term_string}\"},\"query-input\":{\"@type\":\"PropertyValueSpecification\",\"valueRequired\":true,\"valueName\":\"search_term_string\"}}],\"inLanguage\":\"fr-FR\"},{\"@type\":\"Organization\",\"@id\":\"https:\\\/\\\/www.respirelavie.fr\\\/rennes\\\/#organization\",\"name\":\"Respire La Vie Rennes\",\"url\":\"https:\\\/\\\/www.respirelavie.fr\\\/rennes\\\/\",\"logo\":{\"@type\":\"ImageObject\",\"inLanguage\":\"fr-FR\",\"@id\":\"https:\\\/\\\/www.respirelavie.fr\\\/rennes\\\/#\\\/schema\\\/logo\\\/image\\\/\",\"url\":\"https:\\\/\\\/www.respirelavie.fr\\\/rennes\\\/wp-content\\\/uploads\\\/sites\\\/5\\\/2025\\\/11\\\/cropped-Logo-RESPIRE-rennes-2026.png\",\"contentUrl\":\"https:\\\/\\\/www.respirelavie.fr\\\/rennes\\\/wp-content\\\/uploads\\\/sites\\\/5\\\/2025\\\/11\\\/cropped-Logo-RESPIRE-rennes-2026.png\",\"width\":921,\"height\":255,\"caption\":\"Respire La Vie Rennes\"},\"image\":{\"@id\":\"https:\\\/\\\/www.respirelavie.fr\\\/rennes\\\/#\\\/schema\\\/logo\\\/image\\\/\"}}]}<\/script>\n<!-- \/ Yoast SEO plugin. -->","yoast_head_json":{"title":"Les secteurs du salon - Respire La Vie Rennes","robots":{"index":"index","follow":"follow","max-snippet":"max-snippet:-1","max-image-preview":"max-image-preview:large","max-video-preview":"max-video-preview:-1"},"canonical":"https:\/\/www.respirelavie.fr\/rennes\/visiter\/les-secteurs-du-salon\/","og_locale":"fr_FR","og_type":"article","og_title":"Les secteurs du salon - Respire La Vie Rennes","og_description":"UNE OFFRE EXHAUSTIVE EN BIO, BIEN-\u00caTRE ET HABITAT SAIN Alimentation et vin bio Fruits, l\u00e9gumes et transformations, fromages, viandes, charcuteries, vins, c\u00e9r\u00e9ales, pains, douceurs sucr\u00e9es, th\u00e9s, \u00e9pices, miels, huiles, produits de la mer, produits pour allergiques et intol\u00e9rants\u2026 Mode et artisanat V\u00eatements \u00e9cologiques, chaussures, accessoires de mode, linge de maison, cadeaux et d\u00e9co nature, c\u00e9ramiques,&hellip;","og_url":"https:\/\/www.respirelavie.fr\/rennes\/visiter\/les-secteurs-du-salon\/","og_site_name":"Respire La Vie Rennes","article_modified_time":"2024-12-18T16:02:54+00:00","twitter_card":"summary_large_image","twitter_misc":{"Dur\u00e9e de lecture estim\u00e9e":"1 minute"},"schema":{"@context":"https:\/\/schema.org","@graph":[{"@type":"WebPage","@id":"https:\/\/www.respirelavie.fr\/rennes\/visiter\/les-secteurs-du-salon\/","url":"https:\/\/www.respirelavie.fr\/rennes\/visiter\/les-secteurs-du-salon\/","name":"Les secteurs du salon - Respire La Vie Rennes","isPartOf":{"@id":"https:\/\/www.respirelavie.fr\/rennes\/#website"},"datePublished":"2017-04-14T09:13:24+00:00","dateModified":"2024-12-18T16:02:54+00:00","breadcrumb":{"@id":"https:\/\/www.respirelavie.fr\/rennes\/visiter\/les-secteurs-du-salon\/#breadcrumb"},"inLanguage":"fr-FR","potentialAction":[{"@type":"ReadAction","target":["https:\/\/www.respirelavie.fr\/rennes\/visiter\/les-secteurs-du-salon\/"]}]},{"@type":"BreadcrumbList","@id":"https:\/\/www.respirelavie.fr\/rennes\/visiter\/les-secteurs-du-salon\/#breadcrumb","itemListElement":[{"@type":"ListItem","position":1,"name":"Accueil","item":"https:\/\/www.respirelavie.fr\/rennes\/"},{"@type":"ListItem","position":2,"name":"Visiter le salon Respire La Vie \u00e0 Rennes","item":"https:\/\/www.respirelavie.fr\/rennes\/visiter\/"},{"@type":"ListItem","position":3,"name":"Les secteurs du salon"}]},{"@type":"WebSite","@id":"https:\/\/www.respirelavie.fr\/rennes\/#website","url":"https:\/\/www.respirelavie.fr\/rennes\/","name":"Respire La Vie Rennes","description":"Respire La Vie Rennes : votre salon \u00e9colo, bio, bien-\u00eatre et habitat sain \u00e0 Rennes","publisher":{"@id":"https:\/\/www.respirelavie.fr\/rennes\/#organization"},"potentialAction":[{"@type":"SearchAction","target":{"@type":"EntryPoint","urlTemplate":"https:\/\/www.respirelavie.fr\/rennes\/?s={search_term_string}"},"query-input":{"@type":"PropertyValueSpecification","valueRequired":true,"valueName":"search_term_string"}}],"inLanguage":"fr-FR"},{"@type":"Organization","@id":"https:\/\/www.respirelavie.fr\/rennes\/#organization","name":"Respire La Vie Rennes","url":"https:\/\/www.respirelavie.fr\/rennes\/","logo":{"@type":"ImageObject","inLanguage":"fr-FR","@id":"https:\/\/www.respirelavie.fr\/rennes\/#\/schema\/logo\/image\/","url":"https:\/\/www.respirelavie.fr\/rennes\/wp-content\/uploads\/sites\/5\/2025\/11\/cropped-Logo-RESPIRE-rennes-2026.png","contentUrl":"https:\/\/www.respirelavie.fr\/rennes\/wp-content\/uploads\/sites\/5\/2025\/11\/cropped-Logo-RESPIRE-rennes-2026.png","width":921,"height":255,"caption":"Respire La Vie Rennes"},"image":{"@id":"https:\/\/www.respirelavie.fr\/rennes\/#\/schema\/logo\/image\/"}}]}},"_links":{"self":[{"href":"https:\/\/www.respirelavie.fr\/rennes\/wp-json\/wp\/v2\/pages\/3847","targetHints":{"allow":["GET"]}}],"collection":[{"href":"https:\/\/www.respirelavie.fr\/rennes\/wp-json\/wp\/v2\/pages"}],"about":[{"href":"https:\/\/www.respirelavie.fr\/rennes\/wp-json\/wp\/v2\/types\/page"}],"author":[{"embeddable":true,"href":"https:\/\/www.respirelavie.fr\/rennes\/wp-json\/wp\/v2\/users\/1"}],"replies":[{"embeddable":true,"href":"https:\/\/www.respirelavie.fr\/rennes\/wp-json\/wp\/v2\/comments?post=3847"}],"version-history":[{"count":9,"href":"https:\/\/www.respirelavie.fr\/rennes\/wp-json\/wp\/v2\/pages\/3847\/revisions"}],"predecessor-version":[{"id":11125,"href":"https:\/\/www.respirelavie.fr\/rennes\/wp-json\/wp\/v2\/pages\/3847\/revisions\/11125"}],"up":[{"embeddable":true,"href":"https:\/\/www.respirelavie.fr\/rennes\/wp-json\/wp\/v2\/pages\/3843"}],"wp:attachment":[{"href":"https:\/\/www.respirelavie.fr\/rennes\/wp-json\/wp\/v2\/media?parent=3847"}],"curies":[{"name":"wp","href":"https:\/\/api.w.org\/{rel}","templated":true}]}}