{"id":3857,"date":"2017-04-14T11:17:18","date_gmt":"2017-04-14T09:17:18","guid":{"rendered":"http:\/\/localhost:8888\/artemisia\/?page_id=3857"},"modified":"2025-02-21T11:15:10","modified_gmt":"2025-02-21T10:15:10","slug":"ateliers-conferences","status":"publish","type":"page","link":"https:\/\/www.respirelavie.fr\/rennes\/programme-du-salon\/ateliers-conferences\/","title":{"rendered":"Conf\u00e9rences"},"content":{"rendered":"<p style=\"text-align: justify;\">Des conf\u00e9rences sont organis\u00e9es pour permettre au public de d\u00e9couvrir et mieux comprendre les m\u00e9thodes et les produits pr\u00e9sent\u00e9s sur le salon.<\/p>\n<p><span style=\"color: #d783ff;\"><strong>Salle HARMONIE<\/strong><\/span><br \/>\n<span style=\"color: #ff9300;\"><strong>Salle VITALIT\u00c9<\/strong><\/span><br \/>\n<span style=\"color: #3e8d27;\"><strong>Salle NATURE<\/strong><\/span><\/p>\n<p>&nbsp;<\/p>\n<h2>Vendredi 21 f\u00e9vrier<\/h2>\n<p><span style=\"color: #ff9300;\"><strong><span style=\"color: #d783ff;\">11:00<\/span><\/strong><\/span> La m\u00e9thode silva : ma\u00eetriser ses pens\u00e9es pour mieux diriger sa vie !<em><strong> &#8211; St\u00e9phane Bernard<\/strong><\/em><span style=\"color: #ff9300;\"><strong><br \/>\n11:00<\/strong><\/span> Comment agir contre les tensions musculaires de la t\u00eate, de la nuque et du dos ?- <em><strong>Alfred Pfenning<\/strong><\/em><br \/>\n<strong><span style=\"color: #3e8d27;\">11:30<\/span><\/strong> Les \u00e9pices, ces fabuleuses plantes m\u00e9dicinales &#8211; <em><strong>Genevi\u00e8ve Martin Callede<\/strong><\/em><br \/>\n<span style=\"color: #d783ff;\"><strong>12:00<\/strong><\/span> Bienfaits des min\u00e9raux, gemmologie &#8211; <em><strong>Jean-Claude Kennedec<\/strong><\/em><br \/>\n<strong><span style=\"color: #ff9300;\">12:00<\/span><\/strong> Num\u00e9rologie : que r\u00e9v\u00e8le notre date de naissance ? &#8211; <em><strong>Marie Wecxsteen<\/strong><\/em><br \/>\n<strong><span style=\"color: #3e8d27;\">13:00<\/span><\/strong> L\u2019Ayurveda c\u2019est quoi ? &#8211; <em><strong>Rozenn Feuvrier<\/strong><\/em><br \/>\n<span style=\"color: #d783ff;\"><strong>13:00 <\/strong><\/span>Bien \u00e9crire et apprendre, \u00eatre zen &#8211; <em><strong>Katell Gassen<br \/>\n<\/strong><\/em><strong><span style=\"color: #ff9300;\">13:00 <\/span><\/strong>La kin\u00e9siologie<em><strong> &#8211; Nathalie R\u00e9mond et C\u00e9dric Louet\u00a0<\/strong><\/em><br \/>\n<span style=\"color: #3e8d27;\"><strong>14:00<\/strong><\/span> Perte osseuse, perte de cartilage : oui cela se r\u00e9pare ! Comment : avec la m\u00e9thode France Guillain &#8211; <em><strong>France Guillain<\/strong><\/em><br \/>\n<span style=\"color: #d783ff;\"><strong>14:00<\/strong><\/span> Retrouver son enfant int\u00e9rieur, la R\u00e9silience : gu\u00e9rir le pass\u00e9 pour vivre pleinement l\u2019instant pr\u00e9sent &#8211; <em><strong>H\u00e9l\u00e8ne Girardin<\/strong><\/em><br \/>\n<span style=\"color: #ff9300;\"><strong>14:00 <\/strong><\/span>Sant\u00e9 intestinale et \u00e9quilibre acido-basique : un duo essentiel pour votre sant\u00e9 &#8211; <em><strong>Patricia Paisant<\/strong><\/em><br \/>\n<span style=\"color: #3e8d27;\"><strong>15:00<\/strong><\/span> Sortir des situations r\u00e9p\u00e9titives gr\u00e2ce \u00e0 l\u2019\u00e9nerg\u00e9tique &#8211; <em><strong>Mary-Laure Teyssedre<\/strong><\/em><br \/>\n<span style=\"color: #d783ff;\"><strong>15:00<\/strong><\/span> Les plantes sauvages au secours de nos douleurs et de notre sant\u00e9 &#8211; <em><strong>Jean-P\u00f4l Clesse<\/strong><\/em><br \/>\n<span style=\"color: #ff9300;\"><strong>15:00<\/strong><\/span> Les m\u00e9taux lourds : origines, incidences, mesures et solutions &#8211; <em><strong>Armand Quantum<\/strong><\/em><br \/>\n<span style=\"color: #d783ff;\"><strong>16:00<\/strong><\/span> Les 6 phases du L\u00e2cher Prise : gu\u00e9rir les blessures du pass\u00e9 pour mieux vivre le pr\u00e9sent et trouver la paix int\u00e9rieure &#8211; <em><strong>H\u00e9l\u00e8ne Girardin<\/strong><\/em><br \/>\n<span style=\"color: #ff9300;\"><strong>16:00<\/strong><\/span> Incroyable pouvoir de l&#8217;acupuncture ! Quelle acupuncture pour am\u00e9liorer la sant\u00e9 au quotidien ? &#8211; <em><strong>Hwang Chang<\/strong><\/em><br \/>\n<span style=\"color: #3e8d27;\"><strong>16:30<\/strong><\/span> La nature, notre v\u00e9ritable ADN : argile, s\u00e8ve de bouleau, eau de mer, plasma marin &#8211; <em><strong>Gr\u00e9goire Cadeau<br \/>\n<\/strong><\/em><span style=\"color: #d883ff;\"><strong>17:00<\/strong><\/span> Quels sont les apports de la m\u00e9decine chinoise dans la sant\u00e9 d&#8217;aujourd&#8217;hui ?<br \/>\n<em><strong>&#8211; Philippe Nicolas<\/strong><\/em><br \/>\n<span style=\"color: #f89303;\"><strong>17:00 <\/strong><\/span>R\u00e9flexologie &amp; HE : une synergie puissante <em><strong>&#8211; Muriel Rainer<br \/>\n<\/strong><\/em><span style=\"color: #008f05;\"><strong>17:30 <\/strong><\/span>Acc\u00e9der \u00e0 vos vies ant\u00e9rieures, pourquoi ? <em><strong>&#8211; Hilda Hamoui<\/strong><\/em><br \/>\n<span style=\"color: #d783ff;\"><strong>18:00<\/strong><\/span> \u00catre parents d\u2019ados et bien le vivre &#8211; <em><strong>Agn\u00e9s Hemon<br \/>\n<\/strong><\/em><strong><span style=\"color: #ff9300;\">18:00 <\/span><\/strong>Ikiga\u00cf : un voyage pour r\u00e9inventer votre vie <em><strong>&#8211; Fanny Perron et Lucie Noireault<\/strong><strong><br \/>\n<\/strong><\/em><\/p>\n<h2><\/h2>\n<h2>Samedi 22 f\u00e9vrier<\/h2>\n<p><strong><span style=\"color: #3e8d27;\">10:30<\/span><\/strong> Comment agir contre les tensions musculaires de la t\u00eate, de la nuque et du dos ? &#8211; <em><strong>Alfred Pfenning<\/strong><\/em><br \/>\n<span style=\"color: #d783ff;\"><strong>11:00<\/strong><\/span> \u00catre parents d\u2019ados et bien le vivre &#8211; <em><strong>Agn\u00e9s Hemon<\/strong><\/em><br \/>\n<span style=\"color: #ff9300;\"><strong>11:00<\/strong><\/span> La num\u00e9rologie pour conna\u00eetre nos cycles de vie &#8211; <em><strong>Marie Wecxsteen<\/strong><\/em><br \/>\n<strong><span style=\"color: #3e8d27;\">11:30<\/span><\/strong> Comment se soigner au naturel &#8211; <em><strong>Jean-Philippe Zahalka<\/strong><\/em><br \/>\n<span style=\"color: #d783ff;\"><strong>12:00<\/strong><\/span> Bienfaits des min\u00e9raux, gemmologie &#8211; <em><strong>Jean-Claude Kennedec<\/strong><\/em><br \/>\n<strong><span style=\"color: #ff9300;\">12:00<\/span><\/strong> Honorer son IVG et \u00eatre en paix &#8211; <em><strong>Sarah Guionie<\/strong><\/em><br \/>\n<strong><span style=\"color: #3e8d27;\">13:00<\/span><\/strong> Bien \u00e9crire et apprendre, \u00eatre zen &#8211; <em><strong>Katell Gassen<\/strong><\/em><br \/>\n<span style=\"color: #d783ff;\"><strong>13:00<\/strong><\/span> Les super-pouvoirs du microbiote intestinal sur la sant\u00e9 &#8211; <em><strong>Patricia Paisant<\/strong><\/em><br \/>\n<strong><span style=\"color: #ff9300;\">13:00<\/span><\/strong> \u00c9tat inflammatoire, le d\u00e9clencheur des maladies d\u00e9g\u00e9n\u00e9ratives. Comment en sortir ? &#8211; <em><strong>France Guillain<br \/>\n<\/strong><\/em><span style=\"color: #008f05;\"><strong>14:00 <\/strong><\/span>Pourquoi filtrer son eau de boisson en 2024 ? Comprendre la filtration et solution simple accessible \u00e0 tous<em><strong> &#8211; Guillaume Danguiral\u00a0<\/strong><\/em><br \/>\n<span style=\"color: #d783ff;\"><strong>14:00 <\/strong><\/span>Retrouver son enfant int\u00e9rieur, la R\u00e9silience : gu\u00e9rir le pass\u00e9 pour vivre pleinement l\u2019instant pr\u00e9sent &#8211; <em><strong>H\u00e9l\u00e8ne Girardin<\/strong><\/em><br \/>\n<span style=\"color: #ff9300;\"><strong>14:00<\/strong><\/span> Les m\u00e9taux lourds : origines, incidences, mesures et solutions &#8211; <em><strong>Armand Quantum<\/strong><\/em><br \/>\n<span style=\"color: #3e8d27;\"><strong>15:00<\/strong><\/span> La Num\u00e9rologie Cr\u00e9ative<sup>\u00ae<\/sup> : un guide pour r\u00e9v\u00e9ler son essence profonde &#8211; <em><strong>Laurence Thievin<br \/>\n<\/strong><\/em><strong><span style=\"color: #d783ff;\">15:00 <\/span><\/strong>H2O, la grande oubli\u00e9e de toutes les th\u00e9rapies<em><strong> &#8211; Miralda Medina<br \/>\n<\/strong><\/em><span style=\"color: #ff9300;\"><strong>15:00<\/strong><\/span> La nature, notre v\u00e9ritable ADN : argile, s\u00e8ve de bouleau, eau de mer, plasma marin &#8211; <em><strong>Gr\u00e9goire Cadeau<br \/>\n<\/strong><\/em><span style=\"color: #4d59a7;\"><strong>16:00 <\/strong><\/span>Exp\u00e9rience chamanique (espace restauration)<em><strong> &#8211; Oowake<\/strong><\/em><br \/>\n<span style=\"color: #d783ff;\"><strong>16:00<\/strong><\/span> Croyances, blocages et blessures : lib\u00e9rez-vous et atteignez un mieux-\u00eatre avec l\u2019Epikinergy &#8211;<em> <strong>Elisa Dragon<\/strong><\/em><br \/>\n<span style=\"color: #ff9300;\"><strong>16:00<\/strong><\/span> Les plantes sauvages au secours de nos douleurs et de notre sant\u00e9 &#8211; <em><strong>Jean-P\u00f4l Clesse<br \/>\n<\/strong><\/em><span style=\"color: #008f05;\"><strong>16:30 <\/strong><\/span>Cellules souches porteuses d\u2019immortalit\u00e9 &#8211; <em><strong>Jacques Prunier<\/strong><\/em><br \/>\n<span style=\"color: #d783ff;\"><strong>17:00<\/strong><\/span> Les 6 phases du L\u00e2cher Prise : gu\u00e9rir les blessures du pass\u00e9 pour mieux vivre le pr\u00e9sent et trouver la paix int\u00e9rieure &#8211; <em><strong>H\u00e9l\u00e8ne Girardin<br \/>\n<\/strong><\/em><strong><span style=\"color: #ff9300;\">17:00<\/span><\/strong> D\u00e9couverte des super-aliments <strong><em>&#8211; Laetitia Guern<\/em><\/strong><br \/>\n<span style=\"color: #3e8d27;\"><strong>17:30<\/strong><\/span> Gemmoth\u00e9rapie : soulager les maladies chroniques gr\u00e2ce aux bourgeons &#8211; <em><strong>Primelle Lamballais<br \/>\n<\/strong><\/em><strong><span style=\"color: #d783ff;\">18:00<\/span><\/strong> La g\u00e9om\u00e9trie sacr\u00e9e au service de la Paix<em><strong> &#8211; J\u00e9r\u00f4me Boujon<\/strong><\/em><br \/>\n<strong><span style=\"color: #ff9300;\">18:00 <\/span><\/strong><span style=\"color: #000000;\">Pourquoi partir au bout du monde pour se rencontrer ?\u00a0<em><strong>Karine Laillier<\/strong><\/em><\/span><\/p>\n<h2><\/h2>\n<h2>Dimanche 23 f\u00e9vrier<\/h2>\n<p><strong><span style=\"color: #3e8d27;\">10:30<\/span><\/strong> Comment agir contre les tensions musculaires de la t\u00eate, de la nuque et du dos ? &#8211; <em><strong>Alfred Pfenning<\/strong><\/em><br \/>\n<span style=\"color: #d783ff;\"><strong>11:00<\/strong><\/span> Constellations familiales &#8211; <em><strong>Sylvie et Marc Stuit<\/strong><\/em><br \/>\n<span style=\"color: #ff9300;\"><strong>11:00<\/strong><\/span> \u00catre parents d\u2019ados et bien le vivre &#8211; <em><strong>Agn\u00e9s Hemon<\/strong><\/em><br \/>\n<strong><span style=\"color: #3e8d27;\">11:30<\/span><\/strong> Qui ? Quand ? Pourquoi consulter un ost\u00e9opathe ? &#8211; <em><strong>Edouard Berthelot<\/strong><\/em><br \/>\n<span style=\"color: #d783ff;\"><strong>12:00<\/strong><\/span> Candidoses, sibo, dysbioses, comprendre et traiter les d\u00e9s\u00e9quilibres intestinaux &#8211; <em><strong>Patricia Paisant<\/strong><\/em><br \/>\n<strong><span style=\"color: #ff9300;\">12:00<\/span><\/strong> Prendre soin de sa peau et de sa bouche : une d\u00e9couverte tout en \u00e9motions &#8211; <em><strong>Esther Wenmaekers-Gobert<\/strong><\/em><br \/>\n<strong><span style=\"color: #3e8d27;\">13:00<\/span><\/strong> Le r\u00f4le du chaman aujourd\u2019hui &#8211; <em><strong>Karine Laillier<\/strong><\/em><br \/>\n<span style=\"color: #d783ff;\"><strong>13:00<\/strong><\/span> Nos divers microbiotes : celui du cerveau est identique \u00e0 celui de notre intestin. D&#8217;o\u00f9 son importance ! C&#8217;est notre identit\u00e9. Comment le r\u00e9parer et l&#8217;entretenir ? &#8211; <em><strong>France Guillain<\/strong><\/em><br \/>\n<strong><span style=\"color: #ff9300;\">13:00<\/span><\/strong> Les plantes sauvages au secours de nos douleurs et de notre sant\u00e9 &#8211; <em><strong>Jean-P\u00f4l Clesse<\/strong><\/em><br \/>\n<strong><span style=\"color: #3e8d27;\">14:00<\/span><\/strong> Retrouver son enfant int\u00e9rieur, la R\u00e9silience : gu\u00e9rir le pass\u00e9 pour vivre pleinement l\u2019instant pr\u00e9sent &#8211; <em><strong>H\u00e9l\u00e8ne Girardin<br \/>\n<\/strong><\/em><span style=\"color: #d883ff;\"><strong>14:00 <\/strong><\/span>D\u00e9couverte des super-aliments<em><strong> &#8211; C\u00e9line Fauvel<\/strong><\/em><br \/>\n<strong><span style=\"color: #ff9300;\">14:00<\/span><\/strong> Les m\u00e9taux lourds : origines, incidences, mesures et solutions &#8211; <em><strong>Armand Quantum<\/strong><\/em><br \/>\n<strong><span style=\"color: #3e8d27;\">15:00<\/span><\/strong> Et si la sant\u00e9 des hommes \u00e9tait d\u00e9pendante de la sant\u00e9 des sols qu\u2019ils cultivent, des animaux dont ils se nourrissent ? &#8211; <em><strong>Pierre Weill<\/strong><\/em><br \/>\n<span style=\"color: #d783ff;\"><strong>15:00<\/strong><\/span> Croyances, blocages et blessures, lib\u00e9rez-vous et atteignez un mieux-\u00eatre avec l\u2019Epikinergy &#8211; <em><strong>Elisa Dragon<\/strong><\/em><br \/>\n<strong><span style=\"color: #ff9300;\">15:00<\/span><\/strong> La nature, notre v\u00e9ritable ADN : argile, s\u00e8ve de bouleau, eau de mer, plasma marin &#8211; <em><strong>Gr\u00e9goire Cadeau<\/strong><\/em><br \/>\n<span style=\"color: #d783ff;\"><strong>16:00<\/strong><\/span> Les 6 phases du L\u00e2cher Prise : gu\u00e9rir les blessures du pass\u00e9 pour mieux vivre le pr\u00e9sent et trouver la paix int\u00e9rieure &#8211; <em><strong>H\u00e9l\u00e8ne Girardin<br \/>\n<\/strong><\/em><strong><span style=\"color: #ff9300;\">16:00\u00a0<\/span><\/strong><span style=\"color: #ff9300;\"><span style=\"color: #000000;\">Pourquoi filtrer son eau de boisson en 2025 ? Comprendre la filtration et solution simple accessible \u00e0 tous &#8211; <strong><em>Guillaume Danguiral\u00a0<\/em><\/strong><\/span><\/span><br \/>\n<span style=\"color: #3e8d27;\"><strong>16:30<\/strong><\/span> Bien \u00e9crire et apprendre, \u00eatre zen &#8211; <em><strong>Katell Gassen<br \/>\n<\/strong><\/em><strong><span style=\"color: #ff9300;\"><span style=\"color: #d783ff;\">17:00<\/span><\/span><\/strong> La m\u00e9thode silva : ma\u00eetriser ses pens\u00e9es pour mieux diriger sa vie ! <em><strong>&#8211; St\u00e9phane Bernard<br \/>\n<\/strong><\/em><\/p>\n<hr \/>\n<p><span style=\"font-size: 10pt;\"><a href=\"https:\/\/www.respirelavie.fr\/rennes\/conferences-2024\/\" target=\"_blank\" rel=\"noopener\"><em>Consultez le programme des conf\u00e9rences 2024<\/em><\/a><br \/>\n<a href=\"https:\/\/www.respirelavie.fr\/rennes\/conferences-2023\/\" target=\"_blank\" rel=\"noopener\"><em>Consultez le programme des conf\u00e9rences 2023<\/em><\/a><br \/>\n<a href=\"https:\/\/www.respirelavie.fr\/rennes\/conferences-2022\/\" target=\"_blank\" rel=\"noopener noreferrer\"><em>Consultez le programme des conf\u00e9rences 2022<\/em><\/a><br \/>\n<\/span><span style=\"font-size: 10pt;\"><a href=\"https:\/\/www.respirelavie.fr\/rennes\/conferences-2020\/\" target=\"_blank\" rel=\"noopener noreferrer\"><em>Consultez le programme des conf\u00e9rences 2020<\/em><\/a><\/span><br \/>\n<span style=\"font-size: 10pt;\"><a href=\"https:\/\/www.respirelavie.fr\/rennes\/conferences-2019\/\" target=\"_blank\" rel=\"noopener noreferrer\"><em>Consultez le programme des conf\u00e9rences 2019\u00a0<\/em><\/a><\/span><\/p>\n<p>&nbsp;<\/p>\n","protected":false},"excerpt":{"rendered":"<p>Des conf\u00e9rences sont organis\u00e9es pour permettre au public de d\u00e9couvrir et mieux comprendre les m\u00e9thodes et les produits pr\u00e9sent\u00e9s sur le salon. Salle HARMONIE Salle VITALIT\u00c9 Salle NATURE &nbsp; Vendredi 21 f\u00e9vrier 11:00 La m\u00e9thode silva : ma\u00eetriser ses pens\u00e9es pour mieux diriger sa vie ! &#8211; St\u00e9phane Bernard 11:00 Comment agir contre les tensions&hellip; <\/p>\n","protected":false},"author":1,"featured_media":0,"parent":3853,"menu_order":2,"comment_status":"closed","ping_status":"closed","template":"","meta":{"_monsterinsights_skip_tracking":false,"_monsterinsights_sitenote_active":false,"_monsterinsights_sitenote_note":"","_monsterinsights_sitenote_category":0,"footnotes":""},"class_list":["post-3857","page","type-page","status-publish","hentry"],"yoast_head":"<!-- This site is optimized with the Yoast SEO plugin v27.3 - https:\/\/yoast.com\/product\/yoast-seo-wordpress\/ -->\n<title>Conf\u00e9rences - Respire La Vie Rennes<\/title>\n<meta name=\"robots\" content=\"index, follow, max-snippet:-1, max-image-preview:large, max-video-preview:-1\" \/>\n<link rel=\"canonical\" href=\"https:\/\/www.respirelavie.fr\/rennes\/programme-du-salon\/ateliers-conferences\/\" \/>\n<meta property=\"og:locale\" content=\"fr_FR\" \/>\n<meta property=\"og:type\" content=\"article\" \/>\n<meta property=\"og:title\" content=\"Conf\u00e9rences - Respire La Vie Rennes\" \/>\n<meta property=\"og:description\" content=\"Des conf\u00e9rences sont organis\u00e9es pour permettre au public de d\u00e9couvrir et mieux comprendre les m\u00e9thodes et les produits pr\u00e9sent\u00e9s sur le salon. Salle HARMONIE Salle VITALIT\u00c9 Salle NATURE &nbsp; Vendredi 21 f\u00e9vrier 11:00 La m\u00e9thode silva : ma\u00eetriser ses pens\u00e9es pour mieux diriger sa vie ! &#8211; St\u00e9phane Bernard 11:00 Comment agir contre les tensions&hellip;\" \/>\n<meta property=\"og:url\" content=\"https:\/\/www.respirelavie.fr\/rennes\/programme-du-salon\/ateliers-conferences\/\" \/>\n<meta property=\"og:site_name\" content=\"Respire La Vie Rennes\" \/>\n<meta property=\"article:modified_time\" content=\"2025-02-21T10:15:10+00:00\" \/>\n<meta name=\"twitter:card\" content=\"summary_large_image\" \/>\n<meta name=\"twitter:label1\" content=\"Dur\u00e9e de lecture estim\u00e9e\" \/>\n\t<meta name=\"twitter:data1\" content=\"5 minutes\" \/>\n<script type=\"application\/ld+json\" class=\"yoast-schema-graph\">{\"@context\":\"https:\\\/\\\/schema.org\",\"@graph\":[{\"@type\":\"WebPage\",\"@id\":\"https:\\\/\\\/www.respirelavie.fr\\\/rennes\\\/programme-du-salon\\\/ateliers-conferences\\\/\",\"url\":\"https:\\\/\\\/www.respirelavie.fr\\\/rennes\\\/programme-du-salon\\\/ateliers-conferences\\\/\",\"name\":\"Conf\u00e9rences - Respire La Vie Rennes\",\"isPartOf\":{\"@id\":\"https:\\\/\\\/www.respirelavie.fr\\\/rennes\\\/#website\"},\"datePublished\":\"2017-04-14T09:17:18+00:00\",\"dateModified\":\"2025-02-21T10:15:10+00:00\",\"breadcrumb\":{\"@id\":\"https:\\\/\\\/www.respirelavie.fr\\\/rennes\\\/programme-du-salon\\\/ateliers-conferences\\\/#breadcrumb\"},\"inLanguage\":\"fr-FR\",\"potentialAction\":[{\"@type\":\"ReadAction\",\"target\":[\"https:\\\/\\\/www.respirelavie.fr\\\/rennes\\\/programme-du-salon\\\/ateliers-conferences\\\/\"]}]},{\"@type\":\"BreadcrumbList\",\"@id\":\"https:\\\/\\\/www.respirelavie.fr\\\/rennes\\\/programme-du-salon\\\/ateliers-conferences\\\/#breadcrumb\",\"itemListElement\":[{\"@type\":\"ListItem\",\"position\":1,\"name\":\"Accueil\",\"item\":\"https:\\\/\\\/www.respirelavie.fr\\\/rennes\\\/\"},{\"@type\":\"ListItem\",\"position\":2,\"name\":\"Programme du salon\",\"item\":\"http:\\\/\\\/www.respirelavie.fr\\\/rennes\\\/programme-du-salon\\\/\"},{\"@type\":\"ListItem\",\"position\":3,\"name\":\"Conf\u00e9rences\"}]},{\"@type\":\"WebSite\",\"@id\":\"https:\\\/\\\/www.respirelavie.fr\\\/rennes\\\/#website\",\"url\":\"https:\\\/\\\/www.respirelavie.fr\\\/rennes\\\/\",\"name\":\"Respire La Vie Rennes\",\"description\":\"Respire La Vie Rennes : votre salon \u00e9colo, bio, bien-\u00eatre et habitat sain \u00e0 Rennes\",\"publisher\":{\"@id\":\"https:\\\/\\\/www.respirelavie.fr\\\/rennes\\\/#organization\"},\"potentialAction\":[{\"@type\":\"SearchAction\",\"target\":{\"@type\":\"EntryPoint\",\"urlTemplate\":\"https:\\\/\\\/www.respirelavie.fr\\\/rennes\\\/?s={search_term_string}\"},\"query-input\":{\"@type\":\"PropertyValueSpecification\",\"valueRequired\":true,\"valueName\":\"search_term_string\"}}],\"inLanguage\":\"fr-FR\"},{\"@type\":\"Organization\",\"@id\":\"https:\\\/\\\/www.respirelavie.fr\\\/rennes\\\/#organization\",\"name\":\"Respire La Vie Rennes\",\"url\":\"https:\\\/\\\/www.respirelavie.fr\\\/rennes\\\/\",\"logo\":{\"@type\":\"ImageObject\",\"inLanguage\":\"fr-FR\",\"@id\":\"https:\\\/\\\/www.respirelavie.fr\\\/rennes\\\/#\\\/schema\\\/logo\\\/image\\\/\",\"url\":\"https:\\\/\\\/www.respirelavie.fr\\\/rennes\\\/wp-content\\\/uploads\\\/sites\\\/5\\\/2025\\\/11\\\/cropped-Logo-RESPIRE-rennes-2026.png\",\"contentUrl\":\"https:\\\/\\\/www.respirelavie.fr\\\/rennes\\\/wp-content\\\/uploads\\\/sites\\\/5\\\/2025\\\/11\\\/cropped-Logo-RESPIRE-rennes-2026.png\",\"width\":921,\"height\":255,\"caption\":\"Respire La Vie Rennes\"},\"image\":{\"@id\":\"https:\\\/\\\/www.respirelavie.fr\\\/rennes\\\/#\\\/schema\\\/logo\\\/image\\\/\"}}]}<\/script>\n<!-- \/ Yoast SEO plugin. -->","yoast_head_json":{"title":"Conf\u00e9rences - Respire La Vie Rennes","robots":{"index":"index","follow":"follow","max-snippet":"max-snippet:-1","max-image-preview":"max-image-preview:large","max-video-preview":"max-video-preview:-1"},"canonical":"https:\/\/www.respirelavie.fr\/rennes\/programme-du-salon\/ateliers-conferences\/","og_locale":"fr_FR","og_type":"article","og_title":"Conf\u00e9rences - Respire La Vie Rennes","og_description":"Des conf\u00e9rences sont organis\u00e9es pour permettre au public de d\u00e9couvrir et mieux comprendre les m\u00e9thodes et les produits pr\u00e9sent\u00e9s sur le salon. Salle HARMONIE Salle VITALIT\u00c9 Salle NATURE &nbsp; Vendredi 21 f\u00e9vrier 11:00 La m\u00e9thode silva : ma\u00eetriser ses pens\u00e9es pour mieux diriger sa vie ! &#8211; St\u00e9phane Bernard 11:00 Comment agir contre les tensions&hellip;","og_url":"https:\/\/www.respirelavie.fr\/rennes\/programme-du-salon\/ateliers-conferences\/","og_site_name":"Respire La Vie Rennes","article_modified_time":"2025-02-21T10:15:10+00:00","twitter_card":"summary_large_image","twitter_misc":{"Dur\u00e9e de lecture estim\u00e9e":"5 minutes"},"schema":{"@context":"https:\/\/schema.org","@graph":[{"@type":"WebPage","@id":"https:\/\/www.respirelavie.fr\/rennes\/programme-du-salon\/ateliers-conferences\/","url":"https:\/\/www.respirelavie.fr\/rennes\/programme-du-salon\/ateliers-conferences\/","name":"Conf\u00e9rences - Respire La Vie Rennes","isPartOf":{"@id":"https:\/\/www.respirelavie.fr\/rennes\/#website"},"datePublished":"2017-04-14T09:17:18+00:00","dateModified":"2025-02-21T10:15:10+00:00","breadcrumb":{"@id":"https:\/\/www.respirelavie.fr\/rennes\/programme-du-salon\/ateliers-conferences\/#breadcrumb"},"inLanguage":"fr-FR","potentialAction":[{"@type":"ReadAction","target":["https:\/\/www.respirelavie.fr\/rennes\/programme-du-salon\/ateliers-conferences\/"]}]},{"@type":"BreadcrumbList","@id":"https:\/\/www.respirelavie.fr\/rennes\/programme-du-salon\/ateliers-conferences\/#breadcrumb","itemListElement":[{"@type":"ListItem","position":1,"name":"Accueil","item":"https:\/\/www.respirelavie.fr\/rennes\/"},{"@type":"ListItem","position":2,"name":"Programme du salon","item":"http:\/\/www.respirelavie.fr\/rennes\/programme-du-salon\/"},{"@type":"ListItem","position":3,"name":"Conf\u00e9rences"}]},{"@type":"WebSite","@id":"https:\/\/www.respirelavie.fr\/rennes\/#website","url":"https:\/\/www.respirelavie.fr\/rennes\/","name":"Respire La Vie Rennes","description":"Respire La Vie Rennes : votre salon \u00e9colo, bio, bien-\u00eatre et habitat sain \u00e0 Rennes","publisher":{"@id":"https:\/\/www.respirelavie.fr\/rennes\/#organization"},"potentialAction":[{"@type":"SearchAction","target":{"@type":"EntryPoint","urlTemplate":"https:\/\/www.respirelavie.fr\/rennes\/?s={search_term_string}"},"query-input":{"@type":"PropertyValueSpecification","valueRequired":true,"valueName":"search_term_string"}}],"inLanguage":"fr-FR"},{"@type":"Organization","@id":"https:\/\/www.respirelavie.fr\/rennes\/#organization","name":"Respire La Vie Rennes","url":"https:\/\/www.respirelavie.fr\/rennes\/","logo":{"@type":"ImageObject","inLanguage":"fr-FR","@id":"https:\/\/www.respirelavie.fr\/rennes\/#\/schema\/logo\/image\/","url":"https:\/\/www.respirelavie.fr\/rennes\/wp-content\/uploads\/sites\/5\/2025\/11\/cropped-Logo-RESPIRE-rennes-2026.png","contentUrl":"https:\/\/www.respirelavie.fr\/rennes\/wp-content\/uploads\/sites\/5\/2025\/11\/cropped-Logo-RESPIRE-rennes-2026.png","width":921,"height":255,"caption":"Respire La Vie Rennes"},"image":{"@id":"https:\/\/www.respirelavie.fr\/rennes\/#\/schema\/logo\/image\/"}}]}},"_links":{"self":[{"href":"https:\/\/www.respirelavie.fr\/rennes\/wp-json\/wp\/v2\/pages\/3857","targetHints":{"allow":["GET"]}}],"collection":[{"href":"https:\/\/www.respirelavie.fr\/rennes\/wp-json\/wp\/v2\/pages"}],"about":[{"href":"https:\/\/www.respirelavie.fr\/rennes\/wp-json\/wp\/v2\/types\/page"}],"author":[{"embeddable":true,"href":"https:\/\/www.respirelavie.fr\/rennes\/wp-json\/wp\/v2\/users\/1"}],"replies":[{"embeddable":true,"href":"https:\/\/www.respirelavie.fr\/rennes\/wp-json\/wp\/v2\/comments?post=3857"}],"version-history":[{"count":75,"href":"https:\/\/www.respirelavie.fr\/rennes\/wp-json\/wp\/v2\/pages\/3857\/revisions"}],"predecessor-version":[{"id":12161,"href":"https:\/\/www.respirelavie.fr\/rennes\/wp-json\/wp\/v2\/pages\/3857\/revisions\/12161"}],"up":[{"embeddable":true,"href":"https:\/\/www.respirelavie.fr\/rennes\/wp-json\/wp\/v2\/pages\/3853"}],"wp:attachment":[{"href":"https:\/\/www.respirelavie.fr\/rennes\/wp-json\/wp\/v2\/media?parent=3857"}],"curies":[{"name":"wp","href":"https:\/\/api.w.org\/{rel}","templated":true}]}}