{"id":3859,"date":"2017-04-14T11:17:49","date_gmt":"2017-04-14T09:17:49","guid":{"rendered":"http:\/\/localhost:8888\/artemisia\/?page_id=3859"},"modified":"2025-02-19T14:22:30","modified_gmt":"2025-02-19T13:22:30","slug":"ateliers-pratiques","status":"publish","type":"page","link":"https:\/\/www.respirelavie.fr\/rennes\/programme-du-salon\/ateliers-pratiques\/","title":{"rendered":"Ateliers bien-\u00eatre"},"content":{"rendered":"<p>Tous les jours, exp\u00e9rimentez la m\u00e9ditation, le yoga, la danse cr\u00e9ative, la sophrologie, l\u2019hypnose, etc. Une occasion de tester ces techniques et de dialoguer avec des praticiens de bien-\u00eatre.<\/p>\n<p><span style=\"color: #3f8f92;\"><strong>ESPACE \u00c9VEIL<\/strong><\/span><\/p>\n<p>&nbsp;<\/p>\n<h2>Vendredi 21 f\u00e9vrier<\/h2>\n<p><span style=\"color: #3f8f92;\"><strong>11:00<\/strong><\/span> Sophrologie : un temps pour soi &#8211; <em><strong>St\u00e9phanie Hivert<br \/>\n<\/strong><\/em><strong><span style=\"color: #3f8f92;\">13:00<\/span><\/strong> Les tests musculaires sur les croyances limitantes concernant le poids<em><strong>\u00a0 &#8211; Nicolas Dubois<\/strong><\/em><br \/>\n<span style=\"color: #3f8f92;\"><strong>14:00<\/strong><\/span> Coaching professionnel : cr\u00e9er le lien \u00e0 soi, aux autres et au monde &#8211; <em><strong>Charlotte Hignard<br \/>\n<\/strong><\/em><strong><span style=\"color: #3f8f92;\">15:00 <\/span><\/strong>La Num\u00e9rologie pour l&#8217;orientation scolaire et professionnelle <em>&#8211; <strong>Marie Wecxsteen<br \/>\n<\/strong><\/em><strong><span style=\"color: #3f8f92;\">16<\/span><\/strong><strong><span style=\"color: #3f8f92;\">:00 <\/span><\/strong>Massage des mains &amp; HE : effet imm\u00e9diat <em><strong>&#8211; Muriel Rainer<\/strong><\/em><em><strong><br \/>\n<\/strong><\/em><span style=\"color: #3f8f92;\"><strong>18:00<\/strong><\/span> Honorer son IVG en toute sororit\u00e9 &#8211; <em><strong>Sarah Guionie\u00a0<\/strong><\/em><\/p>\n<h2>Samedi 22 f\u00e9vrier<\/h2>\n<p><span style=\"color: #3f8f92;\"><strong>11:00 <\/strong><\/span>Le pouvoir d&#8217;une formulation claire : La m\u00e9thode silva <strong>\u00a0&#8211; St\u00e9phane Bernard<br \/>\n<span style=\"color: #3f8f92;\">12:00 <\/span><\/strong>Exp\u00e9rience de m\u00e9ditation <strong><em>&#8211; Pakala<\/em><\/strong><span style=\"color: #3f8f92;\"><strong><br \/>\n13:00<\/strong><\/span> Soin Rebozo : d\u00e9tente physique et \u00e9motionnelle pour les femmes &#8211; <em><strong>Katell Pepin<\/strong><\/em><br \/>\n<span style=\"color: #3f8f92;\"><strong>14:00<\/strong><\/span> Bols Tib\u00e9tains &#8211; <em><strong>Alain Metraux<br \/>\n<\/strong><\/em><strong><span style=\"color: #3f8f92;\">15:00 <\/span><\/strong>Pratique des points d\u2019acupuncture sur soi-m\u00eame pour le bien-\u00eatre et le fonctionnement optimal de l&#8217;\u00e9quilibre du corps quotidien &#8211; <em><strong>Hwang Chang<br \/>\n<\/strong><\/em><strong><span style=\"color: #3f8f92;\">16:00<\/span> <\/strong>Les tests musculaires sur les croyances limitantes concernant l&#8217;amour<em><strong> &#8211; Nicolas Dubois<\/strong><\/em><br \/>\n<span style=\"color: #3f8f92;\"><strong>17:00<\/strong><\/span> Sophrologie &amp; flottaison sensorielle &#8211; <em><strong>H\u00e9l\u00e9na Busson<br \/>\n<\/strong><\/em><strong><span style=\"color: #3f8f92;\">18:00<\/span><\/strong> Pratiquer la r\u00e9flexologie &amp; HE chez soi<em><strong> &#8211; Muriel Rainer<br \/>\n<\/strong><\/em><\/p>\n<h2>Dimanche 23 f\u00e9vrier<\/h2>\n<p><span style=\"color: #3f8f92;\"><strong>11:00<\/strong><\/span> Soin Rebozo : d\u00e9tente physique et \u00e9motionnelle pour les femmes <strong>&#8211; <em>Katell Pepin<\/em><br \/>\n<\/strong><span style=\"color: #3f8f92;\"><strong>12:00<\/strong><\/span> Le pouvoir d&#8217;une formulation claire : la m\u00e9thode silva <em><strong>&#8211; St\u00e9phane Bernard<\/strong><\/em><br \/>\n<span style=\"color: #3f8f92;\"><strong>13:00<\/strong><\/span> Venez tester quelques croyances limitantes li\u00e9es \u00e0 l\u2019argent &#8211; <em><strong>Nicolas Dubois<\/strong><\/em><br \/>\n<span style=\"color: #3f8f92;\"><strong>14:00<\/strong><\/span> Bol de cristal &#8211; <em><strong>Alain Metraux<\/strong><\/em><br \/>\n<span style=\"color: #3f8f92;\"><strong>15:00<\/strong><\/span> Sophrologie &amp; flottaison sensorielle &#8211; <em><strong>H\u00e9l\u00e9na Busson<\/strong><\/em><br \/>\n<span style=\"color: #3f8f92;\"><strong>16:00<\/strong><\/span> Voyage chamanique et tambour &#8211; <em><strong>Oowake<\/strong><\/em><\/p>\n<p>&nbsp;<\/p>\n<hr \/>\n<p><span style=\"font-size: 10pt;\"><em><a href=\"https:\/\/www.respirelavie.fr\/rennes\/ateliers-bien-etre-2024\/\" target=\"_blank\" rel=\"noopener\">Consultez le programme des ateliers bien-\u00eatre 2024<\/a><br \/>\n<a href=\"https:\/\/www.respirelavie.fr\/rennes\/ateliers-bien-etre-2023\/\" target=\"_blank\" rel=\"noopener\">Consultez le programme des ateliers bien-\u00eatre 2023<\/a><br \/>\n<a href=\"https:\/\/www.respirelavie.fr\/rennes\/ateliers-bien-etre-2022\/\" target=\"_blank\" rel=\"noopener noreferrer\">Consultez le programme des ateliers bien-\u00eatre 2022<\/a><br \/>\n<\/em><\/span><span style=\"font-size: 10pt;\"><em><a href=\"https:\/\/www.respirelavie.fr\/rennes\/ateliers-bien-etre-2020\/\" target=\"_blank\" rel=\"noopener noreferrer\">Consultez le programme des ateliers bien-\u00eatre 2020<\/a><br \/>\n<\/em><em><a href=\"https:\/\/www.respirelavie.fr\/rennes\/ateliers-bien-etre-2019\/\" target=\"_blank\" rel=\"noopener noreferrer\">Consultez le programme des ateliers bien-\u00eatre 2019<\/a><\/em><\/span><\/p>\n","protected":false},"excerpt":{"rendered":"<p>Tous les jours, exp\u00e9rimentez la m\u00e9ditation, le yoga, la danse cr\u00e9ative, la sophrologie, l\u2019hypnose, etc. Une occasion de tester ces techniques et de dialoguer avec des praticiens de bien-\u00eatre. ESPACE \u00c9VEIL &nbsp; Vendredi 21 f\u00e9vrier 11:00 Sophrologie : un temps pour soi &#8211; St\u00e9phanie Hivert 13:00 Les tests musculaires sur les croyances limitantes concernant le&hellip; <\/p>\n","protected":false},"author":1,"featured_media":0,"parent":3853,"menu_order":3,"comment_status":"closed","ping_status":"closed","template":"","meta":{"_monsterinsights_skip_tracking":false,"_monsterinsights_sitenote_active":false,"_monsterinsights_sitenote_note":"","_monsterinsights_sitenote_category":0,"footnotes":""},"class_list":["post-3859","page","type-page","status-publish","hentry"],"yoast_head":"<!-- This site is optimized with the Yoast SEO plugin v27.3 - https:\/\/yoast.com\/product\/yoast-seo-wordpress\/ -->\n<title>Ateliers bien-\u00eatre - Respire La Vie Rennes<\/title>\n<meta name=\"robots\" content=\"index, follow, max-snippet:-1, max-image-preview:large, max-video-preview:-1\" \/>\n<link rel=\"canonical\" href=\"https:\/\/www.respirelavie.fr\/rennes\/programme-du-salon\/ateliers-pratiques\/\" \/>\n<meta property=\"og:locale\" content=\"fr_FR\" \/>\n<meta property=\"og:type\" content=\"article\" \/>\n<meta property=\"og:title\" content=\"Ateliers bien-\u00eatre - Respire La Vie Rennes\" \/>\n<meta property=\"og:description\" content=\"Tous les jours, exp\u00e9rimentez la m\u00e9ditation, le yoga, la danse cr\u00e9ative, la sophrologie, l\u2019hypnose, etc. Une occasion de tester ces techniques et de dialoguer avec des praticiens de bien-\u00eatre. ESPACE \u00c9VEIL &nbsp; Vendredi 21 f\u00e9vrier 11:00 Sophrologie : un temps pour soi &#8211; St\u00e9phanie Hivert 13:00 Les tests musculaires sur les croyances limitantes concernant le&hellip;\" \/>\n<meta property=\"og:url\" content=\"https:\/\/www.respirelavie.fr\/rennes\/programme-du-salon\/ateliers-pratiques\/\" \/>\n<meta property=\"og:site_name\" content=\"Respire La Vie Rennes\" \/>\n<meta property=\"article:modified_time\" content=\"2025-02-19T13:22:30+00:00\" \/>\n<meta name=\"twitter:card\" content=\"summary_large_image\" \/>\n<meta name=\"twitter:label1\" content=\"Dur\u00e9e de lecture estim\u00e9e\" \/>\n\t<meta name=\"twitter:data1\" content=\"2 minutes\" \/>\n<script type=\"application\/ld+json\" class=\"yoast-schema-graph\">{\"@context\":\"https:\\\/\\\/schema.org\",\"@graph\":[{\"@type\":\"WebPage\",\"@id\":\"https:\\\/\\\/www.respirelavie.fr\\\/rennes\\\/programme-du-salon\\\/ateliers-pratiques\\\/\",\"url\":\"https:\\\/\\\/www.respirelavie.fr\\\/rennes\\\/programme-du-salon\\\/ateliers-pratiques\\\/\",\"name\":\"Ateliers bien-\u00eatre - Respire La Vie Rennes\",\"isPartOf\":{\"@id\":\"https:\\\/\\\/www.respirelavie.fr\\\/rennes\\\/#website\"},\"datePublished\":\"2017-04-14T09:17:49+00:00\",\"dateModified\":\"2025-02-19T13:22:30+00:00\",\"breadcrumb\":{\"@id\":\"https:\\\/\\\/www.respirelavie.fr\\\/rennes\\\/programme-du-salon\\\/ateliers-pratiques\\\/#breadcrumb\"},\"inLanguage\":\"fr-FR\",\"potentialAction\":[{\"@type\":\"ReadAction\",\"target\":[\"https:\\\/\\\/www.respirelavie.fr\\\/rennes\\\/programme-du-salon\\\/ateliers-pratiques\\\/\"]}]},{\"@type\":\"BreadcrumbList\",\"@id\":\"https:\\\/\\\/www.respirelavie.fr\\\/rennes\\\/programme-du-salon\\\/ateliers-pratiques\\\/#breadcrumb\",\"itemListElement\":[{\"@type\":\"ListItem\",\"position\":1,\"name\":\"Accueil\",\"item\":\"https:\\\/\\\/www.respirelavie.fr\\\/rennes\\\/\"},{\"@type\":\"ListItem\",\"position\":2,\"name\":\"Programme du salon\",\"item\":\"http:\\\/\\\/www.respirelavie.fr\\\/rennes\\\/programme-du-salon\\\/\"},{\"@type\":\"ListItem\",\"position\":3,\"name\":\"Ateliers bien-\u00eatre\"}]},{\"@type\":\"WebSite\",\"@id\":\"https:\\\/\\\/www.respirelavie.fr\\\/rennes\\\/#website\",\"url\":\"https:\\\/\\\/www.respirelavie.fr\\\/rennes\\\/\",\"name\":\"Respire La Vie Rennes\",\"description\":\"Respire La Vie Rennes : votre salon \u00e9colo, bio, bien-\u00eatre et habitat sain \u00e0 Rennes\",\"publisher\":{\"@id\":\"https:\\\/\\\/www.respirelavie.fr\\\/rennes\\\/#organization\"},\"potentialAction\":[{\"@type\":\"SearchAction\",\"target\":{\"@type\":\"EntryPoint\",\"urlTemplate\":\"https:\\\/\\\/www.respirelavie.fr\\\/rennes\\\/?s={search_term_string}\"},\"query-input\":{\"@type\":\"PropertyValueSpecification\",\"valueRequired\":true,\"valueName\":\"search_term_string\"}}],\"inLanguage\":\"fr-FR\"},{\"@type\":\"Organization\",\"@id\":\"https:\\\/\\\/www.respirelavie.fr\\\/rennes\\\/#organization\",\"name\":\"Respire La Vie Rennes\",\"url\":\"https:\\\/\\\/www.respirelavie.fr\\\/rennes\\\/\",\"logo\":{\"@type\":\"ImageObject\",\"inLanguage\":\"fr-FR\",\"@id\":\"https:\\\/\\\/www.respirelavie.fr\\\/rennes\\\/#\\\/schema\\\/logo\\\/image\\\/\",\"url\":\"https:\\\/\\\/www.respirelavie.fr\\\/rennes\\\/wp-content\\\/uploads\\\/sites\\\/5\\\/2025\\\/11\\\/cropped-Logo-RESPIRE-rennes-2026.png\",\"contentUrl\":\"https:\\\/\\\/www.respirelavie.fr\\\/rennes\\\/wp-content\\\/uploads\\\/sites\\\/5\\\/2025\\\/11\\\/cropped-Logo-RESPIRE-rennes-2026.png\",\"width\":921,\"height\":255,\"caption\":\"Respire La Vie Rennes\"},\"image\":{\"@id\":\"https:\\\/\\\/www.respirelavie.fr\\\/rennes\\\/#\\\/schema\\\/logo\\\/image\\\/\"}}]}<\/script>\n<!-- \/ Yoast SEO plugin. -->","yoast_head_json":{"title":"Ateliers bien-\u00eatre - Respire La Vie Rennes","robots":{"index":"index","follow":"follow","max-snippet":"max-snippet:-1","max-image-preview":"max-image-preview:large","max-video-preview":"max-video-preview:-1"},"canonical":"https:\/\/www.respirelavie.fr\/rennes\/programme-du-salon\/ateliers-pratiques\/","og_locale":"fr_FR","og_type":"article","og_title":"Ateliers bien-\u00eatre - Respire La Vie Rennes","og_description":"Tous les jours, exp\u00e9rimentez la m\u00e9ditation, le yoga, la danse cr\u00e9ative, la sophrologie, l\u2019hypnose, etc. Une occasion de tester ces techniques et de dialoguer avec des praticiens de bien-\u00eatre. ESPACE \u00c9VEIL &nbsp; Vendredi 21 f\u00e9vrier 11:00 Sophrologie : un temps pour soi &#8211; St\u00e9phanie Hivert 13:00 Les tests musculaires sur les croyances limitantes concernant le&hellip;","og_url":"https:\/\/www.respirelavie.fr\/rennes\/programme-du-salon\/ateliers-pratiques\/","og_site_name":"Respire La Vie Rennes","article_modified_time":"2025-02-19T13:22:30+00:00","twitter_card":"summary_large_image","twitter_misc":{"Dur\u00e9e de lecture estim\u00e9e":"2 minutes"},"schema":{"@context":"https:\/\/schema.org","@graph":[{"@type":"WebPage","@id":"https:\/\/www.respirelavie.fr\/rennes\/programme-du-salon\/ateliers-pratiques\/","url":"https:\/\/www.respirelavie.fr\/rennes\/programme-du-salon\/ateliers-pratiques\/","name":"Ateliers bien-\u00eatre - Respire La Vie Rennes","isPartOf":{"@id":"https:\/\/www.respirelavie.fr\/rennes\/#website"},"datePublished":"2017-04-14T09:17:49+00:00","dateModified":"2025-02-19T13:22:30+00:00","breadcrumb":{"@id":"https:\/\/www.respirelavie.fr\/rennes\/programme-du-salon\/ateliers-pratiques\/#breadcrumb"},"inLanguage":"fr-FR","potentialAction":[{"@type":"ReadAction","target":["https:\/\/www.respirelavie.fr\/rennes\/programme-du-salon\/ateliers-pratiques\/"]}]},{"@type":"BreadcrumbList","@id":"https:\/\/www.respirelavie.fr\/rennes\/programme-du-salon\/ateliers-pratiques\/#breadcrumb","itemListElement":[{"@type":"ListItem","position":1,"name":"Accueil","item":"https:\/\/www.respirelavie.fr\/rennes\/"},{"@type":"ListItem","position":2,"name":"Programme du salon","item":"http:\/\/www.respirelavie.fr\/rennes\/programme-du-salon\/"},{"@type":"ListItem","position":3,"name":"Ateliers bien-\u00eatre"}]},{"@type":"WebSite","@id":"https:\/\/www.respirelavie.fr\/rennes\/#website","url":"https:\/\/www.respirelavie.fr\/rennes\/","name":"Respire La Vie Rennes","description":"Respire La Vie Rennes : votre salon \u00e9colo, bio, bien-\u00eatre et habitat sain \u00e0 Rennes","publisher":{"@id":"https:\/\/www.respirelavie.fr\/rennes\/#organization"},"potentialAction":[{"@type":"SearchAction","target":{"@type":"EntryPoint","urlTemplate":"https:\/\/www.respirelavie.fr\/rennes\/?s={search_term_string}"},"query-input":{"@type":"PropertyValueSpecification","valueRequired":true,"valueName":"search_term_string"}}],"inLanguage":"fr-FR"},{"@type":"Organization","@id":"https:\/\/www.respirelavie.fr\/rennes\/#organization","name":"Respire La Vie Rennes","url":"https:\/\/www.respirelavie.fr\/rennes\/","logo":{"@type":"ImageObject","inLanguage":"fr-FR","@id":"https:\/\/www.respirelavie.fr\/rennes\/#\/schema\/logo\/image\/","url":"https:\/\/www.respirelavie.fr\/rennes\/wp-content\/uploads\/sites\/5\/2025\/11\/cropped-Logo-RESPIRE-rennes-2026.png","contentUrl":"https:\/\/www.respirelavie.fr\/rennes\/wp-content\/uploads\/sites\/5\/2025\/11\/cropped-Logo-RESPIRE-rennes-2026.png","width":921,"height":255,"caption":"Respire La Vie Rennes"},"image":{"@id":"https:\/\/www.respirelavie.fr\/rennes\/#\/schema\/logo\/image\/"}}]}},"_links":{"self":[{"href":"https:\/\/www.respirelavie.fr\/rennes\/wp-json\/wp\/v2\/pages\/3859","targetHints":{"allow":["GET"]}}],"collection":[{"href":"https:\/\/www.respirelavie.fr\/rennes\/wp-json\/wp\/v2\/pages"}],"about":[{"href":"https:\/\/www.respirelavie.fr\/rennes\/wp-json\/wp\/v2\/types\/page"}],"author":[{"embeddable":true,"href":"https:\/\/www.respirelavie.fr\/rennes\/wp-json\/wp\/v2\/users\/1"}],"replies":[{"embeddable":true,"href":"https:\/\/www.respirelavie.fr\/rennes\/wp-json\/wp\/v2\/comments?post=3859"}],"version-history":[{"count":50,"href":"https:\/\/www.respirelavie.fr\/rennes\/wp-json\/wp\/v2\/pages\/3859\/revisions"}],"predecessor-version":[{"id":12147,"href":"https:\/\/www.respirelavie.fr\/rennes\/wp-json\/wp\/v2\/pages\/3859\/revisions\/12147"}],"up":[{"embeddable":true,"href":"https:\/\/www.respirelavie.fr\/rennes\/wp-json\/wp\/v2\/pages\/3853"}],"wp:attachment":[{"href":"https:\/\/www.respirelavie.fr\/rennes\/wp-json\/wp\/v2\/media?parent=3859"}],"curies":[{"name":"wp","href":"https:\/\/api.w.org\/{rel}","templated":true}]}}