{"id":6600,"date":"2019-11-26T09:57:17","date_gmt":"2019-11-26T08:57:17","guid":{"rendered":"https:\/\/www.respirelavie.fr\/rennes\/?page_id=6600"},"modified":"2019-11-26T09:57:17","modified_gmt":"2019-11-26T08:57:17","slug":"conferences-2019","status":"publish","type":"page","link":"https:\/\/www.respirelavie.fr\/rennes\/conferences-2019\/","title":{"rendered":"Conf\u00e9rences 2019"},"content":{"rendered":"<h2>Vendredi 15 f\u00e9vrier 2019<\/h2>\n<p><span style=\"color: #008000;\"><strong>11:00 <\/strong><\/span>Coh\u00e9rence cardiaque et hypno-antalgie &#8211; <span style=\"color: #808080;\"><em>S\u00e9verine Praz-Le Gu\u00e9dard<\/em><\/span><strong><em><br \/>\n<\/em><\/strong><span style=\"color: #3366ff;\"><strong>11:00 <\/strong><\/span>G\u00e9obiologie: harmoniser son lieu de vie &#8211; <span style=\"color: #808080;\"><em>Herv\u00e9 Rouch\u00e9<\/em><\/span><strong><em><br \/>\n<\/em><\/strong><span style=\"color: #ed1585;\"><strong>11:00 <\/strong><\/span>Les couleurs au service de la sant\u00e9 &#8211; <span style=\"color: #808080;\"><em>Dominique Bourdin<br \/>\n<\/em><\/span><strong><span style=\"color: #3366ff;\">12:00\u00a0<\/span><\/strong>La fleur de vie et ses bienfaits<em> &#8211; <span style=\"color: #808080;\">Christine Catrouillet<\/span><\/em><strong><em><br \/>\n<\/em><\/strong><span style=\"color: #ed1585;\"><strong>12:00 <\/strong><\/span>Hypnoses et auto-hypnoses d\u2019aujourd\u2019hui. De la Th\u00e9rapie vers la spiritualit\u00e9 &#8211;\u00a0<span style=\"color: #808080;\"><em>Armenio Da Costa<\/em><\/span><strong><em><br \/>\n<\/em><\/strong><span style=\"color: #3366ff;\"><strong>13:00 <\/strong><\/span>Orgonites, protection ondes \u00e9lectromagn\u00e9tiques &#8211; <span style=\"color: #808080;\"><em>Thierry Hermann<\/em><\/span><strong><br \/>\n<\/strong><span style=\"color: #008000;\"><strong>13:30 <\/strong><\/span>Bien vieillir avec l&#8217;\u00e9quilibre Acide Base &#8211; <span style=\"color: #808080;\"><em>Patricia Paisant<\/em><\/span><strong><em><br \/>\n<\/em><\/strong><span style=\"color: #3366ff;\"><strong>14:00 <\/strong><\/span>Les bols de cristal et les diff\u00e9rents outils cristal &#8211; <span style=\"color: #808080;\"><em>Alain M\u00e9traux<\/em><\/span><strong><br \/>\n<\/strong><span style=\"color: #ed1585;\"><strong>14:00 <\/strong><\/span>La m\u00e9thode des 2 points &#8211; <span style=\"color: #808080;\"><em>Nelly Le Meledo et Pascal Ricard<\/em><\/span><strong><em><br \/>\n<\/em><\/strong><span style=\"color: #008000;\"><strong>14:30 <\/strong><\/span>Combattre ces fl\u00e9aux alimentaires qui nous mettent en danger, par la vraie<strong>\u00a0<\/strong>nutrition biologique humaine et la naturopathie &#8211; <span style=\"color: #808080;\"><em>Luc Le Metayer-Landre<\/em><\/span><strong><em><br \/>\n<\/em><\/strong><span style=\"color: #3366ff;\"><strong>15:00 <\/strong><\/span>Le merveilleux pouvoir de votre inconscient &#8211; <span style=\"color: #808080;\"><em>Lionel Agullo<\/em><\/span><strong><em><br \/>\n<\/em><\/strong><span style=\"color: #ed1585;\"><strong>15:00 <\/strong><\/span>Retrouver une bonne vue &#8211; <span style=\"color: #808080;\"><em>Danielle Cesbron<\/em><\/span><strong><em><br \/>\n<\/em><\/strong><strong><span style=\"color: #3366ff;\">16:00<\/span>\u00a0 <\/strong>D\u00e9couvrez le pouvoir anti \u00e2ge de la lumi\u00e8re &#8211; <span style=\"color: #808080;\"><em>Chantal Joye<\/em><\/span><strong><em><br \/>\n<\/em><\/strong><span style=\"color: #ed1585;\"><strong>16:00 <\/strong><\/span>Accompagner le l\u00e2cher-prise avec l\u2019aide des cristaux &#8211; <span style=\"color: #808080;\"><em>Wydiane Khaoua<\/em><\/span><strong><em><br \/>\n<\/em><\/strong><strong><span style=\"color: #008000;\">17:00<\/span> <\/strong>P\u00e9rin\u00e9e et mouvement \u00ae &#8211; <em><span style=\"color: #808080;\">Marie Noelle Vansteene<\/span><\/em><strong><em><br \/>\n<\/em><\/strong><span style=\"color: #3366ff;\"><strong>17:00 <\/strong><\/span>Num\u00e9rologie: pour d\u00e9couvrir son chemin de vie &#8211; <span style=\"color: #808080;\"><em>Marie Wecxsteen<\/em><\/span><strong><em><br \/>\n<\/em><\/strong><span style=\"color: #ed1585;\"><strong>17:00 <\/strong><\/span>Irrigation colonique, je\u00fbne et sant\u00e9 &#8211; <span style=\"color: #808080;\"><em>Dominique Bourdin<br \/>\n<\/em><strong><span style=\"color: #008000;\">18:00<\/span> <\/strong><span style=\"color: #333333;\">Le Signe\u00a0&#8211;\u00a0Prenez votre destin amoureux en main\u00a0&#8211;<\/span>\u00a0<em>Laurence Letort<\/em><\/span><strong><em><br \/>\n<\/em><\/strong><span style=\"color: #3366ff;\"><strong>18:00 <\/strong><\/span>G\u00e9obiologie scientifique et mesures \u00e9lectromagn\u00e9tiques &#8211; <span style=\"color: #808080;\"><em>David Averty<\/em><br \/>\n<\/span><span style=\"color: #ed1585;\"><strong>18:00 <\/strong><\/span>De l\u2019art, de l\u2019art\u2026 pour se refaire une sant\u00e9 !\u00a0<span style=\"color: #808080;\"><em>Claire Nicolas, St\u00e9phanie P\u00e9richaud et Mich\u00e8le Grenier<\/em><\/span><\/p>\n<h2>Samedi 16 f\u00e9vrier 2019<\/h2>\n<p><strong><span style=\"color: #008000;\">11:00<\/span><\/strong> Les algues marines s\u00e9ch\u00e9es, ces aliments complets, \u00e9purateurs, vibratoires et<br \/>\nessentiels pour notre sant\u00e9 &#8211; <span style=\"color: #808080;\"><em>Luc Le Metayer-Landre<\/em><\/span><br \/>\n<span style=\"color: #3366ff;\"><strong>11:00<\/strong><\/span> Cr\u00e9er son bonheur avec la num\u00e9rologie cr\u00e9ative &#8211; <span style=\"color: #808080;\"><em>Laurence Thi\u00e9vin<\/em><\/span><br \/>\n<strong><span style=\"color: #ed1585;\">11:00<\/span><\/strong> Comment optimiser notre \u00e9nergie et celle de notre habitat &#8211; <em><span style=\"color: #808080;\">Serge Moinet<\/span><\/em><br \/>\n<strong><span style=\"color: #3366ff;\">12:00<\/span><\/strong> Min\u00e9raux : origines (g\u00e9ologie), vertus (gemmologie) et utilisations &#8211; <em><span style=\"color: #808080;\">Jean-Claude Kennedec<\/span><\/em><br \/>\n<strong><span style=\"color: #ed1585;\">12:00<\/span><\/strong> L&#8217;approche naturopatique et quantique de la sant\u00e9 &#8211; <em><span style=\"color: #808080;\">Philippe Cleyet Merle<\/span><\/em><br \/>\n<strong><span style=\"color: #3366ff;\">13:00<\/span><\/strong> Les gongs &#8211; <em><span style=\"color: #808080;\">Alain M\u00e9traux<\/span><\/em><br \/>\n<strong><span style=\"color: #ed1585;\">13:00<\/span><\/strong> Que peut vous apporter un chaman aujourd&#8217;hui ? &#8211; <em><span style=\"color: #808080;\">Karine Laillier<\/span><\/em><br \/>\n<strong><span style=\"color: #008000;\">13:30<\/span><\/strong> Le merveilleux pouvoir de votre inconscient &#8211; <em><span style=\"color: #808080;\">Lionel Agullo<\/span><\/em><br \/>\n<strong><span style=\"color: #3366ff;\">14:00<\/span><\/strong> Comment b\u00e9n\u00e9ficier de l&#8217;action \u00e9nerg\u00e9tique des min\u00e9raux &#8211; <em><span style=\"color: #808080;\">Herv\u00e9 Rouch\u00e9<\/span><\/em><br \/>\n<strong><span style=\"color: #ed1585;\">14:00<\/span><\/strong> Comment \u00e9purer et fluidifier notre structure organique avec une alimentation vivante, vibratoire &#8211; <em><span style=\"color: #808080;\">Luc Le Metayer-Landre<\/span><\/em><br \/>\n<strong><span style=\"color: #008000;\">14:30<\/span><\/strong> Coaching minceur &#8211; <em><span style=\"color: #808080;\">Philippe Cab\u00e8s<\/span><\/em><br \/>\n<strong><span style=\"color: #3366ff;\">15:00<\/span><\/strong> La flore intestinale au centre de la sant\u00e9 et de nos \u00e9motions &#8211; <em><span style=\"color: #808080;\">Patricia Paisant<\/span><\/em><br \/>\n<strong><span style=\"color: #ed1585;\">15:00<\/span><\/strong> Quelle acupuncture pour am\u00e9liorer la sant\u00e9 au quotidien ? &#8211; <em><span style=\"color: #808080;\">Chang-Hyeon Hwang<\/span><\/em><br \/>\n<strong><span style=\"color: #3366ff;\">16:00<\/span><\/strong> Comment agir contre les tensions musculaires de la t\u00eate, de la nuque et du dos &#8211; <em><span style=\"color: #808080;\">Alfred Pfennig<\/span><\/em><br \/>\n<strong><span style=\"color: #ed1585;\">16:00<\/span><\/strong> L&#8217;\u00e9nergie scalaire : les ondes \u00e9lectromagn\u00e9tiques au service de notre sant\u00e9 et de notre bien-\u00eatre &#8211; <em><span style=\"color: #808080;\">Hubert Mauerer<\/span><\/em><br \/>\n<strong><span style=\"color: #008000;\">17:00<\/span><\/strong> Se d\u00e9toxiner. Pourquoi ? Comment ? &#8211; <em><span style=\"color: #808080;\">Marie-Pascale Cretin Lutz<\/span><\/em><br \/>\n<strong><span style=\"color: #3366ff;\">17:00<\/span><\/strong> Num\u00e9rologie: pour comprendre ses besoins &#8211; <em><span style=\"color: #808080;\">Marie Wecxsteen<\/span><\/em><br \/>\n<strong><span style=\"color: #ed1585;\">17:00<\/span><\/strong> Se ressourcer avec les chevaux : mieux comprendre l\u2019animal pour mieux se comprendre &#8211; <em><span style=\"color: #808080;\">Marie Clerc F34<\/span><\/em><br \/>\n<strong><span style=\"color: #008000;\">18:00<\/span><\/strong> La Maison de C\u00e8dre : maisons bioclimatiques \u00e0 ossature bois &#8211; <em><span style=\"color: #808080;\">Justine Pommier<\/span><\/em><br \/>\n<strong><span style=\"color: #3366ff;\">18:00<\/span><\/strong> Orgonites, protection ondes \u00e9lectromagn\u00e9tiques &#8211; <em><span style=\"color: #808080;\">Thierry Hermann<\/span><\/em><br \/>\n<strong><span style=\"color: #ed1585;\">18:00<\/span><\/strong> Le lait de jument: un des 7 aliments-compl\u00e9ments essentiels \u2013 <em><span style=\"color: #808080;\">France Guillain<\/span><\/em><\/p>\n<h2>Dimanche 17 f\u00e9vrier 2019<\/h2>\n<p><span style=\"color: #008000;\"><strong>11:00 <\/strong><\/span>P\u00e9rin\u00e9e et mouvement \u00ae &#8211; <span style=\"color: #808080;\"><em>Marie Noelle Vansteene<\/em><\/span><strong><em><br \/>\n<\/em><\/strong><span style=\"color: #ed1585;\"><strong><span style=\"color: #3366ff;\">11:00 <\/span><\/strong><span style=\"color: #333333;\">Pr\u00e9parer sa grossesse et la premi\u00e8re chambre de b\u00e9b\u00e9\u00a0<em>?<\/em><\/span> <span style=\"color: #333333;\">&#8211;<\/span> <em><span style=\"color: #808080;\">Marjorie Decloquement<\/span><\/em><strong><br \/>\n11:00 <\/strong><\/span>Lait de jument, microbiote et immunit\u00e9 &#8211; <em><span style=\"color: #808080;\">France Guillain<\/span><\/em><strong><em><br \/>\n<\/em><span style=\"color: #3366ff;\">12:00 <\/span><\/strong>Que peut vous apporter un chaman aujourd&#8217;hui ? &#8211; <em><span style=\"color: #808080;\">Karine Laillier<\/span><\/em><strong><em><br \/>\n<\/em><\/strong><span style=\"color: #ed1585;\"><strong>12:00 <\/strong><\/span>Hygi\u00e8ne intestinale\u00a0: m\u00e9thodes et bienfaits des douches rectales &#8211;\u00a0<span style=\"color: #808080;\"><em>Christine Gautier<\/em><\/span><strong><em><br \/>\n<\/em><\/strong><span style=\"color: #3366ff;\"><strong>13:00 <\/strong><\/span>Hypnoses et auto-hypnoses d\u2019aujourd\u2019hui. De la Th\u00e9rapie vers la spiritualit\u00e9 &#8211;\u00a0<span style=\"color: #808080;\"><em>Armenio da Costa<\/em><\/span><strong><em><br \/>\n<\/em><\/strong><span style=\"color: #ed1585;\"><strong>13:00 <\/strong><\/span>La pollution \u00e9lectromagn\u00e9tique, comprendre et agir &#8211; <span style=\"color: #808080;\"><em>Alain Richard<\/em><\/span><strong><em><br \/>\n<\/em><\/strong><span style=\"color: #008000;\"><strong>13:30 <\/strong><\/span>Comment agir contre les tensions musculaires de la t\u00eate, de la nuque et du dos &#8211;\u00a0<span style=\"color: #808080;\"><em>Alfred Pfennig<\/em><\/span><strong><em><br \/>\n<\/em><\/strong><span style=\"color: #3366ff;\"><strong>14:00 <\/strong><\/span>Orgonites, protection ondes \u00e9lectromagn\u00e9tiques &#8211; <span style=\"color: #808080;\"><em>Thierry Hermann<\/em> <\/span><strong><br \/>\n<\/strong><span style=\"color: #ed1585;\"><strong>14:00 <\/strong><\/span>Le v\u00e9ritable argent collo\u00efdal &#8211; <span style=\"color: #808080;\"><em>Morgane Le Borgne<\/em><\/span><strong><em><br \/>\n<\/em><\/strong><span style=\"color: #008000;\"><strong>14:30 <\/strong><\/span>Retrouver une bonne vue &#8211; <span style=\"color: #808080;\"><em>Danielle Cesbron<\/em><\/span><strong><em><br \/>\n<\/em><\/strong><span style=\"color: #3366ff;\"><strong>15:00 <\/strong><\/span>Min\u00e9raux : origines (g\u00e9ologie), vertus (gemmologie) et utilisations &#8211; <span style=\"color: #808080;\"><em>Jean-Claude Kennedec<\/em><\/span><strong><em><br \/>\n<\/em><\/strong><span style=\"color: #ed1585;\"><strong>15:00 <\/strong><\/span>Comment optimiser notre \u00e9nergie et celle de notre habitat &#8211; <span style=\"color: #808080;\"><em>Serge Moinet<\/em><\/span><strong><em><br \/>\n<\/em><\/strong><span style=\"color: #3366ff;\"><strong>16:00 <\/strong><\/span>Comment r\u00e9\u00e9duquer et pr\u00e9server sa vue gr\u00e2ce aux yoga des yeux &#8211;\u00a0<span style=\"color: #808080;\"><em>Philippe Cleyet Merle<\/em><\/span><strong><em><br \/>\n<\/em><\/strong><span style=\"color: #ed1585;\"><strong>16:00 <\/strong><\/span>Am\u00e9liorer l&#8217;intuition et la confiance en soi avec l&#8217;aide des cristaux &#8211;\u00a0<span style=\"color: #808080;\"><em>Wydiane Khaoua<\/em><\/span><strong><em><br \/>\n<\/em><\/strong><span style=\"color: #008000;\"><strong>17:00 <\/strong><\/span>Le stress selon Hildegarde de Bingen &#8211; <span style=\"color: #808080;\"><em>M\u00e9lody Molins<\/em><\/span><strong><em><br \/>\n<\/em><\/strong><span style=\"color: #3366ff;\"><strong>17:00 <\/strong><\/span>L&#8217;\u00e9nergie scalaire : les ondes \u00e9lectromagn\u00e9tiques au service de notre sant\u00e9 et de notre bien-\u00eatre &#8211; <span style=\"color: #808080;\"><em>Hubert Mauerer<\/em><\/span><strong><em><br \/>\n<\/em><\/strong><span style=\"color: #ed1585;\"><strong>17:00 <\/strong><\/span>La m\u00e9thode des 2 points &#8211; <span style=\"color: #808080;\"><em>Nelly Le Meledo et Pascal Ricard<\/em><\/span><\/p>\n","protected":false},"excerpt":{"rendered":"<p>Vendredi 15 f\u00e9vrier 2019 11:00 Coh\u00e9rence cardiaque et hypno-antalgie &#8211; S\u00e9verine Praz-Le Gu\u00e9dard 11:00 G\u00e9obiologie: harmoniser son lieu de vie &#8211; Herv\u00e9 Rouch\u00e9 11:00 Les couleurs au service de la sant\u00e9 &#8211; Dominique Bourdin 12:00\u00a0La fleur de vie et ses bienfaits &#8211; Christine Catrouillet 12:00 Hypnoses et auto-hypnoses d\u2019aujourd\u2019hui. De la Th\u00e9rapie vers la spiritualit\u00e9&hellip; <\/p>\n","protected":false},"author":1,"featured_media":0,"parent":0,"menu_order":0,"comment_status":"closed","ping_status":"closed","template":"","meta":{"_monsterinsights_skip_tracking":false,"_monsterinsights_sitenote_active":false,"_monsterinsights_sitenote_note":"","_monsterinsights_sitenote_category":0,"footnotes":""},"class_list":["post-6600","page","type-page","status-publish","hentry"],"yoast_head":"<!-- This site is optimized with the Yoast SEO plugin v27.5 - https:\/\/yoast.com\/product\/yoast-seo-wordpress\/ -->\n<title>Conf\u00e9rences 2019 - Respire La Vie Rennes<\/title>\n<meta name=\"robots\" content=\"index, follow, max-snippet:-1, max-image-preview:large, max-video-preview:-1\" \/>\n<link rel=\"canonical\" href=\"https:\/\/www.respirelavie.fr\/rennes\/conferences-2019\/\" \/>\n<meta property=\"og:locale\" content=\"fr_FR\" \/>\n<meta property=\"og:type\" content=\"article\" \/>\n<meta property=\"og:title\" content=\"Conf\u00e9rences 2019 - Respire La Vie Rennes\" \/>\n<meta property=\"og:description\" content=\"Vendredi 15 f\u00e9vrier 2019 11:00 Coh\u00e9rence cardiaque et hypno-antalgie &#8211; S\u00e9verine Praz-Le Gu\u00e9dard 11:00 G\u00e9obiologie: harmoniser son lieu de vie &#8211; Herv\u00e9 Rouch\u00e9 11:00 Les couleurs au service de la sant\u00e9 &#8211; Dominique Bourdin 12:00\u00a0La fleur de vie et ses bienfaits &#8211; Christine Catrouillet 12:00 Hypnoses et auto-hypnoses d\u2019aujourd\u2019hui. De la Th\u00e9rapie vers la spiritualit\u00e9&hellip;\" \/>\n<meta property=\"og:url\" content=\"https:\/\/www.respirelavie.fr\/rennes\/conferences-2019\/\" \/>\n<meta property=\"og:site_name\" content=\"Respire La Vie Rennes\" \/>\n<meta name=\"twitter:card\" content=\"summary_large_image\" \/>\n<meta name=\"twitter:label1\" content=\"Dur\u00e9e de lecture estim\u00e9e\" \/>\n\t<meta name=\"twitter:data1\" content=\"4 minutes\" \/>\n<script type=\"application\/ld+json\" class=\"yoast-schema-graph\">{\"@context\":\"https:\\\/\\\/schema.org\",\"@graph\":[{\"@type\":\"WebPage\",\"@id\":\"https:\\\/\\\/www.respirelavie.fr\\\/rennes\\\/conferences-2019\\\/\",\"url\":\"https:\\\/\\\/www.respirelavie.fr\\\/rennes\\\/conferences-2019\\\/\",\"name\":\"Conf\u00e9rences 2019 - Respire La Vie Rennes\",\"isPartOf\":{\"@id\":\"https:\\\/\\\/www.respirelavie.fr\\\/rennes\\\/#website\"},\"datePublished\":\"2019-11-26T08:57:17+00:00\",\"breadcrumb\":{\"@id\":\"https:\\\/\\\/www.respirelavie.fr\\\/rennes\\\/conferences-2019\\\/#breadcrumb\"},\"inLanguage\":\"fr-FR\",\"potentialAction\":[{\"@type\":\"ReadAction\",\"target\":[\"https:\\\/\\\/www.respirelavie.fr\\\/rennes\\\/conferences-2019\\\/\"]}]},{\"@type\":\"BreadcrumbList\",\"@id\":\"https:\\\/\\\/www.respirelavie.fr\\\/rennes\\\/conferences-2019\\\/#breadcrumb\",\"itemListElement\":[{\"@type\":\"ListItem\",\"position\":1,\"name\":\"Accueil\",\"item\":\"https:\\\/\\\/www.respirelavie.fr\\\/rennes\\\/\"},{\"@type\":\"ListItem\",\"position\":2,\"name\":\"Conf\u00e9rences 2019\"}]},{\"@type\":\"WebSite\",\"@id\":\"https:\\\/\\\/www.respirelavie.fr\\\/rennes\\\/#website\",\"url\":\"https:\\\/\\\/www.respirelavie.fr\\\/rennes\\\/\",\"name\":\"Respire La Vie Rennes\",\"description\":\"Respire La Vie Rennes : votre salon \u00e9colo, bio, bien-\u00eatre et habitat sain \u00e0 Rennes\",\"publisher\":{\"@id\":\"https:\\\/\\\/www.respirelavie.fr\\\/rennes\\\/#organization\"},\"potentialAction\":[{\"@type\":\"SearchAction\",\"target\":{\"@type\":\"EntryPoint\",\"urlTemplate\":\"https:\\\/\\\/www.respirelavie.fr\\\/rennes\\\/?s={search_term_string}\"},\"query-input\":{\"@type\":\"PropertyValueSpecification\",\"valueRequired\":true,\"valueName\":\"search_term_string\"}}],\"inLanguage\":\"fr-FR\"},{\"@type\":\"Organization\",\"@id\":\"https:\\\/\\\/www.respirelavie.fr\\\/rennes\\\/#organization\",\"name\":\"Respire La Vie Rennes\",\"url\":\"https:\\\/\\\/www.respirelavie.fr\\\/rennes\\\/\",\"logo\":{\"@type\":\"ImageObject\",\"inLanguage\":\"fr-FR\",\"@id\":\"https:\\\/\\\/www.respirelavie.fr\\\/rennes\\\/#\\\/schema\\\/logo\\\/image\\\/\",\"url\":\"https:\\\/\\\/www.respirelavie.fr\\\/rennes\\\/wp-content\\\/uploads\\\/sites\\\/5\\\/2025\\\/11\\\/cropped-Logo-RESPIRE-rennes-2026.png\",\"contentUrl\":\"https:\\\/\\\/www.respirelavie.fr\\\/rennes\\\/wp-content\\\/uploads\\\/sites\\\/5\\\/2025\\\/11\\\/cropped-Logo-RESPIRE-rennes-2026.png\",\"width\":921,\"height\":255,\"caption\":\"Respire La Vie Rennes\"},\"image\":{\"@id\":\"https:\\\/\\\/www.respirelavie.fr\\\/rennes\\\/#\\\/schema\\\/logo\\\/image\\\/\"}}]}<\/script>\n<!-- \/ Yoast SEO plugin. -->","yoast_head_json":{"title":"Conf\u00e9rences 2019 - Respire La Vie Rennes","robots":{"index":"index","follow":"follow","max-snippet":"max-snippet:-1","max-image-preview":"max-image-preview:large","max-video-preview":"max-video-preview:-1"},"canonical":"https:\/\/www.respirelavie.fr\/rennes\/conferences-2019\/","og_locale":"fr_FR","og_type":"article","og_title":"Conf\u00e9rences 2019 - Respire La Vie Rennes","og_description":"Vendredi 15 f\u00e9vrier 2019 11:00 Coh\u00e9rence cardiaque et hypno-antalgie &#8211; S\u00e9verine Praz-Le Gu\u00e9dard 11:00 G\u00e9obiologie: harmoniser son lieu de vie &#8211; Herv\u00e9 Rouch\u00e9 11:00 Les couleurs au service de la sant\u00e9 &#8211; Dominique Bourdin 12:00\u00a0La fleur de vie et ses bienfaits &#8211; Christine Catrouillet 12:00 Hypnoses et auto-hypnoses d\u2019aujourd\u2019hui. De la Th\u00e9rapie vers la spiritualit\u00e9&hellip;","og_url":"https:\/\/www.respirelavie.fr\/rennes\/conferences-2019\/","og_site_name":"Respire La Vie Rennes","twitter_card":"summary_large_image","twitter_misc":{"Dur\u00e9e de lecture estim\u00e9e":"4 minutes"},"schema":{"@context":"https:\/\/schema.org","@graph":[{"@type":"WebPage","@id":"https:\/\/www.respirelavie.fr\/rennes\/conferences-2019\/","url":"https:\/\/www.respirelavie.fr\/rennes\/conferences-2019\/","name":"Conf\u00e9rences 2019 - Respire La Vie Rennes","isPartOf":{"@id":"https:\/\/www.respirelavie.fr\/rennes\/#website"},"datePublished":"2019-11-26T08:57:17+00:00","breadcrumb":{"@id":"https:\/\/www.respirelavie.fr\/rennes\/conferences-2019\/#breadcrumb"},"inLanguage":"fr-FR","potentialAction":[{"@type":"ReadAction","target":["https:\/\/www.respirelavie.fr\/rennes\/conferences-2019\/"]}]},{"@type":"BreadcrumbList","@id":"https:\/\/www.respirelavie.fr\/rennes\/conferences-2019\/#breadcrumb","itemListElement":[{"@type":"ListItem","position":1,"name":"Accueil","item":"https:\/\/www.respirelavie.fr\/rennes\/"},{"@type":"ListItem","position":2,"name":"Conf\u00e9rences 2019"}]},{"@type":"WebSite","@id":"https:\/\/www.respirelavie.fr\/rennes\/#website","url":"https:\/\/www.respirelavie.fr\/rennes\/","name":"Respire La Vie Rennes","description":"Respire La Vie Rennes : votre salon \u00e9colo, bio, bien-\u00eatre et habitat sain \u00e0 Rennes","publisher":{"@id":"https:\/\/www.respirelavie.fr\/rennes\/#organization"},"potentialAction":[{"@type":"SearchAction","target":{"@type":"EntryPoint","urlTemplate":"https:\/\/www.respirelavie.fr\/rennes\/?s={search_term_string}"},"query-input":{"@type":"PropertyValueSpecification","valueRequired":true,"valueName":"search_term_string"}}],"inLanguage":"fr-FR"},{"@type":"Organization","@id":"https:\/\/www.respirelavie.fr\/rennes\/#organization","name":"Respire La Vie Rennes","url":"https:\/\/www.respirelavie.fr\/rennes\/","logo":{"@type":"ImageObject","inLanguage":"fr-FR","@id":"https:\/\/www.respirelavie.fr\/rennes\/#\/schema\/logo\/image\/","url":"https:\/\/www.respirelavie.fr\/rennes\/wp-content\/uploads\/sites\/5\/2025\/11\/cropped-Logo-RESPIRE-rennes-2026.png","contentUrl":"https:\/\/www.respirelavie.fr\/rennes\/wp-content\/uploads\/sites\/5\/2025\/11\/cropped-Logo-RESPIRE-rennes-2026.png","width":921,"height":255,"caption":"Respire La Vie Rennes"},"image":{"@id":"https:\/\/www.respirelavie.fr\/rennes\/#\/schema\/logo\/image\/"}}]}},"_links":{"self":[{"href":"https:\/\/www.respirelavie.fr\/rennes\/wp-json\/wp\/v2\/pages\/6600","targetHints":{"allow":["GET"]}}],"collection":[{"href":"https:\/\/www.respirelavie.fr\/rennes\/wp-json\/wp\/v2\/pages"}],"about":[{"href":"https:\/\/www.respirelavie.fr\/rennes\/wp-json\/wp\/v2\/types\/page"}],"author":[{"embeddable":true,"href":"https:\/\/www.respirelavie.fr\/rennes\/wp-json\/wp\/v2\/users\/1"}],"replies":[{"embeddable":true,"href":"https:\/\/www.respirelavie.fr\/rennes\/wp-json\/wp\/v2\/comments?post=6600"}],"version-history":[{"count":1,"href":"https:\/\/www.respirelavie.fr\/rennes\/wp-json\/wp\/v2\/pages\/6600\/revisions"}],"predecessor-version":[{"id":6601,"href":"https:\/\/www.respirelavie.fr\/rennes\/wp-json\/wp\/v2\/pages\/6600\/revisions\/6601"}],"wp:attachment":[{"href":"https:\/\/www.respirelavie.fr\/rennes\/wp-json\/wp\/v2\/media?parent=6600"}],"curies":[{"name":"wp","href":"https:\/\/api.w.org\/{rel}","templated":true}]}}