{"id":6605,"date":"2019-11-26T10:01:43","date_gmt":"2019-11-26T09:01:43","guid":{"rendered":"https:\/\/www.respirelavie.fr\/rennes\/?page_id=6605"},"modified":"2019-11-26T10:01:43","modified_gmt":"2019-11-26T09:01:43","slug":"ateliers-bien-etre-2019","status":"publish","type":"page","link":"https:\/\/www.respirelavie.fr\/rennes\/ateliers-bien-etre-2019\/","title":{"rendered":"Ateliers bien-\u00eatre 2019"},"content":{"rendered":"<h2>Vendredi 15 f\u00e9vrier 2019<\/h2>\n<p><span style=\"color: #ff9900;\"><b>11:00 <\/b><\/span>G\u00e9rer ses douleurs en douceur &#8211; <span style=\"color: #808080;\"><em>V\u00e9ronique Le Goff<\/em><\/span><b><br \/>\n<\/b><strong><span style=\"color: #ff9900;\">12:00<\/span> <\/strong>Le Th\u00e8me de Cristal : quand les pierres nous aident \u00e0 r\u00e9v\u00e9ler notre identit\u00e9 &#8211; <span style=\"color: #808080;\">W<em>ydiane Khaoua<br \/>\n<\/em><strong><span style=\"color: #ff9900;\">13:00\u00a0<\/span><\/strong><\/span>L&#8217;harmonie au coeur de votre vie avec le Feng Shui &#8211; <span style=\"color: #808080;\"><em>Isabelle\u00a0Rome-Gillet<\/em><\/span><br \/>\n<span style=\"color: #ff9900;\"><strong>14:00<\/strong><\/span> R\u00e9ussir ses projets avec la Num\u00e9rologie Cr\u00e9ative &#8211; <span style=\"color: #808080;\"><em>Laurence Thievin<\/em><\/span><br \/>\n<span style=\"color: #ff9900;\"><strong>15:00<\/strong><\/span> Perception et propri\u00e9t\u00e9s de l&#8217;aura &#8211; <span style=\"color: #808080;\"><em>Dominique Bourdin<\/em><\/span><br \/>\n<strong><span style=\"color: #ff9900;\">16:00<\/span><\/strong> Coeur de femme et f\u00e9minin sacr\u00e9 &#8211; <span style=\"color: #808080;\"><em>Nathalie Rouch\u00e9<\/em><\/span><br \/>\n<strong><span style=\"color: #ff9900;\">17:00<\/span><\/strong> Ancrage et voyage chamanique &#8211;<em>\u00a0<span style=\"color: #808080;\">Karine Laillier<\/span><\/em><br \/>\n<strong><span style=\"color: #ff9900;\">18:00\u00a0<\/span><\/strong>Le Chant Alchimique &#8211; <span style=\"color: #808080;\"><em>Nathalie et Fr\u00e9d\u00e9ric Gemard<\/em><\/span><\/p>\n<p><span style=\"color: #808080;\"><em>\u00a0<\/em><\/span><\/p>\n<h2>Samedi 16 f\u00e9vrier 2019<\/h2>\n<p><span style=\"color: #ff9900;\"><strong>11:00<\/strong><\/span> Atelier apprendre \u00e0 masser : shiatsu et relaxation cor\u00e9enne &#8211; <span style=\"color: #808080;\"><em>Christine Sans<\/em><\/span><br \/>\n<span style=\"color: #ff9900;\"><strong>12:00<\/strong><\/span> Le Th\u00e8me de Cristal : quand les pierres nous aident \u00e0 r\u00e9v\u00e9ler notre identit\u00e9<br \/>\n<span style=\"color: #ff9900;\"><strong>13:00<\/strong><\/span> R\u00eave lucide et voyage astral &#8211; <span style=\"color: #808080;\"><em>Gilles Le Picard<\/em><\/span><br \/>\n<span style=\"color: #ff9900;\"><strong>14:00<\/strong> <\/span>Se r\u00e9g\u00e9n\u00e9rer avec la G\u00e9om\u00e9trie Sacr\u00e9e &#8211; <em><span style=\"color: #808080;\">Gilbert Lavalliere<\/span><\/em><br \/>\n<span style=\"color: #ff9900;\"><strong>15:00<\/strong><\/span> La confiance en soi &#8211; <em><span style=\"color: #808080;\">Isabelle Ganon<br \/>\n<\/span><\/em><span style=\"color: #808080;\"><span style=\"color: #ff9900;\"><strong>13:00\u00a0<\/strong><\/span><\/span>R\u00eave lucide et voyage astral <em><span style=\"color: #808080;\">&#8211; Gilles Le Picard<\/span><\/em><br \/>\n<span style=\"color: #ff9900;\"><strong>17:00<\/strong><\/span> Qi-Gong d&#8217;\u00e9veil spirituel &#8211; <em><span style=\"color: #808080;\">Christine Sans<\/span><\/em><br \/>\n<span style=\"color: #ff9900;\"><strong>18:00<\/strong><\/span> R\u00e9ussir ses projets avec la num\u00e9rologie cr\u00e9ative &#8211; <em><span style=\"color: #808080;\">Laurence Thi\u00e9vin<\/span><\/em><\/p>\n<h2>Dimanche 17 f\u00e9vrier 2019<\/h2>\n<p><span style=\"color: #ff9900;\"><strong>11:00<\/strong><\/span> Le Th\u00e8me de Cristal : quand les pierres nous aident \u00e0 r\u00e9v\u00e9ler notre identit\u00e9 &#8211;<em><span style=\"color: #808080;\">Wydiane Khaoua<\/span><\/em><br \/>\n<span style=\"color: #ff9900;\"><strong>12:00<\/strong> <\/span>Apprenez la gymnastique faciale et ses effets zen sur visage et corps &#8211;<br \/>\n<em><span style=\"color: #808080;\">Chantal Joye<\/span><\/em><br \/>\n<span style=\"color: #ff9900;\"><strong>13:00<\/strong><\/span> Comment r\u00e9\u00e9duquer et pr\u00e9server sa vue gr\u00e2ce aux yoga des yeux &#8211;<br \/>\n<em><span style=\"color: #808080;\">Philippe Cleyet Merle<\/span><\/em><br \/>\n<span style=\"color: #ff9900;\"><strong>14:00<\/strong><\/span> Bars Access Consciousness &#8211; <span style=\"color: #808080;\"><em>Isabelle Ganon<\/em><\/span><br \/>\n<span style=\"color: #ff9900;\"><strong>15:00<\/strong><\/span> Coeur de femme et f\u00e9minin sacr\u00e9 &#8211; <em><span style=\"color: #808080;\">Nathalie Rouch\u00e9<br \/>\n<\/span><\/em><span style=\"color: #808080;\"><span style=\"color: #ff9900;\"><strong>16:00<\/strong><\/span><\/span>Ancrage et voyage chamanique\u00a0<em>&#8211; <span style=\"color: #808080;\">Karine Laillier<\/span><\/em><br \/>\n<span style=\"color: #ff9900;\"><strong>17:00<\/strong><\/span> Initiation \u00e0 l&#8217;autohypnose &#8211; <em><span style=\"color: #808080;\">Anne-Alice Pereira Baltazar<\/span><\/em><br \/>\n<span style=\"color: #ff9900;\"><strong>18:00<\/strong><\/span> Qi Gong et sophrologie &#8211; <em><span style=\"color: #808080;\">Christine Sans <\/span><\/em><\/p>\n<p>&nbsp;<\/p>\n","protected":false},"excerpt":{"rendered":"<p>Vendredi 15 f\u00e9vrier 2019 11:00 G\u00e9rer ses douleurs en douceur &#8211; V\u00e9ronique Le Goff 12:00 Le Th\u00e8me de Cristal : quand les pierres nous aident \u00e0 r\u00e9v\u00e9ler notre identit\u00e9 &#8211; Wydiane Khaoua 13:00\u00a0L&#8217;harmonie au coeur de votre vie avec le Feng Shui &#8211; Isabelle\u00a0Rome-Gillet 14:00 R\u00e9ussir ses projets avec la Num\u00e9rologie Cr\u00e9ative &#8211; Laurence Thievin&hellip; <\/p>\n","protected":false},"author":1,"featured_media":0,"parent":0,"menu_order":0,"comment_status":"closed","ping_status":"closed","template":"","meta":{"_monsterinsights_skip_tracking":false,"_monsterinsights_sitenote_active":false,"_monsterinsights_sitenote_note":"","_monsterinsights_sitenote_category":0,"footnotes":""},"class_list":["post-6605","page","type-page","status-publish","hentry"],"yoast_head":"<!-- This site is optimized with the Yoast SEO plugin v27.5 - https:\/\/yoast.com\/product\/yoast-seo-wordpress\/ -->\n<title>Ateliers bien-\u00eatre 2019 - Respire La Vie Rennes<\/title>\n<meta name=\"robots\" content=\"index, follow, max-snippet:-1, max-image-preview:large, max-video-preview:-1\" \/>\n<link rel=\"canonical\" href=\"https:\/\/www.respirelavie.fr\/rennes\/ateliers-bien-etre-2019\/\" \/>\n<meta property=\"og:locale\" content=\"fr_FR\" \/>\n<meta property=\"og:type\" content=\"article\" \/>\n<meta property=\"og:title\" content=\"Ateliers bien-\u00eatre 2019 - Respire La Vie Rennes\" \/>\n<meta property=\"og:description\" content=\"Vendredi 15 f\u00e9vrier 2019 11:00 G\u00e9rer ses douleurs en douceur &#8211; V\u00e9ronique Le Goff 12:00 Le Th\u00e8me de Cristal : quand les pierres nous aident \u00e0 r\u00e9v\u00e9ler notre identit\u00e9 &#8211; Wydiane Khaoua 13:00\u00a0L&#8217;harmonie au coeur de votre vie avec le Feng Shui &#8211; Isabelle\u00a0Rome-Gillet 14:00 R\u00e9ussir ses projets avec la Num\u00e9rologie Cr\u00e9ative &#8211; Laurence Thievin&hellip;\" \/>\n<meta property=\"og:url\" content=\"https:\/\/www.respirelavie.fr\/rennes\/ateliers-bien-etre-2019\/\" \/>\n<meta property=\"og:site_name\" content=\"Respire La Vie Rennes\" \/>\n<meta name=\"twitter:card\" content=\"summary_large_image\" \/>\n<meta name=\"twitter:label1\" content=\"Dur\u00e9e de lecture estim\u00e9e\" \/>\n\t<meta name=\"twitter:data1\" content=\"1 minute\" \/>\n<script type=\"application\/ld+json\" class=\"yoast-schema-graph\">{\"@context\":\"https:\\\/\\\/schema.org\",\"@graph\":[{\"@type\":\"WebPage\",\"@id\":\"https:\\\/\\\/www.respirelavie.fr\\\/rennes\\\/ateliers-bien-etre-2019\\\/\",\"url\":\"https:\\\/\\\/www.respirelavie.fr\\\/rennes\\\/ateliers-bien-etre-2019\\\/\",\"name\":\"Ateliers bien-\u00eatre 2019 - Respire La Vie Rennes\",\"isPartOf\":{\"@id\":\"https:\\\/\\\/www.respirelavie.fr\\\/rennes\\\/#website\"},\"datePublished\":\"2019-11-26T09:01:43+00:00\",\"breadcrumb\":{\"@id\":\"https:\\\/\\\/www.respirelavie.fr\\\/rennes\\\/ateliers-bien-etre-2019\\\/#breadcrumb\"},\"inLanguage\":\"fr-FR\",\"potentialAction\":[{\"@type\":\"ReadAction\",\"target\":[\"https:\\\/\\\/www.respirelavie.fr\\\/rennes\\\/ateliers-bien-etre-2019\\\/\"]}]},{\"@type\":\"BreadcrumbList\",\"@id\":\"https:\\\/\\\/www.respirelavie.fr\\\/rennes\\\/ateliers-bien-etre-2019\\\/#breadcrumb\",\"itemListElement\":[{\"@type\":\"ListItem\",\"position\":1,\"name\":\"Accueil\",\"item\":\"https:\\\/\\\/www.respirelavie.fr\\\/rennes\\\/\"},{\"@type\":\"ListItem\",\"position\":2,\"name\":\"Ateliers bien-\u00eatre 2019\"}]},{\"@type\":\"WebSite\",\"@id\":\"https:\\\/\\\/www.respirelavie.fr\\\/rennes\\\/#website\",\"url\":\"https:\\\/\\\/www.respirelavie.fr\\\/rennes\\\/\",\"name\":\"Respire La Vie Rennes\",\"description\":\"Respire La Vie Rennes : votre salon \u00e9colo, bio, bien-\u00eatre et habitat sain \u00e0 Rennes\",\"publisher\":{\"@id\":\"https:\\\/\\\/www.respirelavie.fr\\\/rennes\\\/#organization\"},\"potentialAction\":[{\"@type\":\"SearchAction\",\"target\":{\"@type\":\"EntryPoint\",\"urlTemplate\":\"https:\\\/\\\/www.respirelavie.fr\\\/rennes\\\/?s={search_term_string}\"},\"query-input\":{\"@type\":\"PropertyValueSpecification\",\"valueRequired\":true,\"valueName\":\"search_term_string\"}}],\"inLanguage\":\"fr-FR\"},{\"@type\":\"Organization\",\"@id\":\"https:\\\/\\\/www.respirelavie.fr\\\/rennes\\\/#organization\",\"name\":\"Respire La Vie Rennes\",\"url\":\"https:\\\/\\\/www.respirelavie.fr\\\/rennes\\\/\",\"logo\":{\"@type\":\"ImageObject\",\"inLanguage\":\"fr-FR\",\"@id\":\"https:\\\/\\\/www.respirelavie.fr\\\/rennes\\\/#\\\/schema\\\/logo\\\/image\\\/\",\"url\":\"https:\\\/\\\/www.respirelavie.fr\\\/rennes\\\/wp-content\\\/uploads\\\/sites\\\/5\\\/2025\\\/11\\\/cropped-Logo-RESPIRE-rennes-2026.png\",\"contentUrl\":\"https:\\\/\\\/www.respirelavie.fr\\\/rennes\\\/wp-content\\\/uploads\\\/sites\\\/5\\\/2025\\\/11\\\/cropped-Logo-RESPIRE-rennes-2026.png\",\"width\":921,\"height\":255,\"caption\":\"Respire La Vie Rennes\"},\"image\":{\"@id\":\"https:\\\/\\\/www.respirelavie.fr\\\/rennes\\\/#\\\/schema\\\/logo\\\/image\\\/\"}}]}<\/script>\n<!-- \/ Yoast SEO plugin. -->","yoast_head_json":{"title":"Ateliers bien-\u00eatre 2019 - Respire La Vie Rennes","robots":{"index":"index","follow":"follow","max-snippet":"max-snippet:-1","max-image-preview":"max-image-preview:large","max-video-preview":"max-video-preview:-1"},"canonical":"https:\/\/www.respirelavie.fr\/rennes\/ateliers-bien-etre-2019\/","og_locale":"fr_FR","og_type":"article","og_title":"Ateliers bien-\u00eatre 2019 - Respire La Vie Rennes","og_description":"Vendredi 15 f\u00e9vrier 2019 11:00 G\u00e9rer ses douleurs en douceur &#8211; V\u00e9ronique Le Goff 12:00 Le Th\u00e8me de Cristal : quand les pierres nous aident \u00e0 r\u00e9v\u00e9ler notre identit\u00e9 &#8211; Wydiane Khaoua 13:00\u00a0L&#8217;harmonie au coeur de votre vie avec le Feng Shui &#8211; Isabelle\u00a0Rome-Gillet 14:00 R\u00e9ussir ses projets avec la Num\u00e9rologie Cr\u00e9ative &#8211; Laurence Thievin&hellip;","og_url":"https:\/\/www.respirelavie.fr\/rennes\/ateliers-bien-etre-2019\/","og_site_name":"Respire La Vie Rennes","twitter_card":"summary_large_image","twitter_misc":{"Dur\u00e9e de lecture estim\u00e9e":"1 minute"},"schema":{"@context":"https:\/\/schema.org","@graph":[{"@type":"WebPage","@id":"https:\/\/www.respirelavie.fr\/rennes\/ateliers-bien-etre-2019\/","url":"https:\/\/www.respirelavie.fr\/rennes\/ateliers-bien-etre-2019\/","name":"Ateliers bien-\u00eatre 2019 - Respire La Vie Rennes","isPartOf":{"@id":"https:\/\/www.respirelavie.fr\/rennes\/#website"},"datePublished":"2019-11-26T09:01:43+00:00","breadcrumb":{"@id":"https:\/\/www.respirelavie.fr\/rennes\/ateliers-bien-etre-2019\/#breadcrumb"},"inLanguage":"fr-FR","potentialAction":[{"@type":"ReadAction","target":["https:\/\/www.respirelavie.fr\/rennes\/ateliers-bien-etre-2019\/"]}]},{"@type":"BreadcrumbList","@id":"https:\/\/www.respirelavie.fr\/rennes\/ateliers-bien-etre-2019\/#breadcrumb","itemListElement":[{"@type":"ListItem","position":1,"name":"Accueil","item":"https:\/\/www.respirelavie.fr\/rennes\/"},{"@type":"ListItem","position":2,"name":"Ateliers bien-\u00eatre 2019"}]},{"@type":"WebSite","@id":"https:\/\/www.respirelavie.fr\/rennes\/#website","url":"https:\/\/www.respirelavie.fr\/rennes\/","name":"Respire La Vie Rennes","description":"Respire La Vie Rennes : votre salon \u00e9colo, bio, bien-\u00eatre et habitat sain \u00e0 Rennes","publisher":{"@id":"https:\/\/www.respirelavie.fr\/rennes\/#organization"},"potentialAction":[{"@type":"SearchAction","target":{"@type":"EntryPoint","urlTemplate":"https:\/\/www.respirelavie.fr\/rennes\/?s={search_term_string}"},"query-input":{"@type":"PropertyValueSpecification","valueRequired":true,"valueName":"search_term_string"}}],"inLanguage":"fr-FR"},{"@type":"Organization","@id":"https:\/\/www.respirelavie.fr\/rennes\/#organization","name":"Respire La Vie Rennes","url":"https:\/\/www.respirelavie.fr\/rennes\/","logo":{"@type":"ImageObject","inLanguage":"fr-FR","@id":"https:\/\/www.respirelavie.fr\/rennes\/#\/schema\/logo\/image\/","url":"https:\/\/www.respirelavie.fr\/rennes\/wp-content\/uploads\/sites\/5\/2025\/11\/cropped-Logo-RESPIRE-rennes-2026.png","contentUrl":"https:\/\/www.respirelavie.fr\/rennes\/wp-content\/uploads\/sites\/5\/2025\/11\/cropped-Logo-RESPIRE-rennes-2026.png","width":921,"height":255,"caption":"Respire La Vie Rennes"},"image":{"@id":"https:\/\/www.respirelavie.fr\/rennes\/#\/schema\/logo\/image\/"}}]}},"_links":{"self":[{"href":"https:\/\/www.respirelavie.fr\/rennes\/wp-json\/wp\/v2\/pages\/6605","targetHints":{"allow":["GET"]}}],"collection":[{"href":"https:\/\/www.respirelavie.fr\/rennes\/wp-json\/wp\/v2\/pages"}],"about":[{"href":"https:\/\/www.respirelavie.fr\/rennes\/wp-json\/wp\/v2\/types\/page"}],"author":[{"embeddable":true,"href":"https:\/\/www.respirelavie.fr\/rennes\/wp-json\/wp\/v2\/users\/1"}],"replies":[{"embeddable":true,"href":"https:\/\/www.respirelavie.fr\/rennes\/wp-json\/wp\/v2\/comments?post=6605"}],"version-history":[{"count":1,"href":"https:\/\/www.respirelavie.fr\/rennes\/wp-json\/wp\/v2\/pages\/6605\/revisions"}],"predecessor-version":[{"id":6606,"href":"https:\/\/www.respirelavie.fr\/rennes\/wp-json\/wp\/v2\/pages\/6605\/revisions\/6606"}],"wp:attachment":[{"href":"https:\/\/www.respirelavie.fr\/rennes\/wp-json\/wp\/v2\/media?parent=6605"}],"curies":[{"name":"wp","href":"https:\/\/api.w.org\/{rel}","templated":true}]}}