{"id":6631,"date":"2019-12-04T17:20:32","date_gmt":"2019-12-04T16:20:32","guid":{"rendered":"https:\/\/www.respirelavie.fr\/rennes\/?page_id=6631"},"modified":"2025-01-27T10:31:55","modified_gmt":"2025-01-27T09:31:55","slug":"lespace-vinibio","status":"publish","type":"page","link":"https:\/\/www.respirelavie.fr\/rennes\/lespace-vinibio\/","title":{"rendered":"L&#8217;espace ViniBio"},"content":{"rendered":"<div class=\"page-header\">\n<p><strong><img decoding=\"async\" class=\"wp-image-6034 alignleft\" src=\"https:\/\/www.vivez-nature.com\/lyon\/wp-content\/uploads\/sites\/7\/2019\/09\/Espace-vinibio-300x134.jpg\" alt=\"\" width=\"164\" height=\"74\" \/><\/strong><\/p>\n<p>Respire La Vie Rennes, le salon bio, bien-\u00eatre et habitat sain accueille en son coeur l\u2019espace ViniBio !<\/p>\n<p>Cet espace est d\u00e9di\u00e9 aux <strong>vins et spiritueux bio et biodynamiques<\/strong> avec une organisation au service des vignerons.<\/p>\n<h3><strong>Une quinzaine de vignerons sont attendus !<\/strong><\/h3>\n<p><img fetchpriority=\"high\" decoding=\"async\" class=\"wp-image-5979 alignleft\" src=\"https:\/\/www.vivez-nature.com\/lyon\/wp-content\/uploads\/sites\/7\/2019\/09\/AdobeStock_167504086-300x202.jpeg\" alt=\"\" width=\"313\" height=\"214\" \/><\/p>\n<p style=\"text-align: justify;\">L&#8217;espace <strong>ViniBio<\/strong> regroupe des vignerons venus des diverses r\u00e9gions de France et d\u2019Espagne travaillant dans le respect de l&#8217;environnement, des r\u00e8gles de l&#8217;agriculture et de la vinification biologique.<\/p>\n<p style=\"text-align: justify;\">Durant les trois jours du salon, vous pourrez participer aux diff\u00e9rents <strong>ateliers de d\u00e9gustation<\/strong> et d\u00e9couvrir les vins du salon.<\/p>\n<p style=\"text-align: justify;\">Le <strong>nouveau rendez-vous<\/strong> \u00e0 ne pas manquer pour les amoureux des vins et spiritueux sinc\u00e8rement <strong>respectueux de l\u2019environnement<\/strong>.<\/p>\n<p style=\"text-align: justify;\">Un espace destin\u00e9 autant aux amateurs avertis de vins qu\u2019aux simples curieux d\u00e9sirant de s\u2019initier un peu plus \u00e0 cette boisson si repr\u00e9sentative de notre patrimoine.<\/p>\n<p style=\"text-align: justify;\">Pour aller plus loin dans la d\u00e9couverte de ces domaines, Respire La Vie propose durant tout le salon des animations et ateliers de d\u00e9gustation autour du vin o\u00f9 vous pourrez d\u00e9guster et apprendre \u00e0 identifier les diff\u00e9rents ar\u00f4mes des vins pr\u00e9sent\u00e9s.<\/p>\n<\/div>\n","protected":false},"excerpt":{"rendered":"<p>Respire La Vie Rennes, le salon bio, bien-\u00eatre et habitat sain accueille en son coeur l\u2019espace ViniBio ! Cet espace est d\u00e9di\u00e9 aux vins et spiritueux bio et biodynamiques avec une organisation au service des vignerons. Une quinzaine de vignerons sont attendus ! L&#8217;espace ViniBio regroupe des vignerons venus des diverses r\u00e9gions de France et&hellip; <\/p>\n","protected":false},"author":1,"featured_media":0,"parent":0,"menu_order":3,"comment_status":"closed","ping_status":"closed","template":"","meta":{"_monsterinsights_skip_tracking":false,"_monsterinsights_sitenote_active":false,"_monsterinsights_sitenote_note":"","_monsterinsights_sitenote_category":0,"footnotes":""},"class_list":["post-6631","page","type-page","status-publish","hentry"],"yoast_head":"<!-- This site is optimized with the Yoast SEO plugin v27.3 - https:\/\/yoast.com\/product\/yoast-seo-wordpress\/ -->\n<title>L&#039;espace ViniBio - Respire La Vie Rennes<\/title>\n<meta name=\"robots\" content=\"index, follow, max-snippet:-1, max-image-preview:large, max-video-preview:-1\" \/>\n<link rel=\"canonical\" href=\"https:\/\/www.respirelavie.fr\/rennes\/lespace-vinibio\/\" \/>\n<meta property=\"og:locale\" content=\"fr_FR\" \/>\n<meta property=\"og:type\" content=\"article\" \/>\n<meta property=\"og:title\" content=\"L&#039;espace ViniBio - Respire La Vie Rennes\" \/>\n<meta property=\"og:description\" content=\"Respire La Vie Rennes, le salon bio, bien-\u00eatre et habitat sain accueille en son coeur l\u2019espace ViniBio ! Cet espace est d\u00e9di\u00e9 aux vins et spiritueux bio et biodynamiques avec une organisation au service des vignerons. Une quinzaine de vignerons sont attendus ! L&#8217;espace ViniBio regroupe des vignerons venus des diverses r\u00e9gions de France et&hellip;\" \/>\n<meta property=\"og:url\" content=\"https:\/\/www.respirelavie.fr\/rennes\/lespace-vinibio\/\" \/>\n<meta property=\"og:site_name\" content=\"Respire La Vie Rennes\" \/>\n<meta property=\"article:modified_time\" content=\"2025-01-27T09:31:55+00:00\" \/>\n<meta property=\"og:image\" content=\"https:\/\/www.vivez-nature.com\/lyon\/wp-content\/uploads\/sites\/7\/2019\/09\/Espace-vinibio-300x134.jpg\" \/>\n<meta name=\"twitter:card\" content=\"summary_large_image\" \/>\n<meta name=\"twitter:label1\" content=\"Dur\u00e9e de lecture estim\u00e9e\" \/>\n\t<meta name=\"twitter:data1\" content=\"2 minutes\" \/>\n<script type=\"application\/ld+json\" class=\"yoast-schema-graph\">{\"@context\":\"https:\\\/\\\/schema.org\",\"@graph\":[{\"@type\":\"WebPage\",\"@id\":\"https:\\\/\\\/www.respirelavie.fr\\\/rennes\\\/lespace-vinibio\\\/\",\"url\":\"https:\\\/\\\/www.respirelavie.fr\\\/rennes\\\/lespace-vinibio\\\/\",\"name\":\"L'espace ViniBio - Respire La Vie Rennes\",\"isPartOf\":{\"@id\":\"https:\\\/\\\/www.respirelavie.fr\\\/rennes\\\/#website\"},\"primaryImageOfPage\":{\"@id\":\"https:\\\/\\\/www.respirelavie.fr\\\/rennes\\\/lespace-vinibio\\\/#primaryimage\"},\"image\":{\"@id\":\"https:\\\/\\\/www.respirelavie.fr\\\/rennes\\\/lespace-vinibio\\\/#primaryimage\"},\"thumbnailUrl\":\"https:\\\/\\\/www.vivez-nature.com\\\/lyon\\\/wp-content\\\/uploads\\\/sites\\\/7\\\/2019\\\/09\\\/Espace-vinibio-300x134.jpg\",\"datePublished\":\"2019-12-04T16:20:32+00:00\",\"dateModified\":\"2025-01-27T09:31:55+00:00\",\"breadcrumb\":{\"@id\":\"https:\\\/\\\/www.respirelavie.fr\\\/rennes\\\/lespace-vinibio\\\/#breadcrumb\"},\"inLanguage\":\"fr-FR\",\"potentialAction\":[{\"@type\":\"ReadAction\",\"target\":[\"https:\\\/\\\/www.respirelavie.fr\\\/rennes\\\/lespace-vinibio\\\/\"]}]},{\"@type\":\"ImageObject\",\"inLanguage\":\"fr-FR\",\"@id\":\"https:\\\/\\\/www.respirelavie.fr\\\/rennes\\\/lespace-vinibio\\\/#primaryimage\",\"url\":\"https:\\\/\\\/www.vivez-nature.com\\\/lyon\\\/wp-content\\\/uploads\\\/sites\\\/7\\\/2019\\\/09\\\/Espace-vinibio-300x134.jpg\",\"contentUrl\":\"https:\\\/\\\/www.vivez-nature.com\\\/lyon\\\/wp-content\\\/uploads\\\/sites\\\/7\\\/2019\\\/09\\\/Espace-vinibio-300x134.jpg\"},{\"@type\":\"BreadcrumbList\",\"@id\":\"https:\\\/\\\/www.respirelavie.fr\\\/rennes\\\/lespace-vinibio\\\/#breadcrumb\",\"itemListElement\":[{\"@type\":\"ListItem\",\"position\":1,\"name\":\"Accueil\",\"item\":\"https:\\\/\\\/www.respirelavie.fr\\\/rennes\\\/\"},{\"@type\":\"ListItem\",\"position\":2,\"name\":\"L&#8217;espace ViniBio\"}]},{\"@type\":\"WebSite\",\"@id\":\"https:\\\/\\\/www.respirelavie.fr\\\/rennes\\\/#website\",\"url\":\"https:\\\/\\\/www.respirelavie.fr\\\/rennes\\\/\",\"name\":\"Respire La Vie Rennes\",\"description\":\"Respire La Vie Rennes : votre salon \u00e9colo, bio, bien-\u00eatre et habitat sain \u00e0 Rennes\",\"publisher\":{\"@id\":\"https:\\\/\\\/www.respirelavie.fr\\\/rennes\\\/#organization\"},\"potentialAction\":[{\"@type\":\"SearchAction\",\"target\":{\"@type\":\"EntryPoint\",\"urlTemplate\":\"https:\\\/\\\/www.respirelavie.fr\\\/rennes\\\/?s={search_term_string}\"},\"query-input\":{\"@type\":\"PropertyValueSpecification\",\"valueRequired\":true,\"valueName\":\"search_term_string\"}}],\"inLanguage\":\"fr-FR\"},{\"@type\":\"Organization\",\"@id\":\"https:\\\/\\\/www.respirelavie.fr\\\/rennes\\\/#organization\",\"name\":\"Respire La Vie Rennes\",\"url\":\"https:\\\/\\\/www.respirelavie.fr\\\/rennes\\\/\",\"logo\":{\"@type\":\"ImageObject\",\"inLanguage\":\"fr-FR\",\"@id\":\"https:\\\/\\\/www.respirelavie.fr\\\/rennes\\\/#\\\/schema\\\/logo\\\/image\\\/\",\"url\":\"https:\\\/\\\/www.respirelavie.fr\\\/rennes\\\/wp-content\\\/uploads\\\/sites\\\/5\\\/2025\\\/11\\\/cropped-Logo-RESPIRE-rennes-2026.png\",\"contentUrl\":\"https:\\\/\\\/www.respirelavie.fr\\\/rennes\\\/wp-content\\\/uploads\\\/sites\\\/5\\\/2025\\\/11\\\/cropped-Logo-RESPIRE-rennes-2026.png\",\"width\":921,\"height\":255,\"caption\":\"Respire La Vie Rennes\"},\"image\":{\"@id\":\"https:\\\/\\\/www.respirelavie.fr\\\/rennes\\\/#\\\/schema\\\/logo\\\/image\\\/\"}}]}<\/script>\n<!-- \/ Yoast SEO plugin. -->","yoast_head_json":{"title":"L'espace ViniBio - Respire La Vie Rennes","robots":{"index":"index","follow":"follow","max-snippet":"max-snippet:-1","max-image-preview":"max-image-preview:large","max-video-preview":"max-video-preview:-1"},"canonical":"https:\/\/www.respirelavie.fr\/rennes\/lespace-vinibio\/","og_locale":"fr_FR","og_type":"article","og_title":"L'espace ViniBio - Respire La Vie Rennes","og_description":"Respire La Vie Rennes, le salon bio, bien-\u00eatre et habitat sain accueille en son coeur l\u2019espace ViniBio ! Cet espace est d\u00e9di\u00e9 aux vins et spiritueux bio et biodynamiques avec une organisation au service des vignerons. Une quinzaine de vignerons sont attendus ! L&#8217;espace ViniBio regroupe des vignerons venus des diverses r\u00e9gions de France et&hellip;","og_url":"https:\/\/www.respirelavie.fr\/rennes\/lespace-vinibio\/","og_site_name":"Respire La Vie Rennes","article_modified_time":"2025-01-27T09:31:55+00:00","og_image":[{"url":"https:\/\/www.vivez-nature.com\/lyon\/wp-content\/uploads\/sites\/7\/2019\/09\/Espace-vinibio-300x134.jpg","type":"","width":"","height":""}],"twitter_card":"summary_large_image","twitter_misc":{"Dur\u00e9e de lecture estim\u00e9e":"2 minutes"},"schema":{"@context":"https:\/\/schema.org","@graph":[{"@type":"WebPage","@id":"https:\/\/www.respirelavie.fr\/rennes\/lespace-vinibio\/","url":"https:\/\/www.respirelavie.fr\/rennes\/lespace-vinibio\/","name":"L'espace ViniBio - Respire La Vie Rennes","isPartOf":{"@id":"https:\/\/www.respirelavie.fr\/rennes\/#website"},"primaryImageOfPage":{"@id":"https:\/\/www.respirelavie.fr\/rennes\/lespace-vinibio\/#primaryimage"},"image":{"@id":"https:\/\/www.respirelavie.fr\/rennes\/lespace-vinibio\/#primaryimage"},"thumbnailUrl":"https:\/\/www.vivez-nature.com\/lyon\/wp-content\/uploads\/sites\/7\/2019\/09\/Espace-vinibio-300x134.jpg","datePublished":"2019-12-04T16:20:32+00:00","dateModified":"2025-01-27T09:31:55+00:00","breadcrumb":{"@id":"https:\/\/www.respirelavie.fr\/rennes\/lespace-vinibio\/#breadcrumb"},"inLanguage":"fr-FR","potentialAction":[{"@type":"ReadAction","target":["https:\/\/www.respirelavie.fr\/rennes\/lespace-vinibio\/"]}]},{"@type":"ImageObject","inLanguage":"fr-FR","@id":"https:\/\/www.respirelavie.fr\/rennes\/lespace-vinibio\/#primaryimage","url":"https:\/\/www.vivez-nature.com\/lyon\/wp-content\/uploads\/sites\/7\/2019\/09\/Espace-vinibio-300x134.jpg","contentUrl":"https:\/\/www.vivez-nature.com\/lyon\/wp-content\/uploads\/sites\/7\/2019\/09\/Espace-vinibio-300x134.jpg"},{"@type":"BreadcrumbList","@id":"https:\/\/www.respirelavie.fr\/rennes\/lespace-vinibio\/#breadcrumb","itemListElement":[{"@type":"ListItem","position":1,"name":"Accueil","item":"https:\/\/www.respirelavie.fr\/rennes\/"},{"@type":"ListItem","position":2,"name":"L&#8217;espace ViniBio"}]},{"@type":"WebSite","@id":"https:\/\/www.respirelavie.fr\/rennes\/#website","url":"https:\/\/www.respirelavie.fr\/rennes\/","name":"Respire La Vie Rennes","description":"Respire La Vie Rennes : votre salon \u00e9colo, bio, bien-\u00eatre et habitat sain \u00e0 Rennes","publisher":{"@id":"https:\/\/www.respirelavie.fr\/rennes\/#organization"},"potentialAction":[{"@type":"SearchAction","target":{"@type":"EntryPoint","urlTemplate":"https:\/\/www.respirelavie.fr\/rennes\/?s={search_term_string}"},"query-input":{"@type":"PropertyValueSpecification","valueRequired":true,"valueName":"search_term_string"}}],"inLanguage":"fr-FR"},{"@type":"Organization","@id":"https:\/\/www.respirelavie.fr\/rennes\/#organization","name":"Respire La Vie Rennes","url":"https:\/\/www.respirelavie.fr\/rennes\/","logo":{"@type":"ImageObject","inLanguage":"fr-FR","@id":"https:\/\/www.respirelavie.fr\/rennes\/#\/schema\/logo\/image\/","url":"https:\/\/www.respirelavie.fr\/rennes\/wp-content\/uploads\/sites\/5\/2025\/11\/cropped-Logo-RESPIRE-rennes-2026.png","contentUrl":"https:\/\/www.respirelavie.fr\/rennes\/wp-content\/uploads\/sites\/5\/2025\/11\/cropped-Logo-RESPIRE-rennes-2026.png","width":921,"height":255,"caption":"Respire La Vie Rennes"},"image":{"@id":"https:\/\/www.respirelavie.fr\/rennes\/#\/schema\/logo\/image\/"}}]}},"_links":{"self":[{"href":"https:\/\/www.respirelavie.fr\/rennes\/wp-json\/wp\/v2\/pages\/6631","targetHints":{"allow":["GET"]}}],"collection":[{"href":"https:\/\/www.respirelavie.fr\/rennes\/wp-json\/wp\/v2\/pages"}],"about":[{"href":"https:\/\/www.respirelavie.fr\/rennes\/wp-json\/wp\/v2\/types\/page"}],"author":[{"embeddable":true,"href":"https:\/\/www.respirelavie.fr\/rennes\/wp-json\/wp\/v2\/users\/1"}],"replies":[{"embeddable":true,"href":"https:\/\/www.respirelavie.fr\/rennes\/wp-json\/wp\/v2\/comments?post=6631"}],"version-history":[{"count":12,"href":"https:\/\/www.respirelavie.fr\/rennes\/wp-json\/wp\/v2\/pages\/6631\/revisions"}],"predecessor-version":[{"id":8821,"href":"https:\/\/www.respirelavie.fr\/rennes\/wp-json\/wp\/v2\/pages\/6631\/revisions\/8821"}],"wp:attachment":[{"href":"https:\/\/www.respirelavie.fr\/rennes\/wp-json\/wp\/v2\/media?parent=6631"}],"curies":[{"name":"wp","href":"https:\/\/api.w.org\/{rel}","templated":true}]}}