{"id":7791,"date":"2020-04-30T10:32:42","date_gmt":"2020-04-30T08:32:42","guid":{"rendered":"https:\/\/www.respirelavie.fr\/rennes\/?page_id=7791"},"modified":"2020-04-30T10:32:42","modified_gmt":"2020-04-30T08:32:42","slug":"animations-speciales-2020","status":"publish","type":"page","link":"https:\/\/www.respirelavie.fr\/rennes\/animations-speciales-2020\/","title":{"rendered":"Animations sp\u00e9ciales 2020"},"content":{"rendered":"<h2><strong>ESPACE D\u00c9TENTE<\/strong><\/h2>\n<p><img fetchpriority=\"high\" decoding=\"async\" class=\"wp-image-6463 alignleft lazyloaded\" src=\"https:\/\/www.salon-naturabio.com\/wp-content\/uploads\/2019\/09\/SIEGE.jpg\" alt=\"\" width=\"201\" height=\"292\" data-lazy-src=\"https:\/\/www.salon-naturabio.com\/wp-content\/uploads\/2019\/09\/SIEGE.jpg\" data-was-processed=\"true\" \/><\/p>\n<p>&nbsp;<\/p>\n<p>Venez-vous relaxer chez\u00a0<strong><em>Bois et Forme<\/em><\/strong>, un mobilier au plus proche de l\u2019arbre par ses courbes et ses mouvements.<\/p>\n<p><a href=\"https:\/\/sites.google.com\/site\/boisetformes\/\" target=\"_blank\" rel=\"noopener noreferrer\"><em>Plus d\u2019informations sur le site internet<\/em><\/a><\/p>\n<p>&nbsp;<\/p>\n<p>&nbsp;<\/p>\n<p>&nbsp;<\/p>\n<h2><strong>ESPACE ART &amp; CR\u00c9ATION<\/strong><\/h2>\n<p style=\"text-align: justify;\">Une activit\u00e9 de cr\u00e9ativit\u00e9 libre, pour se reconnecter \u00e0 soi en pleine conscience le temps d\u2019une peinture. Pour se connecter \u00e0 sa joie de vivre, \u00e0 ses ressources et \u00e0 ses r\u00eaves afin de les incarner au quotidien avec toujours plus de bonheur.<\/p>\n<p style=\"text-align: justify;\">Le temps d\u2019un atelier venez d\u00e9couvrir avec plaisir un aper\u00e7u de ce qu\u2019est r\u00e9ellement l\u2019Art-Th\u00e9rapie Evolutive\u00ae avec <strong><em>Sophie Latron<\/em><\/strong><\/p>\n<p>&nbsp;<\/p>\n<h2><strong>LE COIN DES ENFANTS<\/strong><\/h2>\n<p style=\"text-align: justify;\"><strong>Ateliers enfants brico\u2019r\u00e9cup<br \/>\n<\/strong><em>Animations cr\u00e9atives et bricolages nature \u00e0 base de mat\u00e9riaux de r\u00e9cup\u00e9ration.<\/em><\/p>\n<p style=\"text-align: justify;\">L\u2019association <strong>La T\u00eate et les Mains<\/strong> se consacre \u00e0 apporter un espace cr\u00e9atif, didactique et de d\u00e9tente aux enfants de 5 ans et plus. Les moins de 5 ans sont admis accompagn\u00e9s de leurs parents.<br \/>\nLe but est de passer un moment agr\u00e9able tout en laissant passer quelques messages comme le partage, le recyclage et l\u2019utilisation de mati\u00e8res naturelles.<\/p>\n<p style=\"text-align: justify;\"><strong>Espace b\u00e9b\u00e9s<br \/>\n<\/strong>Espace am\u00e9nag\u00e9 et d\u00e9di\u00e9 aux b\u00e9b\u00e9s et \u00e0 leurs parents pour une pause biberon, allaitement, change et c\u00e2lins.<\/p>\n<h3><\/h3>\n<h2><strong>ATELIERS YOGA ENFANTS<\/strong><\/h2>\n<p style=\"text-align: justify;\"><img decoding=\"async\" class=\"wp-image-5634 alignleft\" src=\"https:\/\/www.respirelavie.fr\/rennes\/wp-content\/uploads\/sites\/5\/2019\/01\/YOGA-_HD_Fotolia_81882118_Subscription_Monthly_M-1024x683.jpg\" sizes=\"(max-width: 374px) 100vw, 374px\" srcset=\"https:\/\/www.respirelavie.fr\/rennes\/wp-content\/uploads\/sites\/5\/2019\/01\/YOGA-_HD_Fotolia_81882118_Subscription_Monthly_M-1024x683.jpg 1024w, https:\/\/www.respirelavie.fr\/rennes\/wp-content\/uploads\/sites\/5\/2019\/01\/YOGA-_HD_Fotolia_81882118_Subscription_Monthly_M-300x200.jpg 300w, https:\/\/www.respirelavie.fr\/rennes\/wp-content\/uploads\/sites\/5\/2019\/01\/YOGA-_HD_Fotolia_81882118_Subscription_Monthly_M-768x513.jpg 768w, https:\/\/www.respirelavie.fr\/rennes\/wp-content\/uploads\/sites\/5\/2019\/01\/YOGA-_HD_Fotolia_81882118_Subscription_Monthly_M-500x334.jpg 500w, https:\/\/www.respirelavie.fr\/rennes\/wp-content\/uploads\/sites\/5\/2019\/01\/YOGA-_HD_Fotolia_81882118_Subscription_Monthly_M-150x100.jpg 150w\" alt=\"\" width=\"330\" height=\"226\" \/><\/p>\n<p>Le yoga enfant permet de partager un moment ludique, tendre et serein dans un esprit de joie, de douceur et de bienveillance dans une ambiance non- comp\u00e9titive.<\/p>\n<p>L&#8217;atelier yoga est un espace d&#8217;accueil qui invite l&#8217;enfant, \u00e0 d\u00e9velopper l\u2019expression de soi, le calme int\u00e9rieur, tout en favorisant l\u2019apprentissage de la concentration et de la confiance en soi.<\/p>\n<p>&nbsp;<\/p>\n<p>4 cr\u00e9neaux de yoga ax\u00e9s sur les enfants et les ados sur <span style=\"color: #e8ac12;\"><strong>l\u2019ESPACE BOUGEZ ZEN DES LICES\u00a0<\/strong><\/span><\/p>\n<p><strong><u>VENDREDI 21 F\u00c9VRIER<br \/>\n<\/u><\/strong><strong>17:00\u00a0\u00a0 <\/strong>Yoga pour les pr\u00e9-ados et ados : pr\u00e9paration aux examens &#8211; <em><strong>B\u00e9atrice Berthelot<\/strong><\/em> (1h)<\/p>\n<p><strong><u>SAMEDI 22 F\u00c9VRIER<br \/>\n<\/u><\/strong><strong>17:00\u00a0\u00a0 <\/strong>Yoga pour les pr\u00e9-ados et ados : pr\u00e9paration aux examens &#8211; <em><strong>B\u00e9atrice Berthelot<\/strong> <\/em>(1h)<\/p>\n<p><strong><u>DIMANCHE 23 F\u00c9VRIER<\/u><\/strong><strong><br \/>\n<\/strong><strong>11:00\u00a0\u00a0 <\/strong>Yoga ludique parents et enfants 3 \u00e0 6 ans &#8211; <strong><em>Carole J\u00e9gou<\/em><br \/>\n<\/strong><strong>15:30\u00a0\u00a0 <\/strong>Yoga ludique enfants 6-11 ans &#8211; <em><strong>Carole J\u00e9gou<\/strong><\/em><\/p>\n<p>&nbsp;<\/p>\n<h2><strong>ESPACE JEUX EN BOIS<\/strong><\/h2>\n<p>Pour un moment convivial et ludique en famille.<br \/>\nOrganis\u00e9 par <strong>ACB Jeux<\/strong><br \/>\nFabricant et cr\u00e9ateur de Jeux en bois. Nous utilisons diff\u00e9rentes essences de bois du Loiret et de L&#8217;Yonne. Revente de jouets pour tout \u00e2ge et tout prix.<\/p>\n<p><em>Retrouvez-nous sur le site <a href=\"http:\/\/www.acbjeux.fr\">acbjeux.fr<\/a><\/em><\/p>\n<p><strong>\u00a0<\/strong><\/p>\n<h2><strong>ESPACE PARENTALIT\u00c9<\/strong><\/h2>\n<p>Un <strong>espace vivant d\u00e9di\u00e9 \u00e0 la famille<\/strong>, anim\u00e9 par Emeline Hascoet (Dodelune), Emeline Jan (Libratoi), Nelly Rabu (clown th\u00e9rapeute), Laura Cou\u00ebpel (Mater&#8217;n\u00e9 Moi) et Marjorie Decloquement (SanteOnaturel)<br \/>\n<a href=\"https:\/\/www.respirelavie.fr\/rennes\/programme-du-salon\/espace-parentalite\/\" target=\"_blank\" rel=\"noopener noreferrer\"><em><strong>Retrouvez l&#8217;int\u00e9gralit\u00e9 du programme\u00a0<\/strong><\/em><\/a><\/p>\n<h2><\/h2>\n<h2><strong>ANIMATIONS R\u00c9CUP&#8217;ART DO IT YOURSELF<\/strong><\/h2>\n<p style=\"text-align: justify;\">Luc Legu\u00e9rinel, artiste plasticien en art \u00e9ph\u00e9m\u00e8re, vous attend sur le salon pour des moments en famille, ludiques, conviviaux &amp; artistiques.<br \/>\nCurieux par nature, venez-vous amuser avec la nature \u00e0 travers des ateliers cr\u00e9atifs\u00a0: mandalas v\u00e9g\u00e9taux et de la mer (gratuit \u2013 1 atelier le matin\/ 1 atelier l\u2019apr\u00e8s-midi), construction d\u2019h\u00f4tels \u00e0 insectes, de nichoir \u00e0 m\u00e9sange et de gites pour les chauves-souris (10\u20ac).<\/p>\n<p><img decoding=\"async\" class=\"size-full wp-image-5394 alignleft\" src=\"https:\/\/www.respirelavie.fr\/rennes\/wp-content\/uploads\/sites\/5\/2019\/01\/image.png\" alt=\"\" width=\"143\" height=\"212\" \/><\/p>\n<p style=\"text-align: justify;\">A l\u2019heure de la baisse de la biodiversit\u00e9 ordinaire, il est possible \u00e0 l\u2019\u00e9chelle de chacun d\u2019\u0153uvrer pour pr\u00e9server les insectes auxiliaires en les accueillant l\u2019hiver dans son jardin, sur sa terrasse ou balcon.<\/p>\n<p style=\"text-align: justify;\">Pour cela Luc Legu\u00e9rinel vous conseillera sur l\u2019utilit\u00e9 des h\u00f4tels \u00e0 insectes et proposera \u00e0 chacun d\u2019en construire un, uniquement avec des mat\u00e9riaux naturels et de r\u00e9cup\u00e9ration.<\/p>\n<p style=\"text-align: justify;\"><img loading=\"lazy\" decoding=\"async\" class=\"size-full wp-image-5395 alignright\" src=\"https:\/\/www.respirelavie.fr\/rennes\/wp-content\/uploads\/sites\/5\/2019\/01\/mandala.png\" sizes=\"(max-width: 291px) 100vw, 291px\" srcset=\"https:\/\/www.respirelavie.fr\/rennes\/wp-content\/uploads\/sites\/5\/2019\/01\/mandala.png 291w, https:\/\/www.respirelavie.fr\/rennes\/wp-content\/uploads\/sites\/5\/2019\/01\/mandala-150x91.png 150w\" alt=\"\" width=\"291\" height=\"177\" \/>D\u2019inspiration tib\u00e9taine et suivant le principe de la sym\u00e9trie axiale, vous serez initi\u00e9s \u00e0 l\u2019art du mandala v\u00e9g\u00e9tal, une \u0153uvre collective o\u00f9 petits &amp; grands seront invit\u00e9s \u00e0 sa cr\u00e9ation.<\/p>\n<p style=\"text-align: justify;\">A partir de mat\u00e9riaux frais et secs amen\u00e9s par l\u2019artiste, vous serez initi\u00e9s \u00e0 l\u2019assemblage harmonieux de ces \u00e9l\u00e9ments en fonction de leurs couleurs, leurs formes pour jouer au maximum avec les contrastes.<\/p>\n<h2><\/h2>\n<p>&nbsp;<\/p>\n<h2><strong>ESPACE NATURE<\/strong><\/h2>\n<p><img loading=\"lazy\" decoding=\"async\" class=\"alignleft wp-image-6686 size-medium\" src=\"https:\/\/www.respirelavie.fr\/rennes\/wp-content\/uploads\/sites\/5\/2019\/12\/Affiche-_-Lotus-212x300.jpg\" alt=\"\" width=\"212\" height=\"300\" \/><\/p>\n<p>Et si le lotus m\u2019\u00e9tait cont\u00e9\u00a0: exposition photos, ateliers scientifiques, ludiques, d\u2019\u00e9criture et de dessin. Pour toute la famille, en continu sur le stand, en groupe limit\u00e9<br \/>\n<strong><em>Organis\u00e9 par <\/em><\/strong><em><strong>G\u00e9n\u00e9ration Verte 21<\/strong> <\/em><\/p>\n<p>Parce qu\u2019un homme de bien laisse l\u2019h\u00e9ritage aux enfants de ses enfants. Cette association est un \u00e9veil permanent par rapport \u00e0 nous\u2013m\u00eames, aux autres et \u00e0 notre environnement. Se pr\u00e9parer au quotidien pour r\u00e9futer ou combattre la mis\u00e8re sociale ; pour lutter contre le danger qui nous menace, celui de la destruction de notre environnement : notre contr\u00e9e ou territoire, notre air, notre sant\u00e9, nos modes de vie au quotidien.<\/p>\n<p><em><strong>G\u00e9n\u00e9ration Verte 21<\/strong>, <\/em>c\u2019est aussi sensibiliser un chacun de nous pour lutter ensemble contre la pollution par des petits gestes au quotidien : tri des d\u00e9chets, propret\u00e9 de l\u00e0 o\u00f9 nous habitons, l\u2019accompagnement des petits gestes d\u2019hygi\u00e8ne ; entretenir notre air, sauvegarder notre respiration pure par la pr\u00e9servation de notre environnement, notre cadre de vie, la protection de nos for\u00eats, de l\u2019utilit\u00e9 de la faune et flore \u2026<\/p>\n<p><em><strong>G\u00e9n\u00e9ration Verte 21<\/strong>, <\/em>touche la sant\u00e9, l\u2019agriculture, l\u2019\u00e9levage, toute notre alimentation, bref notre vie en g\u00e9n\u00e9rale. En cela, par de petit geste d\u2019amour sur notre \u00eatre et notre environnement, nous augmentons notre esp\u00e9rance de vie sur terre, et nous l\u00e9guons \u00e0 des g\u00e9n\u00e9rations \u00e0 venir, un monde sain, heureux o\u00f9 il fait bon de vivre en harmonie et en paix ; en \u00e9vitant des guerres destructrices de l\u2019homme et de toute l\u2019humanit\u00e9 en g\u00e9n\u00e9rale. Il s\u2019agit de la promotion de l\u2019environnement d\u2019ici et d\u2019ailleurs et de la culture de la paix.<\/p>\n<p><em><strong>G\u00e9n\u00e9ration Verte 21<\/strong>, <\/em>c\u2019est notre espace, le respect du pass\u00e9, du pr\u00e9sent et de notre avenir o\u00f9 tout le monde trouve son compte. Il nous requiert un engagement et un investissement de chaque jour, puis la participation de tous pour la protection, la promotion et la construction d\u2019un nouvel univers, un monde nouveau.<\/p>\n<p><img loading=\"lazy\" decoding=\"async\" class=\"alignleft wp-image-6687 size-medium\" src=\"https:\/\/www.respirelavie.fr\/rennes\/wp-content\/uploads\/sites\/5\/2019\/12\/IMG_4322-300x169.jpg\" alt=\"\" width=\"300\" height=\"169\" \/><\/p>\n<p>&nbsp;<\/p>\n<p>&nbsp;<\/p>\n<p>&nbsp;<\/p>\n<p>&nbsp;<\/p>\n<p>&nbsp;<\/p>\n","protected":false},"excerpt":{"rendered":"<p>ESPACE D\u00c9TENTE &nbsp; Venez-vous relaxer chez\u00a0Bois et Forme, un mobilier au plus proche de l\u2019arbre par ses courbes et ses mouvements. Plus d\u2019informations sur le site internet &nbsp; &nbsp; &nbsp; ESPACE ART &amp; CR\u00c9ATION Une activit\u00e9 de cr\u00e9ativit\u00e9 libre, pour se reconnecter \u00e0 soi en pleine conscience le temps d\u2019une peinture. Pour se connecter \u00e0&hellip; <\/p>\n","protected":false},"author":1,"featured_media":0,"parent":0,"menu_order":0,"comment_status":"closed","ping_status":"closed","template":"","meta":{"_monsterinsights_skip_tracking":false,"_monsterinsights_sitenote_active":false,"_monsterinsights_sitenote_note":"","_monsterinsights_sitenote_category":0,"footnotes":""},"class_list":["post-7791","page","type-page","status-publish","hentry"],"yoast_head":"<!-- This site is optimized with the Yoast SEO plugin v27.3 - https:\/\/yoast.com\/product\/yoast-seo-wordpress\/ -->\n<title>Animations sp\u00e9ciales 2020 - Respire La Vie Rennes<\/title>\n<meta name=\"robots\" content=\"index, follow, max-snippet:-1, max-image-preview:large, max-video-preview:-1\" \/>\n<link rel=\"canonical\" href=\"https:\/\/www.respirelavie.fr\/rennes\/animations-speciales-2020\/\" \/>\n<meta property=\"og:locale\" content=\"fr_FR\" \/>\n<meta property=\"og:type\" content=\"article\" \/>\n<meta property=\"og:title\" content=\"Animations sp\u00e9ciales 2020 - Respire La Vie Rennes\" \/>\n<meta property=\"og:description\" content=\"ESPACE D\u00c9TENTE &nbsp; Venez-vous relaxer chez\u00a0Bois et Forme, un mobilier au plus proche de l\u2019arbre par ses courbes et ses mouvements. Plus d\u2019informations sur le site internet &nbsp; &nbsp; &nbsp; ESPACE ART &amp; CR\u00c9ATION Une activit\u00e9 de cr\u00e9ativit\u00e9 libre, pour se reconnecter \u00e0 soi en pleine conscience le temps d\u2019une peinture. Pour se connecter \u00e0&hellip;\" \/>\n<meta property=\"og:url\" content=\"https:\/\/www.respirelavie.fr\/rennes\/animations-speciales-2020\/\" \/>\n<meta property=\"og:site_name\" content=\"Respire La Vie Rennes\" \/>\n<meta property=\"og:image\" content=\"https:\/\/www.salon-naturabio.com\/wp-content\/uploads\/2019\/09\/SIEGE.jpg\" \/>\n<meta name=\"twitter:card\" content=\"summary_large_image\" \/>\n<meta name=\"twitter:label1\" content=\"Dur\u00e9e de lecture estim\u00e9e\" \/>\n\t<meta name=\"twitter:data1\" content=\"5 minutes\" \/>\n<script type=\"application\/ld+json\" class=\"yoast-schema-graph\">{\"@context\":\"https:\\\/\\\/schema.org\",\"@graph\":[{\"@type\":\"WebPage\",\"@id\":\"https:\\\/\\\/www.respirelavie.fr\\\/rennes\\\/animations-speciales-2020\\\/\",\"url\":\"https:\\\/\\\/www.respirelavie.fr\\\/rennes\\\/animations-speciales-2020\\\/\",\"name\":\"Animations sp\u00e9ciales 2020 - Respire La Vie Rennes\",\"isPartOf\":{\"@id\":\"https:\\\/\\\/www.respirelavie.fr\\\/rennes\\\/#website\"},\"primaryImageOfPage\":{\"@id\":\"https:\\\/\\\/www.respirelavie.fr\\\/rennes\\\/animations-speciales-2020\\\/#primaryimage\"},\"image\":{\"@id\":\"https:\\\/\\\/www.respirelavie.fr\\\/rennes\\\/animations-speciales-2020\\\/#primaryimage\"},\"thumbnailUrl\":\"https:\\\/\\\/www.salon-naturabio.com\\\/wp-content\\\/uploads\\\/2019\\\/09\\\/SIEGE.jpg\",\"datePublished\":\"2020-04-30T08:32:42+00:00\",\"breadcrumb\":{\"@id\":\"https:\\\/\\\/www.respirelavie.fr\\\/rennes\\\/animations-speciales-2020\\\/#breadcrumb\"},\"inLanguage\":\"fr-FR\",\"potentialAction\":[{\"@type\":\"ReadAction\",\"target\":[\"https:\\\/\\\/www.respirelavie.fr\\\/rennes\\\/animations-speciales-2020\\\/\"]}]},{\"@type\":\"ImageObject\",\"inLanguage\":\"fr-FR\",\"@id\":\"https:\\\/\\\/www.respirelavie.fr\\\/rennes\\\/animations-speciales-2020\\\/#primaryimage\",\"url\":\"https:\\\/\\\/www.salon-naturabio.com\\\/wp-content\\\/uploads\\\/2019\\\/09\\\/SIEGE.jpg\",\"contentUrl\":\"https:\\\/\\\/www.salon-naturabio.com\\\/wp-content\\\/uploads\\\/2019\\\/09\\\/SIEGE.jpg\"},{\"@type\":\"BreadcrumbList\",\"@id\":\"https:\\\/\\\/www.respirelavie.fr\\\/rennes\\\/animations-speciales-2020\\\/#breadcrumb\",\"itemListElement\":[{\"@type\":\"ListItem\",\"position\":1,\"name\":\"Accueil\",\"item\":\"https:\\\/\\\/www.respirelavie.fr\\\/rennes\\\/\"},{\"@type\":\"ListItem\",\"position\":2,\"name\":\"Animations sp\u00e9ciales 2020\"}]},{\"@type\":\"WebSite\",\"@id\":\"https:\\\/\\\/www.respirelavie.fr\\\/rennes\\\/#website\",\"url\":\"https:\\\/\\\/www.respirelavie.fr\\\/rennes\\\/\",\"name\":\"Respire La Vie Rennes\",\"description\":\"Respire La Vie Rennes : votre salon \u00e9colo, bio, bien-\u00eatre et habitat sain \u00e0 Rennes\",\"publisher\":{\"@id\":\"https:\\\/\\\/www.respirelavie.fr\\\/rennes\\\/#organization\"},\"potentialAction\":[{\"@type\":\"SearchAction\",\"target\":{\"@type\":\"EntryPoint\",\"urlTemplate\":\"https:\\\/\\\/www.respirelavie.fr\\\/rennes\\\/?s={search_term_string}\"},\"query-input\":{\"@type\":\"PropertyValueSpecification\",\"valueRequired\":true,\"valueName\":\"search_term_string\"}}],\"inLanguage\":\"fr-FR\"},{\"@type\":\"Organization\",\"@id\":\"https:\\\/\\\/www.respirelavie.fr\\\/rennes\\\/#organization\",\"name\":\"Respire La Vie Rennes\",\"url\":\"https:\\\/\\\/www.respirelavie.fr\\\/rennes\\\/\",\"logo\":{\"@type\":\"ImageObject\",\"inLanguage\":\"fr-FR\",\"@id\":\"https:\\\/\\\/www.respirelavie.fr\\\/rennes\\\/#\\\/schema\\\/logo\\\/image\\\/\",\"url\":\"https:\\\/\\\/www.respirelavie.fr\\\/rennes\\\/wp-content\\\/uploads\\\/sites\\\/5\\\/2025\\\/11\\\/cropped-Logo-RESPIRE-rennes-2026.png\",\"contentUrl\":\"https:\\\/\\\/www.respirelavie.fr\\\/rennes\\\/wp-content\\\/uploads\\\/sites\\\/5\\\/2025\\\/11\\\/cropped-Logo-RESPIRE-rennes-2026.png\",\"width\":921,\"height\":255,\"caption\":\"Respire La Vie Rennes\"},\"image\":{\"@id\":\"https:\\\/\\\/www.respirelavie.fr\\\/rennes\\\/#\\\/schema\\\/logo\\\/image\\\/\"}}]}<\/script>\n<!-- \/ Yoast SEO plugin. -->","yoast_head_json":{"title":"Animations sp\u00e9ciales 2020 - Respire La Vie Rennes","robots":{"index":"index","follow":"follow","max-snippet":"max-snippet:-1","max-image-preview":"max-image-preview:large","max-video-preview":"max-video-preview:-1"},"canonical":"https:\/\/www.respirelavie.fr\/rennes\/animations-speciales-2020\/","og_locale":"fr_FR","og_type":"article","og_title":"Animations sp\u00e9ciales 2020 - Respire La Vie Rennes","og_description":"ESPACE D\u00c9TENTE &nbsp; Venez-vous relaxer chez\u00a0Bois et Forme, un mobilier au plus proche de l\u2019arbre par ses courbes et ses mouvements. Plus d\u2019informations sur le site internet &nbsp; &nbsp; &nbsp; ESPACE ART &amp; CR\u00c9ATION Une activit\u00e9 de cr\u00e9ativit\u00e9 libre, pour se reconnecter \u00e0 soi en pleine conscience le temps d\u2019une peinture. Pour se connecter \u00e0&hellip;","og_url":"https:\/\/www.respirelavie.fr\/rennes\/animations-speciales-2020\/","og_site_name":"Respire La Vie Rennes","og_image":[{"url":"https:\/\/www.salon-naturabio.com\/wp-content\/uploads\/2019\/09\/SIEGE.jpg","type":"","width":"","height":""}],"twitter_card":"summary_large_image","twitter_misc":{"Dur\u00e9e de lecture estim\u00e9e":"5 minutes"},"schema":{"@context":"https:\/\/schema.org","@graph":[{"@type":"WebPage","@id":"https:\/\/www.respirelavie.fr\/rennes\/animations-speciales-2020\/","url":"https:\/\/www.respirelavie.fr\/rennes\/animations-speciales-2020\/","name":"Animations sp\u00e9ciales 2020 - Respire La Vie Rennes","isPartOf":{"@id":"https:\/\/www.respirelavie.fr\/rennes\/#website"},"primaryImageOfPage":{"@id":"https:\/\/www.respirelavie.fr\/rennes\/animations-speciales-2020\/#primaryimage"},"image":{"@id":"https:\/\/www.respirelavie.fr\/rennes\/animations-speciales-2020\/#primaryimage"},"thumbnailUrl":"https:\/\/www.salon-naturabio.com\/wp-content\/uploads\/2019\/09\/SIEGE.jpg","datePublished":"2020-04-30T08:32:42+00:00","breadcrumb":{"@id":"https:\/\/www.respirelavie.fr\/rennes\/animations-speciales-2020\/#breadcrumb"},"inLanguage":"fr-FR","potentialAction":[{"@type":"ReadAction","target":["https:\/\/www.respirelavie.fr\/rennes\/animations-speciales-2020\/"]}]},{"@type":"ImageObject","inLanguage":"fr-FR","@id":"https:\/\/www.respirelavie.fr\/rennes\/animations-speciales-2020\/#primaryimage","url":"https:\/\/www.salon-naturabio.com\/wp-content\/uploads\/2019\/09\/SIEGE.jpg","contentUrl":"https:\/\/www.salon-naturabio.com\/wp-content\/uploads\/2019\/09\/SIEGE.jpg"},{"@type":"BreadcrumbList","@id":"https:\/\/www.respirelavie.fr\/rennes\/animations-speciales-2020\/#breadcrumb","itemListElement":[{"@type":"ListItem","position":1,"name":"Accueil","item":"https:\/\/www.respirelavie.fr\/rennes\/"},{"@type":"ListItem","position":2,"name":"Animations sp\u00e9ciales 2020"}]},{"@type":"WebSite","@id":"https:\/\/www.respirelavie.fr\/rennes\/#website","url":"https:\/\/www.respirelavie.fr\/rennes\/","name":"Respire La Vie Rennes","description":"Respire La Vie Rennes : votre salon \u00e9colo, bio, bien-\u00eatre et habitat sain \u00e0 Rennes","publisher":{"@id":"https:\/\/www.respirelavie.fr\/rennes\/#organization"},"potentialAction":[{"@type":"SearchAction","target":{"@type":"EntryPoint","urlTemplate":"https:\/\/www.respirelavie.fr\/rennes\/?s={search_term_string}"},"query-input":{"@type":"PropertyValueSpecification","valueRequired":true,"valueName":"search_term_string"}}],"inLanguage":"fr-FR"},{"@type":"Organization","@id":"https:\/\/www.respirelavie.fr\/rennes\/#organization","name":"Respire La Vie Rennes","url":"https:\/\/www.respirelavie.fr\/rennes\/","logo":{"@type":"ImageObject","inLanguage":"fr-FR","@id":"https:\/\/www.respirelavie.fr\/rennes\/#\/schema\/logo\/image\/","url":"https:\/\/www.respirelavie.fr\/rennes\/wp-content\/uploads\/sites\/5\/2025\/11\/cropped-Logo-RESPIRE-rennes-2026.png","contentUrl":"https:\/\/www.respirelavie.fr\/rennes\/wp-content\/uploads\/sites\/5\/2025\/11\/cropped-Logo-RESPIRE-rennes-2026.png","width":921,"height":255,"caption":"Respire La Vie Rennes"},"image":{"@id":"https:\/\/www.respirelavie.fr\/rennes\/#\/schema\/logo\/image\/"}}]}},"_links":{"self":[{"href":"https:\/\/www.respirelavie.fr\/rennes\/wp-json\/wp\/v2\/pages\/7791","targetHints":{"allow":["GET"]}}],"collection":[{"href":"https:\/\/www.respirelavie.fr\/rennes\/wp-json\/wp\/v2\/pages"}],"about":[{"href":"https:\/\/www.respirelavie.fr\/rennes\/wp-json\/wp\/v2\/types\/page"}],"author":[{"embeddable":true,"href":"https:\/\/www.respirelavie.fr\/rennes\/wp-json\/wp\/v2\/users\/1"}],"replies":[{"embeddable":true,"href":"https:\/\/www.respirelavie.fr\/rennes\/wp-json\/wp\/v2\/comments?post=7791"}],"version-history":[{"count":1,"href":"https:\/\/www.respirelavie.fr\/rennes\/wp-json\/wp\/v2\/pages\/7791\/revisions"}],"predecessor-version":[{"id":7792,"href":"https:\/\/www.respirelavie.fr\/rennes\/wp-json\/wp\/v2\/pages\/7791\/revisions\/7792"}],"wp:attachment":[{"href":"https:\/\/www.respirelavie.fr\/rennes\/wp-json\/wp\/v2\/media?parent=7791"}],"curies":[{"name":"wp","href":"https:\/\/api.w.org\/{rel}","templated":true}]}}