{"id":8824,"date":"2022-08-16T11:57:05","date_gmt":"2022-08-16T09:57:05","guid":{"rendered":"https:\/\/www.respirelavie.fr\/rennes\/?page_id=8824"},"modified":"2022-08-16T11:57:05","modified_gmt":"2022-08-16T09:57:05","slug":"conferences-experts-2022","status":"publish","type":"page","link":"https:\/\/www.respirelavie.fr\/rennes\/conferences-experts-2022\/","title":{"rendered":"Conf\u00e9rences experts 2022"},"content":{"rendered":"<h2><strong>VENDREDI 18 FEVRIER 2022<\/strong><\/h2>\n<p>&nbsp;<\/p>\n<h3><strong>12h &#8211; Des \u00e9pices dans notre cuisine : c&#8217;est bon pour la sant\u00e9 ! &#8211; Genevi\u00e8ve Martin<\/strong><\/h3>\n<p>&nbsp;<\/p>\n<p><img decoding=\"async\" class=\" wp-image-7999 alignleft\" src=\"https:\/\/www.respirelavie.fr\/rennes\/wp-content\/uploads\/sites\/5\/2021\/12\/taille-photo-conferenciers-300x300.jpg\" alt=\"\" width=\"221\" height=\"221\" \/>Nous connaissons tous le go\u00fbt, les couleurs et les parfums des \u00e9pices, mais souvent celles-ci restent dans nos placards. Que savons-nous vraiment de leurs utilisations de leurs bienfaits sur notre sant\u00e9 ? \u00ab La moiti\u00e9 de la pharmacie est dans la cuisine et l\u2019autre moiti\u00e9 est dans le jardin. \u00bb dit un dicton ayurv\u00e9dique. Chaque \u00e9pice a une histoire, des traditions, des vertus, et diff\u00e9rents usages. Comment les utiliser ? Infusion, d\u00e9coction, \u00e0 m\u00e2cher, en poudre, en pommade, et bien s\u00fbr en cuisine, les \u00e9pices apportant go\u00fbt et saveur aux plats en plus d\u2019une bonne digestion. Elles stimulent l\u2019odorat, rehaussent le go\u00fbt des aliments, aiguisent l\u2019app\u00e9tit, et ont aussi un r\u00f4le essentiel dans la conservation des aliments par leur action antiseptique.<\/p>\n<p>Infirmi\u00e8re, Genevi\u00e8ve Martin-Call\u00e8de est \u00e9galement consultante en Ayurv\u00e9da \u00e0 Chemill\u00e9. Form\u00e9e en Inde aupr\u00e8s de sp\u00e9cialistes, elle prodigue ses soins et conseils en consultations et conf\u00e9rences. Elle est l\u2019auteur de <em>Le livre sant<\/em><em>\u00e9 <\/em><em>des <\/em><em>\u00e9<\/em><em>pices, 27 <\/em><em>\u00e9<\/em><em>pices &amp; 200 recettes<\/em>, \u00e9ditions du Dauphin.<\/p>\n<h3 class=\"p1\"><strong>15h30 &#8211; R\u00e9sister \u00e0 la 5G et \u00e0 ses cons\u00e9quences\u2014 Stephen Kerckhove<\/strong><\/h3>\n<p><img decoding=\"async\" class=\"wp-image-8001 alignleft\" src=\"https:\/\/www.respirelavie.fr\/rennes\/wp-content\/uploads\/sites\/5\/2021\/12\/taille-photo-conferenciers-1-300x300.jpg\" alt=\"\" width=\"207\" height=\"207\" \/>Selon Emmanuel Macron, s\u2019opposer au d\u00e9ploiement de la cinqui\u00e8me g\u00e9n\u00e9ration de t\u00e9l\u00e9phonie mobile nous conduirait tout droit au pays des amish, adeptes du retour \u00e0 la lampe \u00e0 huile. Derri\u00e8re ce m\u00e9pris mal plac\u00e9, n\u2019y aurait-il pas une peur panique d\u2019ouvrir la controverse autour du type de soci\u00e9t\u00e9 que dessine la 5G ? Un monde fait d\u2019algorithmes, de profilages et de surveillance ; un monde o\u00f9 les rapports humains sont conditionn\u00e9s \u00e0 l\u2019omnipr\u00e9sence de proth\u00e8ses communicantes, o\u00f9 les stimuli publicitaires permanents ne laissent aucun r\u00e9pit, \u00e9piant nos moindres faits et gestes, scrutant nos r\u00e9actions pavloviennes pour mieux nous emprisonner dans un e-monde extatique\u2026<\/p>\n<p>Depuis de nombreuses ann\u00e9es, la t\u00e9l\u00e9phonie mobile et plus g\u00e9n\u00e9ralement les innovations technologiques sont consid\u00e9r\u00e9es comme un sujet \u00ab ad\u00e9mocratique \u00bb. Seule une poign\u00e9e d\u2019ing\u00e9nieurs t\u00e9l\u00e9com, informaticiens et investisseurs sont admis \u00e0 penser ces innovations qui, pas-\u00e0-pas, engendrent un bouleversement profond de notre relation au monde. Le choix de soci\u00e9t\u00e9 induit par la 5G n\u00e9cessiterait au minimum un d\u00e9bat public pluraliste, contradictoire et transparent.<\/p>\n<p>Selon St\u00e9phen Kerckhove, directeur g\u00e9n\u00e9ral d\u2019Agir pour l\u2019Environnement, l\u2019heure est venue de refuser avec d\u00e9termination cette fuite vers l\u2019ab\u00eeme. En rejoignant les associations mobilis\u00e9es, en interpellant les \u00e9lus locaux, en organisant des blocages de chantiers ou encore en participant activement \u00e0 une campagne de boycott de la 5G afin d\u2019obtenir ce qui nous est d\u00fb : une plan\u00e8te soutenable !<\/p>\n<p>Stephen Kerckhove, d\u00e9l\u00e9gu\u00e9 g\u00e9n\u00e9ral d\u2019Agir pour l\u2019Environnement, association fran\u00e7aise de mobilisation citoyenne en faveur de la protection de l\u2019environnement. Militant \u00e9cologiste, il organise des campagnes de mobilisation citoyenne ciblant les responsables politiques et d\u00e9cideurs \u00e9conomiques, alliant happening et lobbying plus institutionnel. Il est l\u2019auteur de nombreux livres dont <em>Le meilleur des e mondes. R<\/em><em>\u00e9sister <\/em><em>\u00e0<\/em><em> la 5G et <\/em><em>\u00e0<\/em><em> ses cons<\/em><em>\u00e9quences<\/em>\u00a0, \u00e9ditions Rue de l\u2019\u00e9chiquier.<\/p>\n<p>Depuis de nombreuses ann\u00e9es, la t\u00e9l\u00e9phonie mobile et plus g\u00e9n\u00e9ralement les innovations technologiques sont consid\u00e9r\u00e9es comme un sujet \u00ab ad\u00e9mocratique \u00bb. Seule une poign\u00e9e d\u2019ing\u00e9nieurs t\u00e9l\u00e9com, informaticiens et investisseurs sont admis \u00e0 penser ces innovations qui, pas-\u00e0-pas, engendrent un bouleversement profond de notre relation au monde. Le choix de soci\u00e9t\u00e9 induit par la 5G n\u00e9cessiterait au minimum un d\u00e9bat public pluraliste, contradictoire et transparent.<\/p>\n<p>Selon St\u00e9phen Kerckhove, directeur g\u00e9n\u00e9ral d\u2019Agir pour l\u2019Environnement, l\u2019heure est venue de refuser avec d\u00e9termination cette fuite vers l\u2019ab\u00eeme. En rejoignant les associations mobilis\u00e9es, en interpellant les \u00e9lus locaux, en organisant des blocages de chantiers ou encore en participant activement \u00e0 une campagne de boycott de la 5G afin d\u2019obtenir ce qui nous est d\u00fb : une plan\u00e8te soutenable !<\/p>\n<p>Stephen Kerckhove, d\u00e9l\u00e9gu\u00e9 g\u00e9n\u00e9ral d\u2019Agir pour l\u2019Environnement, association fran\u00e7aise de mobilisation citoyenne en faveur de la protection de l\u2019environnement. Militant \u00e9cologiste, il organise des campagnes de mobilisation citoyenne ciblant les responsables politiques et d\u00e9cideurs \u00e9conomiques, alliant happening et lobbying plus institutionnel. Il est l\u2019auteur de nombreux livres dont <em>Le meilleur des e mondes. R<\/em><em>\u00e9sister <\/em><em>\u00e0<\/em><em> la 5G et <\/em><em>\u00e0<\/em><em> ses cons<\/em><em>\u00e9quences<\/em>, \u00e9ditions Rue de l\u2019\u00e9chiquier.<\/p>\n<p>&nbsp;<\/p>\n<h2><strong>SAMEDI 19 FEVRIER 2022<\/strong><\/h2>\n<p>&nbsp;<\/p>\n<h3><strong>12h &#8211; R\u00e9v\u00e9lez votre f\u00e9minit\u00e9 sacr\u00e9e &#8211; Daisy et Julie Bodin<\/strong><\/h3>\n<p>Red\u00e9couvrez votre essence f\u00e9minine ! \u00catre femme, c\u2019est vivre sa f\u00e9minit\u00e9, sa douceur, son \u00e9motionnel. C\u2019est aussi accueillir son rythme, ses besoins sp\u00e9cifiques, ses aspirations, tout en participant \u00e0 la vie avec bienveillance et affirmation. Se reconnecter \u00e0 son f\u00e9minin sacr\u00e9, c\u2019est finalement se laisser traverser par la vie en toute conscience. En tant que femme, nous avons toutes cette p\u00e9pite en nous, cet amour universel, simple et g\u00e9n\u00e9reux, cette bienveillance envers autrui, inscrite au plus profond de notre \u00eatre et de mani\u00e8re inn\u00e9e. Nous ne sommes pas que des enveloppes biologiques qui interagissent ensemble : une \u00e9nergie plus forte nous relie les unes aux autres. Laissez-vous porter par les pages de ce voyage spirituel et accueillez l\u2019enchantement au coeur de votre f\u00e9minit\u00e9 jusqu\u2019au bout de votre sixi\u00e8me sens.<\/p>\n<p>&nbsp;<\/p>\n<p>Daisy Bodin \u2013 Vers la V\u00e9rit\u00e9 pure<\/p>\n<p><img fetchpriority=\"high\" decoding=\"async\" class=\" wp-image-7992 alignleft\" src=\"https:\/\/www.respirelavie.fr\/rennes\/wp-content\/uploads\/sites\/5\/2021\/12\/3-300x300.jpg\" alt=\"\" width=\"241\" height=\"241\" \/>Investie dans le soin \u00e9nergique, Daisy d\u00e9veloppe ses capacit\u00e9s de gu\u00e9risseuse, revit ses vies karmiques, s\u2019essaie aux voyages chamaniques et se reconnecte avec ses m\u00e9moires akashiques. Elle reprend pleinement sa f\u00e9minit\u00e9 sacr\u00e9e et ses pouvoirs de gu\u00e9risseuses. Daisy anime des cercles de femmes et des ateliers de m\u00e9ditation. <a href=\"http:\/\/www.plumesdegaia.com\">www.plumesdegaia.com<\/a>. Co-autrice avec Julie Bodin de nombreux ouvrages dont <em>Les rituels d<\/em><em>\u2019\u00e9<\/em><em>veil de la femme sacr<\/em><em>\u00e9<\/em><em>e, Les flammes jumelles en route vers soi,<\/em> \u00e9ditions Eyrolles.<\/p>\n<p>&nbsp;<\/p>\n<p>Julie Bodin \u2013 Tel un phoenix<\/p>\n<p><img loading=\"lazy\" decoding=\"async\" class=\"wp-image-7994 alignleft\" src=\"https:\/\/www.respirelavie.fr\/rennes\/wp-content\/uploads\/sites\/5\/2021\/12\/5-300x300.jpg\" alt=\"\" width=\"237\" height=\"237\" \/>Apr\u00e8s 15 ans dans les services marketing, fi\u00e8re de montrer sa capacit\u00e9 \u00e0 relever les d\u00e9fis et \u00e0 r\u00e9pondre aux exigences de son m\u00e9tier, elle brave la vie \u00e0 la recherche de la perfection et entre dans le costume de quelqu\u2019un d\u2019autre. Apr\u00e8s un burn-out, les questions se bousculent : qui suis-je, que vais-je faire ? L\u2019opportunit\u00e9 d\u2019envisager sa vie de femme, autrement, s\u2019est impos\u00e9e, la plongeant dans l\u2019univers de la femme amazone. <a href=\"http:\/\/www.plumesdegaia.com\">www.plumesdegaia.com<\/a>. Co autrice avec Daisy Bodin de nombreux ouvrages dont <em>Les rituels d<\/em><em>\u2019\u00e9<\/em><em>veil de la femme sacr<\/em><em>\u00e9<\/em><em>e, Les flammes jumelles en route vers soi,<\/em> \u00e9ditions Eyrolles.<\/p>\n<h2><\/h2>\n<h2><\/h2>\n<h2><strong>DIMANCHE 20 FEVRIER 2022<\/strong><\/h2>\n<p>&nbsp;<\/p>\n<h3><\/h3>\n<h3><strong>15h30 &#8211; Enceinte et v\u00e9g\u00e9tarienne &#8211; H\u00e9l\u00e8ne Defossez<\/strong><\/h3>\n<p>&nbsp;<\/p>\n<p><img loading=\"lazy\" decoding=\"async\" class=\"size-medium wp-image-8003 alignleft\" src=\"https:\/\/www.respirelavie.fr\/rennes\/wp-content\/uploads\/sites\/5\/2021\/12\/taille-photo-confe\u0301renciers-copie-300x300.jpg\" alt=\"\" width=\"300\" height=\"300\" \/>Pas toujours facile d\u2019\u00eatre v\u00e9g\u00e9tarienne, v\u00e9g\u00e9talienne ou v\u00e9gane \u00e0 un moment aussi particulier que la grossesse, de trouver les r\u00e9ponses \u00e0 ses questionnements, d\u2019affronter ceux de l\u2019entourage et de renforcer sa certitude de bien faire, notamment en mati\u00e8re de choix alimentaires.<\/p>\n<p>H\u00e9l\u00e8ne Defossez, jeune maman v\u00e9g\u00e9tarienne, partage avec humour et d\u00e9contraction toutes les solutions pratiques qu\u2019elle a mises en place face aux interrogations auxquelles elle s\u2019est retrouv\u00e9e confront\u00e9e lors de sa grossesse, de la naissance et des premiers mois de son enfant : rester (ou devenir) v\u00e9g\u00e9tarienne en \u00e9tant enceinte, adapter son alimentation de fa\u00e7on \u00e0 couvrir ses besoins nutritifs particuliers, g\u00e9rer les d\u00e9sagr\u00e9ments de la grossesse, dompter les fringales\u2026fa\u00e7on v\u00e9g\u00e9,<\/p>\n<p>\u00eatre v\u00e9g\u00e9tarienne \u00e0 la maternit\u00e9, bien se remettre de l\u2019accouchement, allaiter ou pas, retrouver son \u00e9nergie, accompagner son enfant sur le chemin de la diversification alimentaire v\u00e9g\u00e9tarienne<\/p>\n<p>H\u00e9l\u00e8ne Defossez \u00e9crit des articles sur le v\u00e9g\u00e9tarisme. Aujourd\u2019hui jeune maman, elle partage avec passion son engagement pour la cause animale et un mode de vie sain. Elle est l\u2019auteur de <em>Enceinte et v<\/em><em>\u00e9<\/em><em>g<\/em><em>\u00e9<\/em><em>tarienne ! Tous les conseils pour la grossesse, la naissance et les premiers mois de b<\/em><em>\u00e9<\/em><em>b<\/em><em>\u00e9<\/em><em>,<\/em> \u00e9ditions Terre Vivante.<\/p>\n","protected":false},"excerpt":{"rendered":"<p>VENDREDI 18 FEVRIER 2022 &nbsp; 12h &#8211; Des \u00e9pices dans notre cuisine : c&#8217;est bon pour la sant\u00e9 ! &#8211; Genevi\u00e8ve Martin &nbsp; Nous connaissons tous le go\u00fbt, les couleurs et les parfums des \u00e9pices, mais souvent celles-ci restent dans nos placards. Que savons-nous vraiment de leurs utilisations de leurs bienfaits sur notre sant\u00e9 ?&hellip; <\/p>\n","protected":false},"author":7,"featured_media":0,"parent":0,"menu_order":0,"comment_status":"closed","ping_status":"closed","template":"","meta":{"_monsterinsights_skip_tracking":false,"_monsterinsights_sitenote_active":false,"_monsterinsights_sitenote_note":"","_monsterinsights_sitenote_category":0,"footnotes":""},"class_list":["post-8824","page","type-page","status-publish","hentry"],"yoast_head":"<!-- This site is optimized with the Yoast SEO plugin v27.5 - https:\/\/yoast.com\/product\/yoast-seo-wordpress\/ -->\n<title>Conf\u00e9rences experts 2022 - Respire La Vie Rennes<\/title>\n<meta name=\"robots\" content=\"index, follow, max-snippet:-1, max-image-preview:large, max-video-preview:-1\" \/>\n<link rel=\"canonical\" href=\"https:\/\/www.respirelavie.fr\/rennes\/conferences-experts-2022\/\" \/>\n<meta property=\"og:locale\" content=\"fr_FR\" \/>\n<meta property=\"og:type\" content=\"article\" \/>\n<meta property=\"og:title\" content=\"Conf\u00e9rences experts 2022 - Respire La Vie Rennes\" \/>\n<meta property=\"og:description\" content=\"VENDREDI 18 FEVRIER 2022 &nbsp; 12h &#8211; Des \u00e9pices dans notre cuisine : c&#8217;est bon pour la sant\u00e9 ! &#8211; Genevi\u00e8ve Martin &nbsp; Nous connaissons tous le go\u00fbt, les couleurs et les parfums des \u00e9pices, mais souvent celles-ci restent dans nos placards. Que savons-nous vraiment de leurs utilisations de leurs bienfaits sur notre sant\u00e9 ?&hellip;\" \/>\n<meta property=\"og:url\" content=\"https:\/\/www.respirelavie.fr\/rennes\/conferences-experts-2022\/\" \/>\n<meta property=\"og:site_name\" content=\"Respire La Vie Rennes\" \/>\n<meta property=\"og:image\" content=\"https:\/\/www.respirelavie.fr\/rennes\/wp-content\/uploads\/sites\/5\/2021\/12\/taille-photo-conferenciers-300x300.jpg\" \/>\n<meta name=\"twitter:card\" content=\"summary_large_image\" \/>\n<meta name=\"twitter:label1\" content=\"Dur\u00e9e de lecture estim\u00e9e\" \/>\n\t<meta name=\"twitter:data1\" content=\"7 minutes\" \/>\n<script type=\"application\/ld+json\" class=\"yoast-schema-graph\">{\"@context\":\"https:\\\/\\\/schema.org\",\"@graph\":[{\"@type\":\"WebPage\",\"@id\":\"https:\\\/\\\/www.respirelavie.fr\\\/rennes\\\/conferences-experts-2022\\\/\",\"url\":\"https:\\\/\\\/www.respirelavie.fr\\\/rennes\\\/conferences-experts-2022\\\/\",\"name\":\"Conf\u00e9rences experts 2022 - Respire La Vie Rennes\",\"isPartOf\":{\"@id\":\"https:\\\/\\\/www.respirelavie.fr\\\/rennes\\\/#website\"},\"primaryImageOfPage\":{\"@id\":\"https:\\\/\\\/www.respirelavie.fr\\\/rennes\\\/conferences-experts-2022\\\/#primaryimage\"},\"image\":{\"@id\":\"https:\\\/\\\/www.respirelavie.fr\\\/rennes\\\/conferences-experts-2022\\\/#primaryimage\"},\"thumbnailUrl\":\"https:\\\/\\\/www.respirelavie.fr\\\/rennes\\\/wp-content\\\/uploads\\\/sites\\\/5\\\/2021\\\/12\\\/taille-photo-conferenciers-300x300.jpg\",\"datePublished\":\"2022-08-16T09:57:05+00:00\",\"breadcrumb\":{\"@id\":\"https:\\\/\\\/www.respirelavie.fr\\\/rennes\\\/conferences-experts-2022\\\/#breadcrumb\"},\"inLanguage\":\"fr-FR\",\"potentialAction\":[{\"@type\":\"ReadAction\",\"target\":[\"https:\\\/\\\/www.respirelavie.fr\\\/rennes\\\/conferences-experts-2022\\\/\"]}]},{\"@type\":\"ImageObject\",\"inLanguage\":\"fr-FR\",\"@id\":\"https:\\\/\\\/www.respirelavie.fr\\\/rennes\\\/conferences-experts-2022\\\/#primaryimage\",\"url\":\"\",\"contentUrl\":\"\"},{\"@type\":\"BreadcrumbList\",\"@id\":\"https:\\\/\\\/www.respirelavie.fr\\\/rennes\\\/conferences-experts-2022\\\/#breadcrumb\",\"itemListElement\":[{\"@type\":\"ListItem\",\"position\":1,\"name\":\"Accueil\",\"item\":\"https:\\\/\\\/www.respirelavie.fr\\\/rennes\\\/\"},{\"@type\":\"ListItem\",\"position\":2,\"name\":\"Conf\u00e9rences experts 2022\"}]},{\"@type\":\"WebSite\",\"@id\":\"https:\\\/\\\/www.respirelavie.fr\\\/rennes\\\/#website\",\"url\":\"https:\\\/\\\/www.respirelavie.fr\\\/rennes\\\/\",\"name\":\"Respire La Vie Rennes\",\"description\":\"Respire La Vie Rennes : votre salon \u00e9colo, bio, bien-\u00eatre et habitat sain \u00e0 Rennes\",\"publisher\":{\"@id\":\"https:\\\/\\\/www.respirelavie.fr\\\/rennes\\\/#organization\"},\"potentialAction\":[{\"@type\":\"SearchAction\",\"target\":{\"@type\":\"EntryPoint\",\"urlTemplate\":\"https:\\\/\\\/www.respirelavie.fr\\\/rennes\\\/?s={search_term_string}\"},\"query-input\":{\"@type\":\"PropertyValueSpecification\",\"valueRequired\":true,\"valueName\":\"search_term_string\"}}],\"inLanguage\":\"fr-FR\"},{\"@type\":\"Organization\",\"@id\":\"https:\\\/\\\/www.respirelavie.fr\\\/rennes\\\/#organization\",\"name\":\"Respire La Vie Rennes\",\"url\":\"https:\\\/\\\/www.respirelavie.fr\\\/rennes\\\/\",\"logo\":{\"@type\":\"ImageObject\",\"inLanguage\":\"fr-FR\",\"@id\":\"https:\\\/\\\/www.respirelavie.fr\\\/rennes\\\/#\\\/schema\\\/logo\\\/image\\\/\",\"url\":\"https:\\\/\\\/www.respirelavie.fr\\\/rennes\\\/wp-content\\\/uploads\\\/sites\\\/5\\\/2025\\\/11\\\/cropped-Logo-RESPIRE-rennes-2026.png\",\"contentUrl\":\"https:\\\/\\\/www.respirelavie.fr\\\/rennes\\\/wp-content\\\/uploads\\\/sites\\\/5\\\/2025\\\/11\\\/cropped-Logo-RESPIRE-rennes-2026.png\",\"width\":921,\"height\":255,\"caption\":\"Respire La Vie Rennes\"},\"image\":{\"@id\":\"https:\\\/\\\/www.respirelavie.fr\\\/rennes\\\/#\\\/schema\\\/logo\\\/image\\\/\"}}]}<\/script>\n<!-- \/ Yoast SEO plugin. -->","yoast_head_json":{"title":"Conf\u00e9rences experts 2022 - Respire La Vie Rennes","robots":{"index":"index","follow":"follow","max-snippet":"max-snippet:-1","max-image-preview":"max-image-preview:large","max-video-preview":"max-video-preview:-1"},"canonical":"https:\/\/www.respirelavie.fr\/rennes\/conferences-experts-2022\/","og_locale":"fr_FR","og_type":"article","og_title":"Conf\u00e9rences experts 2022 - Respire La Vie Rennes","og_description":"VENDREDI 18 FEVRIER 2022 &nbsp; 12h &#8211; Des \u00e9pices dans notre cuisine : c&#8217;est bon pour la sant\u00e9 ! &#8211; Genevi\u00e8ve Martin &nbsp; Nous connaissons tous le go\u00fbt, les couleurs et les parfums des \u00e9pices, mais souvent celles-ci restent dans nos placards. Que savons-nous vraiment de leurs utilisations de leurs bienfaits sur notre sant\u00e9 ?&hellip;","og_url":"https:\/\/www.respirelavie.fr\/rennes\/conferences-experts-2022\/","og_site_name":"Respire La Vie Rennes","og_image":[{"url":"https:\/\/www.respirelavie.fr\/rennes\/wp-content\/uploads\/sites\/5\/2021\/12\/taille-photo-conferenciers-300x300.jpg","type":"","width":"","height":""}],"twitter_card":"summary_large_image","twitter_misc":{"Dur\u00e9e de lecture estim\u00e9e":"7 minutes"},"schema":{"@context":"https:\/\/schema.org","@graph":[{"@type":"WebPage","@id":"https:\/\/www.respirelavie.fr\/rennes\/conferences-experts-2022\/","url":"https:\/\/www.respirelavie.fr\/rennes\/conferences-experts-2022\/","name":"Conf\u00e9rences experts 2022 - Respire La Vie Rennes","isPartOf":{"@id":"https:\/\/www.respirelavie.fr\/rennes\/#website"},"primaryImageOfPage":{"@id":"https:\/\/www.respirelavie.fr\/rennes\/conferences-experts-2022\/#primaryimage"},"image":{"@id":"https:\/\/www.respirelavie.fr\/rennes\/conferences-experts-2022\/#primaryimage"},"thumbnailUrl":"https:\/\/www.respirelavie.fr\/rennes\/wp-content\/uploads\/sites\/5\/2021\/12\/taille-photo-conferenciers-300x300.jpg","datePublished":"2022-08-16T09:57:05+00:00","breadcrumb":{"@id":"https:\/\/www.respirelavie.fr\/rennes\/conferences-experts-2022\/#breadcrumb"},"inLanguage":"fr-FR","potentialAction":[{"@type":"ReadAction","target":["https:\/\/www.respirelavie.fr\/rennes\/conferences-experts-2022\/"]}]},{"@type":"ImageObject","inLanguage":"fr-FR","@id":"https:\/\/www.respirelavie.fr\/rennes\/conferences-experts-2022\/#primaryimage","url":"","contentUrl":""},{"@type":"BreadcrumbList","@id":"https:\/\/www.respirelavie.fr\/rennes\/conferences-experts-2022\/#breadcrumb","itemListElement":[{"@type":"ListItem","position":1,"name":"Accueil","item":"https:\/\/www.respirelavie.fr\/rennes\/"},{"@type":"ListItem","position":2,"name":"Conf\u00e9rences experts 2022"}]},{"@type":"WebSite","@id":"https:\/\/www.respirelavie.fr\/rennes\/#website","url":"https:\/\/www.respirelavie.fr\/rennes\/","name":"Respire La Vie Rennes","description":"Respire La Vie Rennes : votre salon \u00e9colo, bio, bien-\u00eatre et habitat sain \u00e0 Rennes","publisher":{"@id":"https:\/\/www.respirelavie.fr\/rennes\/#organization"},"potentialAction":[{"@type":"SearchAction","target":{"@type":"EntryPoint","urlTemplate":"https:\/\/www.respirelavie.fr\/rennes\/?s={search_term_string}"},"query-input":{"@type":"PropertyValueSpecification","valueRequired":true,"valueName":"search_term_string"}}],"inLanguage":"fr-FR"},{"@type":"Organization","@id":"https:\/\/www.respirelavie.fr\/rennes\/#organization","name":"Respire La Vie Rennes","url":"https:\/\/www.respirelavie.fr\/rennes\/","logo":{"@type":"ImageObject","inLanguage":"fr-FR","@id":"https:\/\/www.respirelavie.fr\/rennes\/#\/schema\/logo\/image\/","url":"https:\/\/www.respirelavie.fr\/rennes\/wp-content\/uploads\/sites\/5\/2025\/11\/cropped-Logo-RESPIRE-rennes-2026.png","contentUrl":"https:\/\/www.respirelavie.fr\/rennes\/wp-content\/uploads\/sites\/5\/2025\/11\/cropped-Logo-RESPIRE-rennes-2026.png","width":921,"height":255,"caption":"Respire La Vie Rennes"},"image":{"@id":"https:\/\/www.respirelavie.fr\/rennes\/#\/schema\/logo\/image\/"}}]}},"_links":{"self":[{"href":"https:\/\/www.respirelavie.fr\/rennes\/wp-json\/wp\/v2\/pages\/8824","targetHints":{"allow":["GET"]}}],"collection":[{"href":"https:\/\/www.respirelavie.fr\/rennes\/wp-json\/wp\/v2\/pages"}],"about":[{"href":"https:\/\/www.respirelavie.fr\/rennes\/wp-json\/wp\/v2\/types\/page"}],"author":[{"embeddable":true,"href":"https:\/\/www.respirelavie.fr\/rennes\/wp-json\/wp\/v2\/users\/7"}],"replies":[{"embeddable":true,"href":"https:\/\/www.respirelavie.fr\/rennes\/wp-json\/wp\/v2\/comments?post=8824"}],"version-history":[{"count":1,"href":"https:\/\/www.respirelavie.fr\/rennes\/wp-json\/wp\/v2\/pages\/8824\/revisions"}],"predecessor-version":[{"id":8825,"href":"https:\/\/www.respirelavie.fr\/rennes\/wp-json\/wp\/v2\/pages\/8824\/revisions\/8825"}],"wp:attachment":[{"href":"https:\/\/www.respirelavie.fr\/rennes\/wp-json\/wp\/v2\/media?parent=8824"}],"curies":[{"name":"wp","href":"https:\/\/api.w.org\/{rel}","templated":true}]}}