{"id":8827,"date":"2022-08-16T12:02:38","date_gmt":"2022-08-16T10:02:38","guid":{"rendered":"https:\/\/www.respirelavie.fr\/rennes\/?page_id=8827"},"modified":"2022-08-16T12:06:07","modified_gmt":"2022-08-16T10:06:07","slug":"conferences-2022","status":"publish","type":"page","link":"https:\/\/www.respirelavie.fr\/rennes\/conferences-2022\/","title":{"rendered":"Conf\u00e9rences 2022"},"content":{"rendered":"<p>Les conf\u00e9rences se tiennent dans les salles suivantes<br \/>\n<span style=\"color: #55a932;\"><strong>Salle VILAINE<\/strong><\/span><br \/>\n<span style=\"color: #3366ff;\"><strong><span class=\"Apple-converted-space\"><span class=\"s4\" style=\"color: #00a6e2;\">Salle SAINTE-ANNE<\/span><\/span><\/strong><\/span><\/p>\n<h2 class=\"p1\"><strong>VENDREDI 18 F\u00c9VRIER 2022<\/strong><\/h2>\n<p><span class=\"s4\" style=\"color: #00a6e2;\"><strong><span class=\"s1\" style=\"color: #55a932;\">11:00 <\/span><\/strong><\/span><span class=\"s4\"><span class=\"s1\">Comment agir contre les tensions musculaires de la t\u00eate, de la nuque et du dos<\/span><\/span><span class=\"s4\" style=\"color: #00a6e2;\"><span style=\"color: #333300;\"> &#8211; Alfred Pfennig<\/span><\/span><span style=\"color: #999999;\"><em><br \/>\n<\/em><\/span><span class=\"Apple-converted-space\"><span class=\"s4\" style=\"color: #00a6e2;\"><strong>12:00 <\/strong><span style=\"color: #333300;\">Aimes-toi &#8211; S\u00e9mia Boyer<br \/>\n<\/span><\/span><\/span><span class=\"Apple-converted-space\"><span class=\"s4\" style=\"color: #00a6e2;\"><strong>13:00 <\/strong><span style=\"color: #333300;\">\u00c9quilibre acido-basique, cl\u00e9 de sant\u00e9 &#8211; Patricia Paisant<br \/>\n<strong><span class=\"s1\" style=\"color: #55a932;\">13:30<\/span><\/strong> Pourquoi se lever tous les matins ou le myst\u00e8re d&#8217;Okinawa (Ikiga\u00ef) &#8211; Sylvie Hurel<\/span><strong><br \/>\n<\/strong><strong>14:00 <\/strong><span style=\"color: #333300;\">Bienfaits des min\u00e9raux &#8211; Jean-Claude Kennedec<\/span><strong><br \/>\n<span class=\"s1\" style=\"color: #55a932;\">14:30 <\/span><\/strong><span class=\"s1\" style=\"color: #333300;\">Se pr\u00e9parer \u00e0 la maternit\u00e9 : les soutiens naturels de la fertilit\u00e9, de la grossesse et du post-partum &#8211; La\u00ebtitia Guern<\/span><strong><br \/>\n15:00 <\/strong><span style=\"color: #333300;\">Points d&#8217;acupuncture ! Pratiques quotidiennes pour am\u00e9liorer la sant\u00e9 ? &#8211; Hwang Chang<\/span><strong><br \/>\n16:00<\/strong><span style=\"color: #333300;\"> La voix comme voie de gu\u00e9rison &#8211; Nicolas et Sylvaniel<\/span><strong><br \/>\n<span class=\"s1\" style=\"color: #55a932;\">17:00 <\/span><\/strong><span class=\"s1\" style=\"color: #55a932;\"><span style=\"color: #333300;\">Articulations, bouger mieux &#8211; Marie-No\u00eblle Vansteene<\/span><\/span><strong><br \/>\n17:00 <\/strong><span style=\"color: #333300;\">Retrouver et gu\u00e9rir son enfant int\u00e9rieur : la r\u00e9silience, gu\u00e9rir le pass\u00e9 pour vivre pleinement le pr\u00e9sent &#8211; H\u00e9l\u00e8ne Girardin<\/span><strong><br \/>\n<span class=\"s1\" style=\"color: #55a932;\">18:00 <\/span><\/strong><span class=\"s1\" style=\"color: #333300;\">Concert Chamanique : le voyage sacr\u00e9 du dragon &#8211; Oowake<br \/>\n<\/span><strong>18:00 <\/strong><\/span><span class=\"s4\">Les m\u00e9taux lourds : Nos ennemis cach\u00e9s du quotidien &#8211; Nathalie Marty-Glasse<\/span><\/span><\/p>\n<h2 class=\"p1\"><strong>SAMEDI 19 F\u00c9VRIER 2022<\/strong><\/h2>\n<p><span class=\"s4\" style=\"color: #00a6e2;\"><strong><span class=\"s1\" style=\"color: #55a932;\">11:00<\/span><\/strong><span class=\"s1\" style=\"color: #333300;\"> Colonne, dos et \u00e9quilibre &#8211; Marie-No\u00eblle Vansteene<\/span><\/span><br \/>\n<span style=\"color: #33cccc;\"><strong><span class=\"s1\"><span class=\"s4\" style=\"color: #00a6e2;\">11:00 <\/span><\/span><\/strong><span class=\"s1\"><span class=\"s4\" style=\"color: #00a6e2;\"><span style=\"color: #333300;\">Bienfaits des min\u00e9raux &#8211; Jean-Claude Kennedec<\/span><\/span><\/span><\/span><br \/>\n<span style=\"color: #33cccc;\"><strong><span class=\"s1\"><span class=\"s4\" style=\"color: #00a6e2;\">12:00<\/span><\/span><\/strong><span class=\"s1\"><span class=\"s4\" style=\"color: #00a6e2;\"><span style=\"color: #333300;\"> Le r\u00f4le du chamane aujourd&#8217;hui &#8211; Karine Lallier<\/span><\/span><\/span><\/span><br \/>\n<span style=\"color: #33cccc;\"><strong><span class=\"s1\"><span class=\"s4\" style=\"color: #00a6e2;\">13:00 <\/span><\/span><\/strong><span class=\"s1\" style=\"color: #333300;\"><span class=\"s4\">D\u00e9velopper ses potentiels avec la Num\u00e9rologie Cr\u00e9ative &#8211; Laurence Thi\u00e9vin<\/span><\/span><\/span><br \/>\n<span class=\"s4\" style=\"color: #00a6e2;\"><strong><span class=\"s1\" style=\"color: #55a932;\">13:30 <\/span><\/strong><span class=\"s1\" style=\"color: #55a932;\"><span style=\"color: #333300;\">Intestin &#8211; microbiote au centre de la sant\u00e9 et des \u00e9motions &#8211; Patricia Paisant<br \/>\n<\/span><\/span><\/span><span style=\"color: #33cccc;\"><strong><span class=\"s1\"><span class=\"s4\" style=\"color: #00a6e2;\">14:00\u00a0<\/span><\/span><\/strong><\/span><span class=\"s1\">Les m\u00e9taux lourds : origines, incidences, mesures et solutions &#8211; Armand Bensemhoun<\/span><br \/>\n<span class=\"s4\" style=\"color: #00a6e2;\"><strong><span class=\"s1\" style=\"color: #55a932;\">14:30 <\/span><\/strong><span class=\"s1\" style=\"color: #55a932;\"><span style=\"color: #333300;\">Cycles f\u00e9minins et m\u00e9nopause : Retrouver sa force naturellement &#8211; La\u00ebtitia Guern<br \/>\n<span style=\"color: #00a6e2;\"><strong><span class=\"s1\">15:00 <\/span><\/strong><\/span><\/span><\/span><\/span><span class=\"s4\"><span class=\"s1\"><span class=\"s1\">Comment se lib\u00e9rer et donner du sens \u00e0 sa vie avec l&#8217;Epikinergy &#8211; Fabrice Thi\u00e9r\u00e9<\/span><\/span><\/span><span class=\"s4\" style=\"color: #00a6e2;\"><span class=\"s1\" style=\"color: #55a932;\"><span style=\"color: #333300;\"><span style=\"color: #00a6e2;\"><span class=\"s1\"><br \/>\n<span style=\"color: #55a932;\"><strong>15:30 <\/strong><span style=\"color: #333333;\">Nos ch\u00e8res hormones : Les comprendre et les apprivoiser\u00a0<\/span><\/span><br \/>\n<\/span><\/span><span style=\"color: #00a6e2;\"><strong><span class=\"s1\">16:00 <\/span><\/strong><\/span><span class=\"s1\">Les m\u00e9canismes du changement : oser se lib\u00e9rer de la peur &#8211; Anne-Sophie J\u00e9gado et S\u00e9bastien Pouquet<\/span><br \/>\n<span style=\"color: #55a932;\"><strong>17:00 <\/strong><\/span><\/span><\/span><\/span><span class=\"s4\"><span class=\"s1\">Qu&#8217;est-ce que le burn-out ? &#8211; Elodie Gourmez &amp; Ga\u00ebl Conan<\/span><\/span><span class=\"s4\" style=\"color: #00a6e2;\"><span class=\"s1\" style=\"color: #55a932;\"><span style=\"color: #333300;\"><br \/>\n<span style=\"color: #00a6e2;\"><strong><span class=\"s1\">17:00 <\/span><\/strong><\/span><\/span><\/span><\/span><span class=\"s4\"><span class=\"s1\"><span class=\"s1\">Manque de confiance : origines et lib\u00e9ration &#8211; Edwige Machelard et Erwann Cl\u00e9ment<\/span><\/span><\/span><span class=\"s4\" style=\"color: #00a6e2;\"><span class=\"s1\" style=\"color: #55a932;\"><span style=\"color: #333300;\"><span style=\"color: #00a6e2;\"><span class=\"s1\"><br \/>\n<span style=\"color: #55a932;\"><strong>18:00 <\/strong><span style=\"color: #333333;\">Microbiote, biofilm et cie, la r\u00e9volution intestinale ! &#8211; Nathalie Marty-Glasse<\/span><\/span><\/span><\/span><br \/>\n<span style=\"color: #00a6e2;\"><strong><span class=\"s1\">18:00 <\/span><\/strong><\/span><\/span><\/span><\/span><span class=\"s4\"><span class=\"s1\"><span class=\"s1\">Retrouver et gu\u00e9rir son enfant int\u00e9rieur: la r\u00e9silience, gu\u00e9rir le pass\u00e9 pour vivre pleinement le pr\u00e9sent &#8211; H\u00e9l\u00e8ne Girardin<\/span><\/span><\/span><\/p>\n<p>&nbsp;<\/p>\n<h2 class=\"p1\"><strong>DIMANCHE 20 F\u00c9VRIER 2022<\/strong><\/h2>\n<p><span class=\"s4\" style=\"color: #00a6e2;\"><strong><span class=\"s1\" style=\"color: #55a932;\">11:00<\/span><\/strong><span class=\"s1\" style=\"color: #333300;\"> La Psychog\u00e9n\u00e9alogie: Comprendre et lib\u00e9rer les liens transg\u00e9n\u00e9rationnels &#8211; Corinne Brune et Magali Henaff<\/span><\/span><br \/>\n<span style=\"color: #33cccc;\"><strong><span class=\"s1\"><span class=\"s4\" style=\"color: #00a6e2;\">11:00 <\/span><\/span><\/strong><span class=\"s1\"><span class=\"s4\" style=\"color: #00a6e2;\"><span style=\"color: #333300;\">Jardin th\u00e9rapeutique : pr\u00e9venir, maintenir ou am\u00e9liorer sa sant\u00e9 physique, psychologique et sociale &#8211; Romane Glotain<br \/>\n<strong><span class=\"s1\" style=\"color: #55a932;\">12:00\u00a0<\/span><\/strong>Bienfaits des min\u00e9raux &#8211; Jean-Claude Kennedec<br \/>\n<span style=\"color: #00a6e2;\"><strong>12:00<\/strong><\/span><\/span><\/span><\/span><\/span><span class=\"s1\"><span class=\"s4\"> Intestin &#8211; microbiote au centre de la sant\u00e9 et des \u00e9motions &#8211; Patricia Paisant<\/span><\/span><span style=\"color: #33cccc;\"><span class=\"s1\"><span class=\"s4\" style=\"color: #00a6e2;\"><span style=\"color: #333300;\"><br \/>\n<span style=\"color: #00a6e2;\"><strong>13:00 <\/strong><\/span><\/span><\/span><\/span><\/span><span class=\"s1\"><span class=\"s4\">P\u00e9rin\u00e9e et mouvement \u00ae &#8211; Marie-No\u00eblle Vansteene<\/span><\/span><span style=\"color: #33cccc;\"><span class=\"s1\"><span class=\"s4\" style=\"color: #00a6e2;\"><span style=\"color: #333300;\"><br \/>\n<strong><span class=\"s1\" style=\"color: #55a932;\">13:30 <\/span><\/strong><\/span><\/span><\/span><\/span><span class=\"s1\"><span class=\"s4\"><span class=\"s1\">Manque de confiance : origines et lib\u00e9ration &#8211; Edwige Machelard et Erwann Cl\u00e9ment<\/span><\/span><\/span><span style=\"color: #33cccc;\"><span class=\"s1\"><span class=\"s4\" style=\"color: #00a6e2;\"><span style=\"color: #333300;\"><span class=\"s1\" style=\"color: #55a932;\"><br \/>\n<span style=\"color: #00a6e2;\"><strong>14:00 <\/strong><\/span><\/span><\/span><\/span><\/span><\/span><span class=\"s1\"><span class=\"s4\"><span class=\"s1\">Les m\u00e9canismes du changement : oser se lib\u00e9rer de la peur &#8211; Anne-Sophie J\u00e9gado et S\u00e9bastien Pouquet<\/span><\/span><\/span><span style=\"color: #33cccc;\"><span class=\"s1\"><span class=\"s4\" style=\"color: #00a6e2;\"><span style=\"color: #333300;\"><br \/>\n<strong><span class=\"s1\" style=\"color: #55a932;\">14:30 <\/span><\/strong><\/span><\/span><\/span><\/span><span class=\"s1\"><span class=\"s4\"><span class=\"s1\">Les bols Tib\u00e9tains : Histoire et tradition: les diff\u00e9rents bols tib\u00e9tains comment choisir son bol &#8211; Alain Metraux<\/span><\/span><\/span><span style=\"color: #33cccc;\"><span class=\"s1\"><span class=\"s4\" style=\"color: #00a6e2;\"><span style=\"color: #333300;\"><br \/>\n<span style=\"color: #00a6e2;\"><strong>15:00 <\/strong><\/span><\/span><\/span><\/span><\/span><span class=\"s1\"><span class=\"s4\">Jardin th\u00e9rapeutique : pr\u00e9venir, maintenir ou am\u00e9liorer sa sant\u00e9 physique, psychologique et sociale &#8211; Romane Glotain<\/span><\/span><span style=\"color: #33cccc;\"><span class=\"s1\"><span class=\"s4\" style=\"color: #00a6e2;\"><span style=\"color: #333300;\"><span style=\"color: #00a6e2;\"><br \/>\n<span class=\"s1\" style=\"color: #55a932;\"><strong>16:00 <\/strong><span style=\"color: #333333;\">Manger Local et Bio \u00e0 petits prix &#8211; Biocoop Scarab\u00e9e<\/span><\/span><\/span><br \/>\n<strong><span class=\"s1\" style=\"color: #55a932;\">17:00 <\/span><\/strong><\/span><\/span><\/span><\/span><span class=\"s1\"><span class=\"s4\"><span class=\"s1\">Le r\u00f4le du chamane aujourd&#8217;hui &#8211; Karine Lallier<\/span><\/span><\/span><span style=\"color: #33cccc;\"><span class=\"s1\"><span class=\"s4\" style=\"color: #00a6e2;\"><span style=\"color: #333300;\"><span class=\"s1\" style=\"color: #55a932;\"><br \/>\n<span style=\"color: #00a6e2;\"><strong>17:00 <\/strong><\/span><\/span><\/span><\/span><\/span><\/span><span class=\"s1\"><span class=\"s4\"><span class=\"s1\">Retrouver et gu\u00e9rir son enfant int\u00e9rieur: la r\u00e9silience, gu\u00e9rir le pass\u00e9 pour vivre pleinement le pr\u00e9sent &#8211; H\u00e9l\u00e8ne Girardin<\/span><\/span><\/span><span style=\"color: #33cccc;\"><span class=\"s1\"><span class=\"s4\" style=\"color: #00a6e2;\"><span style=\"color: #333300;\"><span class=\"s1\" style=\"color: #55a932;\"><span style=\"color: #00a6e2;\"><strong><br \/>\n<span style=\"color: #55a932;\">18:00 <\/span><\/strong><\/span><\/span><\/span><\/span><\/span><\/span><span class=\"s1\"><span class=\"s4\"><span class=\"s1\">Nos \u00e9motions, la r\u00e9percussion sur notre sant\u00e9 au quotidien et \u00e0 long terme et la prise en charge en m\u00e9decine chinoise &#8211; Florian Sanciet<\/span><\/span><\/span><\/p>\n","protected":false},"excerpt":{"rendered":"<p>Les conf\u00e9rences se tiennent dans les salles suivantes Salle VILAINE Salle SAINTE-ANNE VENDREDI 18 F\u00c9VRIER 2022 11:00 Comment agir contre les tensions musculaires de la t\u00eate, de la nuque et du dos &#8211; Alfred Pfennig 12:00 Aimes-toi &#8211; S\u00e9mia Boyer 13:00 \u00c9quilibre acido-basique, cl\u00e9 de sant\u00e9 &#8211; Patricia Paisant 13:30 Pourquoi se lever tous les&hellip; <\/p>\n","protected":false},"author":7,"featured_media":0,"parent":0,"menu_order":0,"comment_status":"closed","ping_status":"closed","template":"","meta":{"_monsterinsights_skip_tracking":false,"_monsterinsights_sitenote_active":false,"_monsterinsights_sitenote_note":"","_monsterinsights_sitenote_category":0,"footnotes":""},"class_list":["post-8827","page","type-page","status-publish","hentry"],"yoast_head":"<!-- This site is optimized with the Yoast SEO plugin v27.5 - https:\/\/yoast.com\/product\/yoast-seo-wordpress\/ -->\n<title>Conf\u00e9rences 2022 - Respire La Vie Rennes<\/title>\n<meta name=\"robots\" content=\"index, follow, max-snippet:-1, max-image-preview:large, max-video-preview:-1\" \/>\n<link rel=\"canonical\" href=\"https:\/\/www.respirelavie.fr\/rennes\/conferences-2022\/\" \/>\n<meta property=\"og:locale\" content=\"fr_FR\" \/>\n<meta property=\"og:type\" content=\"article\" \/>\n<meta property=\"og:title\" content=\"Conf\u00e9rences 2022 - Respire La Vie Rennes\" \/>\n<meta property=\"og:description\" content=\"Les conf\u00e9rences se tiennent dans les salles suivantes Salle VILAINE Salle SAINTE-ANNE VENDREDI 18 F\u00c9VRIER 2022 11:00 Comment agir contre les tensions musculaires de la t\u00eate, de la nuque et du dos &#8211; Alfred Pfennig 12:00 Aimes-toi &#8211; S\u00e9mia Boyer 13:00 \u00c9quilibre acido-basique, cl\u00e9 de sant\u00e9 &#8211; Patricia Paisant 13:30 Pourquoi se lever tous les&hellip;\" \/>\n<meta property=\"og:url\" content=\"https:\/\/www.respirelavie.fr\/rennes\/conferences-2022\/\" \/>\n<meta property=\"og:site_name\" content=\"Respire La Vie Rennes\" \/>\n<meta property=\"article:modified_time\" content=\"2022-08-16T10:06:07+00:00\" \/>\n<meta name=\"twitter:card\" content=\"summary_large_image\" \/>\n<meta name=\"twitter:label1\" content=\"Dur\u00e9e de lecture estim\u00e9e\" \/>\n\t<meta name=\"twitter:data1\" content=\"3 minutes\" \/>\n<script type=\"application\/ld+json\" class=\"yoast-schema-graph\">{\"@context\":\"https:\\\/\\\/schema.org\",\"@graph\":[{\"@type\":\"WebPage\",\"@id\":\"https:\\\/\\\/www.respirelavie.fr\\\/rennes\\\/conferences-2022\\\/\",\"url\":\"https:\\\/\\\/www.respirelavie.fr\\\/rennes\\\/conferences-2022\\\/\",\"name\":\"Conf\u00e9rences 2022 - Respire La Vie Rennes\",\"isPartOf\":{\"@id\":\"https:\\\/\\\/www.respirelavie.fr\\\/rennes\\\/#website\"},\"datePublished\":\"2022-08-16T10:02:38+00:00\",\"dateModified\":\"2022-08-16T10:06:07+00:00\",\"breadcrumb\":{\"@id\":\"https:\\\/\\\/www.respirelavie.fr\\\/rennes\\\/conferences-2022\\\/#breadcrumb\"},\"inLanguage\":\"fr-FR\",\"potentialAction\":[{\"@type\":\"ReadAction\",\"target\":[\"https:\\\/\\\/www.respirelavie.fr\\\/rennes\\\/conferences-2022\\\/\"]}]},{\"@type\":\"BreadcrumbList\",\"@id\":\"https:\\\/\\\/www.respirelavie.fr\\\/rennes\\\/conferences-2022\\\/#breadcrumb\",\"itemListElement\":[{\"@type\":\"ListItem\",\"position\":1,\"name\":\"Accueil\",\"item\":\"https:\\\/\\\/www.respirelavie.fr\\\/rennes\\\/\"},{\"@type\":\"ListItem\",\"position\":2,\"name\":\"Conf\u00e9rences 2022\"}]},{\"@type\":\"WebSite\",\"@id\":\"https:\\\/\\\/www.respirelavie.fr\\\/rennes\\\/#website\",\"url\":\"https:\\\/\\\/www.respirelavie.fr\\\/rennes\\\/\",\"name\":\"Respire La Vie Rennes\",\"description\":\"Respire La Vie Rennes : votre salon \u00e9colo, bio, bien-\u00eatre et habitat sain \u00e0 Rennes\",\"publisher\":{\"@id\":\"https:\\\/\\\/www.respirelavie.fr\\\/rennes\\\/#organization\"},\"potentialAction\":[{\"@type\":\"SearchAction\",\"target\":{\"@type\":\"EntryPoint\",\"urlTemplate\":\"https:\\\/\\\/www.respirelavie.fr\\\/rennes\\\/?s={search_term_string}\"},\"query-input\":{\"@type\":\"PropertyValueSpecification\",\"valueRequired\":true,\"valueName\":\"search_term_string\"}}],\"inLanguage\":\"fr-FR\"},{\"@type\":\"Organization\",\"@id\":\"https:\\\/\\\/www.respirelavie.fr\\\/rennes\\\/#organization\",\"name\":\"Respire La Vie Rennes\",\"url\":\"https:\\\/\\\/www.respirelavie.fr\\\/rennes\\\/\",\"logo\":{\"@type\":\"ImageObject\",\"inLanguage\":\"fr-FR\",\"@id\":\"https:\\\/\\\/www.respirelavie.fr\\\/rennes\\\/#\\\/schema\\\/logo\\\/image\\\/\",\"url\":\"https:\\\/\\\/www.respirelavie.fr\\\/rennes\\\/wp-content\\\/uploads\\\/sites\\\/5\\\/2025\\\/11\\\/cropped-Logo-RESPIRE-rennes-2026.png\",\"contentUrl\":\"https:\\\/\\\/www.respirelavie.fr\\\/rennes\\\/wp-content\\\/uploads\\\/sites\\\/5\\\/2025\\\/11\\\/cropped-Logo-RESPIRE-rennes-2026.png\",\"width\":921,\"height\":255,\"caption\":\"Respire La Vie Rennes\"},\"image\":{\"@id\":\"https:\\\/\\\/www.respirelavie.fr\\\/rennes\\\/#\\\/schema\\\/logo\\\/image\\\/\"}}]}<\/script>\n<!-- \/ Yoast SEO plugin. -->","yoast_head_json":{"title":"Conf\u00e9rences 2022 - Respire La Vie Rennes","robots":{"index":"index","follow":"follow","max-snippet":"max-snippet:-1","max-image-preview":"max-image-preview:large","max-video-preview":"max-video-preview:-1"},"canonical":"https:\/\/www.respirelavie.fr\/rennes\/conferences-2022\/","og_locale":"fr_FR","og_type":"article","og_title":"Conf\u00e9rences 2022 - Respire La Vie Rennes","og_description":"Les conf\u00e9rences se tiennent dans les salles suivantes Salle VILAINE Salle SAINTE-ANNE VENDREDI 18 F\u00c9VRIER 2022 11:00 Comment agir contre les tensions musculaires de la t\u00eate, de la nuque et du dos &#8211; Alfred Pfennig 12:00 Aimes-toi &#8211; S\u00e9mia Boyer 13:00 \u00c9quilibre acido-basique, cl\u00e9 de sant\u00e9 &#8211; Patricia Paisant 13:30 Pourquoi se lever tous les&hellip;","og_url":"https:\/\/www.respirelavie.fr\/rennes\/conferences-2022\/","og_site_name":"Respire La Vie Rennes","article_modified_time":"2022-08-16T10:06:07+00:00","twitter_card":"summary_large_image","twitter_misc":{"Dur\u00e9e de lecture estim\u00e9e":"3 minutes"},"schema":{"@context":"https:\/\/schema.org","@graph":[{"@type":"WebPage","@id":"https:\/\/www.respirelavie.fr\/rennes\/conferences-2022\/","url":"https:\/\/www.respirelavie.fr\/rennes\/conferences-2022\/","name":"Conf\u00e9rences 2022 - Respire La Vie Rennes","isPartOf":{"@id":"https:\/\/www.respirelavie.fr\/rennes\/#website"},"datePublished":"2022-08-16T10:02:38+00:00","dateModified":"2022-08-16T10:06:07+00:00","breadcrumb":{"@id":"https:\/\/www.respirelavie.fr\/rennes\/conferences-2022\/#breadcrumb"},"inLanguage":"fr-FR","potentialAction":[{"@type":"ReadAction","target":["https:\/\/www.respirelavie.fr\/rennes\/conferences-2022\/"]}]},{"@type":"BreadcrumbList","@id":"https:\/\/www.respirelavie.fr\/rennes\/conferences-2022\/#breadcrumb","itemListElement":[{"@type":"ListItem","position":1,"name":"Accueil","item":"https:\/\/www.respirelavie.fr\/rennes\/"},{"@type":"ListItem","position":2,"name":"Conf\u00e9rences 2022"}]},{"@type":"WebSite","@id":"https:\/\/www.respirelavie.fr\/rennes\/#website","url":"https:\/\/www.respirelavie.fr\/rennes\/","name":"Respire La Vie Rennes","description":"Respire La Vie Rennes : votre salon \u00e9colo, bio, bien-\u00eatre et habitat sain \u00e0 Rennes","publisher":{"@id":"https:\/\/www.respirelavie.fr\/rennes\/#organization"},"potentialAction":[{"@type":"SearchAction","target":{"@type":"EntryPoint","urlTemplate":"https:\/\/www.respirelavie.fr\/rennes\/?s={search_term_string}"},"query-input":{"@type":"PropertyValueSpecification","valueRequired":true,"valueName":"search_term_string"}}],"inLanguage":"fr-FR"},{"@type":"Organization","@id":"https:\/\/www.respirelavie.fr\/rennes\/#organization","name":"Respire La Vie Rennes","url":"https:\/\/www.respirelavie.fr\/rennes\/","logo":{"@type":"ImageObject","inLanguage":"fr-FR","@id":"https:\/\/www.respirelavie.fr\/rennes\/#\/schema\/logo\/image\/","url":"https:\/\/www.respirelavie.fr\/rennes\/wp-content\/uploads\/sites\/5\/2025\/11\/cropped-Logo-RESPIRE-rennes-2026.png","contentUrl":"https:\/\/www.respirelavie.fr\/rennes\/wp-content\/uploads\/sites\/5\/2025\/11\/cropped-Logo-RESPIRE-rennes-2026.png","width":921,"height":255,"caption":"Respire La Vie Rennes"},"image":{"@id":"https:\/\/www.respirelavie.fr\/rennes\/#\/schema\/logo\/image\/"}}]}},"_links":{"self":[{"href":"https:\/\/www.respirelavie.fr\/rennes\/wp-json\/wp\/v2\/pages\/8827","targetHints":{"allow":["GET"]}}],"collection":[{"href":"https:\/\/www.respirelavie.fr\/rennes\/wp-json\/wp\/v2\/pages"}],"about":[{"href":"https:\/\/www.respirelavie.fr\/rennes\/wp-json\/wp\/v2\/types\/page"}],"author":[{"embeddable":true,"href":"https:\/\/www.respirelavie.fr\/rennes\/wp-json\/wp\/v2\/users\/7"}],"replies":[{"embeddable":true,"href":"https:\/\/www.respirelavie.fr\/rennes\/wp-json\/wp\/v2\/comments?post=8827"}],"version-history":[{"count":3,"href":"https:\/\/www.respirelavie.fr\/rennes\/wp-json\/wp\/v2\/pages\/8827\/revisions"}],"predecessor-version":[{"id":8832,"href":"https:\/\/www.respirelavie.fr\/rennes\/wp-json\/wp\/v2\/pages\/8827\/revisions\/8832"}],"wp:attachment":[{"href":"https:\/\/www.respirelavie.fr\/rennes\/wp-json\/wp\/v2\/media?parent=8827"}],"curies":[{"name":"wp","href":"https:\/\/api.w.org\/{rel}","templated":true}]}}