{"id":2091,"date":"2016-10-05T16:22:10","date_gmt":"2016-10-05T14:22:10","guid":{"rendered":"http:\/\/localhost:8888\/natexpo\/?page_id=2091"},"modified":"2020-04-17T12:54:27","modified_gmt":"2020-04-17T10:54:27","slug":"presse","status":"publish","type":"page","link":"https:\/\/www.respirelavie.fr\/vannes\/presse\/","title":{"rendered":"Presse\/partenaires"},"content":{"rendered":"<p>Bienvenue dans l&#8217;espace presse du salon Respire La Vie Vannes.<\/p>\n<h2><a href=\"http:\/\/www.respirelavie.fr\/vannes\/presse\/presse\/\" target=\"_blank\" rel=\"noopener noreferrer\">Espace presse<\/a><\/h2>\n<p style=\"text-align: justify;\"><em><strong>Acc\u00e8s uniquement r\u00e9serv\u00e9 aux journalistes<\/strong><\/em><br \/>\nIci vous pouvez t\u00e9l\u00e9charger : communiqu\u00e9s de presse, dossiers de presse au format .pdf, logos et visuels en haute d\u00e9finition pour vos usages d\u2019impression et de communication.<\/p>\n<h2><a href=\"http:\/\/www.respirelavie.fr\/vannes\/presse\/nos-partenaires\/\" target=\"_blank\" rel=\"noopener noreferrer\">Nos partenaires<\/a><\/h2>\n<p>D\u00e9couvrez les partenaires qui soutiennent le salon.<\/p>\n","protected":false},"excerpt":{"rendered":"<p>Bienvenue dans l&#8217;espace presse du salon Respire La Vie Vannes. Espace presse Acc\u00e8s uniquement r\u00e9serv\u00e9 aux journalistes Ici vous pouvez t\u00e9l\u00e9charger : communiqu\u00e9s de presse, dossiers de presse au format .pdf, logos et visuels en haute d\u00e9finition pour vos usages d\u2019impression et de communication. Nos partenaires D\u00e9couvrez les partenaires qui soutiennent le salon.<\/p>\n","protected":false},"author":1,"featured_media":0,"parent":0,"menu_order":0,"comment_status":"closed","ping_status":"closed","template":"","meta":{"_monsterinsights_skip_tracking":false,"_monsterinsights_sitenote_active":false,"_monsterinsights_sitenote_note":"","_monsterinsights_sitenote_category":0,"footnotes":""},"class_list":["post-2091","page","type-page","status-publish","hentry"],"yoast_head":"<!-- This site is optimized with the Yoast SEO plugin v27.3 - https:\/\/yoast.com\/product\/yoast-seo-wordpress\/ -->\n<title>Presse\/partenaires - RESPIRE VANNES<\/title>\n<meta name=\"robots\" content=\"index, follow, max-snippet:-1, max-image-preview:large, max-video-preview:-1\" \/>\n<link rel=\"canonical\" href=\"https:\/\/www.respirelavie.fr\/vannes\/presse\/\" \/>\n<meta property=\"og:locale\" content=\"fr_FR\" \/>\n<meta property=\"og:type\" content=\"article\" \/>\n<meta property=\"og:title\" content=\"Presse\/partenaires - RESPIRE VANNES\" \/>\n<meta property=\"og:description\" content=\"Bienvenue dans l&#8217;espace presse du salon Respire La Vie Vannes. Espace presse Acc\u00e8s uniquement r\u00e9serv\u00e9 aux journalistes Ici vous pouvez t\u00e9l\u00e9charger : communiqu\u00e9s de presse, dossiers de presse au format .pdf, logos et visuels en haute d\u00e9finition pour vos usages d\u2019impression et de communication. Nos partenaires D\u00e9couvrez les partenaires qui soutiennent le salon.\" \/>\n<meta property=\"og:url\" content=\"https:\/\/www.respirelavie.fr\/vannes\/presse\/\" \/>\n<meta property=\"og:site_name\" content=\"RESPIRE VANNES\" \/>\n<meta property=\"article:modified_time\" content=\"2020-04-17T10:54:27+00:00\" \/>\n<meta name=\"twitter:card\" content=\"summary_large_image\" \/>\n<script type=\"application\/ld+json\" class=\"yoast-schema-graph\">{\"@context\":\"https:\\\/\\\/schema.org\",\"@graph\":[{\"@type\":\"WebPage\",\"@id\":\"https:\\\/\\\/www.respirelavie.fr\\\/vannes\\\/presse\\\/\",\"url\":\"https:\\\/\\\/www.respirelavie.fr\\\/vannes\\\/presse\\\/\",\"name\":\"Presse\\\/partenaires - RESPIRE VANNES\",\"isPartOf\":{\"@id\":\"https:\\\/\\\/www.respirelavie.fr\\\/vannes\\\/#website\"},\"datePublished\":\"2016-10-05T14:22:10+00:00\",\"dateModified\":\"2020-04-17T10:54:27+00:00\",\"breadcrumb\":{\"@id\":\"https:\\\/\\\/www.respirelavie.fr\\\/vannes\\\/presse\\\/#breadcrumb\"},\"inLanguage\":\"fr-FR\",\"potentialAction\":[{\"@type\":\"ReadAction\",\"target\":[\"https:\\\/\\\/www.respirelavie.fr\\\/vannes\\\/presse\\\/\"]}]},{\"@type\":\"BreadcrumbList\",\"@id\":\"https:\\\/\\\/www.respirelavie.fr\\\/vannes\\\/presse\\\/#breadcrumb\",\"itemListElement\":[{\"@type\":\"ListItem\",\"position\":1,\"name\":\"Accueil\",\"item\":\"https:\\\/\\\/www.respirelavie.fr\\\/vannes\\\/\"},{\"@type\":\"ListItem\",\"position\":2,\"name\":\"Presse\\\/partenaires\"}]},{\"@type\":\"WebSite\",\"@id\":\"https:\\\/\\\/www.respirelavie.fr\\\/vannes\\\/#website\",\"url\":\"https:\\\/\\\/www.respirelavie.fr\\\/vannes\\\/\",\"name\":\"RESPIRE VANNES\",\"description\":\"RESPIRE : votre salon bio, bien-\u00eatre et habitat sain \u00e0 Vannes\",\"publisher\":{\"@id\":\"https:\\\/\\\/www.respirelavie.fr\\\/vannes\\\/#organization\"},\"potentialAction\":[{\"@type\":\"SearchAction\",\"target\":{\"@type\":\"EntryPoint\",\"urlTemplate\":\"https:\\\/\\\/www.respirelavie.fr\\\/vannes\\\/?s={search_term_string}\"},\"query-input\":{\"@type\":\"PropertyValueSpecification\",\"valueRequired\":true,\"valueName\":\"search_term_string\"}}],\"inLanguage\":\"fr-FR\"},{\"@type\":\"Organization\",\"@id\":\"https:\\\/\\\/www.respirelavie.fr\\\/vannes\\\/#organization\",\"name\":\"RESPIRE VANNES\",\"url\":\"https:\\\/\\\/www.respirelavie.fr\\\/vannes\\\/\",\"logo\":{\"@type\":\"ImageObject\",\"inLanguage\":\"fr-FR\",\"@id\":\"https:\\\/\\\/www.respirelavie.fr\\\/vannes\\\/#\\\/schema\\\/logo\\\/image\\\/\",\"url\":\"https:\\\/\\\/www.respirelavie.fr\\\/vannes\\\/wp-content\\\/uploads\\\/sites\\\/4\\\/2024\\\/10\\\/cropped-cropped-cropped-Logo-RESPIRE-vannes-2025-1-1.png\",\"contentUrl\":\"https:\\\/\\\/www.respirelavie.fr\\\/vannes\\\/wp-content\\\/uploads\\\/sites\\\/4\\\/2024\\\/10\\\/cropped-cropped-cropped-Logo-RESPIRE-vannes-2025-1-1.png\",\"width\":797,\"height\":145,\"caption\":\"RESPIRE VANNES\"},\"image\":{\"@id\":\"https:\\\/\\\/www.respirelavie.fr\\\/vannes\\\/#\\\/schema\\\/logo\\\/image\\\/\"}}]}<\/script>\n<!-- \/ Yoast SEO plugin. -->","yoast_head_json":{"title":"Presse\/partenaires - RESPIRE VANNES","robots":{"index":"index","follow":"follow","max-snippet":"max-snippet:-1","max-image-preview":"max-image-preview:large","max-video-preview":"max-video-preview:-1"},"canonical":"https:\/\/www.respirelavie.fr\/vannes\/presse\/","og_locale":"fr_FR","og_type":"article","og_title":"Presse\/partenaires - RESPIRE VANNES","og_description":"Bienvenue dans l&#8217;espace presse du salon Respire La Vie Vannes. Espace presse Acc\u00e8s uniquement r\u00e9serv\u00e9 aux journalistes Ici vous pouvez t\u00e9l\u00e9charger : communiqu\u00e9s de presse, dossiers de presse au format .pdf, logos et visuels en haute d\u00e9finition pour vos usages d\u2019impression et de communication. Nos partenaires D\u00e9couvrez les partenaires qui soutiennent le salon.","og_url":"https:\/\/www.respirelavie.fr\/vannes\/presse\/","og_site_name":"RESPIRE VANNES","article_modified_time":"2020-04-17T10:54:27+00:00","twitter_card":"summary_large_image","schema":{"@context":"https:\/\/schema.org","@graph":[{"@type":"WebPage","@id":"https:\/\/www.respirelavie.fr\/vannes\/presse\/","url":"https:\/\/www.respirelavie.fr\/vannes\/presse\/","name":"Presse\/partenaires - RESPIRE VANNES","isPartOf":{"@id":"https:\/\/www.respirelavie.fr\/vannes\/#website"},"datePublished":"2016-10-05T14:22:10+00:00","dateModified":"2020-04-17T10:54:27+00:00","breadcrumb":{"@id":"https:\/\/www.respirelavie.fr\/vannes\/presse\/#breadcrumb"},"inLanguage":"fr-FR","potentialAction":[{"@type":"ReadAction","target":["https:\/\/www.respirelavie.fr\/vannes\/presse\/"]}]},{"@type":"BreadcrumbList","@id":"https:\/\/www.respirelavie.fr\/vannes\/presse\/#breadcrumb","itemListElement":[{"@type":"ListItem","position":1,"name":"Accueil","item":"https:\/\/www.respirelavie.fr\/vannes\/"},{"@type":"ListItem","position":2,"name":"Presse\/partenaires"}]},{"@type":"WebSite","@id":"https:\/\/www.respirelavie.fr\/vannes\/#website","url":"https:\/\/www.respirelavie.fr\/vannes\/","name":"RESPIRE VANNES","description":"RESPIRE : votre salon bio, bien-\u00eatre et habitat sain \u00e0 Vannes","publisher":{"@id":"https:\/\/www.respirelavie.fr\/vannes\/#organization"},"potentialAction":[{"@type":"SearchAction","target":{"@type":"EntryPoint","urlTemplate":"https:\/\/www.respirelavie.fr\/vannes\/?s={search_term_string}"},"query-input":{"@type":"PropertyValueSpecification","valueRequired":true,"valueName":"search_term_string"}}],"inLanguage":"fr-FR"},{"@type":"Organization","@id":"https:\/\/www.respirelavie.fr\/vannes\/#organization","name":"RESPIRE VANNES","url":"https:\/\/www.respirelavie.fr\/vannes\/","logo":{"@type":"ImageObject","inLanguage":"fr-FR","@id":"https:\/\/www.respirelavie.fr\/vannes\/#\/schema\/logo\/image\/","url":"https:\/\/www.respirelavie.fr\/vannes\/wp-content\/uploads\/sites\/4\/2024\/10\/cropped-cropped-cropped-Logo-RESPIRE-vannes-2025-1-1.png","contentUrl":"https:\/\/www.respirelavie.fr\/vannes\/wp-content\/uploads\/sites\/4\/2024\/10\/cropped-cropped-cropped-Logo-RESPIRE-vannes-2025-1-1.png","width":797,"height":145,"caption":"RESPIRE VANNES"},"image":{"@id":"https:\/\/www.respirelavie.fr\/vannes\/#\/schema\/logo\/image\/"}}]}},"_links":{"self":[{"href":"https:\/\/www.respirelavie.fr\/vannes\/wp-json\/wp\/v2\/pages\/2091","targetHints":{"allow":["GET"]}}],"collection":[{"href":"https:\/\/www.respirelavie.fr\/vannes\/wp-json\/wp\/v2\/pages"}],"about":[{"href":"https:\/\/www.respirelavie.fr\/vannes\/wp-json\/wp\/v2\/types\/page"}],"author":[{"embeddable":true,"href":"https:\/\/www.respirelavie.fr\/vannes\/wp-json\/wp\/v2\/users\/1"}],"replies":[{"embeddable":true,"href":"https:\/\/www.respirelavie.fr\/vannes\/wp-json\/wp\/v2\/comments?post=2091"}],"version-history":[{"count":9,"href":"https:\/\/www.respirelavie.fr\/vannes\/wp-json\/wp\/v2\/pages\/2091\/revisions"}],"predecessor-version":[{"id":6331,"href":"https:\/\/www.respirelavie.fr\/vannes\/wp-json\/wp\/v2\/pages\/2091\/revisions\/6331"}],"wp:attachment":[{"href":"https:\/\/www.respirelavie.fr\/vannes\/wp-json\/wp\/v2\/media?parent=2091"}],"curies":[{"name":"wp","href":"https:\/\/api.w.org\/{rel}","templated":true}]}}