{"id":3816,"date":"2017-04-13T16:58:58","date_gmt":"2017-04-13T14:58:58","guid":{"rendered":"https:\/\/www.salon-zenetbio.com\/?page_id=3816"},"modified":"2023-12-14T10:42:48","modified_gmt":"2023-12-14T09:42:48","slug":"sevellia","status":"publish","type":"page","link":"https:\/\/www.respirelavie.fr\/vannes\/presse\/nos-partenaires\/sevellia\/","title":{"rendered":"Sevellia.com, la marketplace de produits bio, naturels, \u00e9colos !"},"content":{"rendered":"<p><img decoding=\"async\" class=\"aligncenter wp-image-8203 size-medium\" title=\"SEVELLIA.COM, la marketplace des salons du r\u00e9seau ZEN&amp;BIO\" src=\"https:\/\/www.respirelavie.fr\/vannes\/wp-content\/uploads\/sites\/4\/2023\/12\/Sevellia.com-panier-haut-new-baseline-300x148.png\" alt=\"SEVELLIA.COM, la marketplace des salons du r\u00e9seau ZEN&amp;BIO\" width=\"300\" height=\"148\" srcset=\"https:\/\/www.respirelavie.fr\/vannes\/wp-content\/uploads\/sites\/4\/2023\/12\/Sevellia.com-panier-haut-new-baseline-300x148.png 300w, https:\/\/www.respirelavie.fr\/vannes\/wp-content\/uploads\/sites\/4\/2023\/12\/Sevellia.com-panier-haut-new-baseline-1024x505.png 1024w, https:\/\/www.respirelavie.fr\/vannes\/wp-content\/uploads\/sites\/4\/2023\/12\/Sevellia.com-panier-haut-new-baseline-768x378.png 768w, https:\/\/www.respirelavie.fr\/vannes\/wp-content\/uploads\/sites\/4\/2023\/12\/Sevellia.com-panier-haut-new-baseline-1536x757.png 1536w, https:\/\/www.respirelavie.fr\/vannes\/wp-content\/uploads\/sites\/4\/2023\/12\/Sevellia.com-panier-haut-new-baseline-2048x1009.png 2048w, https:\/\/www.respirelavie.fr\/vannes\/wp-content\/uploads\/sites\/4\/2023\/12\/Sevellia.com-panier-haut-new-baseline-150x74.png 150w, https:\/\/www.respirelavie.fr\/vannes\/wp-content\/uploads\/sites\/4\/2023\/12\/Sevellia.com-panier-haut-new-baseline-500x246.png 500w\" sizes=\"(max-width: 300px) 100vw, 300px\" \/><\/p>\n<p><a href=\"https:\/\/sevellia.com\" target=\"_blank\" rel=\"noopener\"><strong>SEVELLIA.COM<\/strong><\/a> la e-boutique <strong>des salons du r\u00e9seau ZEN&amp;BIO\u00a0<\/strong> !<\/p>\n<p>Retrouvez, toute l\u2019ann\u00e9e <a href=\"https:\/\/sevellia.com\/salon\/respire-vannes\" target=\"_blank\" rel=\"noopener\"><strong>les produits des exposants<\/strong><\/a> du salon RESPIRE LA VIE Vannes et bien plus encore.<\/p>\n<p><a href=\"https:\/\/sevellia.com\/\" target=\"_blank\" rel=\"noopener\"><strong><a href=\"https:\/\/sevellia.com\" target=\"_blank\" rel=\"noopener\">SEVELLIA.COM<\/a><\/strong><\/a> est une place de march\u00e9 bio sp\u00e9cialis\u00e9e dans la vente en ligne de <strong>produits bio<\/strong> ou <strong>naturels<\/strong> pour une consommation plus nature. Notre site s\u2019applique \u00e9galement \u00e0 mettre en valeur de <strong>petits producteurs et artisans engag\u00e9s<\/strong>.<\/p>\n<p>Dans notre <strong>boutique en ligne<\/strong>, ce ne sont pas moins de <strong>50 000 produits bio, naturels, \u00e9cologiques, <a href=\"https:\/\/sevellia.com\/made-in-france.html\" target=\"_blank\" rel=\"noopener\">made in France<\/a>, ou encore <a href=\"https:\/\/sevellia.com\/zero-dechet.html\" target=\"_blank\" rel=\"noopener\">z\u00e9ro d\u00e9chet<\/a><\/strong> qui vous attendent pour vous permettre de conjuguer <strong>une consommation plus responsable<\/strong> et bien-\u00eatre pour toute la famille !<\/p>\n<ul>\n<li><a href=\"https:\/\/sevellia.com\/alimentation-saine.html\" target=\"_blank\" rel=\"noopener\">Voir tout le rayon alimentation saine<\/a><\/li>\n<li><a href=\"https:\/\/sevellia.com\/beaute-bio-naturelle.html\" target=\"_blank\" rel=\"noopener\">Voir tout le rayon beaut\u00e9 bio, naturelle<\/a><\/li>\n<li><a href=\"https:\/\/sevellia.com\/bien-etre-sante-au-naturel.html\" target=\"_blank\" rel=\"noopener\">Voir tout le rayon bien-\u00eatre, sant\u00e9 au naturel<\/a><\/li>\n<\/ul>\n<p>Besoin d\u2019astuces et de conseils <strong>pour mieux consommer<\/strong> : bio et naturel au quotidien ?<br \/>\n<a href=\"https:\/\/blog.sevellia.com\/\" target=\"_blank\" rel=\"noopener\">D\u00e9couvrez le blog de SEVELLIA.COM !<\/a><\/p>\n<p>&nbsp;<\/p>\n","protected":false},"excerpt":{"rendered":"<p>SEVELLIA.COM la e-boutique des salons du r\u00e9seau ZEN&amp;BIO\u00a0 ! Retrouvez, toute l\u2019ann\u00e9e les produits des exposants du salon RESPIRE LA VIE Vannes et bien plus encore. SEVELLIA.COM est une place de march\u00e9 bio sp\u00e9cialis\u00e9e dans la vente en ligne de produits bio ou naturels pour une consommation plus nature. Notre site s\u2019applique \u00e9galement \u00e0 mettre&hellip; <\/p>\n","protected":false},"author":1,"featured_media":0,"parent":2456,"menu_order":0,"comment_status":"closed","ping_status":"closed","template":"","meta":{"_monsterinsights_skip_tracking":false,"_monsterinsights_sitenote_active":false,"_monsterinsights_sitenote_note":"","_monsterinsights_sitenote_category":0,"footnotes":""},"class_list":["post-3816","page","type-page","status-publish","hentry"],"yoast_head":"<!-- This site is optimized with the Yoast SEO plugin v27.3 - https:\/\/yoast.com\/product\/yoast-seo-wordpress\/ -->\n<title>Sevellia.com, la marketplace de produits bio, naturels, \u00e9colos ! - RESPIRE VANNES<\/title>\n<meta name=\"robots\" content=\"index, follow, max-snippet:-1, max-image-preview:large, max-video-preview:-1\" \/>\n<link rel=\"canonical\" href=\"https:\/\/www.respirelavie.fr\/vannes\/presse\/nos-partenaires\/sevellia\/\" \/>\n<meta property=\"og:locale\" content=\"fr_FR\" \/>\n<meta property=\"og:type\" content=\"article\" \/>\n<meta property=\"og:title\" content=\"Sevellia.com, la marketplace de produits bio, naturels, \u00e9colos ! - RESPIRE VANNES\" \/>\n<meta property=\"og:description\" content=\"SEVELLIA.COM la e-boutique des salons du r\u00e9seau ZEN&amp;BIO\u00a0 ! Retrouvez, toute l\u2019ann\u00e9e les produits des exposants du salon RESPIRE LA VIE Vannes et bien plus encore. SEVELLIA.COM est une place de march\u00e9 bio sp\u00e9cialis\u00e9e dans la vente en ligne de produits bio ou naturels pour une consommation plus nature. Notre site s\u2019applique \u00e9galement \u00e0 mettre&hellip;\" \/>\n<meta property=\"og:url\" content=\"https:\/\/www.respirelavie.fr\/vannes\/presse\/nos-partenaires\/sevellia\/\" \/>\n<meta property=\"og:site_name\" content=\"RESPIRE VANNES\" \/>\n<meta property=\"article:modified_time\" content=\"2023-12-14T09:42:48+00:00\" \/>\n<meta property=\"og:image\" content=\"https:\/\/www.respirelavie.fr\/vannes\/wp-content\/uploads\/sites\/4\/2023\/12\/Sevellia.com-panier-haut-new-baseline-300x148.png\" \/>\n<meta name=\"twitter:card\" content=\"summary_large_image\" \/>\n<meta name=\"twitter:label1\" content=\"Dur\u00e9e de lecture estim\u00e9e\" \/>\n\t<meta name=\"twitter:data1\" content=\"1 minute\" \/>\n<script type=\"application\/ld+json\" class=\"yoast-schema-graph\">{\"@context\":\"https:\\\/\\\/schema.org\",\"@graph\":[{\"@type\":\"WebPage\",\"@id\":\"https:\\\/\\\/www.respirelavie.fr\\\/vannes\\\/presse\\\/nos-partenaires\\\/sevellia\\\/\",\"url\":\"https:\\\/\\\/www.respirelavie.fr\\\/vannes\\\/presse\\\/nos-partenaires\\\/sevellia\\\/\",\"name\":\"Sevellia.com, la marketplace de produits bio, naturels, \u00e9colos ! - RESPIRE VANNES\",\"isPartOf\":{\"@id\":\"https:\\\/\\\/www.respirelavie.fr\\\/vannes\\\/#website\"},\"primaryImageOfPage\":{\"@id\":\"https:\\\/\\\/www.respirelavie.fr\\\/vannes\\\/presse\\\/nos-partenaires\\\/sevellia\\\/#primaryimage\"},\"image\":{\"@id\":\"https:\\\/\\\/www.respirelavie.fr\\\/vannes\\\/presse\\\/nos-partenaires\\\/sevellia\\\/#primaryimage\"},\"thumbnailUrl\":\"https:\\\/\\\/www.respirelavie.fr\\\/vannes\\\/wp-content\\\/uploads\\\/sites\\\/4\\\/2023\\\/12\\\/Sevellia.com-panier-haut-new-baseline-300x148.png\",\"datePublished\":\"2017-04-13T14:58:58+00:00\",\"dateModified\":\"2023-12-14T09:42:48+00:00\",\"breadcrumb\":{\"@id\":\"https:\\\/\\\/www.respirelavie.fr\\\/vannes\\\/presse\\\/nos-partenaires\\\/sevellia\\\/#breadcrumb\"},\"inLanguage\":\"fr-FR\",\"potentialAction\":[{\"@type\":\"ReadAction\",\"target\":[\"https:\\\/\\\/www.respirelavie.fr\\\/vannes\\\/presse\\\/nos-partenaires\\\/sevellia\\\/\"]}]},{\"@type\":\"ImageObject\",\"inLanguage\":\"fr-FR\",\"@id\":\"https:\\\/\\\/www.respirelavie.fr\\\/vannes\\\/presse\\\/nos-partenaires\\\/sevellia\\\/#primaryimage\",\"url\":\"https:\\\/\\\/www.respirelavie.fr\\\/vannes\\\/wp-content\\\/uploads\\\/sites\\\/4\\\/2023\\\/12\\\/Sevellia.com-panier-haut-new-baseline.png\",\"contentUrl\":\"https:\\\/\\\/www.respirelavie.fr\\\/vannes\\\/wp-content\\\/uploads\\\/sites\\\/4\\\/2023\\\/12\\\/Sevellia.com-panier-haut-new-baseline.png\",\"width\":3813,\"height\":1879},{\"@type\":\"BreadcrumbList\",\"@id\":\"https:\\\/\\\/www.respirelavie.fr\\\/vannes\\\/presse\\\/nos-partenaires\\\/sevellia\\\/#breadcrumb\",\"itemListElement\":[{\"@type\":\"ListItem\",\"position\":1,\"name\":\"Accueil\",\"item\":\"https:\\\/\\\/www.respirelavie.fr\\\/vannes\\\/\"},{\"@type\":\"ListItem\",\"position\":2,\"name\":\"Presse\\\/partenaires\",\"item\":\"https:\\\/\\\/www.respirelavie.fr\\\/vannes\\\/presse\\\/\"},{\"@type\":\"ListItem\",\"position\":3,\"name\":\"Nos partenaires\",\"item\":\"https:\\\/\\\/www.respirelavie.fr\\\/vannes\\\/presse\\\/nos-partenaires\\\/\"},{\"@type\":\"ListItem\",\"position\":4,\"name\":\"Sevellia.com, la marketplace de produits bio, naturels, \u00e9colos !\"}]},{\"@type\":\"WebSite\",\"@id\":\"https:\\\/\\\/www.respirelavie.fr\\\/vannes\\\/#website\",\"url\":\"https:\\\/\\\/www.respirelavie.fr\\\/vannes\\\/\",\"name\":\"RESPIRE VANNES\",\"description\":\"RESPIRE : votre salon bio, bien-\u00eatre et habitat sain \u00e0 Vannes\",\"publisher\":{\"@id\":\"https:\\\/\\\/www.respirelavie.fr\\\/vannes\\\/#organization\"},\"potentialAction\":[{\"@type\":\"SearchAction\",\"target\":{\"@type\":\"EntryPoint\",\"urlTemplate\":\"https:\\\/\\\/www.respirelavie.fr\\\/vannes\\\/?s={search_term_string}\"},\"query-input\":{\"@type\":\"PropertyValueSpecification\",\"valueRequired\":true,\"valueName\":\"search_term_string\"}}],\"inLanguage\":\"fr-FR\"},{\"@type\":\"Organization\",\"@id\":\"https:\\\/\\\/www.respirelavie.fr\\\/vannes\\\/#organization\",\"name\":\"RESPIRE VANNES\",\"url\":\"https:\\\/\\\/www.respirelavie.fr\\\/vannes\\\/\",\"logo\":{\"@type\":\"ImageObject\",\"inLanguage\":\"fr-FR\",\"@id\":\"https:\\\/\\\/www.respirelavie.fr\\\/vannes\\\/#\\\/schema\\\/logo\\\/image\\\/\",\"url\":\"https:\\\/\\\/www.respirelavie.fr\\\/vannes\\\/wp-content\\\/uploads\\\/sites\\\/4\\\/2024\\\/10\\\/cropped-cropped-cropped-Logo-RESPIRE-vannes-2025-1-1.png\",\"contentUrl\":\"https:\\\/\\\/www.respirelavie.fr\\\/vannes\\\/wp-content\\\/uploads\\\/sites\\\/4\\\/2024\\\/10\\\/cropped-cropped-cropped-Logo-RESPIRE-vannes-2025-1-1.png\",\"width\":797,\"height\":145,\"caption\":\"RESPIRE VANNES\"},\"image\":{\"@id\":\"https:\\\/\\\/www.respirelavie.fr\\\/vannes\\\/#\\\/schema\\\/logo\\\/image\\\/\"}}]}<\/script>\n<!-- \/ Yoast SEO plugin. -->","yoast_head_json":{"title":"Sevellia.com, la marketplace de produits bio, naturels, \u00e9colos ! - RESPIRE VANNES","robots":{"index":"index","follow":"follow","max-snippet":"max-snippet:-1","max-image-preview":"max-image-preview:large","max-video-preview":"max-video-preview:-1"},"canonical":"https:\/\/www.respirelavie.fr\/vannes\/presse\/nos-partenaires\/sevellia\/","og_locale":"fr_FR","og_type":"article","og_title":"Sevellia.com, la marketplace de produits bio, naturels, \u00e9colos ! - RESPIRE VANNES","og_description":"SEVELLIA.COM la e-boutique des salons du r\u00e9seau ZEN&amp;BIO\u00a0 ! Retrouvez, toute l\u2019ann\u00e9e les produits des exposants du salon RESPIRE LA VIE Vannes et bien plus encore. SEVELLIA.COM est une place de march\u00e9 bio sp\u00e9cialis\u00e9e dans la vente en ligne de produits bio ou naturels pour une consommation plus nature. Notre site s\u2019applique \u00e9galement \u00e0 mettre&hellip;","og_url":"https:\/\/www.respirelavie.fr\/vannes\/presse\/nos-partenaires\/sevellia\/","og_site_name":"RESPIRE VANNES","article_modified_time":"2023-12-14T09:42:48+00:00","og_image":[{"url":"https:\/\/www.respirelavie.fr\/vannes\/wp-content\/uploads\/sites\/4\/2023\/12\/Sevellia.com-panier-haut-new-baseline-300x148.png","type":"","width":"","height":""}],"twitter_card":"summary_large_image","twitter_misc":{"Dur\u00e9e de lecture estim\u00e9e":"1 minute"},"schema":{"@context":"https:\/\/schema.org","@graph":[{"@type":"WebPage","@id":"https:\/\/www.respirelavie.fr\/vannes\/presse\/nos-partenaires\/sevellia\/","url":"https:\/\/www.respirelavie.fr\/vannes\/presse\/nos-partenaires\/sevellia\/","name":"Sevellia.com, la marketplace de produits bio, naturels, \u00e9colos ! - RESPIRE VANNES","isPartOf":{"@id":"https:\/\/www.respirelavie.fr\/vannes\/#website"},"primaryImageOfPage":{"@id":"https:\/\/www.respirelavie.fr\/vannes\/presse\/nos-partenaires\/sevellia\/#primaryimage"},"image":{"@id":"https:\/\/www.respirelavie.fr\/vannes\/presse\/nos-partenaires\/sevellia\/#primaryimage"},"thumbnailUrl":"https:\/\/www.respirelavie.fr\/vannes\/wp-content\/uploads\/sites\/4\/2023\/12\/Sevellia.com-panier-haut-new-baseline-300x148.png","datePublished":"2017-04-13T14:58:58+00:00","dateModified":"2023-12-14T09:42:48+00:00","breadcrumb":{"@id":"https:\/\/www.respirelavie.fr\/vannes\/presse\/nos-partenaires\/sevellia\/#breadcrumb"},"inLanguage":"fr-FR","potentialAction":[{"@type":"ReadAction","target":["https:\/\/www.respirelavie.fr\/vannes\/presse\/nos-partenaires\/sevellia\/"]}]},{"@type":"ImageObject","inLanguage":"fr-FR","@id":"https:\/\/www.respirelavie.fr\/vannes\/presse\/nos-partenaires\/sevellia\/#primaryimage","url":"https:\/\/www.respirelavie.fr\/vannes\/wp-content\/uploads\/sites\/4\/2023\/12\/Sevellia.com-panier-haut-new-baseline.png","contentUrl":"https:\/\/www.respirelavie.fr\/vannes\/wp-content\/uploads\/sites\/4\/2023\/12\/Sevellia.com-panier-haut-new-baseline.png","width":3813,"height":1879},{"@type":"BreadcrumbList","@id":"https:\/\/www.respirelavie.fr\/vannes\/presse\/nos-partenaires\/sevellia\/#breadcrumb","itemListElement":[{"@type":"ListItem","position":1,"name":"Accueil","item":"https:\/\/www.respirelavie.fr\/vannes\/"},{"@type":"ListItem","position":2,"name":"Presse\/partenaires","item":"https:\/\/www.respirelavie.fr\/vannes\/presse\/"},{"@type":"ListItem","position":3,"name":"Nos partenaires","item":"https:\/\/www.respirelavie.fr\/vannes\/presse\/nos-partenaires\/"},{"@type":"ListItem","position":4,"name":"Sevellia.com, la marketplace de produits bio, naturels, \u00e9colos !"}]},{"@type":"WebSite","@id":"https:\/\/www.respirelavie.fr\/vannes\/#website","url":"https:\/\/www.respirelavie.fr\/vannes\/","name":"RESPIRE VANNES","description":"RESPIRE : votre salon bio, bien-\u00eatre et habitat sain \u00e0 Vannes","publisher":{"@id":"https:\/\/www.respirelavie.fr\/vannes\/#organization"},"potentialAction":[{"@type":"SearchAction","target":{"@type":"EntryPoint","urlTemplate":"https:\/\/www.respirelavie.fr\/vannes\/?s={search_term_string}"},"query-input":{"@type":"PropertyValueSpecification","valueRequired":true,"valueName":"search_term_string"}}],"inLanguage":"fr-FR"},{"@type":"Organization","@id":"https:\/\/www.respirelavie.fr\/vannes\/#organization","name":"RESPIRE VANNES","url":"https:\/\/www.respirelavie.fr\/vannes\/","logo":{"@type":"ImageObject","inLanguage":"fr-FR","@id":"https:\/\/www.respirelavie.fr\/vannes\/#\/schema\/logo\/image\/","url":"https:\/\/www.respirelavie.fr\/vannes\/wp-content\/uploads\/sites\/4\/2024\/10\/cropped-cropped-cropped-Logo-RESPIRE-vannes-2025-1-1.png","contentUrl":"https:\/\/www.respirelavie.fr\/vannes\/wp-content\/uploads\/sites\/4\/2024\/10\/cropped-cropped-cropped-Logo-RESPIRE-vannes-2025-1-1.png","width":797,"height":145,"caption":"RESPIRE VANNES"},"image":{"@id":"https:\/\/www.respirelavie.fr\/vannes\/#\/schema\/logo\/image\/"}}]}},"_links":{"self":[{"href":"https:\/\/www.respirelavie.fr\/vannes\/wp-json\/wp\/v2\/pages\/3816","targetHints":{"allow":["GET"]}}],"collection":[{"href":"https:\/\/www.respirelavie.fr\/vannes\/wp-json\/wp\/v2\/pages"}],"about":[{"href":"https:\/\/www.respirelavie.fr\/vannes\/wp-json\/wp\/v2\/types\/page"}],"author":[{"embeddable":true,"href":"https:\/\/www.respirelavie.fr\/vannes\/wp-json\/wp\/v2\/users\/1"}],"replies":[{"embeddable":true,"href":"https:\/\/www.respirelavie.fr\/vannes\/wp-json\/wp\/v2\/comments?post=3816"}],"version-history":[{"count":9,"href":"https:\/\/www.respirelavie.fr\/vannes\/wp-json\/wp\/v2\/pages\/3816\/revisions"}],"predecessor-version":[{"id":8300,"href":"https:\/\/www.respirelavie.fr\/vannes\/wp-json\/wp\/v2\/pages\/3816\/revisions\/8300"}],"up":[{"embeddable":true,"href":"https:\/\/www.respirelavie.fr\/vannes\/wp-json\/wp\/v2\/pages\/2456"}],"wp:attachment":[{"href":"https:\/\/www.respirelavie.fr\/vannes\/wp-json\/wp\/v2\/media?parent=3816"}],"curies":[{"name":"wp","href":"https:\/\/api.w.org\/{rel}","templated":true}]}}