{"id":3853,"date":"2017-04-14T11:16:23","date_gmt":"2017-04-14T09:16:23","guid":{"rendered":"http:\/\/localhost:8888\/artemisia\/?page_id=3853"},"modified":"2023-12-06T09:36:13","modified_gmt":"2023-12-06T08:36:13","slug":"programme-du-salon","status":"publish","type":"page","link":"https:\/\/www.respirelavie.fr\/vannes\/programme-du-salon\/","title":{"rendered":"Programme du salon"},"content":{"rendered":"<p>Durant 3 jours, les salon Respire La Vie Vannes vous invite \u00e0 pousser la r\u00e9flexion et l\u2019apprentissage plus loin\u2026 Les animations et les ateliers sont en acc\u00e8s libre. Cependant certains peuvent \u00eatre tr\u00e8s demand\u00e9s, n\u2019h\u00e9sitez pas \u00e0 venir en avance.<br \/>\n<strong><em>Programme sous r\u00e9serve de modifications ult\u00e9rieures.<\/em><\/strong><\/p>\n<p>En marge des conf\u00e9rences anim\u00e9es par des experts de la bio et du bien-\u00eatre, vous pouvez aller plus loin gr\u00e2ce \u00e0 :<\/p>\n<p>\u2022 Des\u00a0<strong>conf\u00e9rences<\/strong>\u00a0pour d\u00e9couvrir les produits et m\u00e9thodes pr\u00e9sent\u00e9s sur le salon,<br \/>\n\u2022 Des\u00a0<strong>ateliers bien-\u00eatre<\/strong>\u00a0et de pratiques corporelles pour vous initier,<br \/>\n\u2022 Des\u00a0<strong>animations sp\u00e9ciales<\/strong>, pour l&#8217;\u00e9veille des visiteurs,<br \/>\n\u2022 Des\u00a0<strong>animations cr\u00e9atives<\/strong>\u00a0avec des d\u00e9monstrations ou de la mise en pratique.<\/p>\n<h2><a href=\"http:\/\/www.respirelavie.fr\/vannes\/programme-du-salon\/conferences\/\" target=\"_blank\" rel=\"noopener noreferrer\">Conf\u00e9rences experts<\/a><\/h2>\n<p>Chaque jour, des conf\u00e9rences anim\u00e9es par des experts, intervenant sur des th\u00e9matiques telles que l\u2019alimentation, la sant\u00e9 et le d\u00e9veloppement personnel vous sont propos\u00e9es.<\/p>\n<h2><a href=\"http:\/\/www.respirelavie.fr\/vannes\/programme-du-salon\/ateliers-conferences\/\" target=\"_blank\" rel=\"noopener noreferrer\">Conf\u00e9rences<\/a><\/h2>\n<p>Des conf\u00e9rences sont organis\u00e9es pour permettre au public de d\u00e9couvrir et mieux comprendre les m\u00e9thodes et les produits pr\u00e9sent\u00e9s sur le salon.<\/p>\n<h2><a href=\"http:\/\/www.respirelavie.fr\/vannes\/programme-du-salon\/ateliers-pratiques\/\" target=\"_blank\" rel=\"noopener noreferrer\">Ateliers bien-\u00eatre<\/a><\/h2>\n<p>Tous les jours, exp\u00e9rimentez la m\u00e9ditation, le yoga, la danse cr\u00e9ative, la sophrologie, l\u2019hypnose, etc. Une occasion de tester ces techniques et de dialoguer avec des praticiens de bien-\u00eatre.<\/p>\n<h2><a href=\"http:\/\/www.respirelavie.fr\/vannes\/programme-du-salon\/animations\/\" target=\"_blank\" rel=\"noopener noreferrer\">Animations cr\u00e9atives<\/a><\/h2>\n<p>Des animations cr\u00e9atives avec des d\u00e9monstrations ou de la mise en pratique : cuisine saine, z\u00e9ro d\u00e9chet, cosm\u00e9tiques naturelles, produits d\u2019entretien \u00e9cologiques, trucs et astuces \u00e9colo, ateliers recyclage, jardinage au naturel\u2026<\/p>\n<h2><a href=\"https:\/\/www.respirelavie.fr\/vannes\/programme-du-salon\/espace-parentalite\/\" target=\"_blank\" rel=\"noopener noreferrer\">Animations sp\u00e9ciales<\/a><\/h2>\n<p>Le salon Respire La Vie Vannes met en place des animations sp\u00e9ciales pour \u00e9veiller l\u2019int\u00e9r\u00eat et pour une exp\u00e9rience visiteurs riche et in\u00e9dite.<\/p>\n<p>&nbsp;<\/p>\n","protected":false},"excerpt":{"rendered":"<p>Durant 3 jours, les salon Respire La Vie Vannes vous invite \u00e0 pousser la r\u00e9flexion et l\u2019apprentissage plus loin\u2026 Les animations et les ateliers sont en acc\u00e8s libre. Cependant certains peuvent \u00eatre tr\u00e8s demand\u00e9s, n\u2019h\u00e9sitez pas \u00e0 venir en avance. Programme sous r\u00e9serve de modifications ult\u00e9rieures. En marge des conf\u00e9rences anim\u00e9es par des experts de&hellip; <\/p>\n","protected":false},"author":1,"featured_media":6373,"parent":0,"menu_order":0,"comment_status":"closed","ping_status":"closed","template":"","meta":{"_monsterinsights_skip_tracking":false,"_monsterinsights_sitenote_active":false,"_monsterinsights_sitenote_note":"","_monsterinsights_sitenote_category":0,"footnotes":""},"class_list":["post-3853","page","type-page","status-publish","has-post-thumbnail","hentry"],"yoast_head":"<!-- This site is optimized with the Yoast SEO plugin v27.3 - https:\/\/yoast.com\/product\/yoast-seo-wordpress\/ -->\n<title>Programme du salon - RESPIRE VANNES<\/title>\n<meta name=\"robots\" content=\"index, follow, max-snippet:-1, max-image-preview:large, max-video-preview:-1\" \/>\n<link rel=\"canonical\" href=\"https:\/\/www.respirelavie.fr\/vannes\/programme-du-salon\/\" \/>\n<meta property=\"og:locale\" content=\"fr_FR\" \/>\n<meta property=\"og:type\" content=\"article\" \/>\n<meta property=\"og:title\" content=\"Programme du salon - RESPIRE VANNES\" \/>\n<meta property=\"og:description\" content=\"Durant 3 jours, les salon Respire La Vie Vannes vous invite \u00e0 pousser la r\u00e9flexion et l\u2019apprentissage plus loin\u2026 Les animations et les ateliers sont en acc\u00e8s libre. Cependant certains peuvent \u00eatre tr\u00e8s demand\u00e9s, n\u2019h\u00e9sitez pas \u00e0 venir en avance. Programme sous r\u00e9serve de modifications ult\u00e9rieures. En marge des conf\u00e9rences anim\u00e9es par des experts de&hellip;\" \/>\n<meta property=\"og:url\" content=\"https:\/\/www.respirelavie.fr\/vannes\/programme-du-salon\/\" \/>\n<meta property=\"og:site_name\" content=\"RESPIRE VANNES\" \/>\n<meta property=\"article:modified_time\" content=\"2023-12-06T08:36:13+00:00\" \/>\n<meta property=\"og:image\" content=\"https:\/\/www.respirelavie.fr\/vannes\/wp-content\/uploads\/sites\/4\/2020\/10\/Fotolia_220219147_Subscription_Monthly_M.jpg\" \/>\n\t<meta property=\"og:image:width\" content=\"1688\" \/>\n\t<meta property=\"og:image:height\" content=\"1125\" \/>\n\t<meta property=\"og:image:type\" content=\"image\/jpeg\" \/>\n<meta name=\"twitter:card\" content=\"summary_large_image\" \/>\n<meta name=\"twitter:label1\" content=\"Dur\u00e9e de lecture estim\u00e9e\" \/>\n\t<meta name=\"twitter:data1\" content=\"2 minutes\" \/>\n<script type=\"application\/ld+json\" class=\"yoast-schema-graph\">{\"@context\":\"https:\\\/\\\/schema.org\",\"@graph\":[{\"@type\":\"WebPage\",\"@id\":\"https:\\\/\\\/www.respirelavie.fr\\\/vannes\\\/programme-du-salon\\\/\",\"url\":\"https:\\\/\\\/www.respirelavie.fr\\\/vannes\\\/programme-du-salon\\\/\",\"name\":\"Programme du salon - RESPIRE VANNES\",\"isPartOf\":{\"@id\":\"https:\\\/\\\/www.respirelavie.fr\\\/vannes\\\/#website\"},\"primaryImageOfPage\":{\"@id\":\"https:\\\/\\\/www.respirelavie.fr\\\/vannes\\\/programme-du-salon\\\/#primaryimage\"},\"image\":{\"@id\":\"https:\\\/\\\/www.respirelavie.fr\\\/vannes\\\/programme-du-salon\\\/#primaryimage\"},\"thumbnailUrl\":\"https:\\\/\\\/www.respirelavie.fr\\\/vannes\\\/wp-content\\\/uploads\\\/sites\\\/4\\\/2020\\\/10\\\/Fotolia_220219147_Subscription_Monthly_M.jpg\",\"datePublished\":\"2017-04-14T09:16:23+00:00\",\"dateModified\":\"2023-12-06T08:36:13+00:00\",\"breadcrumb\":{\"@id\":\"https:\\\/\\\/www.respirelavie.fr\\\/vannes\\\/programme-du-salon\\\/#breadcrumb\"},\"inLanguage\":\"fr-FR\",\"potentialAction\":[{\"@type\":\"ReadAction\",\"target\":[\"https:\\\/\\\/www.respirelavie.fr\\\/vannes\\\/programme-du-salon\\\/\"]}]},{\"@type\":\"ImageObject\",\"inLanguage\":\"fr-FR\",\"@id\":\"https:\\\/\\\/www.respirelavie.fr\\\/vannes\\\/programme-du-salon\\\/#primaryimage\",\"url\":\"https:\\\/\\\/www.respirelavie.fr\\\/vannes\\\/wp-content\\\/uploads\\\/sites\\\/4\\\/2020\\\/10\\\/Fotolia_220219147_Subscription_Monthly_M.jpg\",\"contentUrl\":\"https:\\\/\\\/www.respirelavie.fr\\\/vannes\\\/wp-content\\\/uploads\\\/sites\\\/4\\\/2020\\\/10\\\/Fotolia_220219147_Subscription_Monthly_M.jpg\",\"width\":1688,\"height\":1125,\"caption\":\"Young woman meditates in easy pose in boho interrior. Yoga at home concept\"},{\"@type\":\"BreadcrumbList\",\"@id\":\"https:\\\/\\\/www.respirelavie.fr\\\/vannes\\\/programme-du-salon\\\/#breadcrumb\",\"itemListElement\":[{\"@type\":\"ListItem\",\"position\":1,\"name\":\"Accueil\",\"item\":\"https:\\\/\\\/www.respirelavie.fr\\\/vannes\\\/\"},{\"@type\":\"ListItem\",\"position\":2,\"name\":\"Programme du salon\"}]},{\"@type\":\"WebSite\",\"@id\":\"https:\\\/\\\/www.respirelavie.fr\\\/vannes\\\/#website\",\"url\":\"https:\\\/\\\/www.respirelavie.fr\\\/vannes\\\/\",\"name\":\"RESPIRE VANNES\",\"description\":\"RESPIRE : votre salon bio, bien-\u00eatre et habitat sain \u00e0 Vannes\",\"publisher\":{\"@id\":\"https:\\\/\\\/www.respirelavie.fr\\\/vannes\\\/#organization\"},\"potentialAction\":[{\"@type\":\"SearchAction\",\"target\":{\"@type\":\"EntryPoint\",\"urlTemplate\":\"https:\\\/\\\/www.respirelavie.fr\\\/vannes\\\/?s={search_term_string}\"},\"query-input\":{\"@type\":\"PropertyValueSpecification\",\"valueRequired\":true,\"valueName\":\"search_term_string\"}}],\"inLanguage\":\"fr-FR\"},{\"@type\":\"Organization\",\"@id\":\"https:\\\/\\\/www.respirelavie.fr\\\/vannes\\\/#organization\",\"name\":\"RESPIRE VANNES\",\"url\":\"https:\\\/\\\/www.respirelavie.fr\\\/vannes\\\/\",\"logo\":{\"@type\":\"ImageObject\",\"inLanguage\":\"fr-FR\",\"@id\":\"https:\\\/\\\/www.respirelavie.fr\\\/vannes\\\/#\\\/schema\\\/logo\\\/image\\\/\",\"url\":\"https:\\\/\\\/www.respirelavie.fr\\\/vannes\\\/wp-content\\\/uploads\\\/sites\\\/4\\\/2024\\\/10\\\/cropped-cropped-cropped-Logo-RESPIRE-vannes-2025-1-1.png\",\"contentUrl\":\"https:\\\/\\\/www.respirelavie.fr\\\/vannes\\\/wp-content\\\/uploads\\\/sites\\\/4\\\/2024\\\/10\\\/cropped-cropped-cropped-Logo-RESPIRE-vannes-2025-1-1.png\",\"width\":797,\"height\":145,\"caption\":\"RESPIRE VANNES\"},\"image\":{\"@id\":\"https:\\\/\\\/www.respirelavie.fr\\\/vannes\\\/#\\\/schema\\\/logo\\\/image\\\/\"}}]}<\/script>\n<!-- \/ Yoast SEO plugin. -->","yoast_head_json":{"title":"Programme du salon - RESPIRE VANNES","robots":{"index":"index","follow":"follow","max-snippet":"max-snippet:-1","max-image-preview":"max-image-preview:large","max-video-preview":"max-video-preview:-1"},"canonical":"https:\/\/www.respirelavie.fr\/vannes\/programme-du-salon\/","og_locale":"fr_FR","og_type":"article","og_title":"Programme du salon - RESPIRE VANNES","og_description":"Durant 3 jours, les salon Respire La Vie Vannes vous invite \u00e0 pousser la r\u00e9flexion et l\u2019apprentissage plus loin\u2026 Les animations et les ateliers sont en acc\u00e8s libre. Cependant certains peuvent \u00eatre tr\u00e8s demand\u00e9s, n\u2019h\u00e9sitez pas \u00e0 venir en avance. Programme sous r\u00e9serve de modifications ult\u00e9rieures. En marge des conf\u00e9rences anim\u00e9es par des experts de&hellip;","og_url":"https:\/\/www.respirelavie.fr\/vannes\/programme-du-salon\/","og_site_name":"RESPIRE VANNES","article_modified_time":"2023-12-06T08:36:13+00:00","og_image":[{"width":1688,"height":1125,"url":"https:\/\/www.respirelavie.fr\/vannes\/wp-content\/uploads\/sites\/4\/2020\/10\/Fotolia_220219147_Subscription_Monthly_M.jpg","type":"image\/jpeg"}],"twitter_card":"summary_large_image","twitter_misc":{"Dur\u00e9e de lecture estim\u00e9e":"2 minutes"},"schema":{"@context":"https:\/\/schema.org","@graph":[{"@type":"WebPage","@id":"https:\/\/www.respirelavie.fr\/vannes\/programme-du-salon\/","url":"https:\/\/www.respirelavie.fr\/vannes\/programme-du-salon\/","name":"Programme du salon - RESPIRE VANNES","isPartOf":{"@id":"https:\/\/www.respirelavie.fr\/vannes\/#website"},"primaryImageOfPage":{"@id":"https:\/\/www.respirelavie.fr\/vannes\/programme-du-salon\/#primaryimage"},"image":{"@id":"https:\/\/www.respirelavie.fr\/vannes\/programme-du-salon\/#primaryimage"},"thumbnailUrl":"https:\/\/www.respirelavie.fr\/vannes\/wp-content\/uploads\/sites\/4\/2020\/10\/Fotolia_220219147_Subscription_Monthly_M.jpg","datePublished":"2017-04-14T09:16:23+00:00","dateModified":"2023-12-06T08:36:13+00:00","breadcrumb":{"@id":"https:\/\/www.respirelavie.fr\/vannes\/programme-du-salon\/#breadcrumb"},"inLanguage":"fr-FR","potentialAction":[{"@type":"ReadAction","target":["https:\/\/www.respirelavie.fr\/vannes\/programme-du-salon\/"]}]},{"@type":"ImageObject","inLanguage":"fr-FR","@id":"https:\/\/www.respirelavie.fr\/vannes\/programme-du-salon\/#primaryimage","url":"https:\/\/www.respirelavie.fr\/vannes\/wp-content\/uploads\/sites\/4\/2020\/10\/Fotolia_220219147_Subscription_Monthly_M.jpg","contentUrl":"https:\/\/www.respirelavie.fr\/vannes\/wp-content\/uploads\/sites\/4\/2020\/10\/Fotolia_220219147_Subscription_Monthly_M.jpg","width":1688,"height":1125,"caption":"Young woman meditates in easy pose in boho interrior. Yoga at home concept"},{"@type":"BreadcrumbList","@id":"https:\/\/www.respirelavie.fr\/vannes\/programme-du-salon\/#breadcrumb","itemListElement":[{"@type":"ListItem","position":1,"name":"Accueil","item":"https:\/\/www.respirelavie.fr\/vannes\/"},{"@type":"ListItem","position":2,"name":"Programme du salon"}]},{"@type":"WebSite","@id":"https:\/\/www.respirelavie.fr\/vannes\/#website","url":"https:\/\/www.respirelavie.fr\/vannes\/","name":"RESPIRE VANNES","description":"RESPIRE : votre salon bio, bien-\u00eatre et habitat sain \u00e0 Vannes","publisher":{"@id":"https:\/\/www.respirelavie.fr\/vannes\/#organization"},"potentialAction":[{"@type":"SearchAction","target":{"@type":"EntryPoint","urlTemplate":"https:\/\/www.respirelavie.fr\/vannes\/?s={search_term_string}"},"query-input":{"@type":"PropertyValueSpecification","valueRequired":true,"valueName":"search_term_string"}}],"inLanguage":"fr-FR"},{"@type":"Organization","@id":"https:\/\/www.respirelavie.fr\/vannes\/#organization","name":"RESPIRE VANNES","url":"https:\/\/www.respirelavie.fr\/vannes\/","logo":{"@type":"ImageObject","inLanguage":"fr-FR","@id":"https:\/\/www.respirelavie.fr\/vannes\/#\/schema\/logo\/image\/","url":"https:\/\/www.respirelavie.fr\/vannes\/wp-content\/uploads\/sites\/4\/2024\/10\/cropped-cropped-cropped-Logo-RESPIRE-vannes-2025-1-1.png","contentUrl":"https:\/\/www.respirelavie.fr\/vannes\/wp-content\/uploads\/sites\/4\/2024\/10\/cropped-cropped-cropped-Logo-RESPIRE-vannes-2025-1-1.png","width":797,"height":145,"caption":"RESPIRE VANNES"},"image":{"@id":"https:\/\/www.respirelavie.fr\/vannes\/#\/schema\/logo\/image\/"}}]}},"_links":{"self":[{"href":"https:\/\/www.respirelavie.fr\/vannes\/wp-json\/wp\/v2\/pages\/3853","targetHints":{"allow":["GET"]}}],"collection":[{"href":"https:\/\/www.respirelavie.fr\/vannes\/wp-json\/wp\/v2\/pages"}],"about":[{"href":"https:\/\/www.respirelavie.fr\/vannes\/wp-json\/wp\/v2\/types\/page"}],"author":[{"embeddable":true,"href":"https:\/\/www.respirelavie.fr\/vannes\/wp-json\/wp\/v2\/users\/1"}],"replies":[{"embeddable":true,"href":"https:\/\/www.respirelavie.fr\/vannes\/wp-json\/wp\/v2\/comments?post=3853"}],"version-history":[{"count":20,"href":"https:\/\/www.respirelavie.fr\/vannes\/wp-json\/wp\/v2\/pages\/3853\/revisions"}],"predecessor-version":[{"id":8125,"href":"https:\/\/www.respirelavie.fr\/vannes\/wp-json\/wp\/v2\/pages\/3853\/revisions\/8125"}],"wp:featuredmedia":[{"embeddable":true,"href":"https:\/\/www.respirelavie.fr\/vannes\/wp-json\/wp\/v2\/media\/6373"}],"wp:attachment":[{"href":"https:\/\/www.respirelavie.fr\/vannes\/wp-json\/wp\/v2\/media?parent=3853"}],"curies":[{"name":"wp","href":"https:\/\/api.w.org\/{rel}","templated":true}]}}