{"id":3857,"date":"2017-04-14T11:17:18","date_gmt":"2017-04-14T09:17:18","guid":{"rendered":"http:\/\/localhost:8888\/artemisia\/?page_id=3857"},"modified":"2024-11-18T09:47:30","modified_gmt":"2024-11-18T08:47:30","slug":"ateliers-conferences","status":"publish","type":"page","link":"https:\/\/www.respirelavie.fr\/vannes\/programme-du-salon\/ateliers-conferences\/","title":{"rendered":"Conf\u00e9rences"},"content":{"rendered":"<p>Des conf\u00e9rences sont organis\u00e9es pour permettre au public de d\u00e9couvrir et mieux comprendre les m\u00e9thodes et les produits pr\u00e9sent\u00e9s sur le salon.<\/p>\n<hr \/>\n<p><span style=\"font-size: 10pt;\"><a href=\"https:\/\/www.respirelavie.fr\/vannes\/conferences\/\" target=\"_blank\" rel=\"noopener\"><em>Consultez le programme des conf\u00e9rences 2024<\/em><\/a><br \/>\n<a href=\"https:\/\/www.respirelavie.fr\/vannes\/conferences-2023\/\" target=\"_blank\" rel=\"noopener noreferrer\"><em>Consultez le programme des conf\u00e9rences 2023<\/em><\/a><br \/>\n<a href=\"https:\/\/www.respirelavie.fr\/vannes\/conferences-2022-annulees\/\" target=\"_blank\" rel=\"noopener noreferrer\"><em>Consultez le programme des conf\u00e9rences 2022<\/em><\/a><br \/>\n<\/span><span style=\"font-size: 10pt;\"><a href=\"https:\/\/www.respirelavie.fr\/vannes\/conference-2020\/\" target=\"_blank\" rel=\"noopener noreferrer\"><em>Consultez le programme des conf\u00e9rences 2020<\/em><\/a><\/span><br \/>\n<span style=\"font-size: 10pt;\"><em><a href=\"https:\/\/www.respirelavie.fr\/vannes\/conference-2019\/\" target=\"_blank\" rel=\"noopener noreferrer\">Consultez le programme des conf\u00e9rences 2019<\/a><br \/>\n<\/em><\/span><span style=\"font-size: 10pt;\"><em><br \/>\n<\/em><\/span><\/p>\n<p>&nbsp;<\/p>\n<p>&nbsp;<\/p>\n","protected":false},"excerpt":{"rendered":"<p>Des conf\u00e9rences sont organis\u00e9es pour permettre au public de d\u00e9couvrir et mieux comprendre les m\u00e9thodes et les produits pr\u00e9sent\u00e9s sur le salon. Consultez le programme des conf\u00e9rences 2024 Consultez le programme des conf\u00e9rences 2023 Consultez le programme des conf\u00e9rences 2022 Consultez le programme des conf\u00e9rences 2020 Consultez le programme des conf\u00e9rences 2019 &nbsp; &nbsp;<\/p>\n","protected":false},"author":1,"featured_media":0,"parent":3853,"menu_order":2,"comment_status":"closed","ping_status":"closed","template":"","meta":{"_monsterinsights_skip_tracking":false,"_monsterinsights_sitenote_active":false,"_monsterinsights_sitenote_note":"","_monsterinsights_sitenote_category":0,"footnotes":""},"class_list":["post-3857","page","type-page","status-publish","hentry"],"yoast_head":"<!-- This site is optimized with the Yoast SEO plugin v27.3 - https:\/\/yoast.com\/product\/yoast-seo-wordpress\/ -->\n<title>Conf\u00e9rences - RESPIRE VANNES<\/title>\n<meta name=\"robots\" content=\"index, follow, max-snippet:-1, max-image-preview:large, max-video-preview:-1\" \/>\n<link rel=\"canonical\" href=\"https:\/\/www.respirelavie.fr\/vannes\/programme-du-salon\/ateliers-conferences\/\" \/>\n<meta property=\"og:locale\" content=\"fr_FR\" \/>\n<meta property=\"og:type\" content=\"article\" \/>\n<meta property=\"og:title\" content=\"Conf\u00e9rences - RESPIRE VANNES\" \/>\n<meta property=\"og:description\" content=\"Des conf\u00e9rences sont organis\u00e9es pour permettre au public de d\u00e9couvrir et mieux comprendre les m\u00e9thodes et les produits pr\u00e9sent\u00e9s sur le salon. Consultez le programme des conf\u00e9rences 2024 Consultez le programme des conf\u00e9rences 2023 Consultez le programme des conf\u00e9rences 2022 Consultez le programme des conf\u00e9rences 2020 Consultez le programme des conf\u00e9rences 2019 &nbsp; &nbsp;\" \/>\n<meta property=\"og:url\" content=\"https:\/\/www.respirelavie.fr\/vannes\/programme-du-salon\/ateliers-conferences\/\" \/>\n<meta property=\"og:site_name\" content=\"RESPIRE VANNES\" \/>\n<meta property=\"article:modified_time\" content=\"2024-11-18T08:47:30+00:00\" \/>\n<meta name=\"twitter:card\" content=\"summary_large_image\" \/>\n<meta name=\"twitter:label1\" content=\"Dur\u00e9e de lecture estim\u00e9e\" \/>\n\t<meta name=\"twitter:data1\" content=\"1 minute\" \/>\n<script type=\"application\/ld+json\" class=\"yoast-schema-graph\">{\"@context\":\"https:\\\/\\\/schema.org\",\"@graph\":[{\"@type\":\"WebPage\",\"@id\":\"https:\\\/\\\/www.respirelavie.fr\\\/vannes\\\/programme-du-salon\\\/ateliers-conferences\\\/\",\"url\":\"https:\\\/\\\/www.respirelavie.fr\\\/vannes\\\/programme-du-salon\\\/ateliers-conferences\\\/\",\"name\":\"Conf\u00e9rences - RESPIRE VANNES\",\"isPartOf\":{\"@id\":\"https:\\\/\\\/www.respirelavie.fr\\\/vannes\\\/#website\"},\"datePublished\":\"2017-04-14T09:17:18+00:00\",\"dateModified\":\"2024-11-18T08:47:30+00:00\",\"breadcrumb\":{\"@id\":\"https:\\\/\\\/www.respirelavie.fr\\\/vannes\\\/programme-du-salon\\\/ateliers-conferences\\\/#breadcrumb\"},\"inLanguage\":\"fr-FR\",\"potentialAction\":[{\"@type\":\"ReadAction\",\"target\":[\"https:\\\/\\\/www.respirelavie.fr\\\/vannes\\\/programme-du-salon\\\/ateliers-conferences\\\/\"]}]},{\"@type\":\"BreadcrumbList\",\"@id\":\"https:\\\/\\\/www.respirelavie.fr\\\/vannes\\\/programme-du-salon\\\/ateliers-conferences\\\/#breadcrumb\",\"itemListElement\":[{\"@type\":\"ListItem\",\"position\":1,\"name\":\"Accueil\",\"item\":\"https:\\\/\\\/www.respirelavie.fr\\\/vannes\\\/\"},{\"@type\":\"ListItem\",\"position\":2,\"name\":\"Programme du salon\",\"item\":\"https:\\\/\\\/www.respirelavie.fr\\\/vannes\\\/programme-du-salon\\\/\"},{\"@type\":\"ListItem\",\"position\":3,\"name\":\"Conf\u00e9rences\"}]},{\"@type\":\"WebSite\",\"@id\":\"https:\\\/\\\/www.respirelavie.fr\\\/vannes\\\/#website\",\"url\":\"https:\\\/\\\/www.respirelavie.fr\\\/vannes\\\/\",\"name\":\"RESPIRE VANNES\",\"description\":\"RESPIRE : votre salon bio, bien-\u00eatre et habitat sain \u00e0 Vannes\",\"publisher\":{\"@id\":\"https:\\\/\\\/www.respirelavie.fr\\\/vannes\\\/#organization\"},\"potentialAction\":[{\"@type\":\"SearchAction\",\"target\":{\"@type\":\"EntryPoint\",\"urlTemplate\":\"https:\\\/\\\/www.respirelavie.fr\\\/vannes\\\/?s={search_term_string}\"},\"query-input\":{\"@type\":\"PropertyValueSpecification\",\"valueRequired\":true,\"valueName\":\"search_term_string\"}}],\"inLanguage\":\"fr-FR\"},{\"@type\":\"Organization\",\"@id\":\"https:\\\/\\\/www.respirelavie.fr\\\/vannes\\\/#organization\",\"name\":\"RESPIRE VANNES\",\"url\":\"https:\\\/\\\/www.respirelavie.fr\\\/vannes\\\/\",\"logo\":{\"@type\":\"ImageObject\",\"inLanguage\":\"fr-FR\",\"@id\":\"https:\\\/\\\/www.respirelavie.fr\\\/vannes\\\/#\\\/schema\\\/logo\\\/image\\\/\",\"url\":\"https:\\\/\\\/www.respirelavie.fr\\\/vannes\\\/wp-content\\\/uploads\\\/sites\\\/4\\\/2024\\\/10\\\/cropped-cropped-cropped-Logo-RESPIRE-vannes-2025-1-1.png\",\"contentUrl\":\"https:\\\/\\\/www.respirelavie.fr\\\/vannes\\\/wp-content\\\/uploads\\\/sites\\\/4\\\/2024\\\/10\\\/cropped-cropped-cropped-Logo-RESPIRE-vannes-2025-1-1.png\",\"width\":797,\"height\":145,\"caption\":\"RESPIRE VANNES\"},\"image\":{\"@id\":\"https:\\\/\\\/www.respirelavie.fr\\\/vannes\\\/#\\\/schema\\\/logo\\\/image\\\/\"}}]}<\/script>\n<!-- \/ Yoast SEO plugin. -->","yoast_head_json":{"title":"Conf\u00e9rences - RESPIRE VANNES","robots":{"index":"index","follow":"follow","max-snippet":"max-snippet:-1","max-image-preview":"max-image-preview:large","max-video-preview":"max-video-preview:-1"},"canonical":"https:\/\/www.respirelavie.fr\/vannes\/programme-du-salon\/ateliers-conferences\/","og_locale":"fr_FR","og_type":"article","og_title":"Conf\u00e9rences - RESPIRE VANNES","og_description":"Des conf\u00e9rences sont organis\u00e9es pour permettre au public de d\u00e9couvrir et mieux comprendre les m\u00e9thodes et les produits pr\u00e9sent\u00e9s sur le salon. Consultez le programme des conf\u00e9rences 2024 Consultez le programme des conf\u00e9rences 2023 Consultez le programme des conf\u00e9rences 2022 Consultez le programme des conf\u00e9rences 2020 Consultez le programme des conf\u00e9rences 2019 &nbsp; &nbsp;","og_url":"https:\/\/www.respirelavie.fr\/vannes\/programme-du-salon\/ateliers-conferences\/","og_site_name":"RESPIRE VANNES","article_modified_time":"2024-11-18T08:47:30+00:00","twitter_card":"summary_large_image","twitter_misc":{"Dur\u00e9e de lecture estim\u00e9e":"1 minute"},"schema":{"@context":"https:\/\/schema.org","@graph":[{"@type":"WebPage","@id":"https:\/\/www.respirelavie.fr\/vannes\/programme-du-salon\/ateliers-conferences\/","url":"https:\/\/www.respirelavie.fr\/vannes\/programme-du-salon\/ateliers-conferences\/","name":"Conf\u00e9rences - RESPIRE VANNES","isPartOf":{"@id":"https:\/\/www.respirelavie.fr\/vannes\/#website"},"datePublished":"2017-04-14T09:17:18+00:00","dateModified":"2024-11-18T08:47:30+00:00","breadcrumb":{"@id":"https:\/\/www.respirelavie.fr\/vannes\/programme-du-salon\/ateliers-conferences\/#breadcrumb"},"inLanguage":"fr-FR","potentialAction":[{"@type":"ReadAction","target":["https:\/\/www.respirelavie.fr\/vannes\/programme-du-salon\/ateliers-conferences\/"]}]},{"@type":"BreadcrumbList","@id":"https:\/\/www.respirelavie.fr\/vannes\/programme-du-salon\/ateliers-conferences\/#breadcrumb","itemListElement":[{"@type":"ListItem","position":1,"name":"Accueil","item":"https:\/\/www.respirelavie.fr\/vannes\/"},{"@type":"ListItem","position":2,"name":"Programme du salon","item":"https:\/\/www.respirelavie.fr\/vannes\/programme-du-salon\/"},{"@type":"ListItem","position":3,"name":"Conf\u00e9rences"}]},{"@type":"WebSite","@id":"https:\/\/www.respirelavie.fr\/vannes\/#website","url":"https:\/\/www.respirelavie.fr\/vannes\/","name":"RESPIRE VANNES","description":"RESPIRE : votre salon bio, bien-\u00eatre et habitat sain \u00e0 Vannes","publisher":{"@id":"https:\/\/www.respirelavie.fr\/vannes\/#organization"},"potentialAction":[{"@type":"SearchAction","target":{"@type":"EntryPoint","urlTemplate":"https:\/\/www.respirelavie.fr\/vannes\/?s={search_term_string}"},"query-input":{"@type":"PropertyValueSpecification","valueRequired":true,"valueName":"search_term_string"}}],"inLanguage":"fr-FR"},{"@type":"Organization","@id":"https:\/\/www.respirelavie.fr\/vannes\/#organization","name":"RESPIRE VANNES","url":"https:\/\/www.respirelavie.fr\/vannes\/","logo":{"@type":"ImageObject","inLanguage":"fr-FR","@id":"https:\/\/www.respirelavie.fr\/vannes\/#\/schema\/logo\/image\/","url":"https:\/\/www.respirelavie.fr\/vannes\/wp-content\/uploads\/sites\/4\/2024\/10\/cropped-cropped-cropped-Logo-RESPIRE-vannes-2025-1-1.png","contentUrl":"https:\/\/www.respirelavie.fr\/vannes\/wp-content\/uploads\/sites\/4\/2024\/10\/cropped-cropped-cropped-Logo-RESPIRE-vannes-2025-1-1.png","width":797,"height":145,"caption":"RESPIRE VANNES"},"image":{"@id":"https:\/\/www.respirelavie.fr\/vannes\/#\/schema\/logo\/image\/"}}]}},"_links":{"self":[{"href":"https:\/\/www.respirelavie.fr\/vannes\/wp-json\/wp\/v2\/pages\/3857","targetHints":{"allow":["GET"]}}],"collection":[{"href":"https:\/\/www.respirelavie.fr\/vannes\/wp-json\/wp\/v2\/pages"}],"about":[{"href":"https:\/\/www.respirelavie.fr\/vannes\/wp-json\/wp\/v2\/types\/page"}],"author":[{"embeddable":true,"href":"https:\/\/www.respirelavie.fr\/vannes\/wp-json\/wp\/v2\/users\/1"}],"replies":[{"embeddable":true,"href":"https:\/\/www.respirelavie.fr\/vannes\/wp-json\/wp\/v2\/comments?post=3857"}],"version-history":[{"count":61,"href":"https:\/\/www.respirelavie.fr\/vannes\/wp-json\/wp\/v2\/pages\/3857\/revisions"}],"predecessor-version":[{"id":9056,"href":"https:\/\/www.respirelavie.fr\/vannes\/wp-json\/wp\/v2\/pages\/3857\/revisions\/9056"}],"up":[{"embeddable":true,"href":"https:\/\/www.respirelavie.fr\/vannes\/wp-json\/wp\/v2\/pages\/3853"}],"wp:attachment":[{"href":"https:\/\/www.respirelavie.fr\/vannes\/wp-json\/wp\/v2\/media?parent=3857"}],"curies":[{"name":"wp","href":"https:\/\/api.w.org\/{rel}","templated":true}]}}