{"id":5014,"date":"2019-01-04T12:09:02","date_gmt":"2019-01-04T11:09:02","guid":{"rendered":"https:\/\/www.respirelavie.fr\/vannes\/?page_id=5014"},"modified":"2024-01-04T12:12:20","modified_gmt":"2024-01-04T11:12:20","slug":"espace-parentalite","status":"publish","type":"page","link":"https:\/\/www.respirelavie.fr\/vannes\/programme-du-salon\/espace-parentalite\/","title":{"rendered":"Espace d\u2019animations en continu"},"content":{"rendered":"<p>Le salon Respire La Vie Vannes met en place des animations sp\u00e9ciales pour \u00e9veiller l\u2019int\u00e9r\u00eat et pour une exp\u00e9rience visiteurs riche et in\u00e9dite.<\/p>\n<p><a href=\"#enfants\">Le coin des enfants<\/a><br \/>\n<a href=\"#parents\">Espace parentalit\u00e9<\/a><br \/>\n<a href=\"#detente\">Espace d\u00e9tente<\/a><br \/>\n<a href=\"#tiny\">Tiny House<\/a><br \/>\n<a href=\"#vannerie\">Espace vannerie<\/a><a id=\"enfants\"><\/a><\/p>\n<h3><strong>Le coin des enfants<\/strong><\/h3>\n<p>Animations cr\u00e9atives et bricolages nature \u00e0 base de mat\u00e9riaux de r\u00e9cup\u00e9ration.<br \/>\nSamedi et dimanche, \u00e0 partir de 3 ans.<\/p>\n<p><strong>Anim\u00e9s par la T\u00eate et les Mains<a id=\"parents\"><\/a><\/strong><\/p>\n<h3><strong>Espace parentalit\u00e9<\/strong><\/h3>\n<p><strong>L&#8217;association passerelles56 est n\u00e9e pour :\u00a0<\/strong><\/p>\n<p><img decoding=\"async\" class=\"alignnone wp-image-8158\" src=\"https:\/\/www.respirelavie.fr\/vannes\/wp-content\/uploads\/sites\/4\/2023\/12\/Sans-titre-3.png\" alt=\"\" width=\"162\" height=\"98\" \/><img decoding=\"async\" class=\"alignnone wp-image-8159\" src=\"https:\/\/www.respirelavie.fr\/vannes\/wp-content\/uploads\/sites\/4\/2023\/12\/Sans-titre-4.png\" alt=\"\" width=\"172\" height=\"83\" \/><\/p>\n<ul>\n<li>Contribuer \u00e0 l\u2019am\u00e9lioration de l\u2019accompagnement des familles autour de la p\u00e9riode de la naissance et parentalit\u00e9.<\/li>\n<li>Accompagner les femmes, les couples et les familles dans la p\u00e9riode p\u00e9rinatale et les passages cl\u00e9s de leur vie.<\/li>\n<li>Faire d\u00e9couvrir et conna\u00eetre la fonction des doulas ou accompagnantes \u00e0 la naissance, de pr\u00e9sence en p\u00e9rinatalit\u00e9.<\/li>\n<li>Proposer des temps de rencontres, d&#8217;\u00e9changes et de r\u00e9flexions autour de la p\u00e9rinatalit\u00e9, la maternit\u00e9, la f\u00e9minit\u00e9, la parentalit\u00e9\u2026<\/li>\n<li>Participer \u00e0 la mise en place d&#8217;un r\u00e9seau de soutien\u00a0autour de la cellule familiale dite \u00ab\u00a0nucl\u00e9aire\u00a0\u00bb tr\u00e8s sollicit\u00e9e de nos jours.<\/li>\n<li>Avoir une d\u00e9marche \u00e9coresponsable en proposant des dons de v\u00eatements et petits mat\u00e9riels.<\/li>\n<li>Soutenir l\u2019allaitement, le portage, l\u2019\u00e9ducation bienveillante et le maternage proximal.<a id=\"detente\"><\/a><\/li>\n<\/ul>\n<h3><strong>Espace d\u00e9tente<\/strong><\/h3>\n<p>Venez vous relaxer chez Bois et Forme, un mobilier au plus proche de l\u2019arbre par ces courbes et ces mouvements.<a id=\"tiny\"><\/a><\/p>\n<h3><strong>Tiny House<\/strong><\/h3>\n<p>Artisans passionn\u00e9s, nous cr\u00e9ons votre Tiny House mobile. Notre entreprise familiale, situ\u00e9e dans le Morbihan, r\u00e9alise des Tiny House made in Bretagne.<\/p>\n<p>De l\u2019\u00e9laboration du plan \u00e0 la conception, nous mettons tout en \u0153uvre pour r\u00e9pondre \u00e0 vos attentes de mani\u00e8re personnalis\u00e9e.<\/p>\n<p>Chez Eureka pas de Tiny House en s\u00e9rie, chaque Tiny House est unique. Elle prend vie au fil de nos \u00e9changes afin de cr\u00e9er une tiny house sur mesure. Depuis l\u2019ossature bois en passant par l\u2019\u00e9tanch\u00e9it\u00e9, la plomberie, l\u2019\u00e9lectricit\u00e9 et jusqu\u2019aux am\u00e9nagements int\u00e9rieurs, nous vous accompagnons dans la cr\u00e9ation d\u2019une tiny \u00e0 votre image.<\/p>\n<p>En r\u00e9alit\u00e9 tout est possible, la Tiny House prend la forme que vous souhaitez.<\/p>\n<p>De la Tiny House de 1m<sup>2<\/sup> pour faire un bureau, \u00e0 l\u2019\u00e9co h\u00e9bergement en bois, en passant par la Tiny house automne avec ses panneaux photovolta\u00efques et r\u00e9cup\u00e9ration d\u2019eau de pluie, vous choisissez votre Tiny House en fonction de votre projet personnel.<\/p>\n<p>Il existe mille et une raison pour vouloir vivre dans une vraie maison, autonome et proche de la nature.<\/p>\n<p>En effet chez Eureka, nous avons \u00e0 c\u0153ur de cr\u00e9er des logements accessibles \u00e0 l\u2019achat, dans le respect de la nature et de votre environnement.<\/p>\n<p><strong>Anim\u00e9 par Eureka<a id=\"vannerie\"><\/a><\/strong><\/p>\n<h3><strong>Espace Vannerie <\/strong><\/h3>\n<p><img fetchpriority=\"high\" decoding=\"async\" class=\" wp-image-8435 alignleft\" src=\"https:\/\/www.respirelavie.fr\/vannes\/wp-content\/uploads\/sites\/4\/2024\/01\/Sans-titre-300x225.jpg\" alt=\"\" width=\"271\" height=\"203\" srcset=\"https:\/\/www.respirelavie.fr\/vannes\/wp-content\/uploads\/sites\/4\/2024\/01\/Sans-titre-300x225.jpg 300w, https:\/\/www.respirelavie.fr\/vannes\/wp-content\/uploads\/sites\/4\/2024\/01\/Sans-titre-150x113.jpg 150w, https:\/\/www.respirelavie.fr\/vannes\/wp-content\/uploads\/sites\/4\/2024\/01\/Sans-titre-500x375.jpg 500w, https:\/\/www.respirelavie.fr\/vannes\/wp-content\/uploads\/sites\/4\/2024\/01\/Sans-titre.jpg 656w\" sizes=\"(max-width: 271px) 100vw, 271px\" \/>C\u00e9line SCIACQUA, vanni\u00e8re depuis 2006 est dipl\u00f4m\u00e9e de l\u2019Ecole Nationale d\u2019Osi\u00e9riculture et de Vannerie (ENOV). Ses cr\u00e9ations sont \u00e0 la fois utilitaires et artistiques\u00a0: elle y m\u00eale osier, plantes sauvages et mati\u00e8res consid\u00e9r\u00e9es comme rebut.<\/p>\n<p>&nbsp;<\/p>\n<p><img loading=\"lazy\" decoding=\"async\" class=\" wp-image-8436 alignright\" src=\"https:\/\/www.respirelavie.fr\/vannes\/wp-content\/uploads\/sites\/4\/2024\/01\/Sans-titre2-300x225.jpg\" alt=\"\" width=\"267\" height=\"200\" srcset=\"https:\/\/www.respirelavie.fr\/vannes\/wp-content\/uploads\/sites\/4\/2024\/01\/Sans-titre2-300x225.jpg 300w, https:\/\/www.respirelavie.fr\/vannes\/wp-content\/uploads\/sites\/4\/2024\/01\/Sans-titre2-150x113.jpg 150w, https:\/\/www.respirelavie.fr\/vannes\/wp-content\/uploads\/sites\/4\/2024\/01\/Sans-titre2-500x376.jpg 500w, https:\/\/www.respirelavie.fr\/vannes\/wp-content\/uploads\/sites\/4\/2024\/01\/Sans-titre2.jpg 700w\" sizes=\"(max-width: 267px) 100vw, 267px\" \/><\/p>\n<p>&nbsp;<\/p>\n<p>&nbsp;<\/p>\n<p>Sensibilisation \u00e0 la nature et \u00e0 sa protection par le biais de l&#8217;art, au travers d&#8217;une approche simple et ludique des techniques de vannerie d&#8217;osier et \u00e0 partir de plantes sauvages et de mati\u00e8re consid\u00e9r\u00e9e comme rebut.<\/p>\n<p>&nbsp;<\/p>\n<p>&nbsp;<\/p>\n<p>&nbsp;<\/p>\n<p><span style=\"font-size: 10pt;\"><em>Ateliers enfants et adultes d\u2019initiation \u00e0 la vannerie d\u2019osier et de plantes (2h).<\/em><\/span><\/p>\n<p>&nbsp;<\/p>\n<p><strong>Organis\u00e9 par<img loading=\"lazy\" decoding=\"async\" class=\"size-medium wp-image-8438 alignnone\" src=\"https:\/\/www.respirelavie.fr\/vannes\/wp-content\/uploads\/sites\/4\/2024\/01\/logo-300x113.jpg\" alt=\"\" width=\"300\" height=\"113\" srcset=\"https:\/\/www.respirelavie.fr\/vannes\/wp-content\/uploads\/sites\/4\/2024\/01\/logo-300x113.jpg 300w, https:\/\/www.respirelavie.fr\/vannes\/wp-content\/uploads\/sites\/4\/2024\/01\/logo-150x56.jpg 150w, https:\/\/www.respirelavie.fr\/vannes\/wp-content\/uploads\/sites\/4\/2024\/01\/logo.jpg 423w\" sizes=\"(max-width: 300px) 100vw, 300px\" \/><\/strong><\/p>\n<p>&nbsp;<\/p>\n<p>&nbsp;<\/p>\n<p>&nbsp;<\/p>\n<hr \/>\n<p><span style=\"font-size: 10pt;\"><a href=\"https:\/\/www.respirelavie.fr\/vannes\/espace-danimations-en-continu-2023\/\" target=\"_blank\" rel=\"noopener noreferrer\"><em>Consultez les animations de l\u2019\u00e9dition 2023<\/em><\/a><br \/>\n<a href=\"https:\/\/www.respirelavie.fr\/vannes\/animations-speciales-2022\/\" target=\"_blank\" rel=\"noopener noreferrer\"><em>Consultez les animations de l\u2019\u00e9dition 2022<\/em><\/a><br \/>\n<\/span><span style=\"font-size: 10pt;\"><a href=\"https:\/\/www.respirelavie.fr\/vannes\/animations-speciales-2020\/\" target=\"_blank\" rel=\"noopener noreferrer\"><em>Consultez les animations de l\u2019\u00e9dition 2020<\/em><\/a><\/span><br \/>\n<span style=\"font-size: 10pt;\"><em><a href=\"https:\/\/www.respirelavie.fr\/vannes\/animations-2019\/\" target=\"_blank\" rel=\"noopener noreferrer\">Consultez les animations de l&#8217;\u00e9dition 2019<\/a><\/em><\/span><\/p>\n<p>&nbsp;<\/p>\n<p>&nbsp;<\/p>\n<p>&nbsp;<\/p>\n","protected":false},"excerpt":{"rendered":"<p>Le salon Respire La Vie Vannes met en place des animations sp\u00e9ciales pour \u00e9veiller l\u2019int\u00e9r\u00eat et pour une exp\u00e9rience visiteurs riche et in\u00e9dite. Le coin des enfants Espace parentalit\u00e9 Espace d\u00e9tente Tiny House Espace vannerie Le coin des enfants Animations cr\u00e9atives et bricolages nature \u00e0 base de mat\u00e9riaux de r\u00e9cup\u00e9ration. Samedi et dimanche, \u00e0 partir&hellip; <\/p>\n","protected":false},"author":1,"featured_media":0,"parent":3853,"menu_order":5,"comment_status":"closed","ping_status":"closed","template":"","meta":{"_monsterinsights_skip_tracking":false,"_monsterinsights_sitenote_active":false,"_monsterinsights_sitenote_note":"","_monsterinsights_sitenote_category":0,"footnotes":""},"class_list":["post-5014","page","type-page","status-publish","hentry"],"yoast_head":"<!-- This site is optimized with the Yoast SEO plugin v27.3 - https:\/\/yoast.com\/product\/yoast-seo-wordpress\/ -->\n<title>Espace d\u2019animations en continu - RESPIRE VANNES<\/title>\n<meta name=\"robots\" content=\"index, follow, max-snippet:-1, max-image-preview:large, max-video-preview:-1\" \/>\n<link rel=\"canonical\" href=\"https:\/\/www.respirelavie.fr\/vannes\/programme-du-salon\/espace-parentalite\/\" \/>\n<meta property=\"og:locale\" content=\"fr_FR\" \/>\n<meta property=\"og:type\" content=\"article\" \/>\n<meta property=\"og:title\" content=\"Espace d\u2019animations en continu - RESPIRE VANNES\" \/>\n<meta property=\"og:description\" content=\"Le salon Respire La Vie Vannes met en place des animations sp\u00e9ciales pour \u00e9veiller l\u2019int\u00e9r\u00eat et pour une exp\u00e9rience visiteurs riche et in\u00e9dite. Le coin des enfants Espace parentalit\u00e9 Espace d\u00e9tente Tiny House Espace vannerie Le coin des enfants Animations cr\u00e9atives et bricolages nature \u00e0 base de mat\u00e9riaux de r\u00e9cup\u00e9ration. Samedi et dimanche, \u00e0 partir&hellip;\" \/>\n<meta property=\"og:url\" content=\"https:\/\/www.respirelavie.fr\/vannes\/programme-du-salon\/espace-parentalite\/\" \/>\n<meta property=\"og:site_name\" content=\"RESPIRE VANNES\" \/>\n<meta property=\"article:modified_time\" content=\"2024-01-04T11:12:20+00:00\" \/>\n<meta property=\"og:image\" content=\"https:\/\/www.respirelavie.fr\/vannes\/wp-content\/uploads\/sites\/4\/2023\/12\/Sans-titre-3.png\" \/>\n<meta name=\"twitter:card\" content=\"summary_large_image\" \/>\n<meta name=\"twitter:label1\" content=\"Dur\u00e9e de lecture estim\u00e9e\" \/>\n\t<meta name=\"twitter:data1\" content=\"4 minutes\" \/>\n<script type=\"application\/ld+json\" class=\"yoast-schema-graph\">{\"@context\":\"https:\\\/\\\/schema.org\",\"@graph\":[{\"@type\":\"WebPage\",\"@id\":\"https:\\\/\\\/www.respirelavie.fr\\\/vannes\\\/programme-du-salon\\\/espace-parentalite\\\/\",\"url\":\"https:\\\/\\\/www.respirelavie.fr\\\/vannes\\\/programme-du-salon\\\/espace-parentalite\\\/\",\"name\":\"Espace d\u2019animations en continu - RESPIRE VANNES\",\"isPartOf\":{\"@id\":\"https:\\\/\\\/www.respirelavie.fr\\\/vannes\\\/#website\"},\"primaryImageOfPage\":{\"@id\":\"https:\\\/\\\/www.respirelavie.fr\\\/vannes\\\/programme-du-salon\\\/espace-parentalite\\\/#primaryimage\"},\"image\":{\"@id\":\"https:\\\/\\\/www.respirelavie.fr\\\/vannes\\\/programme-du-salon\\\/espace-parentalite\\\/#primaryimage\"},\"thumbnailUrl\":\"https:\\\/\\\/www.respirelavie.fr\\\/vannes\\\/wp-content\\\/uploads\\\/sites\\\/4\\\/2023\\\/12\\\/Sans-titre-3.png\",\"datePublished\":\"2019-01-04T11:09:02+00:00\",\"dateModified\":\"2024-01-04T11:12:20+00:00\",\"breadcrumb\":{\"@id\":\"https:\\\/\\\/www.respirelavie.fr\\\/vannes\\\/programme-du-salon\\\/espace-parentalite\\\/#breadcrumb\"},\"inLanguage\":\"fr-FR\",\"potentialAction\":[{\"@type\":\"ReadAction\",\"target\":[\"https:\\\/\\\/www.respirelavie.fr\\\/vannes\\\/programme-du-salon\\\/espace-parentalite\\\/\"]}]},{\"@type\":\"ImageObject\",\"inLanguage\":\"fr-FR\",\"@id\":\"https:\\\/\\\/www.respirelavie.fr\\\/vannes\\\/programme-du-salon\\\/espace-parentalite\\\/#primaryimage\",\"url\":\"https:\\\/\\\/www.respirelavie.fr\\\/vannes\\\/wp-content\\\/uploads\\\/sites\\\/4\\\/2023\\\/12\\\/Sans-titre-3.png\",\"contentUrl\":\"https:\\\/\\\/www.respirelavie.fr\\\/vannes\\\/wp-content\\\/uploads\\\/sites\\\/4\\\/2023\\\/12\\\/Sans-titre-3.png\",\"width\":109,\"height\":66},{\"@type\":\"BreadcrumbList\",\"@id\":\"https:\\\/\\\/www.respirelavie.fr\\\/vannes\\\/programme-du-salon\\\/espace-parentalite\\\/#breadcrumb\",\"itemListElement\":[{\"@type\":\"ListItem\",\"position\":1,\"name\":\"Accueil\",\"item\":\"https:\\\/\\\/www.respirelavie.fr\\\/vannes\\\/\"},{\"@type\":\"ListItem\",\"position\":2,\"name\":\"Programme du salon\",\"item\":\"https:\\\/\\\/www.respirelavie.fr\\\/vannes\\\/programme-du-salon\\\/\"},{\"@type\":\"ListItem\",\"position\":3,\"name\":\"Espace d\u2019animations en continu\"}]},{\"@type\":\"WebSite\",\"@id\":\"https:\\\/\\\/www.respirelavie.fr\\\/vannes\\\/#website\",\"url\":\"https:\\\/\\\/www.respirelavie.fr\\\/vannes\\\/\",\"name\":\"RESPIRE VANNES\",\"description\":\"RESPIRE : votre salon bio, bien-\u00eatre et habitat sain \u00e0 Vannes\",\"publisher\":{\"@id\":\"https:\\\/\\\/www.respirelavie.fr\\\/vannes\\\/#organization\"},\"potentialAction\":[{\"@type\":\"SearchAction\",\"target\":{\"@type\":\"EntryPoint\",\"urlTemplate\":\"https:\\\/\\\/www.respirelavie.fr\\\/vannes\\\/?s={search_term_string}\"},\"query-input\":{\"@type\":\"PropertyValueSpecification\",\"valueRequired\":true,\"valueName\":\"search_term_string\"}}],\"inLanguage\":\"fr-FR\"},{\"@type\":\"Organization\",\"@id\":\"https:\\\/\\\/www.respirelavie.fr\\\/vannes\\\/#organization\",\"name\":\"RESPIRE VANNES\",\"url\":\"https:\\\/\\\/www.respirelavie.fr\\\/vannes\\\/\",\"logo\":{\"@type\":\"ImageObject\",\"inLanguage\":\"fr-FR\",\"@id\":\"https:\\\/\\\/www.respirelavie.fr\\\/vannes\\\/#\\\/schema\\\/logo\\\/image\\\/\",\"url\":\"https:\\\/\\\/www.respirelavie.fr\\\/vannes\\\/wp-content\\\/uploads\\\/sites\\\/4\\\/2024\\\/10\\\/cropped-cropped-cropped-Logo-RESPIRE-vannes-2025-1-1.png\",\"contentUrl\":\"https:\\\/\\\/www.respirelavie.fr\\\/vannes\\\/wp-content\\\/uploads\\\/sites\\\/4\\\/2024\\\/10\\\/cropped-cropped-cropped-Logo-RESPIRE-vannes-2025-1-1.png\",\"width\":797,\"height\":145,\"caption\":\"RESPIRE VANNES\"},\"image\":{\"@id\":\"https:\\\/\\\/www.respirelavie.fr\\\/vannes\\\/#\\\/schema\\\/logo\\\/image\\\/\"}}]}<\/script>\n<!-- \/ Yoast SEO plugin. -->","yoast_head_json":{"title":"Espace d\u2019animations en continu - RESPIRE VANNES","robots":{"index":"index","follow":"follow","max-snippet":"max-snippet:-1","max-image-preview":"max-image-preview:large","max-video-preview":"max-video-preview:-1"},"canonical":"https:\/\/www.respirelavie.fr\/vannes\/programme-du-salon\/espace-parentalite\/","og_locale":"fr_FR","og_type":"article","og_title":"Espace d\u2019animations en continu - RESPIRE VANNES","og_description":"Le salon Respire La Vie Vannes met en place des animations sp\u00e9ciales pour \u00e9veiller l\u2019int\u00e9r\u00eat et pour une exp\u00e9rience visiteurs riche et in\u00e9dite. Le coin des enfants Espace parentalit\u00e9 Espace d\u00e9tente Tiny House Espace vannerie Le coin des enfants Animations cr\u00e9atives et bricolages nature \u00e0 base de mat\u00e9riaux de r\u00e9cup\u00e9ration. Samedi et dimanche, \u00e0 partir&hellip;","og_url":"https:\/\/www.respirelavie.fr\/vannes\/programme-du-salon\/espace-parentalite\/","og_site_name":"RESPIRE VANNES","article_modified_time":"2024-01-04T11:12:20+00:00","og_image":[{"url":"https:\/\/www.respirelavie.fr\/vannes\/wp-content\/uploads\/sites\/4\/2023\/12\/Sans-titre-3.png","type":"","width":"","height":""}],"twitter_card":"summary_large_image","twitter_misc":{"Dur\u00e9e de lecture estim\u00e9e":"4 minutes"},"schema":{"@context":"https:\/\/schema.org","@graph":[{"@type":"WebPage","@id":"https:\/\/www.respirelavie.fr\/vannes\/programme-du-salon\/espace-parentalite\/","url":"https:\/\/www.respirelavie.fr\/vannes\/programme-du-salon\/espace-parentalite\/","name":"Espace d\u2019animations en continu - RESPIRE VANNES","isPartOf":{"@id":"https:\/\/www.respirelavie.fr\/vannes\/#website"},"primaryImageOfPage":{"@id":"https:\/\/www.respirelavie.fr\/vannes\/programme-du-salon\/espace-parentalite\/#primaryimage"},"image":{"@id":"https:\/\/www.respirelavie.fr\/vannes\/programme-du-salon\/espace-parentalite\/#primaryimage"},"thumbnailUrl":"https:\/\/www.respirelavie.fr\/vannes\/wp-content\/uploads\/sites\/4\/2023\/12\/Sans-titre-3.png","datePublished":"2019-01-04T11:09:02+00:00","dateModified":"2024-01-04T11:12:20+00:00","breadcrumb":{"@id":"https:\/\/www.respirelavie.fr\/vannes\/programme-du-salon\/espace-parentalite\/#breadcrumb"},"inLanguage":"fr-FR","potentialAction":[{"@type":"ReadAction","target":["https:\/\/www.respirelavie.fr\/vannes\/programme-du-salon\/espace-parentalite\/"]}]},{"@type":"ImageObject","inLanguage":"fr-FR","@id":"https:\/\/www.respirelavie.fr\/vannes\/programme-du-salon\/espace-parentalite\/#primaryimage","url":"https:\/\/www.respirelavie.fr\/vannes\/wp-content\/uploads\/sites\/4\/2023\/12\/Sans-titre-3.png","contentUrl":"https:\/\/www.respirelavie.fr\/vannes\/wp-content\/uploads\/sites\/4\/2023\/12\/Sans-titre-3.png","width":109,"height":66},{"@type":"BreadcrumbList","@id":"https:\/\/www.respirelavie.fr\/vannes\/programme-du-salon\/espace-parentalite\/#breadcrumb","itemListElement":[{"@type":"ListItem","position":1,"name":"Accueil","item":"https:\/\/www.respirelavie.fr\/vannes\/"},{"@type":"ListItem","position":2,"name":"Programme du salon","item":"https:\/\/www.respirelavie.fr\/vannes\/programme-du-salon\/"},{"@type":"ListItem","position":3,"name":"Espace d\u2019animations en continu"}]},{"@type":"WebSite","@id":"https:\/\/www.respirelavie.fr\/vannes\/#website","url":"https:\/\/www.respirelavie.fr\/vannes\/","name":"RESPIRE VANNES","description":"RESPIRE : votre salon bio, bien-\u00eatre et habitat sain \u00e0 Vannes","publisher":{"@id":"https:\/\/www.respirelavie.fr\/vannes\/#organization"},"potentialAction":[{"@type":"SearchAction","target":{"@type":"EntryPoint","urlTemplate":"https:\/\/www.respirelavie.fr\/vannes\/?s={search_term_string}"},"query-input":{"@type":"PropertyValueSpecification","valueRequired":true,"valueName":"search_term_string"}}],"inLanguage":"fr-FR"},{"@type":"Organization","@id":"https:\/\/www.respirelavie.fr\/vannes\/#organization","name":"RESPIRE VANNES","url":"https:\/\/www.respirelavie.fr\/vannes\/","logo":{"@type":"ImageObject","inLanguage":"fr-FR","@id":"https:\/\/www.respirelavie.fr\/vannes\/#\/schema\/logo\/image\/","url":"https:\/\/www.respirelavie.fr\/vannes\/wp-content\/uploads\/sites\/4\/2024\/10\/cropped-cropped-cropped-Logo-RESPIRE-vannes-2025-1-1.png","contentUrl":"https:\/\/www.respirelavie.fr\/vannes\/wp-content\/uploads\/sites\/4\/2024\/10\/cropped-cropped-cropped-Logo-RESPIRE-vannes-2025-1-1.png","width":797,"height":145,"caption":"RESPIRE VANNES"},"image":{"@id":"https:\/\/www.respirelavie.fr\/vannes\/#\/schema\/logo\/image\/"}}]}},"_links":{"self":[{"href":"https:\/\/www.respirelavie.fr\/vannes\/wp-json\/wp\/v2\/pages\/5014","targetHints":{"allow":["GET"]}}],"collection":[{"href":"https:\/\/www.respirelavie.fr\/vannes\/wp-json\/wp\/v2\/pages"}],"about":[{"href":"https:\/\/www.respirelavie.fr\/vannes\/wp-json\/wp\/v2\/types\/page"}],"author":[{"embeddable":true,"href":"https:\/\/www.respirelavie.fr\/vannes\/wp-json\/wp\/v2\/users\/1"}],"replies":[{"embeddable":true,"href":"https:\/\/www.respirelavie.fr\/vannes\/wp-json\/wp\/v2\/comments?post=5014"}],"version-history":[{"count":62,"href":"https:\/\/www.respirelavie.fr\/vannes\/wp-json\/wp\/v2\/pages\/5014\/revisions"}],"predecessor-version":[{"id":8439,"href":"https:\/\/www.respirelavie.fr\/vannes\/wp-json\/wp\/v2\/pages\/5014\/revisions\/8439"}],"up":[{"embeddable":true,"href":"https:\/\/www.respirelavie.fr\/vannes\/wp-json\/wp\/v2\/pages\/3853"}],"wp:attachment":[{"href":"https:\/\/www.respirelavie.fr\/vannes\/wp-json\/wp\/v2\/media?parent=5014"}],"curies":[{"name":"wp","href":"https:\/\/api.w.org\/{rel}","templated":true}]}}