{"id":5181,"date":"2019-01-10T11:54:34","date_gmt":"2019-01-10T10:54:34","guid":{"rendered":"https:\/\/www.respirelavie.fr\/vannes\/?page_id=5181"},"modified":"2019-01-10T11:58:42","modified_gmt":"2019-01-10T10:58:42","slug":"france-bleu-armorique","status":"publish","type":"page","link":"https:\/\/www.respirelavie.fr\/vannes\/presse\/nos-partenaires\/france-bleu-armorique\/","title":{"rendered":"France Bleu Armorique"},"content":{"rendered":"<p><img decoding=\"async\" class=\"alignnone wp-image-5183 size-full\" src=\"https:\/\/www.respirelavie.fr\/vannes\/wp-content\/uploads\/sites\/4\/2019\/01\/Logo-FBArmo-Quadri-e1547117549480.jpg\" alt=\"\" width=\"100\" height=\"100\" \/><\/p>\n<p>Retrouvez l&#8217;actualit\u00e9 pr\u00e8s de chez vous avec\u00a0France Bleu Armorique. \u00c9coutez votre radio locale et r\u00e9gionale en direct : soci\u00e9t\u00e9, info trafic, sports, loisirs, musique\u2026<\/p>\n<p><a href=\"https:\/\/www.francebleu.fr\/armorique\">https:\/\/www.francebleu.fr\/armorique<\/a><\/p>\n","protected":false},"excerpt":{"rendered":"<p>Retrouvez l&#8217;actualit\u00e9 pr\u00e8s de chez vous avec\u00a0France Bleu Armorique. \u00c9coutez votre radio locale et r\u00e9gionale en direct : soci\u00e9t\u00e9, info trafic, sports, loisirs, musique\u2026 https:\/\/www.francebleu.fr\/armorique<\/p>\n","protected":false},"author":1,"featured_media":0,"parent":2456,"menu_order":0,"comment_status":"closed","ping_status":"closed","template":"","meta":{"_monsterinsights_skip_tracking":false,"_monsterinsights_sitenote_active":false,"_monsterinsights_sitenote_note":"","_monsterinsights_sitenote_category":0,"footnotes":""},"class_list":["post-5181","page","type-page","status-publish","hentry"],"yoast_head":"<!-- This site is optimized with the Yoast SEO plugin v27.3 - https:\/\/yoast.com\/product\/yoast-seo-wordpress\/ -->\n<title>France Bleu Armorique - RESPIRE VANNES<\/title>\n<meta name=\"robots\" content=\"index, follow, max-snippet:-1, max-image-preview:large, max-video-preview:-1\" \/>\n<link rel=\"canonical\" href=\"https:\/\/www.respirelavie.fr\/vannes\/presse\/nos-partenaires\/france-bleu-armorique\/\" \/>\n<meta property=\"og:locale\" content=\"fr_FR\" \/>\n<meta property=\"og:type\" content=\"article\" \/>\n<meta property=\"og:title\" content=\"France Bleu Armorique - RESPIRE VANNES\" \/>\n<meta property=\"og:description\" content=\"Retrouvez l&#8217;actualit\u00e9 pr\u00e8s de chez vous avec\u00a0France Bleu Armorique. \u00c9coutez votre radio locale et r\u00e9gionale en direct : soci\u00e9t\u00e9, info trafic, sports, loisirs, musique\u2026 https:\/\/www.francebleu.fr\/armorique\" \/>\n<meta property=\"og:url\" content=\"https:\/\/www.respirelavie.fr\/vannes\/presse\/nos-partenaires\/france-bleu-armorique\/\" \/>\n<meta property=\"og:site_name\" content=\"RESPIRE VANNES\" \/>\n<meta property=\"article:modified_time\" content=\"2019-01-10T10:58:42+00:00\" \/>\n<meta property=\"og:image\" content=\"https:\/\/www.respirelavie.fr\/vannes\/wp-content\/uploads\/sites\/4\/2019\/01\/Logo-FBArmo-Quadri-e1547117549480.jpg\" \/>\n<meta name=\"twitter:card\" content=\"summary_large_image\" \/>\n<script type=\"application\/ld+json\" class=\"yoast-schema-graph\">{\"@context\":\"https:\\\/\\\/schema.org\",\"@graph\":[{\"@type\":\"WebPage\",\"@id\":\"https:\\\/\\\/www.respirelavie.fr\\\/vannes\\\/presse\\\/nos-partenaires\\\/france-bleu-armorique\\\/\",\"url\":\"https:\\\/\\\/www.respirelavie.fr\\\/vannes\\\/presse\\\/nos-partenaires\\\/france-bleu-armorique\\\/\",\"name\":\"France Bleu Armorique - RESPIRE VANNES\",\"isPartOf\":{\"@id\":\"https:\\\/\\\/www.respirelavie.fr\\\/vannes\\\/#website\"},\"primaryImageOfPage\":{\"@id\":\"https:\\\/\\\/www.respirelavie.fr\\\/vannes\\\/presse\\\/nos-partenaires\\\/france-bleu-armorique\\\/#primaryimage\"},\"image\":{\"@id\":\"https:\\\/\\\/www.respirelavie.fr\\\/vannes\\\/presse\\\/nos-partenaires\\\/france-bleu-armorique\\\/#primaryimage\"},\"thumbnailUrl\":\"https:\\\/\\\/www.respirelavie.fr\\\/vannes\\\/wp-content\\\/uploads\\\/sites\\\/4\\\/2019\\\/01\\\/Logo-FBArmo-Quadri-e1547117549480.jpg\",\"datePublished\":\"2019-01-10T10:54:34+00:00\",\"dateModified\":\"2019-01-10T10:58:42+00:00\",\"breadcrumb\":{\"@id\":\"https:\\\/\\\/www.respirelavie.fr\\\/vannes\\\/presse\\\/nos-partenaires\\\/france-bleu-armorique\\\/#breadcrumb\"},\"inLanguage\":\"fr-FR\",\"potentialAction\":[{\"@type\":\"ReadAction\",\"target\":[\"https:\\\/\\\/www.respirelavie.fr\\\/vannes\\\/presse\\\/nos-partenaires\\\/france-bleu-armorique\\\/\"]}]},{\"@type\":\"ImageObject\",\"inLanguage\":\"fr-FR\",\"@id\":\"https:\\\/\\\/www.respirelavie.fr\\\/vannes\\\/presse\\\/nos-partenaires\\\/france-bleu-armorique\\\/#primaryimage\",\"url\":\"https:\\\/\\\/www.respirelavie.fr\\\/vannes\\\/wp-content\\\/uploads\\\/sites\\\/4\\\/2019\\\/01\\\/Logo-FBArmo-Quadri-e1547117549480.jpg\",\"contentUrl\":\"https:\\\/\\\/www.respirelavie.fr\\\/vannes\\\/wp-content\\\/uploads\\\/sites\\\/4\\\/2019\\\/01\\\/Logo-FBArmo-Quadri-e1547117549480.jpg\"},{\"@type\":\"BreadcrumbList\",\"@id\":\"https:\\\/\\\/www.respirelavie.fr\\\/vannes\\\/presse\\\/nos-partenaires\\\/france-bleu-armorique\\\/#breadcrumb\",\"itemListElement\":[{\"@type\":\"ListItem\",\"position\":1,\"name\":\"Accueil\",\"item\":\"https:\\\/\\\/www.respirelavie.fr\\\/vannes\\\/\"},{\"@type\":\"ListItem\",\"position\":2,\"name\":\"Presse\\\/partenaires\",\"item\":\"https:\\\/\\\/www.respirelavie.fr\\\/vannes\\\/presse\\\/\"},{\"@type\":\"ListItem\",\"position\":3,\"name\":\"Nos partenaires\",\"item\":\"https:\\\/\\\/www.respirelavie.fr\\\/vannes\\\/presse\\\/nos-partenaires\\\/\"},{\"@type\":\"ListItem\",\"position\":4,\"name\":\"France Bleu Armorique\"}]},{\"@type\":\"WebSite\",\"@id\":\"https:\\\/\\\/www.respirelavie.fr\\\/vannes\\\/#website\",\"url\":\"https:\\\/\\\/www.respirelavie.fr\\\/vannes\\\/\",\"name\":\"RESPIRE VANNES\",\"description\":\"RESPIRE : votre salon bio, bien-\u00eatre et habitat sain \u00e0 Vannes\",\"publisher\":{\"@id\":\"https:\\\/\\\/www.respirelavie.fr\\\/vannes\\\/#organization\"},\"potentialAction\":[{\"@type\":\"SearchAction\",\"target\":{\"@type\":\"EntryPoint\",\"urlTemplate\":\"https:\\\/\\\/www.respirelavie.fr\\\/vannes\\\/?s={search_term_string}\"},\"query-input\":{\"@type\":\"PropertyValueSpecification\",\"valueRequired\":true,\"valueName\":\"search_term_string\"}}],\"inLanguage\":\"fr-FR\"},{\"@type\":\"Organization\",\"@id\":\"https:\\\/\\\/www.respirelavie.fr\\\/vannes\\\/#organization\",\"name\":\"RESPIRE VANNES\",\"url\":\"https:\\\/\\\/www.respirelavie.fr\\\/vannes\\\/\",\"logo\":{\"@type\":\"ImageObject\",\"inLanguage\":\"fr-FR\",\"@id\":\"https:\\\/\\\/www.respirelavie.fr\\\/vannes\\\/#\\\/schema\\\/logo\\\/image\\\/\",\"url\":\"https:\\\/\\\/www.respirelavie.fr\\\/vannes\\\/wp-content\\\/uploads\\\/sites\\\/4\\\/2024\\\/10\\\/cropped-cropped-cropped-Logo-RESPIRE-vannes-2025-1-1.png\",\"contentUrl\":\"https:\\\/\\\/www.respirelavie.fr\\\/vannes\\\/wp-content\\\/uploads\\\/sites\\\/4\\\/2024\\\/10\\\/cropped-cropped-cropped-Logo-RESPIRE-vannes-2025-1-1.png\",\"width\":797,\"height\":145,\"caption\":\"RESPIRE VANNES\"},\"image\":{\"@id\":\"https:\\\/\\\/www.respirelavie.fr\\\/vannes\\\/#\\\/schema\\\/logo\\\/image\\\/\"}}]}<\/script>\n<!-- \/ Yoast SEO plugin. -->","yoast_head_json":{"title":"France Bleu Armorique - RESPIRE VANNES","robots":{"index":"index","follow":"follow","max-snippet":"max-snippet:-1","max-image-preview":"max-image-preview:large","max-video-preview":"max-video-preview:-1"},"canonical":"https:\/\/www.respirelavie.fr\/vannes\/presse\/nos-partenaires\/france-bleu-armorique\/","og_locale":"fr_FR","og_type":"article","og_title":"France Bleu Armorique - RESPIRE VANNES","og_description":"Retrouvez l&#8217;actualit\u00e9 pr\u00e8s de chez vous avec\u00a0France Bleu Armorique. \u00c9coutez votre radio locale et r\u00e9gionale en direct : soci\u00e9t\u00e9, info trafic, sports, loisirs, musique\u2026 https:\/\/www.francebleu.fr\/armorique","og_url":"https:\/\/www.respirelavie.fr\/vannes\/presse\/nos-partenaires\/france-bleu-armorique\/","og_site_name":"RESPIRE VANNES","article_modified_time":"2019-01-10T10:58:42+00:00","og_image":[{"url":"https:\/\/www.respirelavie.fr\/vannes\/wp-content\/uploads\/sites\/4\/2019\/01\/Logo-FBArmo-Quadri-e1547117549480.jpg","type":"","width":"","height":""}],"twitter_card":"summary_large_image","schema":{"@context":"https:\/\/schema.org","@graph":[{"@type":"WebPage","@id":"https:\/\/www.respirelavie.fr\/vannes\/presse\/nos-partenaires\/france-bleu-armorique\/","url":"https:\/\/www.respirelavie.fr\/vannes\/presse\/nos-partenaires\/france-bleu-armorique\/","name":"France Bleu Armorique - RESPIRE VANNES","isPartOf":{"@id":"https:\/\/www.respirelavie.fr\/vannes\/#website"},"primaryImageOfPage":{"@id":"https:\/\/www.respirelavie.fr\/vannes\/presse\/nos-partenaires\/france-bleu-armorique\/#primaryimage"},"image":{"@id":"https:\/\/www.respirelavie.fr\/vannes\/presse\/nos-partenaires\/france-bleu-armorique\/#primaryimage"},"thumbnailUrl":"https:\/\/www.respirelavie.fr\/vannes\/wp-content\/uploads\/sites\/4\/2019\/01\/Logo-FBArmo-Quadri-e1547117549480.jpg","datePublished":"2019-01-10T10:54:34+00:00","dateModified":"2019-01-10T10:58:42+00:00","breadcrumb":{"@id":"https:\/\/www.respirelavie.fr\/vannes\/presse\/nos-partenaires\/france-bleu-armorique\/#breadcrumb"},"inLanguage":"fr-FR","potentialAction":[{"@type":"ReadAction","target":["https:\/\/www.respirelavie.fr\/vannes\/presse\/nos-partenaires\/france-bleu-armorique\/"]}]},{"@type":"ImageObject","inLanguage":"fr-FR","@id":"https:\/\/www.respirelavie.fr\/vannes\/presse\/nos-partenaires\/france-bleu-armorique\/#primaryimage","url":"https:\/\/www.respirelavie.fr\/vannes\/wp-content\/uploads\/sites\/4\/2019\/01\/Logo-FBArmo-Quadri-e1547117549480.jpg","contentUrl":"https:\/\/www.respirelavie.fr\/vannes\/wp-content\/uploads\/sites\/4\/2019\/01\/Logo-FBArmo-Quadri-e1547117549480.jpg"},{"@type":"BreadcrumbList","@id":"https:\/\/www.respirelavie.fr\/vannes\/presse\/nos-partenaires\/france-bleu-armorique\/#breadcrumb","itemListElement":[{"@type":"ListItem","position":1,"name":"Accueil","item":"https:\/\/www.respirelavie.fr\/vannes\/"},{"@type":"ListItem","position":2,"name":"Presse\/partenaires","item":"https:\/\/www.respirelavie.fr\/vannes\/presse\/"},{"@type":"ListItem","position":3,"name":"Nos partenaires","item":"https:\/\/www.respirelavie.fr\/vannes\/presse\/nos-partenaires\/"},{"@type":"ListItem","position":4,"name":"France Bleu Armorique"}]},{"@type":"WebSite","@id":"https:\/\/www.respirelavie.fr\/vannes\/#website","url":"https:\/\/www.respirelavie.fr\/vannes\/","name":"RESPIRE VANNES","description":"RESPIRE : votre salon bio, bien-\u00eatre et habitat sain \u00e0 Vannes","publisher":{"@id":"https:\/\/www.respirelavie.fr\/vannes\/#organization"},"potentialAction":[{"@type":"SearchAction","target":{"@type":"EntryPoint","urlTemplate":"https:\/\/www.respirelavie.fr\/vannes\/?s={search_term_string}"},"query-input":{"@type":"PropertyValueSpecification","valueRequired":true,"valueName":"search_term_string"}}],"inLanguage":"fr-FR"},{"@type":"Organization","@id":"https:\/\/www.respirelavie.fr\/vannes\/#organization","name":"RESPIRE VANNES","url":"https:\/\/www.respirelavie.fr\/vannes\/","logo":{"@type":"ImageObject","inLanguage":"fr-FR","@id":"https:\/\/www.respirelavie.fr\/vannes\/#\/schema\/logo\/image\/","url":"https:\/\/www.respirelavie.fr\/vannes\/wp-content\/uploads\/sites\/4\/2024\/10\/cropped-cropped-cropped-Logo-RESPIRE-vannes-2025-1-1.png","contentUrl":"https:\/\/www.respirelavie.fr\/vannes\/wp-content\/uploads\/sites\/4\/2024\/10\/cropped-cropped-cropped-Logo-RESPIRE-vannes-2025-1-1.png","width":797,"height":145,"caption":"RESPIRE VANNES"},"image":{"@id":"https:\/\/www.respirelavie.fr\/vannes\/#\/schema\/logo\/image\/"}}]}},"_links":{"self":[{"href":"https:\/\/www.respirelavie.fr\/vannes\/wp-json\/wp\/v2\/pages\/5181","targetHints":{"allow":["GET"]}}],"collection":[{"href":"https:\/\/www.respirelavie.fr\/vannes\/wp-json\/wp\/v2\/pages"}],"about":[{"href":"https:\/\/www.respirelavie.fr\/vannes\/wp-json\/wp\/v2\/types\/page"}],"author":[{"embeddable":true,"href":"https:\/\/www.respirelavie.fr\/vannes\/wp-json\/wp\/v2\/users\/1"}],"replies":[{"embeddable":true,"href":"https:\/\/www.respirelavie.fr\/vannes\/wp-json\/wp\/v2\/comments?post=5181"}],"version-history":[{"count":3,"href":"https:\/\/www.respirelavie.fr\/vannes\/wp-json\/wp\/v2\/pages\/5181\/revisions"}],"predecessor-version":[{"id":5187,"href":"https:\/\/www.respirelavie.fr\/vannes\/wp-json\/wp\/v2\/pages\/5181\/revisions\/5187"}],"up":[{"embeddable":true,"href":"https:\/\/www.respirelavie.fr\/vannes\/wp-json\/wp\/v2\/pages\/2456"}],"wp:attachment":[{"href":"https:\/\/www.respirelavie.fr\/vannes\/wp-json\/wp\/v2\/media?parent=5181"}],"curies":[{"name":"wp","href":"https:\/\/api.w.org\/{rel}","templated":true}]}}