{"id":5601,"date":"2019-11-21T15:01:35","date_gmt":"2019-11-21T14:01:35","guid":{"rendered":"https:\/\/www.respirelavie.fr\/vannes\/?page_id=5601"},"modified":"2019-11-21T15:01:35","modified_gmt":"2019-11-21T14:01:35","slug":"ateliers-bien-etre-2019","status":"publish","type":"page","link":"https:\/\/www.respirelavie.fr\/vannes\/ateliers-bien-etre-2019\/","title":{"rendered":"Ateliers bien-\u00eatre 2019"},"content":{"rendered":"<h2>Vendredi 18 janvier 2019<\/h2>\n<p><span style=\"color: #ffcc00;\"><strong>11:00 <\/strong><\/span>Le Th\u00e8me de Cristal : quand les pierres nous aident \u00e0 r\u00e9v\u00e9ler notre identit\u00e9 &#8211; <span style=\"color: #808080;\"><em>Wydiane Khaoua<br \/>\n<\/em><\/span><del><strong><span style=\"color: #ffcc00;\">12:00 <\/span><\/strong><span style=\"color: #000000;\">Auto massage du ventre<\/span><em>&#8211; <\/em><em><span style=\"color: #808080;\">Myriam Michel &#8211; <span style=\"color: #000000;\"><strong>annul\u00e9<br \/>\n<\/strong><\/span><\/span><\/em><\/del><span style=\"color: #808080;\"><span style=\"color: #000000;\"><strong><span style=\"color: #ffcc00;\">13:00 <\/span><\/strong><\/span><\/span><span style=\"color: #808080;\"><span style=\"color: #000000;\">M\u00e9dita\u00a0<\/span><\/span><span style=\"color: #808080;\"><span style=\"color: #000000;\">&#8211;<\/span><\/span><em><span style=\"color: #808080;\"><span style=\"color: #000000;\"> Ga\u00eblle Samson<\/span><\/span><\/em><strong><em><br \/>\n<\/em><\/strong><span style=\"color: #ffcc00;\"><strong>14:00 <\/strong><\/span>Bol de cristal \u00a0&#8211; <span style=\"color: #808080;\"><em>Alain M\u00e9traux<\/em><\/span><strong><em><br \/>\n<\/em><\/strong><span style=\"color: #ffcc00;\"><strong>15:00 <\/strong><\/span>Ismakogie: la magie des pieds et des mains? \u00a0&#8211; <span style=\"color: #808080;\"><em>Catherine Rivalan<\/em><\/span><strong><em><br \/>\n<\/em><\/strong><span style=\"color: #ffcc00;\"><strong>16:00 <\/strong><\/span>Perception et propri\u00e9t\u00e9s de l&#8217;aura &#8211; <span style=\"color: #808080;\"><em>Dominique Bourdin<\/em><\/span><strong><em><br \/>\n<\/em><\/strong><span style=\"color: #ffcc00;\"><strong>17:00 <\/strong><\/span>D\u00e9couvrir l\u2019auto-hypnose &#8211;\u00a0<span style=\"color: #808080;\"><em>Marie Maison G\u00e9ro<br \/>\n<\/em><span style=\"color: #000000;\"><strong><span style=\"color: #ffcc00;\">18:00 <\/span><\/strong><\/span><span style=\"color: #000000;\">Wafro art<\/span><em><span style=\"color: #000000;\">&#8211;<\/span> Ga\u00eblle Samson<br \/>\n<\/em><\/span><\/p>\n<h2>Samedi 19 janvier 2019<\/h2>\n<p><span style=\"color: #ffcc00;\"><strong>11:00 <\/strong><\/span>Le Th\u00e8me de Cristal : quand les pierres nous aident \u00e0 r\u00e9v\u00e9ler notre identit\u00e9 &#8211; <span style=\"color: #808080;\"><em>Wydiane Khaoua<\/em><\/span><strong><em><br \/>\n<\/em><\/strong><span style=\"color: #ffcc00;\"><strong>12:00 <\/strong><\/span>Apprenez la gymnastique faciale et ses effets zen sur visage et corps\u00a0 &#8211; <span style=\"color: #808080;\"><em>Chantal Joye<\/em><\/span><strong><em><br \/>\n<\/em><\/strong><span style=\"color: #ffcc00;\"><strong>13:00 <\/strong><\/span>Bol Tib\u00e9tain &#8211; <span style=\"color: #808080;\"><em>Alain M\u00e9traux<\/em><\/span><strong><em><br \/>\n<\/em><\/strong><span style=\"color: #ffcc00;\"><strong>14:00 <\/strong><\/span>Technique Nadeau: respiration, fluidit\u00e9, mobilit\u00e9 \u00a0&#8211; <span style=\"color: #808080;\"><em>Catherine Rivalan<\/em><\/span><strong><em><br \/>\n<\/em><\/strong><span style=\"color: #ffcc00;\"><strong>15:00 <\/strong><\/span>C\u0153ur de femme et f\u00e9minin sacr\u00e9 &#8211; <span style=\"color: #808080;\"><em>Nathalie Rouch\u00e9<\/em><\/span><strong><em><br \/>\n<\/em><\/strong><span style=\"color: #ffcc00;\"><strong>16:00 <\/strong><\/span>Une nouvelle kin\u00e9siologie &#8211; <span style=\"color: #808080;\"><em>Hubert Lagadic<\/em><\/span><strong><em><br \/>\n<\/em><\/strong><span style=\"color: #ffcc00;\"><strong>17:00 <\/strong><\/span>R\u00e9ussir ses projets avec la num\u00e9rologie cr\u00e9ative &#8211; <span style=\"color: #808080;\"><em>Laurence Thi\u00e9vin<\/em><\/span><strong><em><br \/>\n<\/em><\/strong><span style=\"color: #ffcc00;\"><strong>18:00 <\/strong><\/span>Yoga de Samara &#8211; <span style=\"color: #808080;\"><em>Catherine Loir<\/em><\/span><\/p>\n<h2>Dimanche 20 janvier 2019<\/h2>\n<p><span style=\"color: #ffcc00;\"><strong>11:00 <\/strong><\/span>Le Th\u00e8me de Cristal : quand les pierres nous aident \u00e0 r\u00e9v\u00e9ler notre identit\u00e9 &#8211; <span style=\"color: #808080;\"><em>Wydiane Khaoua<\/em><\/span><strong><em><br \/>\n<\/em><\/strong><span style=\"color: #ffcc00;\"><strong>12:00 <\/strong><\/span>Les gongs &#8211; <span style=\"color: #808080;\"><em>Alain M\u00e9traux<\/em><\/span><strong><em><br \/>\n<\/em><\/strong><span style=\"color: #ffcc00;\"><strong>13:00 <\/strong><\/span>Comment r\u00e9\u00e9duquer et pr\u00e9server sa vue gr\u00e2ce aux yoga des yeux &#8211; <span style=\"color: #808080;\"><em>Philippe Cleyet Merle<\/em><\/span><strong><em><br \/>\n<\/em><\/strong><span style=\"color: #ffcc00;\"><strong>14:00 <\/strong><\/span>Coeur de femme et f\u00e9minin sacr\u00e9 &#8211; <span style=\"color: #808080;\"><em>Nathalie Rouch\u00e9<\/em><\/span><strong><em><br \/>\n<\/em><\/strong><span style=\"color: #ffcc00;\"><strong>16:00 <\/strong><\/span>Technique Nadeau: respiration, fluidit\u00e9, mobilit\u00e9 &#8211; <span style=\"color: #808080;\"><em>Catherine Rivalan<br \/>\n<\/em><span style=\"color: #000000;\"><strong><span style=\"color: #ffcc00;\">17:00 <\/span><\/strong><\/span><span style=\"color: #000000;\">Nia &#8211;<\/span><em>\u00a0Ga\u00eblle Samson<\/em><\/span><\/p>\n","protected":false},"excerpt":{"rendered":"<p>Vendredi 18 janvier 2019 11:00 Le Th\u00e8me de Cristal : quand les pierres nous aident \u00e0 r\u00e9v\u00e9ler notre identit\u00e9 &#8211; Wydiane Khaoua 12:00 Auto massage du ventre&#8211; Myriam Michel &#8211; annul\u00e9 13:00 M\u00e9dita\u00a0&#8211; Ga\u00eblle Samson 14:00 Bol de cristal \u00a0&#8211; Alain M\u00e9traux 15:00 Ismakogie: la magie des pieds et des mains? \u00a0&#8211; Catherine Rivalan 16:00&hellip; <\/p>\n","protected":false},"author":1,"featured_media":0,"parent":0,"menu_order":0,"comment_status":"closed","ping_status":"closed","template":"","meta":{"_monsterinsights_skip_tracking":false,"_monsterinsights_sitenote_active":false,"_monsterinsights_sitenote_note":"","_monsterinsights_sitenote_category":0,"footnotes":""},"class_list":["post-5601","page","type-page","status-publish","hentry"],"yoast_head":"<!-- This site is optimized with the Yoast SEO plugin v27.3 - https:\/\/yoast.com\/product\/yoast-seo-wordpress\/ -->\n<title>Ateliers bien-\u00eatre 2019 - RESPIRE VANNES<\/title>\n<meta name=\"robots\" content=\"index, follow, max-snippet:-1, max-image-preview:large, max-video-preview:-1\" \/>\n<link rel=\"canonical\" href=\"https:\/\/www.respirelavie.fr\/vannes\/ateliers-bien-etre-2019\/\" \/>\n<meta property=\"og:locale\" content=\"fr_FR\" \/>\n<meta property=\"og:type\" content=\"article\" \/>\n<meta property=\"og:title\" content=\"Ateliers bien-\u00eatre 2019 - RESPIRE VANNES\" \/>\n<meta property=\"og:description\" content=\"Vendredi 18 janvier 2019 11:00 Le Th\u00e8me de Cristal : quand les pierres nous aident \u00e0 r\u00e9v\u00e9ler notre identit\u00e9 &#8211; Wydiane Khaoua 12:00 Auto massage du ventre&#8211; Myriam Michel &#8211; annul\u00e9 13:00 M\u00e9dita\u00a0&#8211; Ga\u00eblle Samson 14:00 Bol de cristal \u00a0&#8211; Alain M\u00e9traux 15:00 Ismakogie: la magie des pieds et des mains? \u00a0&#8211; Catherine Rivalan 16:00&hellip;\" \/>\n<meta property=\"og:url\" content=\"https:\/\/www.respirelavie.fr\/vannes\/ateliers-bien-etre-2019\/\" \/>\n<meta property=\"og:site_name\" content=\"RESPIRE VANNES\" \/>\n<meta name=\"twitter:card\" content=\"summary_large_image\" \/>\n<meta name=\"twitter:label1\" content=\"Dur\u00e9e de lecture estim\u00e9e\" \/>\n\t<meta name=\"twitter:data1\" content=\"1 minute\" \/>\n<script type=\"application\/ld+json\" class=\"yoast-schema-graph\">{\"@context\":\"https:\\\/\\\/schema.org\",\"@graph\":[{\"@type\":\"WebPage\",\"@id\":\"https:\\\/\\\/www.respirelavie.fr\\\/vannes\\\/ateliers-bien-etre-2019\\\/\",\"url\":\"https:\\\/\\\/www.respirelavie.fr\\\/vannes\\\/ateliers-bien-etre-2019\\\/\",\"name\":\"Ateliers bien-\u00eatre 2019 - RESPIRE VANNES\",\"isPartOf\":{\"@id\":\"https:\\\/\\\/www.respirelavie.fr\\\/vannes\\\/#website\"},\"datePublished\":\"2019-11-21T14:01:35+00:00\",\"breadcrumb\":{\"@id\":\"https:\\\/\\\/www.respirelavie.fr\\\/vannes\\\/ateliers-bien-etre-2019\\\/#breadcrumb\"},\"inLanguage\":\"fr-FR\",\"potentialAction\":[{\"@type\":\"ReadAction\",\"target\":[\"https:\\\/\\\/www.respirelavie.fr\\\/vannes\\\/ateliers-bien-etre-2019\\\/\"]}]},{\"@type\":\"BreadcrumbList\",\"@id\":\"https:\\\/\\\/www.respirelavie.fr\\\/vannes\\\/ateliers-bien-etre-2019\\\/#breadcrumb\",\"itemListElement\":[{\"@type\":\"ListItem\",\"position\":1,\"name\":\"Accueil\",\"item\":\"https:\\\/\\\/www.respirelavie.fr\\\/vannes\\\/\"},{\"@type\":\"ListItem\",\"position\":2,\"name\":\"Ateliers bien-\u00eatre 2019\"}]},{\"@type\":\"WebSite\",\"@id\":\"https:\\\/\\\/www.respirelavie.fr\\\/vannes\\\/#website\",\"url\":\"https:\\\/\\\/www.respirelavie.fr\\\/vannes\\\/\",\"name\":\"RESPIRE VANNES\",\"description\":\"RESPIRE : votre salon bio, bien-\u00eatre et habitat sain \u00e0 Vannes\",\"publisher\":{\"@id\":\"https:\\\/\\\/www.respirelavie.fr\\\/vannes\\\/#organization\"},\"potentialAction\":[{\"@type\":\"SearchAction\",\"target\":{\"@type\":\"EntryPoint\",\"urlTemplate\":\"https:\\\/\\\/www.respirelavie.fr\\\/vannes\\\/?s={search_term_string}\"},\"query-input\":{\"@type\":\"PropertyValueSpecification\",\"valueRequired\":true,\"valueName\":\"search_term_string\"}}],\"inLanguage\":\"fr-FR\"},{\"@type\":\"Organization\",\"@id\":\"https:\\\/\\\/www.respirelavie.fr\\\/vannes\\\/#organization\",\"name\":\"RESPIRE VANNES\",\"url\":\"https:\\\/\\\/www.respirelavie.fr\\\/vannes\\\/\",\"logo\":{\"@type\":\"ImageObject\",\"inLanguage\":\"fr-FR\",\"@id\":\"https:\\\/\\\/www.respirelavie.fr\\\/vannes\\\/#\\\/schema\\\/logo\\\/image\\\/\",\"url\":\"https:\\\/\\\/www.respirelavie.fr\\\/vannes\\\/wp-content\\\/uploads\\\/sites\\\/4\\\/2024\\\/10\\\/cropped-cropped-cropped-Logo-RESPIRE-vannes-2025-1-1.png\",\"contentUrl\":\"https:\\\/\\\/www.respirelavie.fr\\\/vannes\\\/wp-content\\\/uploads\\\/sites\\\/4\\\/2024\\\/10\\\/cropped-cropped-cropped-Logo-RESPIRE-vannes-2025-1-1.png\",\"width\":797,\"height\":145,\"caption\":\"RESPIRE VANNES\"},\"image\":{\"@id\":\"https:\\\/\\\/www.respirelavie.fr\\\/vannes\\\/#\\\/schema\\\/logo\\\/image\\\/\"}}]}<\/script>\n<!-- \/ Yoast SEO plugin. -->","yoast_head_json":{"title":"Ateliers bien-\u00eatre 2019 - RESPIRE VANNES","robots":{"index":"index","follow":"follow","max-snippet":"max-snippet:-1","max-image-preview":"max-image-preview:large","max-video-preview":"max-video-preview:-1"},"canonical":"https:\/\/www.respirelavie.fr\/vannes\/ateliers-bien-etre-2019\/","og_locale":"fr_FR","og_type":"article","og_title":"Ateliers bien-\u00eatre 2019 - RESPIRE VANNES","og_description":"Vendredi 18 janvier 2019 11:00 Le Th\u00e8me de Cristal : quand les pierres nous aident \u00e0 r\u00e9v\u00e9ler notre identit\u00e9 &#8211; Wydiane Khaoua 12:00 Auto massage du ventre&#8211; Myriam Michel &#8211; annul\u00e9 13:00 M\u00e9dita\u00a0&#8211; Ga\u00eblle Samson 14:00 Bol de cristal \u00a0&#8211; Alain M\u00e9traux 15:00 Ismakogie: la magie des pieds et des mains? \u00a0&#8211; Catherine Rivalan 16:00&hellip;","og_url":"https:\/\/www.respirelavie.fr\/vannes\/ateliers-bien-etre-2019\/","og_site_name":"RESPIRE VANNES","twitter_card":"summary_large_image","twitter_misc":{"Dur\u00e9e de lecture estim\u00e9e":"1 minute"},"schema":{"@context":"https:\/\/schema.org","@graph":[{"@type":"WebPage","@id":"https:\/\/www.respirelavie.fr\/vannes\/ateliers-bien-etre-2019\/","url":"https:\/\/www.respirelavie.fr\/vannes\/ateliers-bien-etre-2019\/","name":"Ateliers bien-\u00eatre 2019 - RESPIRE VANNES","isPartOf":{"@id":"https:\/\/www.respirelavie.fr\/vannes\/#website"},"datePublished":"2019-11-21T14:01:35+00:00","breadcrumb":{"@id":"https:\/\/www.respirelavie.fr\/vannes\/ateliers-bien-etre-2019\/#breadcrumb"},"inLanguage":"fr-FR","potentialAction":[{"@type":"ReadAction","target":["https:\/\/www.respirelavie.fr\/vannes\/ateliers-bien-etre-2019\/"]}]},{"@type":"BreadcrumbList","@id":"https:\/\/www.respirelavie.fr\/vannes\/ateliers-bien-etre-2019\/#breadcrumb","itemListElement":[{"@type":"ListItem","position":1,"name":"Accueil","item":"https:\/\/www.respirelavie.fr\/vannes\/"},{"@type":"ListItem","position":2,"name":"Ateliers bien-\u00eatre 2019"}]},{"@type":"WebSite","@id":"https:\/\/www.respirelavie.fr\/vannes\/#website","url":"https:\/\/www.respirelavie.fr\/vannes\/","name":"RESPIRE VANNES","description":"RESPIRE : votre salon bio, bien-\u00eatre et habitat sain \u00e0 Vannes","publisher":{"@id":"https:\/\/www.respirelavie.fr\/vannes\/#organization"},"potentialAction":[{"@type":"SearchAction","target":{"@type":"EntryPoint","urlTemplate":"https:\/\/www.respirelavie.fr\/vannes\/?s={search_term_string}"},"query-input":{"@type":"PropertyValueSpecification","valueRequired":true,"valueName":"search_term_string"}}],"inLanguage":"fr-FR"},{"@type":"Organization","@id":"https:\/\/www.respirelavie.fr\/vannes\/#organization","name":"RESPIRE VANNES","url":"https:\/\/www.respirelavie.fr\/vannes\/","logo":{"@type":"ImageObject","inLanguage":"fr-FR","@id":"https:\/\/www.respirelavie.fr\/vannes\/#\/schema\/logo\/image\/","url":"https:\/\/www.respirelavie.fr\/vannes\/wp-content\/uploads\/sites\/4\/2024\/10\/cropped-cropped-cropped-Logo-RESPIRE-vannes-2025-1-1.png","contentUrl":"https:\/\/www.respirelavie.fr\/vannes\/wp-content\/uploads\/sites\/4\/2024\/10\/cropped-cropped-cropped-Logo-RESPIRE-vannes-2025-1-1.png","width":797,"height":145,"caption":"RESPIRE VANNES"},"image":{"@id":"https:\/\/www.respirelavie.fr\/vannes\/#\/schema\/logo\/image\/"}}]}},"_links":{"self":[{"href":"https:\/\/www.respirelavie.fr\/vannes\/wp-json\/wp\/v2\/pages\/5601","targetHints":{"allow":["GET"]}}],"collection":[{"href":"https:\/\/www.respirelavie.fr\/vannes\/wp-json\/wp\/v2\/pages"}],"about":[{"href":"https:\/\/www.respirelavie.fr\/vannes\/wp-json\/wp\/v2\/types\/page"}],"author":[{"embeddable":true,"href":"https:\/\/www.respirelavie.fr\/vannes\/wp-json\/wp\/v2\/users\/1"}],"replies":[{"embeddable":true,"href":"https:\/\/www.respirelavie.fr\/vannes\/wp-json\/wp\/v2\/comments?post=5601"}],"version-history":[{"count":1,"href":"https:\/\/www.respirelavie.fr\/vannes\/wp-json\/wp\/v2\/pages\/5601\/revisions"}],"predecessor-version":[{"id":5602,"href":"https:\/\/www.respirelavie.fr\/vannes\/wp-json\/wp\/v2\/pages\/5601\/revisions\/5602"}],"wp:attachment":[{"href":"https:\/\/www.respirelavie.fr\/vannes\/wp-json\/wp\/v2\/media?parent=5601"}],"curies":[{"name":"wp","href":"https:\/\/api.w.org\/{rel}","templated":true}]}}