{"id":6308,"date":"2020-04-17T10:43:57","date_gmt":"2020-04-17T08:43:57","guid":{"rendered":"https:\/\/www.respirelavie.fr\/vannes\/?page_id=6308"},"modified":"2020-04-17T10:43:57","modified_gmt":"2020-04-17T08:43:57","slug":"conference-2020","status":"publish","type":"page","link":"https:\/\/www.respirelavie.fr\/vannes\/conference-2020\/","title":{"rendered":"Conf\u00e9rence 2020"},"content":{"rendered":"<p>Des conf\u00e9rences sont organis\u00e9es pour permettre au public de d\u00e9couvrir et mieux comprendre les m\u00e9thodes et les produits pr\u00e9sent\u00e9s sur le salon.<\/p>\n<p class=\"p1\">Rep\u00e9rez votre salle avec la couleur de l&#8217;horaire :<br \/>\n<span style=\"color: #55a932;\"><strong>Salle GWENED<\/strong><\/span><br \/>\n<strong><span style=\"color: #00a6e2;\">Salle HOUAT<\/span><\/strong><br \/>\n<strong><span style=\"color: #f56f0b;\">Salle HOUEDIC<\/span><\/strong><\/p>\n<h2 class=\"p1\"><strong>VENDREDI 17 JANVIER 2020<\/strong><\/h2>\n<p><strong><span class=\"s4\" style=\"color: #00a6e2;\">10:50 <\/span><\/strong>Se lib\u00e9rer des peurs et phobies &#8211; <em><span style=\"color: #808080;\">Salina Mariette<br \/>\n<\/span><\/em><del><strong><span class=\"s2\" style=\"color: #f56f0b;\">10:50 <\/span><\/strong>Les ondes \u00e9lectromagn\u00e9tiques comment se prot\u00e9ger &#8211; <\/del><span style=\"color: #808080;\"><em><del>Denis Munier<\/del> <strong><span style=\"color: #333333;\">\/\/ annul\u00e9<\/span><\/strong><\/em><\/span><br \/>\n<strong><span class=\"s3\" style=\"color: #55a932;\">11:00 <\/span><\/strong>La jungle de la compl\u00e9mentation, nos choix \u00e9thiques et strat\u00e9giques pour une haute assimilation et restauration de nos cellules &#8211; <span style=\"color: #808080;\"><em>Nathalie Marty-Glasse<\/em><\/span><br \/>\n<strong><span class=\"s4\" style=\"color: #00a6e2;\">11:50 <\/span><\/strong>Les min\u00e9raux : origines &#8211; vertus &#8211; utilisations &#8211; <em><span style=\"color: #808080;\">Jean-Claude Kennedec<\/span><\/em><br \/>\n<strong><span class=\"s2\" style=\"color: #f56f0b;\">11:50 <\/span><\/strong>Les bols de cristal et les diff\u00e9rents outils cristal &#8211; <em><span style=\"color: #808080;\">Alain Metraux<\/span><\/em><br \/>\n<strong><span class=\"s4\" style=\"color: #00a6e2;\">12:50 <\/span><\/strong>Mincir avec l\u2019hypnose, la psychologie du poids et la r\u00e9gulation des neurom\u00e9diateurs &#8211; <em><span style=\"color: #808080;\">Julie Girardin<\/span><\/em><br \/>\n<strong><span class=\"s2\" style=\"color: #f56f0b;\">12:50 <\/span><\/strong>Le th\u00e8me de cristal : notre carte d&#8217;identit\u00e9 min\u00e9rale &#8211; <em><span style=\"color: #808080;\">Wydiane Khaoua<\/span><\/em><br \/>\n<strong><span class=\"s3\" style=\"color: #55a932;\">13:30 <\/span><\/strong>L&#8217;incoh\u00e9rence nutritionnelle et les fl\u00e9aux alimentaires \u00e0 la base de la d\u00e9g\u00e9n\u00e9rescence cellulaire : explications et solutions &#8211; <em><span style=\"color: #808080;\">Dr Luc Le M\u00e9tayer Landr\u00e9<\/span><\/em><br \/>\n<strong><span class=\"s4\" style=\"color: #00a6e2;\">13:50 <\/span><\/strong>Retrouver une bonne vue &#8211; <em><span style=\"color: #808080;\">Danielle Cesbron<\/span><\/em><br \/>\n<strong><span class=\"s2\" style=\"color: #f56f0b;\">13:50 <\/span><\/strong>Intestin et microbiote au centre de la sant\u00e9 &#8211; <em><span style=\"color: #808080;\">Patricia Paisant<\/span><\/em><br \/>\n<strong><span class=\"s3\" style=\"color: #55a932;\">14:30 <\/span><\/strong>Se lib\u00e9rer de ses mal-\u00eatre &#8211; <em><span style=\"color: #808080;\">Liliane Dauteuil<\/span><\/em><br \/>\n<strong><span class=\"s4\" style=\"color: #00a6e2;\">14:50 <\/span><\/strong>Le yoga des yeux: une approche holistique de la vision -Philippe Cleyet Merle<br \/>\n<strong><span class=\"s2\" style=\"color: #f56f0b;\">14:50 <\/span><\/strong>Le cheveu au naturel &#8211; <em><span style=\"color: #808080;\">Catherine Rivalan<\/span><\/em><br \/>\n<strong><span class=\"s4\" style=\"color: #00a6e2;\">15:50 <\/span><\/strong>L&#8217;incroybale pouvoir de l&#8217;acupuncture : quel acupuncture pour am\u00e9liorer la sant\u00e9 au quotidien ? &#8211; <em><span style=\"color: #808080;\">Lee &amp; Chang<\/span><\/em><br \/>\n<strong><span class=\"s2\" style=\"color: #f56f0b;\">15:50 <\/span><\/strong>Comment convertir la pollution technologique moderne en \u00e9nergie b\u00e9n\u00e9fique pour le vivant gr\u00e2ce aux ondes scalaires &#8211; <em><span style=\"color: #808080;\">Hubert Maurer<\/span><\/em><br \/>\n<strong><span class=\"s4\" style=\"color: #00a6e2;\">16:50 <\/span><\/strong>Orgonites, protection des ondes \u00e9lectromagn\u00e9tiques et g\u00e9obiologie &#8211; <em><span style=\"color: #808080;\">Thierry Hermann<\/span><\/em><br \/>\n<strong><span class=\"s2\" style=\"color: #f56f0b;\">16:50 <\/span><\/strong>Le merveilleux pouvoir de votre inconscient &#8211; <em><span style=\"color: #808080;\">Lionel Agullo<\/span><\/em><br \/>\n<strong><span class=\"s3\" style=\"color: #55a932;\">17:00 <\/span><\/strong>Synergie Orient et Occident : l&#8217;Energ\u00e9tique chinoise traditionnelle et la Naturopathie, 2 m\u00e9decines compl\u00e9mentaires pour prendre soin de vous &#8211; <em><span style=\"color: #808080;\">Corinne Laverdure<\/span><\/em><br \/>\n<strong><span class=\"s2\" style=\"color: #f56f0b;\">17:50 <\/span><\/strong>L\u2019accompagnement th\u00e9rapeutique en Ma\u00efeusth\u00e9sie\u2026 D\u00e9licatesse et pertinence d&#8217;une nouvelle vision &#8211; <em><span style=\"color: #808080;\">Jean Christophe Benas<br \/>\n<\/span><\/em><strong><span class=\"s4\" style=\"color: #00a6e2;\">17:50 <\/span><\/strong>Stress\u00e9 tendu \u00e9puis\u00e9 douloureux ? Nouvelles solutions &#8211; <em><span style=\"color: #808080;\">Jean-Pierre Chamodot<\/span><\/em><br \/>\n<strong><span class=\"s3\" style=\"color: #55a932;\">18:00 <\/span><\/strong>Retrouver et gu\u00e9rir son enfant int\u00e9rieur : la r\u00e9silience. Gu\u00e9rir le pass\u00e9 pour vivre pleinement l\u2019instant pr\u00e9sent. &#8211; <em><span style=\"color: #808080;\">H\u00e9l\u00e8ne Girardin<\/span><\/em><\/p>\n<h2><\/h2>\n<h2 class=\"p1\"><strong>SAMEDI 18 JANVIER 2020<\/strong><\/h2>\n<p class=\"p1\"><strong><span class=\"s1\" style=\"color: #00a6e2;\">10:50 <\/span><\/strong>Se lib\u00e9rer de ses mal-\u00eatre &#8211; <em><span style=\"color: #808080;\">Liliane Dauteuil<\/span><\/em><br \/>\n<strong><span class=\"s2\" style=\"color: #f56f0b;\">10:50 <\/span><\/strong>La num\u00e9rologie pour bien conna\u00eetre votre chemin de vie &#8211; <em><span style=\"color: #808080;\">Marie Wecxsteen<\/span><\/em><br \/>\n<strong><span class=\"s3\" style=\"color: #55a932;\">11:00 <\/span><\/strong>Comment \u00e9purer notre structure organique et humorale avec une alimentation vivante vibratoire et coh\u00e9rente &#8211; <em><span style=\"color: #808080;\">Dr <\/span><\/em><em><span style=\"color: #808080;\">Luc Le M\u00e9tayer Landr\u00e9<\/span><\/em><br \/>\n<strong><span class=\"s1\" style=\"color: #00a6e2;\">11:50 <\/span><\/strong>Les min\u00e9raux : origines &#8211; vertus &#8211; utilisations &#8211; <em><span style=\"color: #808080;\">Jean-Claude Kennedec<\/span><\/em><br \/>\n<strong><span class=\"s2\" style=\"color: #f56f0b;\">11:50 <\/span><\/strong>Orgonites, protection des ondes \u00e9lectromagn\u00e9tiques et g\u00e9obiologie &#8211;<em><span style=\"color: #808080;\">Thierry Hermann<\/span><\/em><br \/>\n<strong><span class=\"s2\" style=\"color: #00a6e2;\">12:50 <\/span><\/strong>Le merveilleux pouvoir de votre inconscient &#8211; <em><span style=\"color: #808080;\">Lionel Agullo<\/span><\/em><br \/>\n<strong><span class=\"s3\" style=\"color: #f56f0b;\">12:50 <\/span><\/strong>Retrouver une bonne vue &#8211; <em><span style=\"color: #808080;\">Danielle Cesbron<\/span><\/em><br \/>\n<strong><span class=\"s1\" style=\"color: #55a932;\">13:30 <\/span><\/strong>Les algues marines, aliments complets, alcalins, \u00e9purateurs et une solution \u00e0 l&#8217;acidit\u00e9 humorale et organique &#8211; <em><span style=\"color: #808080;\">Dr <\/span><\/em><em><span style=\"color: #808080;\">Luc Le M\u00e9tayer Landr\u00e9<\/span><\/em><br \/>\n<strong><span class=\"s2\" style=\"color: #00a6e2;\">13:50 <\/span><\/strong>Mieux vivre son stress avec la naturopathie &#8211; <em><span style=\"color: #808080;\">Emeline Lecouffe<\/span><\/em><br \/>\n<strong><span class=\"s3\" style=\"color: #f56f0b;\">13:50 <\/span><\/strong>Le th\u00e8me de cristal : notre carte d&#8217;identit\u00e9 min\u00e9rale &#8211;<em><span style=\"color: #808080;\"> Wydiane Khaoua<\/span><\/em><br \/>\n<strong><span class=\"s1\" style=\"color: #55a932;\">14:30 <\/span><\/strong>Axe cerveau-intestin au centre de nos \u00e9motions et de la douleur &#8211; <em><span style=\"color: #808080;\">Patricia Paisant<\/span><\/em><br \/>\n<span style=\"color: #00a6e2;\"><strong><span class=\"s2\">14:50 <\/span><\/strong><\/span>Comment agir contre les tensions musculaires de la t\u00eate, de la nuque et du dos &#8211; <em><span style=\"color: #808080;\">Alfred Pfennig<\/span><\/em><br \/>\n<span style=\"color: #f56f0b;\"><strong><span class=\"s3\">14:50 <\/span><\/strong><\/span>Comment le yoga peut aider au changement de notre soci\u00e9t\u00e9 ? &#8211; <em><span style=\"color: #808080;\">Emile Lozevis<\/span><\/em><br \/>\n<strong><span class=\"s2\" style=\"color: #00a6e2;\">15:50 <\/span><\/strong>Je suis responsable de l&#8217;eau que je bois &#8211; <em><span style=\"color: #808080;\">Thibault Geluyckens<\/span><\/em><br \/>\n<strong><span class=\"s3\" style=\"color: #f56f0b;\">15:50 <\/span><\/strong>La Num\u00e9rologie Cr\u00e9ative\u00ae pour accompagner les transitions de vie &#8211; <em><span style=\"color: #808080;\">Laurence Thievin<\/span><\/em><br \/>\n<strong><span class=\"s2\" style=\"color: #00a6e2;\">16:50 <\/span><\/strong>L&#8217;approche naturopathique et holistique de la sant\u00e9 &#8211; <em><span style=\"color: #808080;\">Philippe Cleyet Merle<\/span><\/em><br \/>\n<strong><span class=\"s3\" style=\"color: #f56f0b;\">16:50 <\/span><\/strong>Comment convertir la pollution technologique moderne en \u00e9nergie b\u00e9n\u00e9fique pour le vivant gr\u00e2ce aux ondes scalaires &#8211; <em><span style=\"color: #808080;\">Hubert Maurer<\/span><\/em><br \/>\n<strong><span class=\"s1\" style=\"color: #55a932;\">17:00 <\/span><\/strong>Nouvelles \u00e9nergies &#8211; <em><span style=\"color: #808080;\">Liliane Dauteuil<\/span><\/em><br \/>\n<strong><span class=\"s2\" style=\"color: #00a6e2;\">17:50 <\/span><\/strong>G\u00e9obiologie scientifique et ondes \u00e9lectromagn\u00e9tiques &#8211; <em><span style=\"color: #808080;\">David Averty<\/span><\/em><br \/>\n<strong><span class=\"s3\" style=\"color: #f56f0b;\">17:50 <\/span><\/strong>R\u00e9habilitation du patrimoine pierre : r\u00e9habiliter dans le bon sens pour \u00e9viter les d\u00e9convenues &#8211; <em><span style=\"color: #808080;\">Marie Cargueray<\/span><\/em><br \/>\n<strong><span class=\"s1\" style=\"color: #55a932;\">18:00 <\/span><\/strong>Les 6 phases d\u2019acc\u00e8s au L\u00e2cher prise. Comment les \u00e9motions nous manipulent ? <em><span style=\"color: #808080;\">H\u00e9l\u00e8ne Girardin<\/span><\/em><\/p>\n<h2><\/h2>\n<h2 class=\"p1\"><strong>DIMANCHE 19 JANVIER 2020<\/strong><\/h2>\n<p class=\"p1\"><strong><span class=\"s1\" style=\"color: #00a6e2;\">10:50 <\/span><\/strong>Les bols tib\u00e9tains &#8211; <em><span style=\"color: #808080;\">Alain Metraux<\/span><\/em><br \/>\n<strong><span class=\"s2\" style=\"color: #f56f0b;\">10:50 <\/span><\/strong>Equilibre acide-base et d\u00e9tox. Quelles r\u00e9formes alimentaires ? <em><span style=\"color: #808080;\">Patricia Paisant<\/span><\/em><br \/>\n<strong><span class=\"s3\" style=\"color: #55a932;\">11:00 <\/span><\/strong>Les micro-algues : leurs bienfaits pour la sant\u00e9 &#8211; <em><span style=\"color: #808080;\">Morgan Cabigliera<\/span><\/em><br \/>\n<strong><span class=\"s1\" style=\"color: #00a6e2;\">11:50 <\/span><\/strong>D\u00e9nouez vos blocages \u00e9motionnels avec l&#8217;adaptog\u00e9n\u00e8se &#8211; <em><span style=\"color: #808080;\">Hubert Lagadic<\/span><\/em><br \/>\n<strong><span class=\"s2\" style=\"color: #f56f0b;\">11:50 <\/span><\/strong>Comment agir contre les tensions musculaires de la t\u00eate, de la nuque et du dos &#8211; <em><span style=\"color: #808080;\">Alfred Pfennig<\/span><\/em><br \/>\n<strong><span class=\"s1\" style=\"color: #00a6e2;\">12:50 <\/span><\/strong>Comment utiliser le Beurre de karit\u00e9 Gastronomique &#8211; <em><span style=\"color: #808080;\">Z\u00e9na Barry Sapin et Franck Sapin<\/span><\/em><br \/>\n<strong><span class=\"s2\" style=\"color: #f56f0b;\">12:50 <\/span><\/strong>Mincir avec l\u2019hypnose, la psychologie du poids et la r\u00e9gulation des neurom\u00e9diateurs &#8211; <em><span style=\"color: #808080;\">Julie Girardin<\/span><\/em><br \/>\n<strong><span class=\"s3\" style=\"color: #55a932;\">13:30 <\/span><\/strong>Il \u00e9tait une fois \u2026 le P.A.R.A.D.I.S (Pouvoir Accueillir sa R\u00e9alit\u00e9 et Accepter D&#8217;\u00eatre Int\u00e9rieurement Soi) &#8211; <em><span style=\"color: #808080;\">Christine Catrouillet<\/span><\/em><br \/>\n<strong><span class=\"s1\" style=\"color: #00a6e2;\">13:50 <\/span><\/strong>D\u00e9couvrez les pouvoirs anti-\u00e2ge de la lumi\u00e8re rouge, technique naturelle d\u00e9couverte de la NASA &#8211; <span style=\"color: #808080;\"><em>Chantal Joye<\/em><\/span><br \/>\n<strong><span class=\"s2\" style=\"color: #f56f0b;\">13:50 <\/span><\/strong>Orgonites, protection des ondes \u00e9lectromagn\u00e9tiques et g\u00e9obiologie &#8211; <em><span style=\"color: #808080;\">Thierry Hermann<\/span><\/em><br \/>\n<strong><span class=\"s3\" style=\"color: #55a932;\">14:30 <\/span><\/strong>Le merveilleux pouvoir de votre inconscient &#8211; <em><span style=\"color: #808080;\">Lionel Agullo<\/span><\/em><br \/>\n<strong><span class=\"s1\" style=\"color: #00a6e2;\">14:50 <\/span><\/strong>L&#8217;approche naturopathique et holistique de la sant\u00e9 &#8211; <em><span style=\"color: #808080;\">Philippe Cleyet Merle<\/span><\/em><br \/>\n<strong><span class=\"s2\" style=\"color: #f56f0b;\">14:50 <\/span><\/strong>Retrouver une bonne vue &#8211; <em><span style=\"color: #808080;\">Danielle Cesbron<\/span><\/em><br \/>\n<strong><span class=\"s1\" style=\"color: #00a6e2;\">15:50 <\/span><\/strong>Comment convertir la pollution technologique moderne en \u00e9nergie b\u00e9n\u00e9fique pour le vivant gr\u00e2ce aux ondes scalaires &#8211; <em><span style=\"color: #808080;\">Hubert Maurer<\/span><\/em><br \/>\n<strong><span class=\"s2\" style=\"color: #f56f0b;\">15:50 <\/span><\/strong>Le th\u00e8me de cristal : notre carte d&#8217;identit\u00e9 min\u00e9rale &#8211; <em><span style=\"color: #808080;\">Wydiane Khaoua<\/span><\/em><br \/>\n<strong><span class=\"s1\" style=\"color: #00a6e2;\">16:50 <\/span><\/strong>Les champs \u00e9lectromagn\u00e9tiques : comprendre et agir &#8211; <em><span style=\"color: #808080;\">Alain Richard<\/span><\/em><br \/>\n<span style=\"color: #f56f0b;\"><strong><span class=\"s2\">16:50 <\/span><\/strong><\/span>Les m\u00e9taux lourds : origines, incidences, mesures et solutions &#8211; <em><span style=\"color: #808080;\">Armand Bensemhoun<\/span><\/em><br \/>\n<strong><span class=\"s3\" style=\"color: #55a932;\">17:00 <\/span><\/strong>Synergie Orient et Occident : l&#8217;Energ\u00e9tique chinoise traditionnelle et la Naturopathie, 2 m\u00e9decines compl\u00e9mentaires pour prendre soin de vous &#8211; <em><span style=\"color: #808080;\">Corinne Laverdure<br \/>\n<\/span><\/em><strong><span class=\"s4\" style=\"color: #00a6e2;\">17:50 <\/span><\/strong>Stress\u00e9 tendu \u00e9puis\u00e9 douloureux ? Nouvelles solutions &#8211; <em><span style=\"color: #808080;\">Jean-Pierre Chamodot<\/span><\/em><br \/>\n<span style=\"color: #55a932;\"><strong><span class=\"s1\">18:00 <\/span><\/strong><\/span>Retrouver et gu\u00e9rir son enfant int\u00e9rieur : la r\u00e9silience. Gu\u00e9rir le pass\u00e9 pour vivre pleinement l\u2019instant pr\u00e9sent &#8211; <em><span style=\"color: #808080;\">H\u00e9l\u00e8ne Girardin<\/span><\/em><\/p>\n","protected":false},"excerpt":{"rendered":"<p>Des conf\u00e9rences sont organis\u00e9es pour permettre au public de d\u00e9couvrir et mieux comprendre les m\u00e9thodes et les produits pr\u00e9sent\u00e9s sur le salon. Rep\u00e9rez votre salle avec la couleur de l&#8217;horaire : Salle GWENED Salle HOUAT Salle HOUEDIC VENDREDI 17 JANVIER 2020 10:50 Se lib\u00e9rer des peurs et phobies &#8211; Salina Mariette 10:50 Les ondes \u00e9lectromagn\u00e9tiques&hellip; <\/p>\n","protected":false},"author":1,"featured_media":0,"parent":0,"menu_order":0,"comment_status":"closed","ping_status":"closed","template":"","meta":{"_monsterinsights_skip_tracking":false,"_monsterinsights_sitenote_active":false,"_monsterinsights_sitenote_note":"","_monsterinsights_sitenote_category":0,"footnotes":""},"class_list":["post-6308","page","type-page","status-publish","hentry"],"yoast_head":"<!-- This site is optimized with the Yoast SEO plugin v27.5 - https:\/\/yoast.com\/product\/yoast-seo-wordpress\/ -->\n<title>Conf\u00e9rence 2020 - RESPIRE VANNES<\/title>\n<meta name=\"robots\" content=\"index, follow, max-snippet:-1, max-image-preview:large, max-video-preview:-1\" \/>\n<link rel=\"canonical\" href=\"https:\/\/www.respirelavie.fr\/vannes\/conference-2020\/\" \/>\n<meta property=\"og:locale\" content=\"fr_FR\" \/>\n<meta property=\"og:type\" content=\"article\" \/>\n<meta property=\"og:title\" content=\"Conf\u00e9rence 2020 - RESPIRE VANNES\" \/>\n<meta property=\"og:description\" content=\"Des conf\u00e9rences sont organis\u00e9es pour permettre au public de d\u00e9couvrir et mieux comprendre les m\u00e9thodes et les produits pr\u00e9sent\u00e9s sur le salon. Rep\u00e9rez votre salle avec la couleur de l&#8217;horaire : Salle GWENED Salle HOUAT Salle HOUEDIC VENDREDI 17 JANVIER 2020 10:50 Se lib\u00e9rer des peurs et phobies &#8211; Salina Mariette 10:50 Les ondes \u00e9lectromagn\u00e9tiques&hellip;\" \/>\n<meta property=\"og:url\" content=\"https:\/\/www.respirelavie.fr\/vannes\/conference-2020\/\" \/>\n<meta property=\"og:site_name\" content=\"RESPIRE VANNES\" \/>\n<meta name=\"twitter:card\" content=\"summary_large_image\" \/>\n<meta name=\"twitter:label1\" content=\"Dur\u00e9e de lecture estim\u00e9e\" \/>\n\t<meta name=\"twitter:data1\" content=\"5 minutes\" \/>\n<script type=\"application\/ld+json\" class=\"yoast-schema-graph\">{\"@context\":\"https:\\\/\\\/schema.org\",\"@graph\":[{\"@type\":\"WebPage\",\"@id\":\"https:\\\/\\\/www.respirelavie.fr\\\/vannes\\\/conference-2020\\\/\",\"url\":\"https:\\\/\\\/www.respirelavie.fr\\\/vannes\\\/conference-2020\\\/\",\"name\":\"Conf\u00e9rence 2020 - RESPIRE VANNES\",\"isPartOf\":{\"@id\":\"https:\\\/\\\/www.respirelavie.fr\\\/vannes\\\/#website\"},\"datePublished\":\"2020-04-17T08:43:57+00:00\",\"breadcrumb\":{\"@id\":\"https:\\\/\\\/www.respirelavie.fr\\\/vannes\\\/conference-2020\\\/#breadcrumb\"},\"inLanguage\":\"fr-FR\",\"potentialAction\":[{\"@type\":\"ReadAction\",\"target\":[\"https:\\\/\\\/www.respirelavie.fr\\\/vannes\\\/conference-2020\\\/\"]}]},{\"@type\":\"BreadcrumbList\",\"@id\":\"https:\\\/\\\/www.respirelavie.fr\\\/vannes\\\/conference-2020\\\/#breadcrumb\",\"itemListElement\":[{\"@type\":\"ListItem\",\"position\":1,\"name\":\"Accueil\",\"item\":\"https:\\\/\\\/www.respirelavie.fr\\\/vannes\\\/\"},{\"@type\":\"ListItem\",\"position\":2,\"name\":\"Conf\u00e9rence 2020\"}]},{\"@type\":\"WebSite\",\"@id\":\"https:\\\/\\\/www.respirelavie.fr\\\/vannes\\\/#website\",\"url\":\"https:\\\/\\\/www.respirelavie.fr\\\/vannes\\\/\",\"name\":\"RESPIRE VANNES\",\"description\":\"RESPIRE : votre salon bio, bien-\u00eatre et habitat sain \u00e0 Vannes\",\"publisher\":{\"@id\":\"https:\\\/\\\/www.respirelavie.fr\\\/vannes\\\/#organization\"},\"potentialAction\":[{\"@type\":\"SearchAction\",\"target\":{\"@type\":\"EntryPoint\",\"urlTemplate\":\"https:\\\/\\\/www.respirelavie.fr\\\/vannes\\\/?s={search_term_string}\"},\"query-input\":{\"@type\":\"PropertyValueSpecification\",\"valueRequired\":true,\"valueName\":\"search_term_string\"}}],\"inLanguage\":\"fr-FR\"},{\"@type\":\"Organization\",\"@id\":\"https:\\\/\\\/www.respirelavie.fr\\\/vannes\\\/#organization\",\"name\":\"RESPIRE VANNES\",\"url\":\"https:\\\/\\\/www.respirelavie.fr\\\/vannes\\\/\",\"logo\":{\"@type\":\"ImageObject\",\"inLanguage\":\"fr-FR\",\"@id\":\"https:\\\/\\\/www.respirelavie.fr\\\/vannes\\\/#\\\/schema\\\/logo\\\/image\\\/\",\"url\":\"https:\\\/\\\/www.respirelavie.fr\\\/vannes\\\/wp-content\\\/uploads\\\/sites\\\/4\\\/2024\\\/10\\\/cropped-cropped-cropped-Logo-RESPIRE-vannes-2025-1-1.png\",\"contentUrl\":\"https:\\\/\\\/www.respirelavie.fr\\\/vannes\\\/wp-content\\\/uploads\\\/sites\\\/4\\\/2024\\\/10\\\/cropped-cropped-cropped-Logo-RESPIRE-vannes-2025-1-1.png\",\"width\":797,\"height\":145,\"caption\":\"RESPIRE VANNES\"},\"image\":{\"@id\":\"https:\\\/\\\/www.respirelavie.fr\\\/vannes\\\/#\\\/schema\\\/logo\\\/image\\\/\"}}]}<\/script>\n<!-- \/ Yoast SEO plugin. -->","yoast_head_json":{"title":"Conf\u00e9rence 2020 - RESPIRE VANNES","robots":{"index":"index","follow":"follow","max-snippet":"max-snippet:-1","max-image-preview":"max-image-preview:large","max-video-preview":"max-video-preview:-1"},"canonical":"https:\/\/www.respirelavie.fr\/vannes\/conference-2020\/","og_locale":"fr_FR","og_type":"article","og_title":"Conf\u00e9rence 2020 - RESPIRE VANNES","og_description":"Des conf\u00e9rences sont organis\u00e9es pour permettre au public de d\u00e9couvrir et mieux comprendre les m\u00e9thodes et les produits pr\u00e9sent\u00e9s sur le salon. Rep\u00e9rez votre salle avec la couleur de l&#8217;horaire : Salle GWENED Salle HOUAT Salle HOUEDIC VENDREDI 17 JANVIER 2020 10:50 Se lib\u00e9rer des peurs et phobies &#8211; Salina Mariette 10:50 Les ondes \u00e9lectromagn\u00e9tiques&hellip;","og_url":"https:\/\/www.respirelavie.fr\/vannes\/conference-2020\/","og_site_name":"RESPIRE VANNES","twitter_card":"summary_large_image","twitter_misc":{"Dur\u00e9e de lecture estim\u00e9e":"5 minutes"},"schema":{"@context":"https:\/\/schema.org","@graph":[{"@type":"WebPage","@id":"https:\/\/www.respirelavie.fr\/vannes\/conference-2020\/","url":"https:\/\/www.respirelavie.fr\/vannes\/conference-2020\/","name":"Conf\u00e9rence 2020 - RESPIRE VANNES","isPartOf":{"@id":"https:\/\/www.respirelavie.fr\/vannes\/#website"},"datePublished":"2020-04-17T08:43:57+00:00","breadcrumb":{"@id":"https:\/\/www.respirelavie.fr\/vannes\/conference-2020\/#breadcrumb"},"inLanguage":"fr-FR","potentialAction":[{"@type":"ReadAction","target":["https:\/\/www.respirelavie.fr\/vannes\/conference-2020\/"]}]},{"@type":"BreadcrumbList","@id":"https:\/\/www.respirelavie.fr\/vannes\/conference-2020\/#breadcrumb","itemListElement":[{"@type":"ListItem","position":1,"name":"Accueil","item":"https:\/\/www.respirelavie.fr\/vannes\/"},{"@type":"ListItem","position":2,"name":"Conf\u00e9rence 2020"}]},{"@type":"WebSite","@id":"https:\/\/www.respirelavie.fr\/vannes\/#website","url":"https:\/\/www.respirelavie.fr\/vannes\/","name":"RESPIRE VANNES","description":"RESPIRE : votre salon bio, bien-\u00eatre et habitat sain \u00e0 Vannes","publisher":{"@id":"https:\/\/www.respirelavie.fr\/vannes\/#organization"},"potentialAction":[{"@type":"SearchAction","target":{"@type":"EntryPoint","urlTemplate":"https:\/\/www.respirelavie.fr\/vannes\/?s={search_term_string}"},"query-input":{"@type":"PropertyValueSpecification","valueRequired":true,"valueName":"search_term_string"}}],"inLanguage":"fr-FR"},{"@type":"Organization","@id":"https:\/\/www.respirelavie.fr\/vannes\/#organization","name":"RESPIRE VANNES","url":"https:\/\/www.respirelavie.fr\/vannes\/","logo":{"@type":"ImageObject","inLanguage":"fr-FR","@id":"https:\/\/www.respirelavie.fr\/vannes\/#\/schema\/logo\/image\/","url":"https:\/\/www.respirelavie.fr\/vannes\/wp-content\/uploads\/sites\/4\/2024\/10\/cropped-cropped-cropped-Logo-RESPIRE-vannes-2025-1-1.png","contentUrl":"https:\/\/www.respirelavie.fr\/vannes\/wp-content\/uploads\/sites\/4\/2024\/10\/cropped-cropped-cropped-Logo-RESPIRE-vannes-2025-1-1.png","width":797,"height":145,"caption":"RESPIRE VANNES"},"image":{"@id":"https:\/\/www.respirelavie.fr\/vannes\/#\/schema\/logo\/image\/"}}]}},"_links":{"self":[{"href":"https:\/\/www.respirelavie.fr\/vannes\/wp-json\/wp\/v2\/pages\/6308","targetHints":{"allow":["GET"]}}],"collection":[{"href":"https:\/\/www.respirelavie.fr\/vannes\/wp-json\/wp\/v2\/pages"}],"about":[{"href":"https:\/\/www.respirelavie.fr\/vannes\/wp-json\/wp\/v2\/types\/page"}],"author":[{"embeddable":true,"href":"https:\/\/www.respirelavie.fr\/vannes\/wp-json\/wp\/v2\/users\/1"}],"replies":[{"embeddable":true,"href":"https:\/\/www.respirelavie.fr\/vannes\/wp-json\/wp\/v2\/comments?post=6308"}],"version-history":[{"count":2,"href":"https:\/\/www.respirelavie.fr\/vannes\/wp-json\/wp\/v2\/pages\/6308\/revisions"}],"predecessor-version":[{"id":6951,"href":"https:\/\/www.respirelavie.fr\/vannes\/wp-json\/wp\/v2\/pages\/6308\/revisions\/6951"}],"wp:attachment":[{"href":"https:\/\/www.respirelavie.fr\/vannes\/wp-json\/wp\/v2\/media?parent=6308"}],"curies":[{"name":"wp","href":"https:\/\/api.w.org\/{rel}","templated":true}]}}