{"id":6311,"date":"2020-04-17T10:45:52","date_gmt":"2020-04-17T08:45:52","guid":{"rendered":"https:\/\/www.respirelavie.fr\/vannes\/?page_id=6311"},"modified":"2020-04-17T10:45:52","modified_gmt":"2020-04-17T08:45:52","slug":"ateliers-bien-etre-2020","status":"publish","type":"page","link":"https:\/\/www.respirelavie.fr\/vannes\/ateliers-bien-etre-2020\/","title":{"rendered":"Ateliers bien-\u00eatre 2020"},"content":{"rendered":"<p>Pour exp\u00e9rimenter des nouvelles pratiques de d\u00e9veloppement personnel, dialoguer avec des praticiens, apprendre \u00e0 se recentrer&#8230;<\/p>\n<p><strong>Les ateliers se d\u00e9roulent en<span style=\"color: #d82f89;\"> Salle ARZ<\/span><\/strong><\/p>\n<h2><\/h2>\n<h2 class=\"p1\"><strong>VENDREDI 17 JANVIER 2020<\/strong><\/h2>\n<p><span style=\"color: #d82f89;\"><strong>12:00<\/strong><\/span> Atelier d\u00e9couverte de la Marche Afghane, anti-stress et revitalisante &#8211; <em><span style=\"color: #808080;\">Myriam Michel (en ext\u00e9rieur si le temps le permet, pr\u00e9voir une tenue adapt\u00e9e)<br \/>\n<\/span><\/em><span style=\"color: #d82f89;\"><strong>14:00<\/strong><\/span> Soulagez votre corps en parlant avec vos cellules &#8211; <span style=\"color: #808080;\"><em>Jean-Pierre Chamodot<br \/>\n<\/em><\/span><span style=\"color: #d82f89;\"><strong>15:00<\/strong><\/span> Atelier Bols de cristal &#8211; <em><span style=\"color: #808080;\">Alain M\u00e9traux<\/span><\/em><br \/>\n<span style=\"color: #d82f89;\"><strong>16:00<\/strong><\/span> Le yoga des yeux : conseils pratiques pour une meilleure vision &#8211; <em><span style=\"color: #808080;\">Philippe Cleyet Merle<\/span><\/em><br \/>\n<span style=\"color: #d82f89;\"><strong>17:00<\/strong><\/span> Cours de yoga Iyengar relaxation et respiration (1h30) &#8211; <em><span style=\"color: #808080;\">Guenola Pinel<\/span><\/em><\/p>\n<h2><\/h2>\n<h2 class=\"p1\"><strong>SAMEDI 18 JANVIER 2020<\/strong><\/h2>\n<p><span style=\"color: #d82f89;\"><strong>10:30<\/strong><\/span> Cours de Yoga Iyengar postural &#8211; <span style=\"color: #808080;\"><em>Guenola Pinel<br \/>\n<\/em><\/span><span style=\"color: #d82f89;\"><strong>12:00<\/strong><\/span> Soulagez votre corps en parlant avec vos cellules &#8211; <span style=\"color: #808080;\"><em>Jean-Pierre Chamodot<br \/>\n<\/em><\/span><span style=\"color: #d82f89;\"><strong>13:00<\/strong><\/span> Mincir avec l\u2019hypnose, la psychologie du poids et la r\u00e9gulation des neurom\u00e9diateurs &#8211; <span style=\"color: #808080;\"><em>H\u00e9l\u00e8ne Girardin<\/em><\/span><br \/>\n<span style=\"color: #d82f89;\"><strong>14:00<\/strong><\/span> Les 10 mouvements de gymnastique faciale pour un visage raffermi et rajeuni &#8211; <span style=\"color: #808080;\"><em>Chantal Joye<\/em><\/span><br \/>\n<span style=\"color: #d82f89;\"><strong>15:00<\/strong><\/span> La num\u00e9rologie : une aide pour votre vie professionnelle &#8211; <span style=\"color: #808080;\"><em>Marie Wecxsteen<\/em><\/span><br \/>\n<span style=\"color: #d82f89;\"><strong>16:00<\/strong><\/span> D\u00e9couvrir la GIM (Ismakogie, technique Nadeau) &#8211; <span style=\"color: #808080;\"><em>Catherine Rivalan<\/em><\/span><br \/>\n<span style=\"color: #d82f89;\"><strong>17:00<\/strong><\/span> R\u00e9ussir ses projets avec la Num\u00e9rologie Cr\u00e9ative\u00ae &#8211; <em><span style=\"color: #808080;\">Laurence Thievin<\/span><\/em><br \/>\n<span style=\"color: #d82f89;\"><strong>18:00<\/strong><\/span> Cours de yoga Iyengar relaxation et respiration &#8211; <span style=\"color: #808080;\"><em>Guenola Pinel<\/em><\/span><\/p>\n<h2><\/h2>\n<h2 class=\"p1\"><strong>DIMANCHE 19 JANVIER 2020<\/strong><\/h2>\n<p><span style=\"color: #d82f89;\"><strong>11:00<\/strong><\/span> Les Yoga des Yeux m\u00e9thode Bates, conseils pour r\u00e9\u00e9quilibrer et fortifier sa vision &#8211; <span style=\"color: #808080;\"><em>Philippe Cleyet Merle<br \/>\n<\/em><\/span><span style=\"color: #d82f89;\"><strong>12:00<\/strong><\/span> Yin Yoga, Mantras &amp; Yoga du Son &#8211; <span style=\"color: #808080;\"><em>P\u00fbj\u00e2 (Valentine Teisseire)<\/em><\/span><br \/>\n<span style=\"color: #d82f89;\"><strong>13:00<\/strong><\/span> Atelier Bols tib\u00e9tains &#8211; <span style=\"color: #808080;\"><em>Alain M\u00e9traux<\/em><\/span><br \/>\n<span style=\"color: #d82f89;\"><strong>14:00<\/strong><\/span> D\u00e9couvrir la GIM (Ismakogie, technique Nadeau) &#8211; <em><span style=\"color: #808080;\">Catherine Rivalan<\/span><\/em><br \/>\n<span style=\"color: #d82f89;\"><strong>15:00<\/strong><\/span> Nouvelles \u00e9nergies &#8211; <span style=\"color: #808080;\"><em>Liliane Dauteuil<\/em><\/span><br \/>\n<span style=\"color: #d82f89;\"><strong>16:00<\/strong><\/span> Ateliers les 6 phases d\u2019acc\u00e8s au L\u00e2cher prise. Comment les \u00e9motions nous manipulent &#8211; <span style=\"color: #808080;\"><em>H\u00e9l\u00e8ne Girardin<\/em><\/span><\/p>\n","protected":false},"excerpt":{"rendered":"<p>Pour exp\u00e9rimenter des nouvelles pratiques de d\u00e9veloppement personnel, dialoguer avec des praticiens, apprendre \u00e0 se recentrer&#8230; Les ateliers se d\u00e9roulent en Salle ARZ VENDREDI 17 JANVIER 2020 12:00 Atelier d\u00e9couverte de la Marche Afghane, anti-stress et revitalisante &#8211; Myriam Michel (en ext\u00e9rieur si le temps le permet, pr\u00e9voir une tenue adapt\u00e9e) 14:00 Soulagez votre corps&hellip; <\/p>\n","protected":false},"author":1,"featured_media":0,"parent":0,"menu_order":0,"comment_status":"closed","ping_status":"closed","template":"","meta":{"_monsterinsights_skip_tracking":false,"_monsterinsights_sitenote_active":false,"_monsterinsights_sitenote_note":"","_monsterinsights_sitenote_category":0,"footnotes":""},"class_list":["post-6311","page","type-page","status-publish","hentry"],"yoast_head":"<!-- This site is optimized with the Yoast SEO plugin v27.5 - https:\/\/yoast.com\/product\/yoast-seo-wordpress\/ -->\n<title>Ateliers bien-\u00eatre 2020 - RESPIRE VANNES<\/title>\n<meta name=\"robots\" content=\"index, follow, max-snippet:-1, max-image-preview:large, max-video-preview:-1\" \/>\n<link rel=\"canonical\" href=\"http:\/\/www.respirelavie.fr\/vannes\/ateliers-bien-etre-2020\/\" \/>\n<meta property=\"og:locale\" content=\"fr_FR\" \/>\n<meta property=\"og:type\" content=\"article\" \/>\n<meta property=\"og:title\" content=\"Ateliers bien-\u00eatre 2020 - RESPIRE VANNES\" \/>\n<meta property=\"og:description\" content=\"Pour exp\u00e9rimenter des nouvelles pratiques de d\u00e9veloppement personnel, dialoguer avec des praticiens, apprendre \u00e0 se recentrer&#8230; Les ateliers se d\u00e9roulent en Salle ARZ VENDREDI 17 JANVIER 2020 12:00 Atelier d\u00e9couverte de la Marche Afghane, anti-stress et revitalisante &#8211; Myriam Michel (en ext\u00e9rieur si le temps le permet, pr\u00e9voir une tenue adapt\u00e9e) 14:00 Soulagez votre corps&hellip;\" \/>\n<meta property=\"og:url\" content=\"http:\/\/www.respirelavie.fr\/vannes\/ateliers-bien-etre-2020\/\" \/>\n<meta property=\"og:site_name\" content=\"RESPIRE VANNES\" \/>\n<meta name=\"twitter:card\" content=\"summary_large_image\" \/>\n<meta name=\"twitter:label1\" content=\"Dur\u00e9e de lecture estim\u00e9e\" \/>\n\t<meta name=\"twitter:data1\" content=\"1 minute\" \/>\n<script type=\"application\/ld+json\" class=\"yoast-schema-graph\">{\"@context\":\"https:\\\/\\\/schema.org\",\"@graph\":[{\"@type\":\"WebPage\",\"@id\":\"http:\\\/\\\/www.respirelavie.fr\\\/vannes\\\/ateliers-bien-etre-2020\\\/\",\"url\":\"http:\\\/\\\/www.respirelavie.fr\\\/vannes\\\/ateliers-bien-etre-2020\\\/\",\"name\":\"Ateliers bien-\u00eatre 2020 - RESPIRE VANNES\",\"isPartOf\":{\"@id\":\"https:\\\/\\\/www.respirelavie.fr\\\/vannes\\\/#website\"},\"datePublished\":\"2020-04-17T08:45:52+00:00\",\"breadcrumb\":{\"@id\":\"http:\\\/\\\/www.respirelavie.fr\\\/vannes\\\/ateliers-bien-etre-2020\\\/#breadcrumb\"},\"inLanguage\":\"fr-FR\",\"potentialAction\":[{\"@type\":\"ReadAction\",\"target\":[\"http:\\\/\\\/www.respirelavie.fr\\\/vannes\\\/ateliers-bien-etre-2020\\\/\"]}]},{\"@type\":\"BreadcrumbList\",\"@id\":\"http:\\\/\\\/www.respirelavie.fr\\\/vannes\\\/ateliers-bien-etre-2020\\\/#breadcrumb\",\"itemListElement\":[{\"@type\":\"ListItem\",\"position\":1,\"name\":\"Accueil\",\"item\":\"https:\\\/\\\/www.respirelavie.fr\\\/vannes\\\/\"},{\"@type\":\"ListItem\",\"position\":2,\"name\":\"Ateliers bien-\u00eatre 2020\"}]},{\"@type\":\"WebSite\",\"@id\":\"https:\\\/\\\/www.respirelavie.fr\\\/vannes\\\/#website\",\"url\":\"https:\\\/\\\/www.respirelavie.fr\\\/vannes\\\/\",\"name\":\"RESPIRE VANNES\",\"description\":\"RESPIRE : votre salon bio, bien-\u00eatre et habitat sain \u00e0 Vannes\",\"publisher\":{\"@id\":\"https:\\\/\\\/www.respirelavie.fr\\\/vannes\\\/#organization\"},\"potentialAction\":[{\"@type\":\"SearchAction\",\"target\":{\"@type\":\"EntryPoint\",\"urlTemplate\":\"https:\\\/\\\/www.respirelavie.fr\\\/vannes\\\/?s={search_term_string}\"},\"query-input\":{\"@type\":\"PropertyValueSpecification\",\"valueRequired\":true,\"valueName\":\"search_term_string\"}}],\"inLanguage\":\"fr-FR\"},{\"@type\":\"Organization\",\"@id\":\"https:\\\/\\\/www.respirelavie.fr\\\/vannes\\\/#organization\",\"name\":\"RESPIRE VANNES\",\"url\":\"https:\\\/\\\/www.respirelavie.fr\\\/vannes\\\/\",\"logo\":{\"@type\":\"ImageObject\",\"inLanguage\":\"fr-FR\",\"@id\":\"https:\\\/\\\/www.respirelavie.fr\\\/vannes\\\/#\\\/schema\\\/logo\\\/image\\\/\",\"url\":\"https:\\\/\\\/www.respirelavie.fr\\\/vannes\\\/wp-content\\\/uploads\\\/sites\\\/4\\\/2024\\\/10\\\/cropped-cropped-cropped-Logo-RESPIRE-vannes-2025-1-1.png\",\"contentUrl\":\"https:\\\/\\\/www.respirelavie.fr\\\/vannes\\\/wp-content\\\/uploads\\\/sites\\\/4\\\/2024\\\/10\\\/cropped-cropped-cropped-Logo-RESPIRE-vannes-2025-1-1.png\",\"width\":797,\"height\":145,\"caption\":\"RESPIRE VANNES\"},\"image\":{\"@id\":\"https:\\\/\\\/www.respirelavie.fr\\\/vannes\\\/#\\\/schema\\\/logo\\\/image\\\/\"}}]}<\/script>\n<!-- \/ Yoast SEO plugin. -->","yoast_head_json":{"title":"Ateliers bien-\u00eatre 2020 - RESPIRE VANNES","robots":{"index":"index","follow":"follow","max-snippet":"max-snippet:-1","max-image-preview":"max-image-preview:large","max-video-preview":"max-video-preview:-1"},"canonical":"http:\/\/www.respirelavie.fr\/vannes\/ateliers-bien-etre-2020\/","og_locale":"fr_FR","og_type":"article","og_title":"Ateliers bien-\u00eatre 2020 - RESPIRE VANNES","og_description":"Pour exp\u00e9rimenter des nouvelles pratiques de d\u00e9veloppement personnel, dialoguer avec des praticiens, apprendre \u00e0 se recentrer&#8230; Les ateliers se d\u00e9roulent en Salle ARZ VENDREDI 17 JANVIER 2020 12:00 Atelier d\u00e9couverte de la Marche Afghane, anti-stress et revitalisante &#8211; Myriam Michel (en ext\u00e9rieur si le temps le permet, pr\u00e9voir une tenue adapt\u00e9e) 14:00 Soulagez votre corps&hellip;","og_url":"http:\/\/www.respirelavie.fr\/vannes\/ateliers-bien-etre-2020\/","og_site_name":"RESPIRE VANNES","twitter_card":"summary_large_image","twitter_misc":{"Dur\u00e9e de lecture estim\u00e9e":"1 minute"},"schema":{"@context":"https:\/\/schema.org","@graph":[{"@type":"WebPage","@id":"http:\/\/www.respirelavie.fr\/vannes\/ateliers-bien-etre-2020\/","url":"http:\/\/www.respirelavie.fr\/vannes\/ateliers-bien-etre-2020\/","name":"Ateliers bien-\u00eatre 2020 - RESPIRE VANNES","isPartOf":{"@id":"https:\/\/www.respirelavie.fr\/vannes\/#website"},"datePublished":"2020-04-17T08:45:52+00:00","breadcrumb":{"@id":"http:\/\/www.respirelavie.fr\/vannes\/ateliers-bien-etre-2020\/#breadcrumb"},"inLanguage":"fr-FR","potentialAction":[{"@type":"ReadAction","target":["http:\/\/www.respirelavie.fr\/vannes\/ateliers-bien-etre-2020\/"]}]},{"@type":"BreadcrumbList","@id":"http:\/\/www.respirelavie.fr\/vannes\/ateliers-bien-etre-2020\/#breadcrumb","itemListElement":[{"@type":"ListItem","position":1,"name":"Accueil","item":"https:\/\/www.respirelavie.fr\/vannes\/"},{"@type":"ListItem","position":2,"name":"Ateliers bien-\u00eatre 2020"}]},{"@type":"WebSite","@id":"https:\/\/www.respirelavie.fr\/vannes\/#website","url":"https:\/\/www.respirelavie.fr\/vannes\/","name":"RESPIRE VANNES","description":"RESPIRE : votre salon bio, bien-\u00eatre et habitat sain \u00e0 Vannes","publisher":{"@id":"https:\/\/www.respirelavie.fr\/vannes\/#organization"},"potentialAction":[{"@type":"SearchAction","target":{"@type":"EntryPoint","urlTemplate":"https:\/\/www.respirelavie.fr\/vannes\/?s={search_term_string}"},"query-input":{"@type":"PropertyValueSpecification","valueRequired":true,"valueName":"search_term_string"}}],"inLanguage":"fr-FR"},{"@type":"Organization","@id":"https:\/\/www.respirelavie.fr\/vannes\/#organization","name":"RESPIRE VANNES","url":"https:\/\/www.respirelavie.fr\/vannes\/","logo":{"@type":"ImageObject","inLanguage":"fr-FR","@id":"https:\/\/www.respirelavie.fr\/vannes\/#\/schema\/logo\/image\/","url":"https:\/\/www.respirelavie.fr\/vannes\/wp-content\/uploads\/sites\/4\/2024\/10\/cropped-cropped-cropped-Logo-RESPIRE-vannes-2025-1-1.png","contentUrl":"https:\/\/www.respirelavie.fr\/vannes\/wp-content\/uploads\/sites\/4\/2024\/10\/cropped-cropped-cropped-Logo-RESPIRE-vannes-2025-1-1.png","width":797,"height":145,"caption":"RESPIRE VANNES"},"image":{"@id":"https:\/\/www.respirelavie.fr\/vannes\/#\/schema\/logo\/image\/"}}]}},"_links":{"self":[{"href":"https:\/\/www.respirelavie.fr\/vannes\/wp-json\/wp\/v2\/pages\/6311","targetHints":{"allow":["GET"]}}],"collection":[{"href":"https:\/\/www.respirelavie.fr\/vannes\/wp-json\/wp\/v2\/pages"}],"about":[{"href":"https:\/\/www.respirelavie.fr\/vannes\/wp-json\/wp\/v2\/types\/page"}],"author":[{"embeddable":true,"href":"https:\/\/www.respirelavie.fr\/vannes\/wp-json\/wp\/v2\/users\/1"}],"replies":[{"embeddable":true,"href":"https:\/\/www.respirelavie.fr\/vannes\/wp-json\/wp\/v2\/comments?post=6311"}],"version-history":[{"count":1,"href":"https:\/\/www.respirelavie.fr\/vannes\/wp-json\/wp\/v2\/pages\/6311\/revisions"}],"predecessor-version":[{"id":6312,"href":"https:\/\/www.respirelavie.fr\/vannes\/wp-json\/wp\/v2\/pages\/6311\/revisions\/6312"}],"wp:attachment":[{"href":"https:\/\/www.respirelavie.fr\/vannes\/wp-json\/wp\/v2\/media?parent=6311"}],"curies":[{"name":"wp","href":"https:\/\/api.w.org\/{rel}","templated":true}]}}