{"id":6317,"date":"2020-04-17T10:50:07","date_gmt":"2020-04-17T08:50:07","guid":{"rendered":"https:\/\/www.respirelavie.fr\/vannes\/?page_id=6317"},"modified":"2020-04-17T10:50:07","modified_gmt":"2020-04-17T08:50:07","slug":"animations-speciales-2020","status":"publish","type":"page","link":"https:\/\/www.respirelavie.fr\/vannes\/animations-speciales-2020\/","title":{"rendered":"Animations sp\u00e9ciales 2020"},"content":{"rendered":"<h2><strong>ESPACE PARENTALIT\u00c9<\/strong><\/h2>\n<p>Espace anim\u00e9 par l\u2019association <strong>Passerelles 56<\/strong> autour de la parentalit\u00e9 et l\u2019accompagnement de la femme et des familles dans la p\u00e9riode pr\u00e9natale.<\/p>\n<p>Diff\u00e9rentes animations et ateliers seront organis\u00e9s tout au long du salon.<\/p>\n<p style=\"text-align: justify;\"><img decoding=\"async\" class=\"alignleft wp-image-5171 \" src=\"https:\/\/www.respirelavie.fr\/vannes\/wp-content\/uploads\/sites\/4\/2019\/01\/image001-300x162.png\" alt=\"\" width=\"212\" height=\"113\" srcset=\"https:\/\/www.respirelavie.fr\/vannes\/wp-content\/uploads\/sites\/4\/2019\/01\/image001-300x162.png 300w, https:\/\/www.respirelavie.fr\/vannes\/wp-content\/uploads\/sites\/4\/2019\/01\/image001-150x81.png 150w\" sizes=\"(max-width: 212px) 100vw, 212px\" \/><\/p>\n<p>&nbsp;<\/p>\n<p style=\"text-align: justify;\">L\u2019association <strong>PasserElles 56<\/strong> s\u2019implique dans le soutien aux parents et futurs parents dans la p\u00e9riode p\u00e9rinatale allant de la pr\u00e9conception aux premiers mois de l\u2019enfant, en passant par le deuil.<\/p>\n<p>&nbsp;<\/p>\n<p>Nous d\u00e9sirons faire d\u00e9couvrir l\u2019activit\u00e9 d\u2019accompagnante \u00e0 la naissance (doula), encore m\u00e9connu, autant aux parents qui peuvent avoir besoin d\u2019informations, d\u2019\u00e9coute et de relais, qu\u2019aux professionnels de l\u2019accompagnement p\u00e9rinatal du secteur, afin de travailler en r\u00e9seau.<\/p>\n<p>Pour cela, nous proposons diff\u00e9rents \u00e9v\u00e9nements :<\/p>\n<ul>\n<li>Des sessions de formations : \u00ab Accompagner la vie \u00bb I. CHALLUT, \u00ab Accompagner le d\u00e9sir d\u2019Enfant \u00bb 1001 f\u00e9condit\u00e9s.<\/li>\n<li>Des temps de rencontre lors de salons : Respire la vie de Vannes, Le cri du Coquelicot \u00e0 Camors, La petite Graine \u00e0 Erdeven<\/li>\n<li>Des moments d\u2019\u00e9changes : conf\u00e9rence \u00ab A la d\u00e9couverte de la Naissance gr\u00e2ce aux mythes et aux rituels \u00bb par Isabelle CHALLUT et Odile TRESCH \u00e0 St Gildas de Rhuys, projection\/d\u00e9bat du film \u00ab Accoucher autrement \u00bb au cin\u00e9ma Ti Hanok d\u2019Auray, ateliers \u00ab Maman papote \u00bb \u00e0 Arradon, atelier \u00ab Couches lavables \u00bb au Centre bien-\u00eatre \u00e0 la Source de Baud, \u00ab RDV p\u00e9rinatali\u2019th\u00e9 \u00bb \u00e0 l\u2019Espace associatif de Carnac.<\/li>\n<\/ul>\n<p>Ainsi que la pi\u00e8ce de th\u00e9\u00e2tre \u00ab Au bonheur des femmes \u00bb par la troupe d\u2019Arts en Sc\u00e8ne. Car la question de la f\u00e9minit\u00e9 et la place de la femme dans notre soci\u00e9t\u00e9 nous touche \u00e9galement beaucoup.<\/p>\n<p><strong><em>A propos de l\u2019association<\/em><\/strong><br \/>\nCr\u00e9\u00e9e en 2018 par 3 accompagnantes \u00e0 la naissance, issues de 3 formations diff\u00e9rentes, l\u2019\u00e9quipe s\u2019\u00e9toffe de nouvelles accompagnantes p\u00e9rinatales et d\u2019autres professionnelles de l\u2019accompagnement ayant des propositions sp\u00e9cifiques.<\/p>\n<p><em><strong>A propos de l\u2019\u00e9quipe\u00a0<\/strong><\/em><\/p>\n<ul>\n<li>Catherine MISSOTTE \u2013 Accompagnante (Formation Ecole Darg\u00e8re) de Camors<\/li>\n<li>C\u00e9line El FOUNI \u2013 Accompagnante (Formation Centre Pleine Lune) d\u2019Arradon<\/li>\n<li>Caroline COTTALORDA &#8211; Accompagnante (Formation Doulas de France) d\u2019Erdeven<\/li>\n<li>Gwen MASSOT &#8211; Accompagnante (Formation Doulas de France) d\u2019Auray<\/li>\n<li>Ma\u00eblig KERISIT \u2013 Accompagnante post-natale (Formation Camille Laperle), de Brec\u2019h<\/li>\n<li>Val\u00e9rie HESTERS \u2013 Accompagnante (Formation Centre Pleine Lune), de Lorient<\/li>\n<li>Marie-Pierre FERLAND &#8211; Praticienne Shiatsu, massage, ATMA femmes enceintes, \u00e0 Auray<em>Plus d\u2019informations sur le <a href=\"http:\/\/www.passerelles56.com\/\" target=\"_blank\" rel=\"noopener noreferrer\">site internet<\/a> et la page Association PasserElles 56<\/em><\/li>\n<\/ul>\n<p>&nbsp;<\/p>\n<h2><\/h2>\n<h2><strong>ESPACE HABITAT \u00c9COLOGIQUE<\/strong><\/h2>\n<p><img fetchpriority=\"high\" decoding=\"async\" class=\"alignleft wp-image-5787 size-medium\" src=\"https:\/\/www.respirelavie.fr\/vannes\/wp-content\/uploads\/sites\/4\/2019\/12\/Scan0005-300x206.jpg\" alt=\"\" width=\"300\" height=\"206\" srcset=\"https:\/\/www.respirelavie.fr\/vannes\/wp-content\/uploads\/sites\/4\/2019\/12\/Scan0005-300x206.jpg 300w, https:\/\/www.respirelavie.fr\/vannes\/wp-content\/uploads\/sites\/4\/2019\/12\/Scan0005-768x528.jpg 768w, https:\/\/www.respirelavie.fr\/vannes\/wp-content\/uploads\/sites\/4\/2019\/12\/Scan0005-1024x704.jpg 1024w, https:\/\/www.respirelavie.fr\/vannes\/wp-content\/uploads\/sites\/4\/2019\/12\/Scan0005-500x344.jpg 500w, https:\/\/www.respirelavie.fr\/vannes\/wp-content\/uploads\/sites\/4\/2019\/12\/Scan0005-150x103.jpg 150w\" sizes=\"(max-width: 300px) 100vw, 300px\" \/><\/p>\n<p>&nbsp;<\/p>\n<p>D\u00e9monstration de finitions d\u00e9coratives avec des mat\u00e9riaux Biosourc\u00e9s par le P\u00f4le Habitat \u00c9cologique\u00a0: r\u00e9alisation de fresques, utilisation d&#8217;un enduit \u00e0 l&#8217;argile et d&#8217;un enduit \u00e0 la chaux.<br \/>\n<em>Tous les jours en continu sur le stand<\/em><\/p>\n<p>&nbsp;<\/p>\n<h2><\/h2>\n<p>&nbsp;<\/p>\n<p>&nbsp;<\/p>\n<h2><strong>ESPACE D\u00c9TENTE<\/strong><\/h2>\n<p><img decoding=\"async\" class=\"wp-image-6463 alignleft lazyloaded\" src=\"https:\/\/www.salon-naturabio.com\/wp-content\/uploads\/2019\/09\/SIEGE.jpg\" alt=\"\" width=\"201\" height=\"292\" data-lazy-src=\"https:\/\/www.salon-naturabio.com\/wp-content\/uploads\/2019\/09\/SIEGE.jpg\" data-was-processed=\"true\" \/><\/p>\n<p>&nbsp;<\/p>\n<p>Venez-vous relaxer chez\u00a0<strong><em>Bois et Forme<\/em><\/strong>, un mobilier au plus proche de l\u2019arbre par ses courbes et ses mouvements.<\/p>\n<p><a href=\"https:\/\/sites.google.com\/site\/boisetformes\/\" target=\"_blank\" rel=\"noopener noreferrer\"><em>Plus d\u2019informations sur le site internet<\/em><\/a><\/p>\n<p>&nbsp;<\/p>\n<p>&nbsp;<\/p>\n<p>&nbsp;<\/p>\n<p>&nbsp;<\/p>\n<h2><strong>LE COIN DES ENFANTS<\/strong><\/h2>\n<p><img decoding=\"async\" class=\"alignleft\" src=\"https:\/\/www.respirelavie.fr\/poitiers\/wp-content\/uploads\/sites\/3\/2019\/09\/le-coin-des-enfants-300x200.jpg\" \/><\/p>\n<p>&nbsp;<\/p>\n<p>Animations cr\u00e9atives et bricolages nature \u00e0 base de mat\u00e9riaux de r\u00e9cup\u00e9ration.<br \/>\nAnim\u00e9s par la T\u00eate et les Mains<br \/>\nSamedi et dimanche, \u00e0 partir de 3 ans<\/p>\n<p>&nbsp;<\/p>\n","protected":false},"excerpt":{"rendered":"<p>ESPACE PARENTALIT\u00c9 Espace anim\u00e9 par l\u2019association Passerelles 56 autour de la parentalit\u00e9 et l\u2019accompagnement de la femme et des familles dans la p\u00e9riode pr\u00e9natale. Diff\u00e9rentes animations et ateliers seront organis\u00e9s tout au long du salon. &nbsp; L\u2019association PasserElles 56 s\u2019implique dans le soutien aux parents et futurs parents dans la p\u00e9riode p\u00e9rinatale allant de la&hellip; <\/p>\n","protected":false},"author":1,"featured_media":0,"parent":0,"menu_order":0,"comment_status":"closed","ping_status":"closed","template":"","meta":{"_monsterinsights_skip_tracking":false,"_monsterinsights_sitenote_active":false,"_monsterinsights_sitenote_note":"","_monsterinsights_sitenote_category":0,"footnotes":""},"class_list":["post-6317","page","type-page","status-publish","hentry"],"yoast_head":"<!-- This site is optimized with the Yoast SEO plugin v27.3 - https:\/\/yoast.com\/product\/yoast-seo-wordpress\/ -->\n<title>Animations sp\u00e9ciales 2020 - RESPIRE VANNES<\/title>\n<meta name=\"robots\" content=\"index, follow, max-snippet:-1, max-image-preview:large, max-video-preview:-1\" \/>\n<link rel=\"canonical\" href=\"https:\/\/www.respirelavie.fr\/vannes\/animations-speciales-2020\/\" \/>\n<meta property=\"og:locale\" content=\"fr_FR\" \/>\n<meta property=\"og:type\" content=\"article\" \/>\n<meta property=\"og:title\" content=\"Animations sp\u00e9ciales 2020 - RESPIRE VANNES\" \/>\n<meta property=\"og:description\" content=\"ESPACE PARENTALIT\u00c9 Espace anim\u00e9 par l\u2019association Passerelles 56 autour de la parentalit\u00e9 et l\u2019accompagnement de la femme et des familles dans la p\u00e9riode pr\u00e9natale. Diff\u00e9rentes animations et ateliers seront organis\u00e9s tout au long du salon. &nbsp; L\u2019association PasserElles 56 s\u2019implique dans le soutien aux parents et futurs parents dans la p\u00e9riode p\u00e9rinatale allant de la&hellip;\" \/>\n<meta property=\"og:url\" content=\"https:\/\/www.respirelavie.fr\/vannes\/animations-speciales-2020\/\" \/>\n<meta property=\"og:site_name\" content=\"RESPIRE VANNES\" \/>\n<meta property=\"og:image\" content=\"https:\/\/www.respirelavie.fr\/vannes\/wp-content\/uploads\/sites\/4\/2019\/01\/image001-300x162.png\" \/>\n<meta name=\"twitter:card\" content=\"summary_large_image\" \/>\n<meta name=\"twitter:label1\" content=\"Dur\u00e9e de lecture estim\u00e9e\" \/>\n\t<meta name=\"twitter:data1\" content=\"3 minutes\" \/>\n<script type=\"application\/ld+json\" class=\"yoast-schema-graph\">{\"@context\":\"https:\\\/\\\/schema.org\",\"@graph\":[{\"@type\":\"WebPage\",\"@id\":\"https:\\\/\\\/www.respirelavie.fr\\\/vannes\\\/animations-speciales-2020\\\/\",\"url\":\"https:\\\/\\\/www.respirelavie.fr\\\/vannes\\\/animations-speciales-2020\\\/\",\"name\":\"Animations sp\u00e9ciales 2020 - RESPIRE VANNES\",\"isPartOf\":{\"@id\":\"https:\\\/\\\/www.respirelavie.fr\\\/vannes\\\/#website\"},\"primaryImageOfPage\":{\"@id\":\"https:\\\/\\\/www.respirelavie.fr\\\/vannes\\\/animations-speciales-2020\\\/#primaryimage\"},\"image\":{\"@id\":\"https:\\\/\\\/www.respirelavie.fr\\\/vannes\\\/animations-speciales-2020\\\/#primaryimage\"},\"thumbnailUrl\":\"https:\\\/\\\/www.respirelavie.fr\\\/vannes\\\/wp-content\\\/uploads\\\/sites\\\/4\\\/2019\\\/01\\\/image001-300x162.png\",\"datePublished\":\"2020-04-17T08:50:07+00:00\",\"breadcrumb\":{\"@id\":\"https:\\\/\\\/www.respirelavie.fr\\\/vannes\\\/animations-speciales-2020\\\/#breadcrumb\"},\"inLanguage\":\"fr-FR\",\"potentialAction\":[{\"@type\":\"ReadAction\",\"target\":[\"https:\\\/\\\/www.respirelavie.fr\\\/vannes\\\/animations-speciales-2020\\\/\"]}]},{\"@type\":\"ImageObject\",\"inLanguage\":\"fr-FR\",\"@id\":\"https:\\\/\\\/www.respirelavie.fr\\\/vannes\\\/animations-speciales-2020\\\/#primaryimage\",\"url\":\"https:\\\/\\\/www.respirelavie.fr\\\/vannes\\\/wp-content\\\/uploads\\\/sites\\\/4\\\/2019\\\/01\\\/image001.png\",\"contentUrl\":\"https:\\\/\\\/www.respirelavie.fr\\\/vannes\\\/wp-content\\\/uploads\\\/sites\\\/4\\\/2019\\\/01\\\/image001.png\",\"width\":554,\"height\":300},{\"@type\":\"BreadcrumbList\",\"@id\":\"https:\\\/\\\/www.respirelavie.fr\\\/vannes\\\/animations-speciales-2020\\\/#breadcrumb\",\"itemListElement\":[{\"@type\":\"ListItem\",\"position\":1,\"name\":\"Accueil\",\"item\":\"https:\\\/\\\/www.respirelavie.fr\\\/vannes\\\/\"},{\"@type\":\"ListItem\",\"position\":2,\"name\":\"Animations sp\u00e9ciales 2020\"}]},{\"@type\":\"WebSite\",\"@id\":\"https:\\\/\\\/www.respirelavie.fr\\\/vannes\\\/#website\",\"url\":\"https:\\\/\\\/www.respirelavie.fr\\\/vannes\\\/\",\"name\":\"RESPIRE VANNES\",\"description\":\"RESPIRE : votre salon bio, bien-\u00eatre et habitat sain \u00e0 Vannes\",\"publisher\":{\"@id\":\"https:\\\/\\\/www.respirelavie.fr\\\/vannes\\\/#organization\"},\"potentialAction\":[{\"@type\":\"SearchAction\",\"target\":{\"@type\":\"EntryPoint\",\"urlTemplate\":\"https:\\\/\\\/www.respirelavie.fr\\\/vannes\\\/?s={search_term_string}\"},\"query-input\":{\"@type\":\"PropertyValueSpecification\",\"valueRequired\":true,\"valueName\":\"search_term_string\"}}],\"inLanguage\":\"fr-FR\"},{\"@type\":\"Organization\",\"@id\":\"https:\\\/\\\/www.respirelavie.fr\\\/vannes\\\/#organization\",\"name\":\"RESPIRE VANNES\",\"url\":\"https:\\\/\\\/www.respirelavie.fr\\\/vannes\\\/\",\"logo\":{\"@type\":\"ImageObject\",\"inLanguage\":\"fr-FR\",\"@id\":\"https:\\\/\\\/www.respirelavie.fr\\\/vannes\\\/#\\\/schema\\\/logo\\\/image\\\/\",\"url\":\"https:\\\/\\\/www.respirelavie.fr\\\/vannes\\\/wp-content\\\/uploads\\\/sites\\\/4\\\/2024\\\/10\\\/cropped-cropped-cropped-Logo-RESPIRE-vannes-2025-1-1.png\",\"contentUrl\":\"https:\\\/\\\/www.respirelavie.fr\\\/vannes\\\/wp-content\\\/uploads\\\/sites\\\/4\\\/2024\\\/10\\\/cropped-cropped-cropped-Logo-RESPIRE-vannes-2025-1-1.png\",\"width\":797,\"height\":145,\"caption\":\"RESPIRE VANNES\"},\"image\":{\"@id\":\"https:\\\/\\\/www.respirelavie.fr\\\/vannes\\\/#\\\/schema\\\/logo\\\/image\\\/\"}}]}<\/script>\n<!-- \/ Yoast SEO plugin. -->","yoast_head_json":{"title":"Animations sp\u00e9ciales 2020 - RESPIRE VANNES","robots":{"index":"index","follow":"follow","max-snippet":"max-snippet:-1","max-image-preview":"max-image-preview:large","max-video-preview":"max-video-preview:-1"},"canonical":"https:\/\/www.respirelavie.fr\/vannes\/animations-speciales-2020\/","og_locale":"fr_FR","og_type":"article","og_title":"Animations sp\u00e9ciales 2020 - RESPIRE VANNES","og_description":"ESPACE PARENTALIT\u00c9 Espace anim\u00e9 par l\u2019association Passerelles 56 autour de la parentalit\u00e9 et l\u2019accompagnement de la femme et des familles dans la p\u00e9riode pr\u00e9natale. Diff\u00e9rentes animations et ateliers seront organis\u00e9s tout au long du salon. &nbsp; L\u2019association PasserElles 56 s\u2019implique dans le soutien aux parents et futurs parents dans la p\u00e9riode p\u00e9rinatale allant de la&hellip;","og_url":"https:\/\/www.respirelavie.fr\/vannes\/animations-speciales-2020\/","og_site_name":"RESPIRE VANNES","og_image":[{"url":"https:\/\/www.respirelavie.fr\/vannes\/wp-content\/uploads\/sites\/4\/2019\/01\/image001-300x162.png","type":"","width":"","height":""}],"twitter_card":"summary_large_image","twitter_misc":{"Dur\u00e9e de lecture estim\u00e9e":"3 minutes"},"schema":{"@context":"https:\/\/schema.org","@graph":[{"@type":"WebPage","@id":"https:\/\/www.respirelavie.fr\/vannes\/animations-speciales-2020\/","url":"https:\/\/www.respirelavie.fr\/vannes\/animations-speciales-2020\/","name":"Animations sp\u00e9ciales 2020 - RESPIRE VANNES","isPartOf":{"@id":"https:\/\/www.respirelavie.fr\/vannes\/#website"},"primaryImageOfPage":{"@id":"https:\/\/www.respirelavie.fr\/vannes\/animations-speciales-2020\/#primaryimage"},"image":{"@id":"https:\/\/www.respirelavie.fr\/vannes\/animations-speciales-2020\/#primaryimage"},"thumbnailUrl":"https:\/\/www.respirelavie.fr\/vannes\/wp-content\/uploads\/sites\/4\/2019\/01\/image001-300x162.png","datePublished":"2020-04-17T08:50:07+00:00","breadcrumb":{"@id":"https:\/\/www.respirelavie.fr\/vannes\/animations-speciales-2020\/#breadcrumb"},"inLanguage":"fr-FR","potentialAction":[{"@type":"ReadAction","target":["https:\/\/www.respirelavie.fr\/vannes\/animations-speciales-2020\/"]}]},{"@type":"ImageObject","inLanguage":"fr-FR","@id":"https:\/\/www.respirelavie.fr\/vannes\/animations-speciales-2020\/#primaryimage","url":"https:\/\/www.respirelavie.fr\/vannes\/wp-content\/uploads\/sites\/4\/2019\/01\/image001.png","contentUrl":"https:\/\/www.respirelavie.fr\/vannes\/wp-content\/uploads\/sites\/4\/2019\/01\/image001.png","width":554,"height":300},{"@type":"BreadcrumbList","@id":"https:\/\/www.respirelavie.fr\/vannes\/animations-speciales-2020\/#breadcrumb","itemListElement":[{"@type":"ListItem","position":1,"name":"Accueil","item":"https:\/\/www.respirelavie.fr\/vannes\/"},{"@type":"ListItem","position":2,"name":"Animations sp\u00e9ciales 2020"}]},{"@type":"WebSite","@id":"https:\/\/www.respirelavie.fr\/vannes\/#website","url":"https:\/\/www.respirelavie.fr\/vannes\/","name":"RESPIRE VANNES","description":"RESPIRE : votre salon bio, bien-\u00eatre et habitat sain \u00e0 Vannes","publisher":{"@id":"https:\/\/www.respirelavie.fr\/vannes\/#organization"},"potentialAction":[{"@type":"SearchAction","target":{"@type":"EntryPoint","urlTemplate":"https:\/\/www.respirelavie.fr\/vannes\/?s={search_term_string}"},"query-input":{"@type":"PropertyValueSpecification","valueRequired":true,"valueName":"search_term_string"}}],"inLanguage":"fr-FR"},{"@type":"Organization","@id":"https:\/\/www.respirelavie.fr\/vannes\/#organization","name":"RESPIRE VANNES","url":"https:\/\/www.respirelavie.fr\/vannes\/","logo":{"@type":"ImageObject","inLanguage":"fr-FR","@id":"https:\/\/www.respirelavie.fr\/vannes\/#\/schema\/logo\/image\/","url":"https:\/\/www.respirelavie.fr\/vannes\/wp-content\/uploads\/sites\/4\/2024\/10\/cropped-cropped-cropped-Logo-RESPIRE-vannes-2025-1-1.png","contentUrl":"https:\/\/www.respirelavie.fr\/vannes\/wp-content\/uploads\/sites\/4\/2024\/10\/cropped-cropped-cropped-Logo-RESPIRE-vannes-2025-1-1.png","width":797,"height":145,"caption":"RESPIRE VANNES"},"image":{"@id":"https:\/\/www.respirelavie.fr\/vannes\/#\/schema\/logo\/image\/"}}]}},"_links":{"self":[{"href":"https:\/\/www.respirelavie.fr\/vannes\/wp-json\/wp\/v2\/pages\/6317","targetHints":{"allow":["GET"]}}],"collection":[{"href":"https:\/\/www.respirelavie.fr\/vannes\/wp-json\/wp\/v2\/pages"}],"about":[{"href":"https:\/\/www.respirelavie.fr\/vannes\/wp-json\/wp\/v2\/types\/page"}],"author":[{"embeddable":true,"href":"https:\/\/www.respirelavie.fr\/vannes\/wp-json\/wp\/v2\/users\/1"}],"replies":[{"embeddable":true,"href":"https:\/\/www.respirelavie.fr\/vannes\/wp-json\/wp\/v2\/comments?post=6317"}],"version-history":[{"count":1,"href":"https:\/\/www.respirelavie.fr\/vannes\/wp-json\/wp\/v2\/pages\/6317\/revisions"}],"predecessor-version":[{"id":6318,"href":"https:\/\/www.respirelavie.fr\/vannes\/wp-json\/wp\/v2\/pages\/6317\/revisions\/6318"}],"wp:attachment":[{"href":"https:\/\/www.respirelavie.fr\/vannes\/wp-json\/wp\/v2\/media?parent=6317"}],"curies":[{"name":"wp","href":"https:\/\/api.w.org\/{rel}","templated":true}]}}