{"id":7224,"date":"2022-08-16T17:52:38","date_gmt":"2022-08-16T15:52:38","guid":{"rendered":"https:\/\/www.respirelavie.fr\/vannes\/?page_id=7224"},"modified":"2022-08-17T14:20:58","modified_gmt":"2022-08-17T12:20:58","slug":"ateliers-bien-etre-2022-annules","status":"publish","type":"page","link":"https:\/\/www.respirelavie.fr\/vannes\/ateliers-bien-etre-2022-annules\/","title":{"rendered":"Ateliers bien-\u00eatre 2022"},"content":{"rendered":"<p><strong>Les ateliers se d\u00e9roulent en<span style=\"color: #d82f89;\"> Salle ARZ<\/span><\/strong><\/p>\n<h2><\/h2>\n<h2 class=\"p1\"><strong>VENDREDI 21 JANVIER 2022<\/strong><\/h2>\n<p><span style=\"color: #d82f89;\"><strong>12:00<\/strong><\/span> M\u00e9ditation chamanique &#8211; <em><span style=\"color: #808080;\">Oowake<br \/>\n<\/span><\/em><span style=\"color: #d82f89;\"><strong>13:00<\/strong><\/span> Massages avec les bols tib\u00e9tains &#8211; <span style=\"color: #808080;\"><em>Alain M\u00e9traux<br \/>\n<\/em><\/span><span style=\"color: #d82f89;\"><strong>15:00<\/strong><\/span> Initiation au Tao de la femme &#8211; <em><span style=\"color: #808080;\">Ferland Marie-Pierre<\/span><\/em><br \/>\n<span style=\"color: #d82f89;\"><strong>17:00<\/strong><\/span> Cours de Pilates Tapis (45min) + Stretching (45 min) &#8211;<em><span style=\"color: #808080;\">\u00a0Carole Adam Pilates<\/span><\/em><\/p>\n<h2><\/h2>\n<h2 class=\"p1\"><strong>SAMEDI 22 JANVIER 2022<\/strong><\/h2>\n<p><span style=\"color: #d82f89;\"><strong>11:00<\/strong><\/span> Quand le stress nous donne du peps &#8211; <span style=\"color: #808080;\"><em>Chantal, Nathalie, Virginie, Eric<br \/>\n<\/em><\/span><span style=\"color: #d82f89;\"><strong>12:00<\/strong><\/span> M\u00e9ditation chamanique &#8211; <span style=\"color: #808080;\"><em>Oowake<br \/>\n<\/em><\/span><span style=\"color: #d82f89;\"><strong>13:00<\/strong><\/span> Bols de cristal &#8211; <span style=\"color: #808080;\"><em>Alain Metraux<\/em><\/span><br \/>\n<span style=\"color: #d82f89;\"><strong>15:00<\/strong><\/span> Initiation \u00e0 la sophrologie &#8211; <span style=\"color: #808080;\"><em>Marion Engel<\/em><\/span><br \/>\n<span style=\"color: #d82f89;\"><strong>16:00<\/strong><\/span> Pr\u00e9parer et r\u00e9ussir ses projets avec la num\u00e9rologie cr\u00e9ative &#8211; <span style=\"color: #808080;\"><em>Laurence Thi\u00e9vin<\/em><\/span><br \/>\n<span style=\"color: #d82f89;\"><strong>17:00<\/strong><\/span> Cours de Pilates Tapis (45min) + Stretching (45 min) &#8211; <em><span style=\"color: #808080;\">Carole Adam Pilates<\/span><\/em><\/p>\n<h2><\/h2>\n<h2 class=\"p1\"><strong>DIMANCHE 23 JANVIER 2022<\/strong><\/h2>\n<p><span style=\"color: #d82f89;\"><strong>11:00<\/strong><\/span> Cours de Pilates doux (55min) + stretching (30 min) &#8211; <span style=\"color: #808080;\"><em>Carole Adam Pilates<\/em><\/span><br \/>\n<span style=\"color: #d82f89;\"><strong>13:00<\/strong><\/span> M\u00e9ditation chamanique &#8211; <span style=\"color: #808080;\"><em>Oowake<\/em><\/span><br \/>\n<span style=\"color: #d82f89;\"><strong>14:00<\/strong><\/span> Initiation au Tao de la femme &#8211; <em><span style=\"color: #808080;\">Ferland Marie-Pierre<\/span><\/em><br \/>\n<span style=\"color: #d82f89;\"><strong>15:30<\/strong><\/span> Cours de Pilates Tapis (45min) + Stretching (45 min) &#8211; <span style=\"color: #808080;\"><em>Carole Adam Pilates<\/em><\/span><\/p>\n","protected":false},"excerpt":{"rendered":"<p>Les ateliers se d\u00e9roulent en Salle ARZ VENDREDI 21 JANVIER 2022 12:00 M\u00e9ditation chamanique &#8211; Oowake 13:00 Massages avec les bols tib\u00e9tains &#8211; Alain M\u00e9traux 15:00 Initiation au Tao de la femme &#8211; Ferland Marie-Pierre 17:00 Cours de Pilates Tapis (45min) + Stretching (45 min) &#8211;\u00a0Carole Adam Pilates SAMEDI 22 JANVIER 2022 11:00 Quand le&hellip; <\/p>\n","protected":false},"author":7,"featured_media":0,"parent":0,"menu_order":0,"comment_status":"closed","ping_status":"closed","template":"","meta":{"_monsterinsights_skip_tracking":false,"_monsterinsights_sitenote_active":false,"_monsterinsights_sitenote_note":"","_monsterinsights_sitenote_category":0,"footnotes":""},"class_list":["post-7224","page","type-page","status-publish","hentry"],"yoast_head":"<!-- This site is optimized with the Yoast SEO plugin v27.3 - https:\/\/yoast.com\/product\/yoast-seo-wordpress\/ -->\n<title>Ateliers bien-\u00eatre 2022 - RESPIRE VANNES<\/title>\n<meta name=\"robots\" content=\"index, follow, max-snippet:-1, max-image-preview:large, max-video-preview:-1\" \/>\n<link rel=\"canonical\" href=\"https:\/\/www.respirelavie.fr\/vannes\/ateliers-bien-etre-2022-annules\/\" \/>\n<meta property=\"og:locale\" content=\"fr_FR\" \/>\n<meta property=\"og:type\" content=\"article\" \/>\n<meta property=\"og:title\" content=\"Ateliers bien-\u00eatre 2022 - RESPIRE VANNES\" \/>\n<meta property=\"og:description\" content=\"Les ateliers se d\u00e9roulent en Salle ARZ VENDREDI 21 JANVIER 2022 12:00 M\u00e9ditation chamanique &#8211; Oowake 13:00 Massages avec les bols tib\u00e9tains &#8211; Alain M\u00e9traux 15:00 Initiation au Tao de la femme &#8211; Ferland Marie-Pierre 17:00 Cours de Pilates Tapis (45min) + Stretching (45 min) &#8211;\u00a0Carole Adam Pilates SAMEDI 22 JANVIER 2022 11:00 Quand le&hellip;\" \/>\n<meta property=\"og:url\" content=\"https:\/\/www.respirelavie.fr\/vannes\/ateliers-bien-etre-2022-annules\/\" \/>\n<meta property=\"og:site_name\" content=\"RESPIRE VANNES\" \/>\n<meta property=\"article:modified_time\" content=\"2022-08-17T12:20:58+00:00\" \/>\n<meta name=\"twitter:card\" content=\"summary_large_image\" \/>\n<meta name=\"twitter:label1\" content=\"Dur\u00e9e de lecture estim\u00e9e\" \/>\n\t<meta name=\"twitter:data1\" content=\"1 minute\" \/>\n<script type=\"application\/ld+json\" class=\"yoast-schema-graph\">{\"@context\":\"https:\\\/\\\/schema.org\",\"@graph\":[{\"@type\":\"WebPage\",\"@id\":\"https:\\\/\\\/www.respirelavie.fr\\\/vannes\\\/ateliers-bien-etre-2022-annules\\\/\",\"url\":\"https:\\\/\\\/www.respirelavie.fr\\\/vannes\\\/ateliers-bien-etre-2022-annules\\\/\",\"name\":\"Ateliers bien-\u00eatre 2022 - RESPIRE VANNES\",\"isPartOf\":{\"@id\":\"https:\\\/\\\/www.respirelavie.fr\\\/vannes\\\/#website\"},\"datePublished\":\"2022-08-16T15:52:38+00:00\",\"dateModified\":\"2022-08-17T12:20:58+00:00\",\"breadcrumb\":{\"@id\":\"https:\\\/\\\/www.respirelavie.fr\\\/vannes\\\/ateliers-bien-etre-2022-annules\\\/#breadcrumb\"},\"inLanguage\":\"fr-FR\",\"potentialAction\":[{\"@type\":\"ReadAction\",\"target\":[\"https:\\\/\\\/www.respirelavie.fr\\\/vannes\\\/ateliers-bien-etre-2022-annules\\\/\"]}]},{\"@type\":\"BreadcrumbList\",\"@id\":\"https:\\\/\\\/www.respirelavie.fr\\\/vannes\\\/ateliers-bien-etre-2022-annules\\\/#breadcrumb\",\"itemListElement\":[{\"@type\":\"ListItem\",\"position\":1,\"name\":\"Accueil\",\"item\":\"https:\\\/\\\/www.respirelavie.fr\\\/vannes\\\/\"},{\"@type\":\"ListItem\",\"position\":2,\"name\":\"Ateliers bien-\u00eatre 2022\"}]},{\"@type\":\"WebSite\",\"@id\":\"https:\\\/\\\/www.respirelavie.fr\\\/vannes\\\/#website\",\"url\":\"https:\\\/\\\/www.respirelavie.fr\\\/vannes\\\/\",\"name\":\"RESPIRE VANNES\",\"description\":\"RESPIRE : votre salon bio, bien-\u00eatre et habitat sain \u00e0 Vannes\",\"publisher\":{\"@id\":\"https:\\\/\\\/www.respirelavie.fr\\\/vannes\\\/#organization\"},\"potentialAction\":[{\"@type\":\"SearchAction\",\"target\":{\"@type\":\"EntryPoint\",\"urlTemplate\":\"https:\\\/\\\/www.respirelavie.fr\\\/vannes\\\/?s={search_term_string}\"},\"query-input\":{\"@type\":\"PropertyValueSpecification\",\"valueRequired\":true,\"valueName\":\"search_term_string\"}}],\"inLanguage\":\"fr-FR\"},{\"@type\":\"Organization\",\"@id\":\"https:\\\/\\\/www.respirelavie.fr\\\/vannes\\\/#organization\",\"name\":\"RESPIRE VANNES\",\"url\":\"https:\\\/\\\/www.respirelavie.fr\\\/vannes\\\/\",\"logo\":{\"@type\":\"ImageObject\",\"inLanguage\":\"fr-FR\",\"@id\":\"https:\\\/\\\/www.respirelavie.fr\\\/vannes\\\/#\\\/schema\\\/logo\\\/image\\\/\",\"url\":\"https:\\\/\\\/www.respirelavie.fr\\\/vannes\\\/wp-content\\\/uploads\\\/sites\\\/4\\\/2024\\\/10\\\/cropped-cropped-cropped-Logo-RESPIRE-vannes-2025-1-1.png\",\"contentUrl\":\"https:\\\/\\\/www.respirelavie.fr\\\/vannes\\\/wp-content\\\/uploads\\\/sites\\\/4\\\/2024\\\/10\\\/cropped-cropped-cropped-Logo-RESPIRE-vannes-2025-1-1.png\",\"width\":797,\"height\":145,\"caption\":\"RESPIRE VANNES\"},\"image\":{\"@id\":\"https:\\\/\\\/www.respirelavie.fr\\\/vannes\\\/#\\\/schema\\\/logo\\\/image\\\/\"}}]}<\/script>\n<!-- \/ Yoast SEO plugin. -->","yoast_head_json":{"title":"Ateliers bien-\u00eatre 2022 - RESPIRE VANNES","robots":{"index":"index","follow":"follow","max-snippet":"max-snippet:-1","max-image-preview":"max-image-preview:large","max-video-preview":"max-video-preview:-1"},"canonical":"https:\/\/www.respirelavie.fr\/vannes\/ateliers-bien-etre-2022-annules\/","og_locale":"fr_FR","og_type":"article","og_title":"Ateliers bien-\u00eatre 2022 - RESPIRE VANNES","og_description":"Les ateliers se d\u00e9roulent en Salle ARZ VENDREDI 21 JANVIER 2022 12:00 M\u00e9ditation chamanique &#8211; Oowake 13:00 Massages avec les bols tib\u00e9tains &#8211; Alain M\u00e9traux 15:00 Initiation au Tao de la femme &#8211; Ferland Marie-Pierre 17:00 Cours de Pilates Tapis (45min) + Stretching (45 min) &#8211;\u00a0Carole Adam Pilates SAMEDI 22 JANVIER 2022 11:00 Quand le&hellip;","og_url":"https:\/\/www.respirelavie.fr\/vannes\/ateliers-bien-etre-2022-annules\/","og_site_name":"RESPIRE VANNES","article_modified_time":"2022-08-17T12:20:58+00:00","twitter_card":"summary_large_image","twitter_misc":{"Dur\u00e9e de lecture estim\u00e9e":"1 minute"},"schema":{"@context":"https:\/\/schema.org","@graph":[{"@type":"WebPage","@id":"https:\/\/www.respirelavie.fr\/vannes\/ateliers-bien-etre-2022-annules\/","url":"https:\/\/www.respirelavie.fr\/vannes\/ateliers-bien-etre-2022-annules\/","name":"Ateliers bien-\u00eatre 2022 - RESPIRE VANNES","isPartOf":{"@id":"https:\/\/www.respirelavie.fr\/vannes\/#website"},"datePublished":"2022-08-16T15:52:38+00:00","dateModified":"2022-08-17T12:20:58+00:00","breadcrumb":{"@id":"https:\/\/www.respirelavie.fr\/vannes\/ateliers-bien-etre-2022-annules\/#breadcrumb"},"inLanguage":"fr-FR","potentialAction":[{"@type":"ReadAction","target":["https:\/\/www.respirelavie.fr\/vannes\/ateliers-bien-etre-2022-annules\/"]}]},{"@type":"BreadcrumbList","@id":"https:\/\/www.respirelavie.fr\/vannes\/ateliers-bien-etre-2022-annules\/#breadcrumb","itemListElement":[{"@type":"ListItem","position":1,"name":"Accueil","item":"https:\/\/www.respirelavie.fr\/vannes\/"},{"@type":"ListItem","position":2,"name":"Ateliers bien-\u00eatre 2022"}]},{"@type":"WebSite","@id":"https:\/\/www.respirelavie.fr\/vannes\/#website","url":"https:\/\/www.respirelavie.fr\/vannes\/","name":"RESPIRE VANNES","description":"RESPIRE : votre salon bio, bien-\u00eatre et habitat sain \u00e0 Vannes","publisher":{"@id":"https:\/\/www.respirelavie.fr\/vannes\/#organization"},"potentialAction":[{"@type":"SearchAction","target":{"@type":"EntryPoint","urlTemplate":"https:\/\/www.respirelavie.fr\/vannes\/?s={search_term_string}"},"query-input":{"@type":"PropertyValueSpecification","valueRequired":true,"valueName":"search_term_string"}}],"inLanguage":"fr-FR"},{"@type":"Organization","@id":"https:\/\/www.respirelavie.fr\/vannes\/#organization","name":"RESPIRE VANNES","url":"https:\/\/www.respirelavie.fr\/vannes\/","logo":{"@type":"ImageObject","inLanguage":"fr-FR","@id":"https:\/\/www.respirelavie.fr\/vannes\/#\/schema\/logo\/image\/","url":"https:\/\/www.respirelavie.fr\/vannes\/wp-content\/uploads\/sites\/4\/2024\/10\/cropped-cropped-cropped-Logo-RESPIRE-vannes-2025-1-1.png","contentUrl":"https:\/\/www.respirelavie.fr\/vannes\/wp-content\/uploads\/sites\/4\/2024\/10\/cropped-cropped-cropped-Logo-RESPIRE-vannes-2025-1-1.png","width":797,"height":145,"caption":"RESPIRE VANNES"},"image":{"@id":"https:\/\/www.respirelavie.fr\/vannes\/#\/schema\/logo\/image\/"}}]}},"_links":{"self":[{"href":"https:\/\/www.respirelavie.fr\/vannes\/wp-json\/wp\/v2\/pages\/7224","targetHints":{"allow":["GET"]}}],"collection":[{"href":"https:\/\/www.respirelavie.fr\/vannes\/wp-json\/wp\/v2\/pages"}],"about":[{"href":"https:\/\/www.respirelavie.fr\/vannes\/wp-json\/wp\/v2\/types\/page"}],"author":[{"embeddable":true,"href":"https:\/\/www.respirelavie.fr\/vannes\/wp-json\/wp\/v2\/users\/7"}],"replies":[{"embeddable":true,"href":"https:\/\/www.respirelavie.fr\/vannes\/wp-json\/wp\/v2\/comments?post=7224"}],"version-history":[{"count":2,"href":"https:\/\/www.respirelavie.fr\/vannes\/wp-json\/wp\/v2\/pages\/7224\/revisions"}],"predecessor-version":[{"id":7239,"href":"https:\/\/www.respirelavie.fr\/vannes\/wp-json\/wp\/v2\/pages\/7224\/revisions\/7239"}],"wp:attachment":[{"href":"https:\/\/www.respirelavie.fr\/vannes\/wp-json\/wp\/v2\/media?parent=7224"}],"curies":[{"name":"wp","href":"https:\/\/api.w.org\/{rel}","templated":true}]}}