{"id":8132,"date":"2023-12-06T09:40:58","date_gmt":"2023-12-06T08:40:58","guid":{"rendered":"https:\/\/www.respirelavie.fr\/vannes\/?page_id=8132"},"modified":"2023-12-06T09:40:58","modified_gmt":"2023-12-06T08:40:58","slug":"ateliers-bien-etre-2023","status":"publish","type":"page","link":"https:\/\/www.respirelavie.fr\/vannes\/ateliers-bien-etre-2023\/","title":{"rendered":"Ateliers bien-\u00eatre 2023"},"content":{"rendered":"<p>Tous les jours, exp\u00e9rimentez la m\u00e9ditation, le yoga, la danse cr\u00e9ative, la sophrologie, l\u2019hypnose, etc. Une occasion de tester ces techniques et de dialoguer avec des praticiens de bien-\u00eatre.<\/p>\n<p>Les ateliers se tiennent dans la salle suivante :<br \/>\n<span style=\"color: #db4b95;\"><strong>Salle ARZ<\/strong><\/span><\/p>\n<h2 class=\"p1\"><strong>VENDREDI 7 AVRIL 2023<\/strong><\/h2>\n<p><span style=\"color: #db4b95;\"><strong> 11:00<\/strong><\/span> Qi qong &#8211; \u00c9nergie du Bois <em><strong>&#8211; Corinne Laverdure<\/strong><\/em><br \/>\n<span style=\"color: #db4b95;\"><strong>12:00<\/strong><\/span> L&#8217;art de bien respirer <em><strong>&#8211; Myriam Michel<\/strong><\/em><br \/>\n<span style=\"color: #db4b95;\"><strong>13:00<\/strong><\/span> Initiation Qi Qong <em><strong>&#8211; Marilyn Paquet<br \/>\n<\/strong><\/em><strong><span style=\"color: #db4b95;\">14:00<\/span><\/strong> Comment g\u00e9rer votre stress, vos angoisses, votre sommeil et vos addictions avec les RGD <em><strong>&#8211; Jean-Claude Berton<\/strong><\/em><br \/>\n<span style=\"color: #db4b95;\"><strong>15:00<\/strong><\/span> L&#8217;alchimie du Qi Gong &#8230; \u00e0 la maison <em><strong>&#8211; Gilles Le Picard<\/strong><\/em><br \/>\n<span style=\"color: #db4b95;\"><strong>17:00<\/strong><\/span> D\u00e9couverte Shiatsu (2h) <em><strong>&#8211; Xavier Porter Ladousse<\/strong><\/em><\/p>\n<h2 class=\"p1\"><strong>SAMEDI 8 AVRIL 2023<\/strong><\/h2>\n<p><span style=\"color: #db4b95;\"><strong> 11:00<\/strong><\/span> Initiation Qi Qong <strong><em>&#8211; Marilyn Paquet<\/em><\/strong><br \/>\n<span style=\"color: #db4b95;\"><strong>12:00<\/strong><\/span> Qi qong &#8211; \u00c9nergie du Bois<em><strong> &#8211; Corinne Laverdure<br \/>\n<\/strong><\/em><span style=\"color: #db4b95;\"><strong>13:00<\/strong><\/span> Soin collectif C\u0153ur Cristal<em><strong> &#8211; Christelle Tafanel<\/strong><\/em><br \/>\n<span style=\"color: #db4b95;\"><strong>14:00<\/strong><\/span> Symphonie en 3 accords majeurs <em><strong>&#8211; Anne Pointecouteau, Eric Omnes et Virginie Bret<br \/>\n<\/strong><\/em><strong><span style=\"color: #db4b95;\">15:00<\/span><\/strong> Comment g\u00e9rer votre stress, vos angoisses, votre sommeil et vos addictions avec les RGD <em><strong>&#8211; Jean-Claude Berton<\/strong><\/em><br \/>\n<span style=\"color: #db4b95;\"><strong>16:00<\/strong><\/span> L&#8217;alchimie du Qi Gong &#8230; \u00e0 la maison <em><strong>&#8211; Gilles Le Picard<\/strong><\/em><br \/>\n<span style=\"color: #db4b95;\"><strong>17:00<\/strong><\/span> Votre ann\u00e9e personnelle en num\u00e9rologie cr\u00e9ative <em><strong>&#8211; Laurence Thi\u00e9vin<\/strong><\/em><em><strong><br \/>\n<\/strong><\/em><\/p>\n<h2 class=\"p1\"><strong>DIMANCHE 9 AVRIL 2023<\/strong><\/h2>\n<p><span style=\"color: #db4b95;\"><strong>11:00 <\/strong><\/span>Soin collectif C\u0153ur Cristal<strong><em> &#8211; Christelle Tafanel<br \/>\n<\/em><\/strong><span style=\"color: #db4b95;\"><strong>12:00 <\/strong><\/span>Respirer pour am\u00e9liorer sa vie et traverser les turbulences<strong><em> &#8211; Marie-France Jaunet<br \/>\n<\/em><span style=\"color: #db4b95;\">13:00<\/span> <\/strong>Oser dire, \u00e7a s&#8217;apprend ! &#8211; Les \u00e9tapes cl\u00e9s pour passer de la peur de dire \u00e0 l&#8217;expression de mes besoins<strong><em>\u00a0&#8211; Nad\u00e8ge Pic<\/em><\/strong><strong><em><br \/>\n<\/em><\/strong><span style=\"color: #db4b95;\"><strong>15:00 <\/strong><\/span>Comment g\u00e9rer votre stress, vos angoisses, votre sommeil et vos addictions avec les RGD <strong><em>&#8211; Jean-Claude Berton<\/em><\/strong><span style=\"color: #db4b95;\"><strong><br \/>\n16:00<\/strong><\/span> L&#8217;alchimie du Qi Gong &#8230; \u00e0 la maison <em><strong>&#8211; Gilles Le Picard<\/strong><\/em><\/p>\n","protected":false},"excerpt":{"rendered":"<p>Tous les jours, exp\u00e9rimentez la m\u00e9ditation, le yoga, la danse cr\u00e9ative, la sophrologie, l\u2019hypnose, etc. Une occasion de tester ces techniques et de dialoguer avec des praticiens de bien-\u00eatre. Les ateliers se tiennent dans la salle suivante : Salle ARZ VENDREDI 7 AVRIL 2023 11:00 Qi qong &#8211; \u00c9nergie du Bois &#8211; Corinne Laverdure 12:00&hellip; <\/p>\n","protected":false},"author":7,"featured_media":0,"parent":0,"menu_order":0,"comment_status":"closed","ping_status":"closed","template":"","meta":{"_monsterinsights_skip_tracking":false,"_monsterinsights_sitenote_active":false,"_monsterinsights_sitenote_note":"","_monsterinsights_sitenote_category":0,"footnotes":""},"class_list":["post-8132","page","type-page","status-publish","hentry"],"yoast_head":"<!-- This site is optimized with the Yoast SEO plugin v27.5 - https:\/\/yoast.com\/product\/yoast-seo-wordpress\/ -->\n<title>Ateliers bien-\u00eatre 2023 - RESPIRE VANNES<\/title>\n<meta name=\"robots\" content=\"index, follow, max-snippet:-1, max-image-preview:large, max-video-preview:-1\" \/>\n<link rel=\"canonical\" href=\"https:\/\/www.respirelavie.fr\/vannes\/ateliers-bien-etre-2023\/\" \/>\n<meta property=\"og:locale\" content=\"fr_FR\" \/>\n<meta property=\"og:type\" content=\"article\" \/>\n<meta property=\"og:title\" content=\"Ateliers bien-\u00eatre 2023 - RESPIRE VANNES\" \/>\n<meta property=\"og:description\" content=\"Tous les jours, exp\u00e9rimentez la m\u00e9ditation, le yoga, la danse cr\u00e9ative, la sophrologie, l\u2019hypnose, etc. Une occasion de tester ces techniques et de dialoguer avec des praticiens de bien-\u00eatre. Les ateliers se tiennent dans la salle suivante : Salle ARZ VENDREDI 7 AVRIL 2023 11:00 Qi qong &#8211; \u00c9nergie du Bois &#8211; Corinne Laverdure 12:00&hellip;\" \/>\n<meta property=\"og:url\" content=\"https:\/\/www.respirelavie.fr\/vannes\/ateliers-bien-etre-2023\/\" \/>\n<meta property=\"og:site_name\" content=\"RESPIRE VANNES\" \/>\n<meta name=\"twitter:card\" content=\"summary_large_image\" \/>\n<meta name=\"twitter:label1\" content=\"Dur\u00e9e de lecture estim\u00e9e\" \/>\n\t<meta name=\"twitter:data1\" content=\"1 minute\" \/>\n<script type=\"application\/ld+json\" class=\"yoast-schema-graph\">{\"@context\":\"https:\\\/\\\/schema.org\",\"@graph\":[{\"@type\":\"WebPage\",\"@id\":\"https:\\\/\\\/www.respirelavie.fr\\\/vannes\\\/ateliers-bien-etre-2023\\\/\",\"url\":\"https:\\\/\\\/www.respirelavie.fr\\\/vannes\\\/ateliers-bien-etre-2023\\\/\",\"name\":\"Ateliers bien-\u00eatre 2023 - RESPIRE VANNES\",\"isPartOf\":{\"@id\":\"https:\\\/\\\/www.respirelavie.fr\\\/vannes\\\/#website\"},\"datePublished\":\"2023-12-06T08:40:58+00:00\",\"breadcrumb\":{\"@id\":\"https:\\\/\\\/www.respirelavie.fr\\\/vannes\\\/ateliers-bien-etre-2023\\\/#breadcrumb\"},\"inLanguage\":\"fr-FR\",\"potentialAction\":[{\"@type\":\"ReadAction\",\"target\":[\"https:\\\/\\\/www.respirelavie.fr\\\/vannes\\\/ateliers-bien-etre-2023\\\/\"]}]},{\"@type\":\"BreadcrumbList\",\"@id\":\"https:\\\/\\\/www.respirelavie.fr\\\/vannes\\\/ateliers-bien-etre-2023\\\/#breadcrumb\",\"itemListElement\":[{\"@type\":\"ListItem\",\"position\":1,\"name\":\"Accueil\",\"item\":\"https:\\\/\\\/www.respirelavie.fr\\\/vannes\\\/\"},{\"@type\":\"ListItem\",\"position\":2,\"name\":\"Ateliers bien-\u00eatre 2023\"}]},{\"@type\":\"WebSite\",\"@id\":\"https:\\\/\\\/www.respirelavie.fr\\\/vannes\\\/#website\",\"url\":\"https:\\\/\\\/www.respirelavie.fr\\\/vannes\\\/\",\"name\":\"RESPIRE VANNES\",\"description\":\"RESPIRE : votre salon bio, bien-\u00eatre et habitat sain \u00e0 Vannes\",\"publisher\":{\"@id\":\"https:\\\/\\\/www.respirelavie.fr\\\/vannes\\\/#organization\"},\"potentialAction\":[{\"@type\":\"SearchAction\",\"target\":{\"@type\":\"EntryPoint\",\"urlTemplate\":\"https:\\\/\\\/www.respirelavie.fr\\\/vannes\\\/?s={search_term_string}\"},\"query-input\":{\"@type\":\"PropertyValueSpecification\",\"valueRequired\":true,\"valueName\":\"search_term_string\"}}],\"inLanguage\":\"fr-FR\"},{\"@type\":\"Organization\",\"@id\":\"https:\\\/\\\/www.respirelavie.fr\\\/vannes\\\/#organization\",\"name\":\"RESPIRE VANNES\",\"url\":\"https:\\\/\\\/www.respirelavie.fr\\\/vannes\\\/\",\"logo\":{\"@type\":\"ImageObject\",\"inLanguage\":\"fr-FR\",\"@id\":\"https:\\\/\\\/www.respirelavie.fr\\\/vannes\\\/#\\\/schema\\\/logo\\\/image\\\/\",\"url\":\"https:\\\/\\\/www.respirelavie.fr\\\/vannes\\\/wp-content\\\/uploads\\\/sites\\\/4\\\/2024\\\/10\\\/cropped-cropped-cropped-Logo-RESPIRE-vannes-2025-1-1.png\",\"contentUrl\":\"https:\\\/\\\/www.respirelavie.fr\\\/vannes\\\/wp-content\\\/uploads\\\/sites\\\/4\\\/2024\\\/10\\\/cropped-cropped-cropped-Logo-RESPIRE-vannes-2025-1-1.png\",\"width\":797,\"height\":145,\"caption\":\"RESPIRE VANNES\"},\"image\":{\"@id\":\"https:\\\/\\\/www.respirelavie.fr\\\/vannes\\\/#\\\/schema\\\/logo\\\/image\\\/\"}}]}<\/script>\n<!-- \/ Yoast SEO plugin. -->","yoast_head_json":{"title":"Ateliers bien-\u00eatre 2023 - RESPIRE VANNES","robots":{"index":"index","follow":"follow","max-snippet":"max-snippet:-1","max-image-preview":"max-image-preview:large","max-video-preview":"max-video-preview:-1"},"canonical":"https:\/\/www.respirelavie.fr\/vannes\/ateliers-bien-etre-2023\/","og_locale":"fr_FR","og_type":"article","og_title":"Ateliers bien-\u00eatre 2023 - RESPIRE VANNES","og_description":"Tous les jours, exp\u00e9rimentez la m\u00e9ditation, le yoga, la danse cr\u00e9ative, la sophrologie, l\u2019hypnose, etc. Une occasion de tester ces techniques et de dialoguer avec des praticiens de bien-\u00eatre. Les ateliers se tiennent dans la salle suivante : Salle ARZ VENDREDI 7 AVRIL 2023 11:00 Qi qong &#8211; \u00c9nergie du Bois &#8211; Corinne Laverdure 12:00&hellip;","og_url":"https:\/\/www.respirelavie.fr\/vannes\/ateliers-bien-etre-2023\/","og_site_name":"RESPIRE VANNES","twitter_card":"summary_large_image","twitter_misc":{"Dur\u00e9e de lecture estim\u00e9e":"1 minute"},"schema":{"@context":"https:\/\/schema.org","@graph":[{"@type":"WebPage","@id":"https:\/\/www.respirelavie.fr\/vannes\/ateliers-bien-etre-2023\/","url":"https:\/\/www.respirelavie.fr\/vannes\/ateliers-bien-etre-2023\/","name":"Ateliers bien-\u00eatre 2023 - RESPIRE VANNES","isPartOf":{"@id":"https:\/\/www.respirelavie.fr\/vannes\/#website"},"datePublished":"2023-12-06T08:40:58+00:00","breadcrumb":{"@id":"https:\/\/www.respirelavie.fr\/vannes\/ateliers-bien-etre-2023\/#breadcrumb"},"inLanguage":"fr-FR","potentialAction":[{"@type":"ReadAction","target":["https:\/\/www.respirelavie.fr\/vannes\/ateliers-bien-etre-2023\/"]}]},{"@type":"BreadcrumbList","@id":"https:\/\/www.respirelavie.fr\/vannes\/ateliers-bien-etre-2023\/#breadcrumb","itemListElement":[{"@type":"ListItem","position":1,"name":"Accueil","item":"https:\/\/www.respirelavie.fr\/vannes\/"},{"@type":"ListItem","position":2,"name":"Ateliers bien-\u00eatre 2023"}]},{"@type":"WebSite","@id":"https:\/\/www.respirelavie.fr\/vannes\/#website","url":"https:\/\/www.respirelavie.fr\/vannes\/","name":"RESPIRE VANNES","description":"RESPIRE : votre salon bio, bien-\u00eatre et habitat sain \u00e0 Vannes","publisher":{"@id":"https:\/\/www.respirelavie.fr\/vannes\/#organization"},"potentialAction":[{"@type":"SearchAction","target":{"@type":"EntryPoint","urlTemplate":"https:\/\/www.respirelavie.fr\/vannes\/?s={search_term_string}"},"query-input":{"@type":"PropertyValueSpecification","valueRequired":true,"valueName":"search_term_string"}}],"inLanguage":"fr-FR"},{"@type":"Organization","@id":"https:\/\/www.respirelavie.fr\/vannes\/#organization","name":"RESPIRE VANNES","url":"https:\/\/www.respirelavie.fr\/vannes\/","logo":{"@type":"ImageObject","inLanguage":"fr-FR","@id":"https:\/\/www.respirelavie.fr\/vannes\/#\/schema\/logo\/image\/","url":"https:\/\/www.respirelavie.fr\/vannes\/wp-content\/uploads\/sites\/4\/2024\/10\/cropped-cropped-cropped-Logo-RESPIRE-vannes-2025-1-1.png","contentUrl":"https:\/\/www.respirelavie.fr\/vannes\/wp-content\/uploads\/sites\/4\/2024\/10\/cropped-cropped-cropped-Logo-RESPIRE-vannes-2025-1-1.png","width":797,"height":145,"caption":"RESPIRE VANNES"},"image":{"@id":"https:\/\/www.respirelavie.fr\/vannes\/#\/schema\/logo\/image\/"}}]}},"_links":{"self":[{"href":"https:\/\/www.respirelavie.fr\/vannes\/wp-json\/wp\/v2\/pages\/8132","targetHints":{"allow":["GET"]}}],"collection":[{"href":"https:\/\/www.respirelavie.fr\/vannes\/wp-json\/wp\/v2\/pages"}],"about":[{"href":"https:\/\/www.respirelavie.fr\/vannes\/wp-json\/wp\/v2\/types\/page"}],"author":[{"embeddable":true,"href":"https:\/\/www.respirelavie.fr\/vannes\/wp-json\/wp\/v2\/users\/7"}],"replies":[{"embeddable":true,"href":"https:\/\/www.respirelavie.fr\/vannes\/wp-json\/wp\/v2\/comments?post=8132"}],"version-history":[{"count":1,"href":"https:\/\/www.respirelavie.fr\/vannes\/wp-json\/wp\/v2\/pages\/8132\/revisions"}],"predecessor-version":[{"id":8133,"href":"https:\/\/www.respirelavie.fr\/vannes\/wp-json\/wp\/v2\/pages\/8132\/revisions\/8133"}],"wp:attachment":[{"href":"https:\/\/www.respirelavie.fr\/vannes\/wp-json\/wp\/v2\/media?parent=8132"}],"curies":[{"name":"wp","href":"https:\/\/api.w.org\/{rel}","templated":true}]}}