{"id":8135,"date":"2023-12-06T09:42:30","date_gmt":"2023-12-06T08:42:30","guid":{"rendered":"https:\/\/www.respirelavie.fr\/vannes\/?page_id=8135"},"modified":"2023-12-06T09:42:30","modified_gmt":"2023-12-06T08:42:30","slug":"animations-creatives-2023","status":"publish","type":"page","link":"https:\/\/www.respirelavie.fr\/vannes\/animations-creatives-2023\/","title":{"rendered":"Animations cr\u00e9atives 2023"},"content":{"rendered":"<p>Venez profiter des animations cr\u00e9atives avec des d\u00e9monstrations ou de la mise en pratique : cuisine saine, z\u00e9ro d\u00e9chet, cosm\u00e9tiques naturelles, produits d\u2019entretien \u00e9cologiques, trucs et astuces \u00e9colo, ateliers recyclage, jardinage au naturel\u2026<\/p>\n<p>Les animations se tiennent dans l\u2019espace suivant :<br \/>\n<span style=\"color: #75147c;\"><strong>Espace de GROIX<\/strong><\/span><\/p>\n<h2 class=\"p1\"><strong>VENDREDI 7 AVRIL 2023<\/strong><\/h2>\n<p><span style=\"color: #75147c;\"><strong> 11:00<\/strong><\/span> Usages et bienfaits de l&#8217;aloe vera et de l&#8217;aloe arborescens <em><strong>&#8211; Anne Roche<br \/>\n<\/strong><\/em><strong><span style=\"color: #75147c;\">12:15<\/span><\/strong> D\u00e9couverte des super-aliments. Th\u00e9orie et d\u00e9gustations <em><strong>&#8211; Fran\u00e7ois-Xavier Krause<\/strong><\/em><br \/>\n<span style=\"color: #75147c;\"><strong>13:30<\/strong><\/span> Utilisation du bicarbonate et bienfaits du concentr\u00e9 de grenade <em><strong>&#8211; Gagik Saakian<br \/>\n<\/strong><\/em><span style=\"color: #75147c;\"><strong>14:45<\/strong><\/span> Les bases concr\u00e8tes pour une alimentation vivante <em><strong>&#8211; Armand Zomerman<\/strong><\/em><br \/>\n<span style=\"color: #75147c;\"><strong>16:00<\/strong><\/span> Je d\u00e9couvre les super-aliments sant\u00e9 <em><strong>&#8211; Corinne Laverdure<\/strong><\/em><\/p>\n<h2 class=\"p1\"><strong>SAMEDI 8 AVRIL 2023<\/strong><\/h2>\n<p><span style=\"color: #75147c;\"><strong> 11:00<\/strong><\/span> Usages et bienfaits de l&#8217;aloe vera et de l&#8217;aloe arborescens <em><strong>&#8211; Anne Roche<\/strong><\/em><br \/>\n<span style=\"color: #75147c;\"><strong>12:15<\/strong><\/span> Atelier cosm\u00e9tique DIY &#8211; Cr\u00e8me visage <em><strong>&#8211; Perrine Leroy<\/strong><\/em><br \/>\n<span style=\"color: #75147c;\"><strong>13:30<\/strong><\/span> Je d\u00e9couvre les super-aliments sant\u00e9 <em><strong>&#8211; Corinne Laverdure<\/strong><\/em><br \/>\n<span style=\"color: #75147c;\"><strong>14:45<\/strong><\/span> Alimentation &#8211; plaisir &#8211; \u00e9thique : TyK Affinage en fait tout un fromage <em><strong>&#8211; Manon Boucand et David Vigent<\/strong><\/em><br \/>\n<span style=\"color: #75147c;\"><strong>16:00<\/strong><\/span> Atelier cosm\u00e9tique DIY &#8211; Cr\u00e8me visage <em><strong>&#8211; Perrine Leroy<br \/>\n<\/strong><\/em><strong><span style=\"color: #75147c;\">17:30<\/span><\/strong>\u00a0Les bases concr\u00e8tes pour une alimentation vivante <em><strong>&#8211; Armand Zomerman<br \/>\n<\/strong><\/em><\/p>\n<h2 class=\"p1\"><strong>DIMANCHE 9 AVRIL 2023<\/strong><\/h2>\n<p><span style=\"color: #75147c;\"><strong>11:00 <\/strong><\/span>D\u00e9couverte des super-aliments. Th\u00e9orie et d\u00e9gustations <strong><em>&#8211; Fran\u00e7ois-Xavier Krause<\/em><\/strong><span style=\"color: #75147c;\"><strong><br \/>\n12:15<\/strong><\/span> Atelier cosm\u00e9tique DIY &#8211; Cr\u00e8me visage <em><strong>&#8211; Perrine Leroy<\/strong><\/em><br \/>\n<span style=\"color: #75147c;\"><strong>13:30<\/strong><\/span> Utilisation du bicarbonate et bienfaits du concentr\u00e9 de grenade<em><strong> &#8211; Gagik Saakian<\/strong><\/em><br \/>\n<span style=\"color: #75147c;\"><strong>14:45<\/strong><\/span> Usages et bienfaits de l&#8217;aloe vera et de l&#8217;aloe arborescens <em><strong>&#8211; Anne Roche<br \/>\n<\/strong><\/em><strong><span style=\"color: #75147c;\">16:00 <\/span><\/strong>Les bases concr\u00e8tes pour une alimentation vivante <em><strong>&#8211; Armand Zomerman<\/strong><\/em><\/p>\n","protected":false},"excerpt":{"rendered":"<p>Venez profiter des animations cr\u00e9atives avec des d\u00e9monstrations ou de la mise en pratique : cuisine saine, z\u00e9ro d\u00e9chet, cosm\u00e9tiques naturelles, produits d\u2019entretien \u00e9cologiques, trucs et astuces \u00e9colo, ateliers recyclage, jardinage au naturel\u2026 Les animations se tiennent dans l\u2019espace suivant : Espace de GROIX VENDREDI 7 AVRIL 2023 11:00 Usages et bienfaits de l&#8217;aloe vera&hellip; <\/p>\n","protected":false},"author":7,"featured_media":0,"parent":0,"menu_order":0,"comment_status":"closed","ping_status":"closed","template":"","meta":{"_monsterinsights_skip_tracking":false,"_monsterinsights_sitenote_active":false,"_monsterinsights_sitenote_note":"","_monsterinsights_sitenote_category":0,"footnotes":""},"class_list":["post-8135","page","type-page","status-publish","hentry"],"yoast_head":"<!-- This site is optimized with the Yoast SEO plugin v27.3 - https:\/\/yoast.com\/product\/yoast-seo-wordpress\/ -->\n<title>Animations cr\u00e9atives 2023 - RESPIRE VANNES<\/title>\n<meta name=\"robots\" content=\"index, follow, max-snippet:-1, max-image-preview:large, max-video-preview:-1\" \/>\n<link rel=\"canonical\" href=\"https:\/\/www.respirelavie.fr\/vannes\/animations-creatives-2023\/\" \/>\n<meta property=\"og:locale\" content=\"fr_FR\" \/>\n<meta property=\"og:type\" content=\"article\" \/>\n<meta property=\"og:title\" content=\"Animations cr\u00e9atives 2023 - RESPIRE VANNES\" \/>\n<meta property=\"og:description\" content=\"Venez profiter des animations cr\u00e9atives avec des d\u00e9monstrations ou de la mise en pratique : cuisine saine, z\u00e9ro d\u00e9chet, cosm\u00e9tiques naturelles, produits d\u2019entretien \u00e9cologiques, trucs et astuces \u00e9colo, ateliers recyclage, jardinage au naturel\u2026 Les animations se tiennent dans l\u2019espace suivant : Espace de GROIX VENDREDI 7 AVRIL 2023 11:00 Usages et bienfaits de l&#8217;aloe vera&hellip;\" \/>\n<meta property=\"og:url\" content=\"https:\/\/www.respirelavie.fr\/vannes\/animations-creatives-2023\/\" \/>\n<meta property=\"og:site_name\" content=\"RESPIRE VANNES\" \/>\n<meta name=\"twitter:card\" content=\"summary_large_image\" \/>\n<meta name=\"twitter:label1\" content=\"Dur\u00e9e de lecture estim\u00e9e\" \/>\n\t<meta name=\"twitter:data1\" content=\"1 minute\" \/>\n<script type=\"application\/ld+json\" class=\"yoast-schema-graph\">{\"@context\":\"https:\\\/\\\/schema.org\",\"@graph\":[{\"@type\":\"WebPage\",\"@id\":\"https:\\\/\\\/www.respirelavie.fr\\\/vannes\\\/animations-creatives-2023\\\/\",\"url\":\"https:\\\/\\\/www.respirelavie.fr\\\/vannes\\\/animations-creatives-2023\\\/\",\"name\":\"Animations cr\u00e9atives 2023 - RESPIRE VANNES\",\"isPartOf\":{\"@id\":\"https:\\\/\\\/www.respirelavie.fr\\\/vannes\\\/#website\"},\"datePublished\":\"2023-12-06T08:42:30+00:00\",\"breadcrumb\":{\"@id\":\"https:\\\/\\\/www.respirelavie.fr\\\/vannes\\\/animations-creatives-2023\\\/#breadcrumb\"},\"inLanguage\":\"fr-FR\",\"potentialAction\":[{\"@type\":\"ReadAction\",\"target\":[\"https:\\\/\\\/www.respirelavie.fr\\\/vannes\\\/animations-creatives-2023\\\/\"]}]},{\"@type\":\"BreadcrumbList\",\"@id\":\"https:\\\/\\\/www.respirelavie.fr\\\/vannes\\\/animations-creatives-2023\\\/#breadcrumb\",\"itemListElement\":[{\"@type\":\"ListItem\",\"position\":1,\"name\":\"Accueil\",\"item\":\"https:\\\/\\\/www.respirelavie.fr\\\/vannes\\\/\"},{\"@type\":\"ListItem\",\"position\":2,\"name\":\"Animations cr\u00e9atives 2023\"}]},{\"@type\":\"WebSite\",\"@id\":\"https:\\\/\\\/www.respirelavie.fr\\\/vannes\\\/#website\",\"url\":\"https:\\\/\\\/www.respirelavie.fr\\\/vannes\\\/\",\"name\":\"RESPIRE VANNES\",\"description\":\"RESPIRE : votre salon bio, bien-\u00eatre et habitat sain \u00e0 Vannes\",\"publisher\":{\"@id\":\"https:\\\/\\\/www.respirelavie.fr\\\/vannes\\\/#organization\"},\"potentialAction\":[{\"@type\":\"SearchAction\",\"target\":{\"@type\":\"EntryPoint\",\"urlTemplate\":\"https:\\\/\\\/www.respirelavie.fr\\\/vannes\\\/?s={search_term_string}\"},\"query-input\":{\"@type\":\"PropertyValueSpecification\",\"valueRequired\":true,\"valueName\":\"search_term_string\"}}],\"inLanguage\":\"fr-FR\"},{\"@type\":\"Organization\",\"@id\":\"https:\\\/\\\/www.respirelavie.fr\\\/vannes\\\/#organization\",\"name\":\"RESPIRE VANNES\",\"url\":\"https:\\\/\\\/www.respirelavie.fr\\\/vannes\\\/\",\"logo\":{\"@type\":\"ImageObject\",\"inLanguage\":\"fr-FR\",\"@id\":\"https:\\\/\\\/www.respirelavie.fr\\\/vannes\\\/#\\\/schema\\\/logo\\\/image\\\/\",\"url\":\"https:\\\/\\\/www.respirelavie.fr\\\/vannes\\\/wp-content\\\/uploads\\\/sites\\\/4\\\/2024\\\/10\\\/cropped-cropped-cropped-Logo-RESPIRE-vannes-2025-1-1.png\",\"contentUrl\":\"https:\\\/\\\/www.respirelavie.fr\\\/vannes\\\/wp-content\\\/uploads\\\/sites\\\/4\\\/2024\\\/10\\\/cropped-cropped-cropped-Logo-RESPIRE-vannes-2025-1-1.png\",\"width\":797,\"height\":145,\"caption\":\"RESPIRE VANNES\"},\"image\":{\"@id\":\"https:\\\/\\\/www.respirelavie.fr\\\/vannes\\\/#\\\/schema\\\/logo\\\/image\\\/\"}}]}<\/script>\n<!-- \/ Yoast SEO plugin. -->","yoast_head_json":{"title":"Animations cr\u00e9atives 2023 - RESPIRE VANNES","robots":{"index":"index","follow":"follow","max-snippet":"max-snippet:-1","max-image-preview":"max-image-preview:large","max-video-preview":"max-video-preview:-1"},"canonical":"https:\/\/www.respirelavie.fr\/vannes\/animations-creatives-2023\/","og_locale":"fr_FR","og_type":"article","og_title":"Animations cr\u00e9atives 2023 - RESPIRE VANNES","og_description":"Venez profiter des animations cr\u00e9atives avec des d\u00e9monstrations ou de la mise en pratique : cuisine saine, z\u00e9ro d\u00e9chet, cosm\u00e9tiques naturelles, produits d\u2019entretien \u00e9cologiques, trucs et astuces \u00e9colo, ateliers recyclage, jardinage au naturel\u2026 Les animations se tiennent dans l\u2019espace suivant : Espace de GROIX VENDREDI 7 AVRIL 2023 11:00 Usages et bienfaits de l&#8217;aloe vera&hellip;","og_url":"https:\/\/www.respirelavie.fr\/vannes\/animations-creatives-2023\/","og_site_name":"RESPIRE VANNES","twitter_card":"summary_large_image","twitter_misc":{"Dur\u00e9e de lecture estim\u00e9e":"1 minute"},"schema":{"@context":"https:\/\/schema.org","@graph":[{"@type":"WebPage","@id":"https:\/\/www.respirelavie.fr\/vannes\/animations-creatives-2023\/","url":"https:\/\/www.respirelavie.fr\/vannes\/animations-creatives-2023\/","name":"Animations cr\u00e9atives 2023 - RESPIRE VANNES","isPartOf":{"@id":"https:\/\/www.respirelavie.fr\/vannes\/#website"},"datePublished":"2023-12-06T08:42:30+00:00","breadcrumb":{"@id":"https:\/\/www.respirelavie.fr\/vannes\/animations-creatives-2023\/#breadcrumb"},"inLanguage":"fr-FR","potentialAction":[{"@type":"ReadAction","target":["https:\/\/www.respirelavie.fr\/vannes\/animations-creatives-2023\/"]}]},{"@type":"BreadcrumbList","@id":"https:\/\/www.respirelavie.fr\/vannes\/animations-creatives-2023\/#breadcrumb","itemListElement":[{"@type":"ListItem","position":1,"name":"Accueil","item":"https:\/\/www.respirelavie.fr\/vannes\/"},{"@type":"ListItem","position":2,"name":"Animations cr\u00e9atives 2023"}]},{"@type":"WebSite","@id":"https:\/\/www.respirelavie.fr\/vannes\/#website","url":"https:\/\/www.respirelavie.fr\/vannes\/","name":"RESPIRE VANNES","description":"RESPIRE : votre salon bio, bien-\u00eatre et habitat sain \u00e0 Vannes","publisher":{"@id":"https:\/\/www.respirelavie.fr\/vannes\/#organization"},"potentialAction":[{"@type":"SearchAction","target":{"@type":"EntryPoint","urlTemplate":"https:\/\/www.respirelavie.fr\/vannes\/?s={search_term_string}"},"query-input":{"@type":"PropertyValueSpecification","valueRequired":true,"valueName":"search_term_string"}}],"inLanguage":"fr-FR"},{"@type":"Organization","@id":"https:\/\/www.respirelavie.fr\/vannes\/#organization","name":"RESPIRE VANNES","url":"https:\/\/www.respirelavie.fr\/vannes\/","logo":{"@type":"ImageObject","inLanguage":"fr-FR","@id":"https:\/\/www.respirelavie.fr\/vannes\/#\/schema\/logo\/image\/","url":"https:\/\/www.respirelavie.fr\/vannes\/wp-content\/uploads\/sites\/4\/2024\/10\/cropped-cropped-cropped-Logo-RESPIRE-vannes-2025-1-1.png","contentUrl":"https:\/\/www.respirelavie.fr\/vannes\/wp-content\/uploads\/sites\/4\/2024\/10\/cropped-cropped-cropped-Logo-RESPIRE-vannes-2025-1-1.png","width":797,"height":145,"caption":"RESPIRE VANNES"},"image":{"@id":"https:\/\/www.respirelavie.fr\/vannes\/#\/schema\/logo\/image\/"}}]}},"_links":{"self":[{"href":"https:\/\/www.respirelavie.fr\/vannes\/wp-json\/wp\/v2\/pages\/8135","targetHints":{"allow":["GET"]}}],"collection":[{"href":"https:\/\/www.respirelavie.fr\/vannes\/wp-json\/wp\/v2\/pages"}],"about":[{"href":"https:\/\/www.respirelavie.fr\/vannes\/wp-json\/wp\/v2\/types\/page"}],"author":[{"embeddable":true,"href":"https:\/\/www.respirelavie.fr\/vannes\/wp-json\/wp\/v2\/users\/7"}],"replies":[{"embeddable":true,"href":"https:\/\/www.respirelavie.fr\/vannes\/wp-json\/wp\/v2\/comments?post=8135"}],"version-history":[{"count":1,"href":"https:\/\/www.respirelavie.fr\/vannes\/wp-json\/wp\/v2\/pages\/8135\/revisions"}],"predecessor-version":[{"id":8136,"href":"https:\/\/www.respirelavie.fr\/vannes\/wp-json\/wp\/v2\/pages\/8135\/revisions\/8136"}],"wp:attachment":[{"href":"https:\/\/www.respirelavie.fr\/vannes\/wp-json\/wp\/v2\/media?parent=8135"}],"curies":[{"name":"wp","href":"https:\/\/api.w.org\/{rel}","templated":true}]}}