{"id":8138,"date":"2023-12-06T09:46:39","date_gmt":"2023-12-06T08:46:39","guid":{"rendered":"https:\/\/www.respirelavie.fr\/vannes\/?page_id=8138"},"modified":"2023-12-06T09:46:39","modified_gmt":"2023-12-06T08:46:39","slug":"espace-danimations-en-continu-2023","status":"publish","type":"page","link":"https:\/\/www.respirelavie.fr\/vannes\/espace-danimations-en-continu-2023\/","title":{"rendered":"Espace d\u2019animations en continu 2023"},"content":{"rendered":"<p>Le salon Respire La Vie Vannes met en place des animations sp\u00e9ciales pour \u00e9veiller l\u2019int\u00e9r\u00eat et pour une exp\u00e9rience visiteurs riche et in\u00e9dite.<\/p>\n<p><a href=\"#enfants\">Le coin des enfants<\/a><br \/>\n<a href=\"#Parentalite\">Espace parentalit\u00e9<\/a><br \/>\n<a href=\"#detente\">Espace d\u00e9tente<\/a><br \/>\n<a href=\"#tiny\">Tiny house<\/a><br \/>\n<a href=\"#vannerie\">Espace vannerie<\/a><a id=\"enfants\"><\/a><\/p>\n<h2><\/h2>\n<h2><\/h2>\n<h2><strong>Le coin des enfants<\/strong><\/h2>\n<p>Animations cr\u00e9atives et bricolages nature \u00e0 base de mat\u00e9riaux de r\u00e9cup\u00e9ration.<br \/>\nSamedi et dimanche, \u00e0 partir de 3 ans.<br \/>\n<strong>Anim\u00e9s par la T\u00eate et les Mains<\/strong><\/p>\n<p><strong>Espace b\u00e9b\u00e9s<\/strong><br \/>\nEspace am\u00e9nag\u00e9 et d\u00e9di\u00e9 aux b\u00e9b\u00e9s et \u00e0 leurs parents pour une pause biberon, allaitement, change et c\u00e2lins.<a id=\"Parentalite\"><\/a><\/p>\n<p>&nbsp;<\/p>\n<h2><strong>Espace parentalit\u00e9<\/strong><\/h2>\n<p><img decoding=\"async\" class=\" wp-image-7414 alignleft\" src=\"https:\/\/www.respirelavie.fr\/vannes\/wp-content\/uploads\/sites\/4\/2023\/02\/Capture-decran-2023-02-28-a-12.47.29-300x184.png\" alt=\"\" width=\"160\" height=\"98\" srcset=\"https:\/\/www.respirelavie.fr\/vannes\/wp-content\/uploads\/sites\/4\/2023\/02\/Capture-decran-2023-02-28-a-12.47.29-300x184.png 300w, https:\/\/www.respirelavie.fr\/vannes\/wp-content\/uploads\/sites\/4\/2023\/02\/Capture-decran-2023-02-28-a-12.47.29-768x471.png 768w, https:\/\/www.respirelavie.fr\/vannes\/wp-content\/uploads\/sites\/4\/2023\/02\/Capture-decran-2023-02-28-a-12.47.29-150x92.png 150w, https:\/\/www.respirelavie.fr\/vannes\/wp-content\/uploads\/sites\/4\/2023\/02\/Capture-decran-2023-02-28-a-12.47.29-500x306.png 500w, https:\/\/www.respirelavie.fr\/vannes\/wp-content\/uploads\/sites\/4\/2023\/02\/Capture-decran-2023-02-28-a-12.47.29.png 806w\" sizes=\"(max-width: 160px) 100vw, 160px\" \/><\/p>\n<p style=\"margin: 0cm;\">Espace anim\u00e9 par l\u2019association <strong>Passerelles 56<\/strong> autour de la parentalit\u00e9 et l\u2019accompagnement de la femme et des familles dans la p\u00e9riode pr\u00e9natale.<\/p>\n<p>&nbsp;<\/p>\n<p>Diff\u00e9rentes animations et ateliers seront organis\u00e9s tout au long du salon.<\/p>\n<p>L\u2019association PasserElles 56 s\u2019implique dans le soutien aux parents et futurs parents dans la p\u00e9riode p\u00e9rinatale allant de la pr\u00e9conception aux premiers mois de l\u2019enfant, en passant par le deuil.<\/p>\n<p>Nous d\u00e9sirons faire d\u00e9couvrir l\u2019activit\u00e9 d\u2019accompagnante \u00e0 la naissance (doula), encore m\u00e9connue, autant aux parents qui peuvent avoir besoin d\u2019informations, d\u2019\u00e9coute et de relais, qu\u2019aux professionnels de l\u2019accompagnement p\u00e9rinatal du secteur, afin de travailler en r\u00e9seau.<\/p>\n<p>\u00c0 propos de l\u2019association :<br \/>\nCr\u00e9\u00e9e en 2018 par 3 accompagnantes \u00e0 la naissance, issues de 3 formations diff\u00e9rentes, l\u2019\u00e9quipe s\u2019\u00e9toffe de nouvelles accompagnantes p\u00e9rinatales et d\u2019autres professionnelles de l\u2019accompagnement ayant des propositions sp\u00e9cifiques.<\/p>\n<table style=\"border-collapse: collapse; width: 100%;\">\n<tbody>\n<tr>\n<td style=\"width: 50%;\"><img fetchpriority=\"high\" decoding=\"async\" class=\"wp-image-7416 aligncenter\" src=\"https:\/\/www.respirelavie.fr\/vannes\/wp-content\/uploads\/sites\/4\/2023\/02\/Capture-decran-2023-02-28-a-12.49.29-271x300.png\" alt=\"\" width=\"252\" height=\"279\" srcset=\"https:\/\/www.respirelavie.fr\/vannes\/wp-content\/uploads\/sites\/4\/2023\/02\/Capture-decran-2023-02-28-a-12.49.29-271x300.png 271w, https:\/\/www.respirelavie.fr\/vannes\/wp-content\/uploads\/sites\/4\/2023\/02\/Capture-decran-2023-02-28-a-12.49.29-924x1024.png 924w, https:\/\/www.respirelavie.fr\/vannes\/wp-content\/uploads\/sites\/4\/2023\/02\/Capture-decran-2023-02-28-a-12.49.29-768x851.png 768w, https:\/\/www.respirelavie.fr\/vannes\/wp-content\/uploads\/sites\/4\/2023\/02\/Capture-decran-2023-02-28-a-12.49.29-150x166.png 150w, https:\/\/www.respirelavie.fr\/vannes\/wp-content\/uploads\/sites\/4\/2023\/02\/Capture-decran-2023-02-28-a-12.49.29-451x500.png 451w, https:\/\/www.respirelavie.fr\/vannes\/wp-content\/uploads\/sites\/4\/2023\/02\/Capture-decran-2023-02-28-a-12.49.29.png 966w\" sizes=\"(max-width: 252px) 100vw, 252px\" \/><\/td>\n<td style=\"width: 50%;\"><img decoding=\"async\" class=\"wp-image-7415 aligncenter\" src=\"https:\/\/www.respirelavie.fr\/vannes\/wp-content\/uploads\/sites\/4\/2023\/02\/Capture-decran-2023-02-28-a-12.48.39-272x300.png\" alt=\"\" width=\"260\" height=\"287\" srcset=\"https:\/\/www.respirelavie.fr\/vannes\/wp-content\/uploads\/sites\/4\/2023\/02\/Capture-decran-2023-02-28-a-12.48.39-272x300.png 272w, https:\/\/www.respirelavie.fr\/vannes\/wp-content\/uploads\/sites\/4\/2023\/02\/Capture-decran-2023-02-28-a-12.48.39-768x847.png 768w, https:\/\/www.respirelavie.fr\/vannes\/wp-content\/uploads\/sites\/4\/2023\/02\/Capture-decran-2023-02-28-a-12.48.39-150x165.png 150w, https:\/\/www.respirelavie.fr\/vannes\/wp-content\/uploads\/sites\/4\/2023\/02\/Capture-decran-2023-02-28-a-12.48.39-453x500.png 453w, https:\/\/www.respirelavie.fr\/vannes\/wp-content\/uploads\/sites\/4\/2023\/02\/Capture-decran-2023-02-28-a-12.48.39.png 912w\" sizes=\"(max-width: 260px) 100vw, 260px\" \/><\/td>\n<\/tr>\n<\/tbody>\n<\/table>\n<p>&nbsp;<\/p>\n<p>&nbsp;<\/p>\n<h2><\/h2>\n<h2><strong>Espace d\u00e9tente<\/strong><\/h2>\n<p>Venez vous relaxer chez Bois et Forme, un mobilier au plus proche de l\u2019arbre par ses courbes et ses mouvements.<a id=\"tiny\"><\/a><\/p>\n<p>&nbsp;<\/p>\n<p>&nbsp;<\/p>\n<h2><strong>Tiny House<\/strong><\/h2>\n<p>Artisans passionn\u00e9s, nous cr\u00e9ons votre tiny house mobile. Notre entreprise familiale, situ\u00e9e, dans le Morbihan r\u00e9alise des tiny house made in Bretagne.<br \/>\nDe l&#8217;\u00e9laboration du plan a la conception, nous mettons tout en \u0153uvre pour r\u00e9pondre \u00e0 vos attentes de mani\u00e8re personnalis\u00e9e.<\/p>\n<p>Chez Eur\u00eaka pas de tiny house en s\u00e9rie, chaque tiny est unique. Elle prend vie au fil de nos \u00e9changes afin de cr\u00e9er une tiny house sur mesure. Depuis l&#8217;ossature bois en passant par l&#8217;\u00e9tanch\u00e9it\u00e9, la plomberie, l\u2019\u00e9lectricit\u00e9 et jusqu&#8217;aux am\u00e9nagements int\u00e9rieurs, nous vous accompagnons dans la cr\u00e9ation d&#8217;une tiny \u00e0 votre image.<\/p>\n<p>En r\u00e9alit\u00e9, tout est possible la tiny house prend la forme que vous souhaitez.<br \/>\nDe la tiny house de 15m<sup>2<\/sup> pour faire un bureau, \u00e0 l&#8217;\u00e9co h\u00e9bergement en bois, en passant par la tiny house autonome avec ses panneaux photovolta\u00efques et r\u00e9cup\u00e9ration d&#8217;eau de pluie, vous choisissez votre tiny house en fonction de votre projet personnel.<br \/>\nIl existe mille et une raisons pour vouloir vivre dans une tiny house.<\/p>\n<p>Pour nous la tiny house est synonyme de minimalisme et de libert\u00e9. Dans cette habitations nomade, vous avez possibilit\u00e9 de vivre dans une vraie maison autonome et proche de la nature.<br \/>\nEn effet chez Eur\u00eaka, nous avons \u00e0 c\u0153ur de cr\u00e9er des logements accessibles \u00e0 l&#8217;achat dans le respect de la nature et de notre environnement.<br \/>\n<b><span style=\"color: black;\">Anim\u00e9 par Eureka<a id=\"vannerie\"><\/a><\/span><\/b><\/p>\n<p>&nbsp;<\/p>\n<p>&nbsp;<\/p>\n<p>&nbsp;<\/p>\n<h2><strong>Espace vannerie<\/strong><\/h2>\n<p>Ateliers enfants et adultes d\u2019initiation \u00e0 la vannerie d\u2019osier et de plantes (2h).<\/p>\n<p>Sensibilisation \u00e0 la nature et \u00e0 sa protection par le biais de l&#8217;art, au travers d&#8217;une approche simple et ludique des techniques de vannerie d&#8217;osier et \u00e0 partir de plantes sauvages et de mati\u00e8re consid\u00e9r\u00e9e comme rebut.<br \/>\n<strong>Organis\u00e9 par Art &amp; Nature<\/strong><\/p>\n<p>&nbsp;<\/p>\n","protected":false},"excerpt":{"rendered":"<p>Le salon Respire La Vie Vannes met en place des animations sp\u00e9ciales pour \u00e9veiller l\u2019int\u00e9r\u00eat et pour une exp\u00e9rience visiteurs riche et in\u00e9dite. Le coin des enfants Espace parentalit\u00e9 Espace d\u00e9tente Tiny house Espace vannerie Le coin des enfants Animations cr\u00e9atives et bricolages nature \u00e0 base de mat\u00e9riaux de r\u00e9cup\u00e9ration. Samedi et dimanche, \u00e0 partir&hellip; <\/p>\n","protected":false},"author":7,"featured_media":0,"parent":0,"menu_order":0,"comment_status":"closed","ping_status":"closed","template":"","meta":{"_monsterinsights_skip_tracking":false,"_monsterinsights_sitenote_active":false,"_monsterinsights_sitenote_note":"","_monsterinsights_sitenote_category":0,"footnotes":""},"class_list":["post-8138","page","type-page","status-publish","hentry"],"yoast_head":"<!-- This site is optimized with the Yoast SEO plugin v27.3 - https:\/\/yoast.com\/product\/yoast-seo-wordpress\/ -->\n<title>Espace d\u2019animations en continu 2023 - RESPIRE VANNES<\/title>\n<meta name=\"robots\" content=\"index, follow, max-snippet:-1, max-image-preview:large, max-video-preview:-1\" \/>\n<link rel=\"canonical\" href=\"https:\/\/www.respirelavie.fr\/vannes\/espace-danimations-en-continu-2023\/\" \/>\n<meta property=\"og:locale\" content=\"fr_FR\" \/>\n<meta property=\"og:type\" content=\"article\" \/>\n<meta property=\"og:title\" content=\"Espace d\u2019animations en continu 2023 - RESPIRE VANNES\" \/>\n<meta property=\"og:description\" content=\"Le salon Respire La Vie Vannes met en place des animations sp\u00e9ciales pour \u00e9veiller l\u2019int\u00e9r\u00eat et pour une exp\u00e9rience visiteurs riche et in\u00e9dite. Le coin des enfants Espace parentalit\u00e9 Espace d\u00e9tente Tiny house Espace vannerie Le coin des enfants Animations cr\u00e9atives et bricolages nature \u00e0 base de mat\u00e9riaux de r\u00e9cup\u00e9ration. Samedi et dimanche, \u00e0 partir&hellip;\" \/>\n<meta property=\"og:url\" content=\"https:\/\/www.respirelavie.fr\/vannes\/espace-danimations-en-continu-2023\/\" \/>\n<meta property=\"og:site_name\" content=\"RESPIRE VANNES\" \/>\n<meta property=\"og:image\" content=\"https:\/\/www.respirelavie.fr\/vannes\/wp-content\/uploads\/sites\/4\/2023\/02\/Capture-decran-2023-02-28-a-12.47.29-300x184.png\" \/>\n<meta name=\"twitter:card\" content=\"summary_large_image\" \/>\n<meta name=\"twitter:label1\" content=\"Dur\u00e9e de lecture estim\u00e9e\" \/>\n\t<meta name=\"twitter:data1\" content=\"4 minutes\" \/>\n<script type=\"application\/ld+json\" class=\"yoast-schema-graph\">{\"@context\":\"https:\\\/\\\/schema.org\",\"@graph\":[{\"@type\":\"WebPage\",\"@id\":\"https:\\\/\\\/www.respirelavie.fr\\\/vannes\\\/espace-danimations-en-continu-2023\\\/\",\"url\":\"https:\\\/\\\/www.respirelavie.fr\\\/vannes\\\/espace-danimations-en-continu-2023\\\/\",\"name\":\"Espace d\u2019animations en continu 2023 - RESPIRE VANNES\",\"isPartOf\":{\"@id\":\"https:\\\/\\\/www.respirelavie.fr\\\/vannes\\\/#website\"},\"primaryImageOfPage\":{\"@id\":\"https:\\\/\\\/www.respirelavie.fr\\\/vannes\\\/espace-danimations-en-continu-2023\\\/#primaryimage\"},\"image\":{\"@id\":\"https:\\\/\\\/www.respirelavie.fr\\\/vannes\\\/espace-danimations-en-continu-2023\\\/#primaryimage\"},\"thumbnailUrl\":\"https:\\\/\\\/www.respirelavie.fr\\\/vannes\\\/wp-content\\\/uploads\\\/sites\\\/4\\\/2023\\\/02\\\/Capture-decran-2023-02-28-a-12.47.29-300x184.png\",\"datePublished\":\"2023-12-06T08:46:39+00:00\",\"breadcrumb\":{\"@id\":\"https:\\\/\\\/www.respirelavie.fr\\\/vannes\\\/espace-danimations-en-continu-2023\\\/#breadcrumb\"},\"inLanguage\":\"fr-FR\",\"potentialAction\":[{\"@type\":\"ReadAction\",\"target\":[\"https:\\\/\\\/www.respirelavie.fr\\\/vannes\\\/espace-danimations-en-continu-2023\\\/\"]}]},{\"@type\":\"ImageObject\",\"inLanguage\":\"fr-FR\",\"@id\":\"https:\\\/\\\/www.respirelavie.fr\\\/vannes\\\/espace-danimations-en-continu-2023\\\/#primaryimage\",\"url\":\"https:\\\/\\\/www.respirelavie.fr\\\/vannes\\\/wp-content\\\/uploads\\\/sites\\\/4\\\/2023\\\/02\\\/Capture-decran-2023-02-28-a-12.47.29.png\",\"contentUrl\":\"https:\\\/\\\/www.respirelavie.fr\\\/vannes\\\/wp-content\\\/uploads\\\/sites\\\/4\\\/2023\\\/02\\\/Capture-decran-2023-02-28-a-12.47.29.png\",\"width\":806,\"height\":494},{\"@type\":\"BreadcrumbList\",\"@id\":\"https:\\\/\\\/www.respirelavie.fr\\\/vannes\\\/espace-danimations-en-continu-2023\\\/#breadcrumb\",\"itemListElement\":[{\"@type\":\"ListItem\",\"position\":1,\"name\":\"Accueil\",\"item\":\"https:\\\/\\\/www.respirelavie.fr\\\/vannes\\\/\"},{\"@type\":\"ListItem\",\"position\":2,\"name\":\"Espace d\u2019animations en continu 2023\"}]},{\"@type\":\"WebSite\",\"@id\":\"https:\\\/\\\/www.respirelavie.fr\\\/vannes\\\/#website\",\"url\":\"https:\\\/\\\/www.respirelavie.fr\\\/vannes\\\/\",\"name\":\"RESPIRE VANNES\",\"description\":\"RESPIRE : votre salon bio, bien-\u00eatre et habitat sain \u00e0 Vannes\",\"publisher\":{\"@id\":\"https:\\\/\\\/www.respirelavie.fr\\\/vannes\\\/#organization\"},\"potentialAction\":[{\"@type\":\"SearchAction\",\"target\":{\"@type\":\"EntryPoint\",\"urlTemplate\":\"https:\\\/\\\/www.respirelavie.fr\\\/vannes\\\/?s={search_term_string}\"},\"query-input\":{\"@type\":\"PropertyValueSpecification\",\"valueRequired\":true,\"valueName\":\"search_term_string\"}}],\"inLanguage\":\"fr-FR\"},{\"@type\":\"Organization\",\"@id\":\"https:\\\/\\\/www.respirelavie.fr\\\/vannes\\\/#organization\",\"name\":\"RESPIRE VANNES\",\"url\":\"https:\\\/\\\/www.respirelavie.fr\\\/vannes\\\/\",\"logo\":{\"@type\":\"ImageObject\",\"inLanguage\":\"fr-FR\",\"@id\":\"https:\\\/\\\/www.respirelavie.fr\\\/vannes\\\/#\\\/schema\\\/logo\\\/image\\\/\",\"url\":\"https:\\\/\\\/www.respirelavie.fr\\\/vannes\\\/wp-content\\\/uploads\\\/sites\\\/4\\\/2024\\\/10\\\/cropped-cropped-cropped-Logo-RESPIRE-vannes-2025-1-1.png\",\"contentUrl\":\"https:\\\/\\\/www.respirelavie.fr\\\/vannes\\\/wp-content\\\/uploads\\\/sites\\\/4\\\/2024\\\/10\\\/cropped-cropped-cropped-Logo-RESPIRE-vannes-2025-1-1.png\",\"width\":797,\"height\":145,\"caption\":\"RESPIRE VANNES\"},\"image\":{\"@id\":\"https:\\\/\\\/www.respirelavie.fr\\\/vannes\\\/#\\\/schema\\\/logo\\\/image\\\/\"}}]}<\/script>\n<!-- \/ Yoast SEO plugin. -->","yoast_head_json":{"title":"Espace d\u2019animations en continu 2023 - RESPIRE VANNES","robots":{"index":"index","follow":"follow","max-snippet":"max-snippet:-1","max-image-preview":"max-image-preview:large","max-video-preview":"max-video-preview:-1"},"canonical":"https:\/\/www.respirelavie.fr\/vannes\/espace-danimations-en-continu-2023\/","og_locale":"fr_FR","og_type":"article","og_title":"Espace d\u2019animations en continu 2023 - RESPIRE VANNES","og_description":"Le salon Respire La Vie Vannes met en place des animations sp\u00e9ciales pour \u00e9veiller l\u2019int\u00e9r\u00eat et pour une exp\u00e9rience visiteurs riche et in\u00e9dite. Le coin des enfants Espace parentalit\u00e9 Espace d\u00e9tente Tiny house Espace vannerie Le coin des enfants Animations cr\u00e9atives et bricolages nature \u00e0 base de mat\u00e9riaux de r\u00e9cup\u00e9ration. Samedi et dimanche, \u00e0 partir&hellip;","og_url":"https:\/\/www.respirelavie.fr\/vannes\/espace-danimations-en-continu-2023\/","og_site_name":"RESPIRE VANNES","og_image":[{"url":"https:\/\/www.respirelavie.fr\/vannes\/wp-content\/uploads\/sites\/4\/2023\/02\/Capture-decran-2023-02-28-a-12.47.29-300x184.png","type":"","width":"","height":""}],"twitter_card":"summary_large_image","twitter_misc":{"Dur\u00e9e de lecture estim\u00e9e":"4 minutes"},"schema":{"@context":"https:\/\/schema.org","@graph":[{"@type":"WebPage","@id":"https:\/\/www.respirelavie.fr\/vannes\/espace-danimations-en-continu-2023\/","url":"https:\/\/www.respirelavie.fr\/vannes\/espace-danimations-en-continu-2023\/","name":"Espace d\u2019animations en continu 2023 - RESPIRE VANNES","isPartOf":{"@id":"https:\/\/www.respirelavie.fr\/vannes\/#website"},"primaryImageOfPage":{"@id":"https:\/\/www.respirelavie.fr\/vannes\/espace-danimations-en-continu-2023\/#primaryimage"},"image":{"@id":"https:\/\/www.respirelavie.fr\/vannes\/espace-danimations-en-continu-2023\/#primaryimage"},"thumbnailUrl":"https:\/\/www.respirelavie.fr\/vannes\/wp-content\/uploads\/sites\/4\/2023\/02\/Capture-decran-2023-02-28-a-12.47.29-300x184.png","datePublished":"2023-12-06T08:46:39+00:00","breadcrumb":{"@id":"https:\/\/www.respirelavie.fr\/vannes\/espace-danimations-en-continu-2023\/#breadcrumb"},"inLanguage":"fr-FR","potentialAction":[{"@type":"ReadAction","target":["https:\/\/www.respirelavie.fr\/vannes\/espace-danimations-en-continu-2023\/"]}]},{"@type":"ImageObject","inLanguage":"fr-FR","@id":"https:\/\/www.respirelavie.fr\/vannes\/espace-danimations-en-continu-2023\/#primaryimage","url":"https:\/\/www.respirelavie.fr\/vannes\/wp-content\/uploads\/sites\/4\/2023\/02\/Capture-decran-2023-02-28-a-12.47.29.png","contentUrl":"https:\/\/www.respirelavie.fr\/vannes\/wp-content\/uploads\/sites\/4\/2023\/02\/Capture-decran-2023-02-28-a-12.47.29.png","width":806,"height":494},{"@type":"BreadcrumbList","@id":"https:\/\/www.respirelavie.fr\/vannes\/espace-danimations-en-continu-2023\/#breadcrumb","itemListElement":[{"@type":"ListItem","position":1,"name":"Accueil","item":"https:\/\/www.respirelavie.fr\/vannes\/"},{"@type":"ListItem","position":2,"name":"Espace d\u2019animations en continu 2023"}]},{"@type":"WebSite","@id":"https:\/\/www.respirelavie.fr\/vannes\/#website","url":"https:\/\/www.respirelavie.fr\/vannes\/","name":"RESPIRE VANNES","description":"RESPIRE : votre salon bio, bien-\u00eatre et habitat sain \u00e0 Vannes","publisher":{"@id":"https:\/\/www.respirelavie.fr\/vannes\/#organization"},"potentialAction":[{"@type":"SearchAction","target":{"@type":"EntryPoint","urlTemplate":"https:\/\/www.respirelavie.fr\/vannes\/?s={search_term_string}"},"query-input":{"@type":"PropertyValueSpecification","valueRequired":true,"valueName":"search_term_string"}}],"inLanguage":"fr-FR"},{"@type":"Organization","@id":"https:\/\/www.respirelavie.fr\/vannes\/#organization","name":"RESPIRE VANNES","url":"https:\/\/www.respirelavie.fr\/vannes\/","logo":{"@type":"ImageObject","inLanguage":"fr-FR","@id":"https:\/\/www.respirelavie.fr\/vannes\/#\/schema\/logo\/image\/","url":"https:\/\/www.respirelavie.fr\/vannes\/wp-content\/uploads\/sites\/4\/2024\/10\/cropped-cropped-cropped-Logo-RESPIRE-vannes-2025-1-1.png","contentUrl":"https:\/\/www.respirelavie.fr\/vannes\/wp-content\/uploads\/sites\/4\/2024\/10\/cropped-cropped-cropped-Logo-RESPIRE-vannes-2025-1-1.png","width":797,"height":145,"caption":"RESPIRE VANNES"},"image":{"@id":"https:\/\/www.respirelavie.fr\/vannes\/#\/schema\/logo\/image\/"}}]}},"_links":{"self":[{"href":"https:\/\/www.respirelavie.fr\/vannes\/wp-json\/wp\/v2\/pages\/8138","targetHints":{"allow":["GET"]}}],"collection":[{"href":"https:\/\/www.respirelavie.fr\/vannes\/wp-json\/wp\/v2\/pages"}],"about":[{"href":"https:\/\/www.respirelavie.fr\/vannes\/wp-json\/wp\/v2\/types\/page"}],"author":[{"embeddable":true,"href":"https:\/\/www.respirelavie.fr\/vannes\/wp-json\/wp\/v2\/users\/7"}],"replies":[{"embeddable":true,"href":"https:\/\/www.respirelavie.fr\/vannes\/wp-json\/wp\/v2\/comments?post=8138"}],"version-history":[{"count":1,"href":"https:\/\/www.respirelavie.fr\/vannes\/wp-json\/wp\/v2\/pages\/8138\/revisions"}],"predecessor-version":[{"id":8139,"href":"https:\/\/www.respirelavie.fr\/vannes\/wp-json\/wp\/v2\/pages\/8138\/revisions\/8139"}],"wp:attachment":[{"href":"https:\/\/www.respirelavie.fr\/vannes\/wp-json\/wp\/v2\/media?parent=8138"}],"curies":[{"name":"wp","href":"https:\/\/api.w.org\/{rel}","templated":true}]}}