{"id":8174,"date":"2023-12-07T17:38:29","date_gmt":"2023-12-07T16:38:29","guid":{"rendered":"https:\/\/www.respirelavie.fr\/vannes\/?page_id=8174"},"modified":"2023-12-07T17:38:29","modified_gmt":"2023-12-07T16:38:29","slug":"medoucine","status":"publish","type":"page","link":"https:\/\/www.respirelavie.fr\/vannes\/medoucine\/","title":{"rendered":"M\u00e9doucine"},"content":{"rendered":"<p><img decoding=\"async\" class=\"size-medium wp-image-8175 aligncenter\" src=\"https:\/\/www.respirelavie.fr\/vannes\/wp-content\/uploads\/sites\/4\/2023\/12\/medoucine-1-300x67.png\" alt=\"\" width=\"300\" height=\"67\" srcset=\"https:\/\/www.respirelavie.fr\/vannes\/wp-content\/uploads\/sites\/4\/2023\/12\/medoucine-1-300x67.png 300w, https:\/\/www.respirelavie.fr\/vannes\/wp-content\/uploads\/sites\/4\/2023\/12\/medoucine-1-768x171.png 768w, https:\/\/www.respirelavie.fr\/vannes\/wp-content\/uploads\/sites\/4\/2023\/12\/medoucine-1-150x33.png 150w, https:\/\/www.respirelavie.fr\/vannes\/wp-content\/uploads\/sites\/4\/2023\/12\/medoucine-1-500x111.png 500w, https:\/\/www.respirelavie.fr\/vannes\/wp-content\/uploads\/sites\/4\/2023\/12\/medoucine-1.png 907w\" sizes=\"(max-width: 300px) 100vw, 300px\" \/><\/p>\n<p>M\u00e9doucine c&#8217;est toute une \u00e9quipe qui a pour objectif de vous aider \u00e0 mieux prendre en charge votre sant\u00e9 gr\u00e2ce aux\u00a0<strong>m\u00e9decines douces<\/strong>.<\/p>\n<p>Quelle pratique est la mieux adapt\u00e9e \u00e0 ma situation, comment trouver un bon praticien ?\u00a0 Ce sont les questions auxquelles nous nous effor\u00e7ons de r\u00e9pondre en vous proposant une recherche par mot cl\u00e9, des informations claires et transparentes et une s\u00e9lection de praticiens dont nous v\u00e9rifions formations et r\u00e9f\u00e9rences.<\/p>\n<p>Les m\u00e9decines douces sont un vrai compl\u00e9ment \u00e0 la m\u00e9decine conventionnelle pour \u00eatre et rester en pleine forme de fa\u00e7on durable, nous en sommes convaincus. Notre mission est de vous aider \u00e0 en trouver les cl\u00e9s !<\/p>\n<h2 class=\"mt-5\">Nos valeurs<\/h2>\n<ul class=\"list list--styled ml-5 mb-5\">\n<li><strong>Service\u00a0<\/strong>: Votre bien-\u00eatre est notre raison d&#8217;\u00eatre. Nous mettons toute notre \u00e9nergie et notre cr\u00e9ativit\u00e9 pour vous proposer de nouvelles solutions<\/li>\n<li><strong>Exigence\u00a0<\/strong>: Votre sant\u00e9 est ce que vous avez de plus pr\u00e9cieux, la rigueur que nous mettons dans notre travail est \u00e0 la hauteur de cette exigence.<\/li>\n<li><strong>Bienveillance\u00a0<\/strong>: Les m\u00e9decines douces mettent l&#8217;humain au c\u0153ur de leur attention, et nous aussi. Nous mettons de la bienveillance dans notre approche pour mieux vous servir.<\/li>\n<li><strong>Focus\u00a0<\/strong>: M\u00e9doucine c&#8217;est une startup qui doit chaque jour d\u00e9fricher de nouveaux horizons alors pour ne pas nous perdre en route nous devons rester concentr\u00e9s sur l&#8217;essentiel !<\/li>\n<\/ul>\n<h2>L&#8217;\u00e9quipe M\u00e9doucine<\/h2>\n<p>L&#8217;\u00e9quipe de M\u00e9doucine est constitu\u00e9e d&#8217;individus venant de tous les horizons, mais tous d\u00e9sireux de vous aider \u00e0 profiter des bienfaits des m\u00e9decines douces !<\/p>\n<p>N&#8217;h\u00e9sitez pas \u00e0 nous contacter pour tout renseignement compl\u00e9mentaire !<\/p>\n<p>Site web :\u00a0<a href=\"https:\/\/www.medoucine.com\/\">medoucine.com<\/a><\/p>\n","protected":false},"excerpt":{"rendered":"<p>M\u00e9doucine c&#8217;est toute une \u00e9quipe qui a pour objectif de vous aider \u00e0 mieux prendre en charge votre sant\u00e9 gr\u00e2ce aux\u00a0m\u00e9decines douces. Quelle pratique est la mieux adapt\u00e9e \u00e0 ma situation, comment trouver un bon praticien ?\u00a0 Ce sont les questions auxquelles nous nous effor\u00e7ons de r\u00e9pondre en vous proposant une recherche par mot cl\u00e9,&hellip; <\/p>\n","protected":false},"author":7,"featured_media":0,"parent":0,"menu_order":0,"comment_status":"closed","ping_status":"closed","template":"","meta":{"_monsterinsights_skip_tracking":false,"_monsterinsights_sitenote_active":false,"_monsterinsights_sitenote_note":"","_monsterinsights_sitenote_category":0,"footnotes":""},"class_list":["post-8174","page","type-page","status-publish","hentry"],"yoast_head":"<!-- This site is optimized with the Yoast SEO plugin v27.5 - https:\/\/yoast.com\/product\/yoast-seo-wordpress\/ -->\n<title>M\u00e9doucine - RESPIRE VANNES<\/title>\n<meta name=\"robots\" content=\"index, follow, max-snippet:-1, max-image-preview:large, max-video-preview:-1\" \/>\n<link rel=\"canonical\" href=\"https:\/\/www.respirelavie.fr\/vannes\/medoucine\/\" \/>\n<meta property=\"og:locale\" content=\"fr_FR\" \/>\n<meta property=\"og:type\" content=\"article\" \/>\n<meta property=\"og:title\" content=\"M\u00e9doucine - RESPIRE VANNES\" \/>\n<meta property=\"og:description\" content=\"M\u00e9doucine c&#8217;est toute une \u00e9quipe qui a pour objectif de vous aider \u00e0 mieux prendre en charge votre sant\u00e9 gr\u00e2ce aux\u00a0m\u00e9decines douces. Quelle pratique est la mieux adapt\u00e9e \u00e0 ma situation, comment trouver un bon praticien ?\u00a0 Ce sont les questions auxquelles nous nous effor\u00e7ons de r\u00e9pondre en vous proposant une recherche par mot cl\u00e9,&hellip;\" \/>\n<meta property=\"og:url\" content=\"https:\/\/www.respirelavie.fr\/vannes\/medoucine\/\" \/>\n<meta property=\"og:site_name\" content=\"RESPIRE VANNES\" \/>\n<meta property=\"og:image\" content=\"https:\/\/www.respirelavie.fr\/vannes\/wp-content\/uploads\/sites\/4\/2023\/12\/medoucine-1-300x67.png\" \/>\n<meta name=\"twitter:card\" content=\"summary_large_image\" \/>\n<meta name=\"twitter:label1\" content=\"Dur\u00e9e de lecture estim\u00e9e\" \/>\n\t<meta name=\"twitter:data1\" content=\"2 minutes\" \/>\n<script type=\"application\/ld+json\" class=\"yoast-schema-graph\">{\"@context\":\"https:\\\/\\\/schema.org\",\"@graph\":[{\"@type\":\"WebPage\",\"@id\":\"https:\\\/\\\/www.respirelavie.fr\\\/vannes\\\/medoucine\\\/\",\"url\":\"https:\\\/\\\/www.respirelavie.fr\\\/vannes\\\/medoucine\\\/\",\"name\":\"M\u00e9doucine - RESPIRE VANNES\",\"isPartOf\":{\"@id\":\"https:\\\/\\\/www.respirelavie.fr\\\/vannes\\\/#website\"},\"primaryImageOfPage\":{\"@id\":\"https:\\\/\\\/www.respirelavie.fr\\\/vannes\\\/medoucine\\\/#primaryimage\"},\"image\":{\"@id\":\"https:\\\/\\\/www.respirelavie.fr\\\/vannes\\\/medoucine\\\/#primaryimage\"},\"thumbnailUrl\":\"https:\\\/\\\/www.respirelavie.fr\\\/vannes\\\/wp-content\\\/uploads\\\/sites\\\/4\\\/2023\\\/12\\\/medoucine-1-300x67.png\",\"datePublished\":\"2023-12-07T16:38:29+00:00\",\"breadcrumb\":{\"@id\":\"https:\\\/\\\/www.respirelavie.fr\\\/vannes\\\/medoucine\\\/#breadcrumb\"},\"inLanguage\":\"fr-FR\",\"potentialAction\":[{\"@type\":\"ReadAction\",\"target\":[\"https:\\\/\\\/www.respirelavie.fr\\\/vannes\\\/medoucine\\\/\"]}]},{\"@type\":\"ImageObject\",\"inLanguage\":\"fr-FR\",\"@id\":\"https:\\\/\\\/www.respirelavie.fr\\\/vannes\\\/medoucine\\\/#primaryimage\",\"url\":\"https:\\\/\\\/www.respirelavie.fr\\\/vannes\\\/wp-content\\\/uploads\\\/sites\\\/4\\\/2023\\\/12\\\/medoucine-1.png\",\"contentUrl\":\"https:\\\/\\\/www.respirelavie.fr\\\/vannes\\\/wp-content\\\/uploads\\\/sites\\\/4\\\/2023\\\/12\\\/medoucine-1.png\",\"width\":907,\"height\":202},{\"@type\":\"BreadcrumbList\",\"@id\":\"https:\\\/\\\/www.respirelavie.fr\\\/vannes\\\/medoucine\\\/#breadcrumb\",\"itemListElement\":[{\"@type\":\"ListItem\",\"position\":1,\"name\":\"Accueil\",\"item\":\"https:\\\/\\\/www.respirelavie.fr\\\/vannes\\\/\"},{\"@type\":\"ListItem\",\"position\":2,\"name\":\"M\u00e9doucine\"}]},{\"@type\":\"WebSite\",\"@id\":\"https:\\\/\\\/www.respirelavie.fr\\\/vannes\\\/#website\",\"url\":\"https:\\\/\\\/www.respirelavie.fr\\\/vannes\\\/\",\"name\":\"RESPIRE VANNES\",\"description\":\"RESPIRE : votre salon bio, bien-\u00eatre et habitat sain \u00e0 Vannes\",\"publisher\":{\"@id\":\"https:\\\/\\\/www.respirelavie.fr\\\/vannes\\\/#organization\"},\"potentialAction\":[{\"@type\":\"SearchAction\",\"target\":{\"@type\":\"EntryPoint\",\"urlTemplate\":\"https:\\\/\\\/www.respirelavie.fr\\\/vannes\\\/?s={search_term_string}\"},\"query-input\":{\"@type\":\"PropertyValueSpecification\",\"valueRequired\":true,\"valueName\":\"search_term_string\"}}],\"inLanguage\":\"fr-FR\"},{\"@type\":\"Organization\",\"@id\":\"https:\\\/\\\/www.respirelavie.fr\\\/vannes\\\/#organization\",\"name\":\"RESPIRE VANNES\",\"url\":\"https:\\\/\\\/www.respirelavie.fr\\\/vannes\\\/\",\"logo\":{\"@type\":\"ImageObject\",\"inLanguage\":\"fr-FR\",\"@id\":\"https:\\\/\\\/www.respirelavie.fr\\\/vannes\\\/#\\\/schema\\\/logo\\\/image\\\/\",\"url\":\"https:\\\/\\\/www.respirelavie.fr\\\/vannes\\\/wp-content\\\/uploads\\\/sites\\\/4\\\/2024\\\/10\\\/cropped-cropped-cropped-Logo-RESPIRE-vannes-2025-1-1.png\",\"contentUrl\":\"https:\\\/\\\/www.respirelavie.fr\\\/vannes\\\/wp-content\\\/uploads\\\/sites\\\/4\\\/2024\\\/10\\\/cropped-cropped-cropped-Logo-RESPIRE-vannes-2025-1-1.png\",\"width\":797,\"height\":145,\"caption\":\"RESPIRE VANNES\"},\"image\":{\"@id\":\"https:\\\/\\\/www.respirelavie.fr\\\/vannes\\\/#\\\/schema\\\/logo\\\/image\\\/\"}}]}<\/script>\n<!-- \/ Yoast SEO plugin. -->","yoast_head_json":{"title":"M\u00e9doucine - RESPIRE VANNES","robots":{"index":"index","follow":"follow","max-snippet":"max-snippet:-1","max-image-preview":"max-image-preview:large","max-video-preview":"max-video-preview:-1"},"canonical":"https:\/\/www.respirelavie.fr\/vannes\/medoucine\/","og_locale":"fr_FR","og_type":"article","og_title":"M\u00e9doucine - RESPIRE VANNES","og_description":"M\u00e9doucine c&#8217;est toute une \u00e9quipe qui a pour objectif de vous aider \u00e0 mieux prendre en charge votre sant\u00e9 gr\u00e2ce aux\u00a0m\u00e9decines douces. Quelle pratique est la mieux adapt\u00e9e \u00e0 ma situation, comment trouver un bon praticien ?\u00a0 Ce sont les questions auxquelles nous nous effor\u00e7ons de r\u00e9pondre en vous proposant une recherche par mot cl\u00e9,&hellip;","og_url":"https:\/\/www.respirelavie.fr\/vannes\/medoucine\/","og_site_name":"RESPIRE VANNES","og_image":[{"url":"https:\/\/www.respirelavie.fr\/vannes\/wp-content\/uploads\/sites\/4\/2023\/12\/medoucine-1-300x67.png","type":"","width":"","height":""}],"twitter_card":"summary_large_image","twitter_misc":{"Dur\u00e9e de lecture estim\u00e9e":"2 minutes"},"schema":{"@context":"https:\/\/schema.org","@graph":[{"@type":"WebPage","@id":"https:\/\/www.respirelavie.fr\/vannes\/medoucine\/","url":"https:\/\/www.respirelavie.fr\/vannes\/medoucine\/","name":"M\u00e9doucine - RESPIRE VANNES","isPartOf":{"@id":"https:\/\/www.respirelavie.fr\/vannes\/#website"},"primaryImageOfPage":{"@id":"https:\/\/www.respirelavie.fr\/vannes\/medoucine\/#primaryimage"},"image":{"@id":"https:\/\/www.respirelavie.fr\/vannes\/medoucine\/#primaryimage"},"thumbnailUrl":"https:\/\/www.respirelavie.fr\/vannes\/wp-content\/uploads\/sites\/4\/2023\/12\/medoucine-1-300x67.png","datePublished":"2023-12-07T16:38:29+00:00","breadcrumb":{"@id":"https:\/\/www.respirelavie.fr\/vannes\/medoucine\/#breadcrumb"},"inLanguage":"fr-FR","potentialAction":[{"@type":"ReadAction","target":["https:\/\/www.respirelavie.fr\/vannes\/medoucine\/"]}]},{"@type":"ImageObject","inLanguage":"fr-FR","@id":"https:\/\/www.respirelavie.fr\/vannes\/medoucine\/#primaryimage","url":"https:\/\/www.respirelavie.fr\/vannes\/wp-content\/uploads\/sites\/4\/2023\/12\/medoucine-1.png","contentUrl":"https:\/\/www.respirelavie.fr\/vannes\/wp-content\/uploads\/sites\/4\/2023\/12\/medoucine-1.png","width":907,"height":202},{"@type":"BreadcrumbList","@id":"https:\/\/www.respirelavie.fr\/vannes\/medoucine\/#breadcrumb","itemListElement":[{"@type":"ListItem","position":1,"name":"Accueil","item":"https:\/\/www.respirelavie.fr\/vannes\/"},{"@type":"ListItem","position":2,"name":"M\u00e9doucine"}]},{"@type":"WebSite","@id":"https:\/\/www.respirelavie.fr\/vannes\/#website","url":"https:\/\/www.respirelavie.fr\/vannes\/","name":"RESPIRE VANNES","description":"RESPIRE : votre salon bio, bien-\u00eatre et habitat sain \u00e0 Vannes","publisher":{"@id":"https:\/\/www.respirelavie.fr\/vannes\/#organization"},"potentialAction":[{"@type":"SearchAction","target":{"@type":"EntryPoint","urlTemplate":"https:\/\/www.respirelavie.fr\/vannes\/?s={search_term_string}"},"query-input":{"@type":"PropertyValueSpecification","valueRequired":true,"valueName":"search_term_string"}}],"inLanguage":"fr-FR"},{"@type":"Organization","@id":"https:\/\/www.respirelavie.fr\/vannes\/#organization","name":"RESPIRE VANNES","url":"https:\/\/www.respirelavie.fr\/vannes\/","logo":{"@type":"ImageObject","inLanguage":"fr-FR","@id":"https:\/\/www.respirelavie.fr\/vannes\/#\/schema\/logo\/image\/","url":"https:\/\/www.respirelavie.fr\/vannes\/wp-content\/uploads\/sites\/4\/2024\/10\/cropped-cropped-cropped-Logo-RESPIRE-vannes-2025-1-1.png","contentUrl":"https:\/\/www.respirelavie.fr\/vannes\/wp-content\/uploads\/sites\/4\/2024\/10\/cropped-cropped-cropped-Logo-RESPIRE-vannes-2025-1-1.png","width":797,"height":145,"caption":"RESPIRE VANNES"},"image":{"@id":"https:\/\/www.respirelavie.fr\/vannes\/#\/schema\/logo\/image\/"}}]}},"_links":{"self":[{"href":"https:\/\/www.respirelavie.fr\/vannes\/wp-json\/wp\/v2\/pages\/8174","targetHints":{"allow":["GET"]}}],"collection":[{"href":"https:\/\/www.respirelavie.fr\/vannes\/wp-json\/wp\/v2\/pages"}],"about":[{"href":"https:\/\/www.respirelavie.fr\/vannes\/wp-json\/wp\/v2\/types\/page"}],"author":[{"embeddable":true,"href":"https:\/\/www.respirelavie.fr\/vannes\/wp-json\/wp\/v2\/users\/7"}],"replies":[{"embeddable":true,"href":"https:\/\/www.respirelavie.fr\/vannes\/wp-json\/wp\/v2\/comments?post=8174"}],"version-history":[{"count":1,"href":"https:\/\/www.respirelavie.fr\/vannes\/wp-json\/wp\/v2\/pages\/8174\/revisions"}],"predecessor-version":[{"id":8176,"href":"https:\/\/www.respirelavie.fr\/vannes\/wp-json\/wp\/v2\/pages\/8174\/revisions\/8176"}],"wp:attachment":[{"href":"https:\/\/www.respirelavie.fr\/vannes\/wp-json\/wp\/v2\/media?parent=8174"}],"curies":[{"name":"wp","href":"https:\/\/api.w.org\/{rel}","templated":true}]}}