{"id":9054,"date":"2024-11-18T09:47:08","date_gmt":"2024-11-18T08:47:08","guid":{"rendered":"https:\/\/www.respirelavie.fr\/vannes\/?page_id=9054"},"modified":"2024-11-18T09:47:08","modified_gmt":"2024-11-18T08:47:08","slug":"conferences","status":"publish","type":"page","link":"https:\/\/www.respirelavie.fr\/vannes\/conferences\/","title":{"rendered":"Conf\u00e9rences"},"content":{"rendered":"<p><strong><span style=\"color: #4fad5b;\">Salle GWENED<\/span><\/strong><br \/>\n<span style=\"color: #4fadea;\"><strong>Salle HOUAT<\/strong><\/span><\/p>\n<h2>Vendredi 19 janvier<\/h2>\n<p><strong><span style=\"color: #4fadea;\">11:00 <\/span><\/strong>D\u00e9couverte de la manipulation de la baguette du sourcier<em><strong> &#8211; Marc Perrot<br \/>\n<\/strong><\/em><span style=\"color: #4fad5b;\"><strong>12:00 <\/strong><\/span>Les m\u00e9taux lourds : origines, incidences, les mesurer, les solutions <em><strong>&#8211; Armand Bensemhoun<br \/>\n<\/strong><\/em><span style=\"color: #4fad5b;\"><strong><span style=\"color: #4fadea;\">12:00 <\/span><\/strong><\/span>5 jours pour aller mieux <em><strong>&#8211; Pascal Bertrand et Dominique Bourdin<\/strong><\/em><span style=\"color: #4fad5b;\"><strong><br \/>\n13:00<\/strong><\/span> Bienfaits, utilisation des min\u00e9raux <em><strong>&#8211; Jean-Claude Kennedec<\/strong><\/em><br \/>\n<span style=\"color: #4fadea;\"><strong>13:00<\/strong><\/span> Orgonites, protection des ondes \u00e9lectromagn\u00e9tiques et g\u00e9obiologie <em><strong>&#8211; Thierry Hermann<\/strong><\/em><br \/>\n<span style=\"color: #4fad5b;\"><strong>14:00<\/strong><\/span> Incroyable pouvoir de l&#8217;acupuncture ! Quelle acupuncture pour am\u00e9liorer la sant\u00e9 au quotidien ? <em><strong>&#8211; Hwang Chang<br \/>\n<\/strong><\/em><span style=\"color: #4fadea;\"><strong>14:00<\/strong> <\/span>Gu\u00e9rir les blessures du pass\u00e9 pour mieux vivre l\u2019instant pr\u00e9sent : les 6 phases d\u2019acc\u00e8s au L\u00e2cher Prise <em><strong>&#8211; H\u00e9l\u00e8ne Girardin<\/strong><\/em><br \/>\n<span style=\"color: #4fad5b;\"><strong>15:30<\/strong><\/span> Voyage personnel \u00e0 travers l\u2019autohypnose<em> <strong>&#8211; Isabelle Robineau et Julien Lachaume<\/strong><\/em><br \/>\n<span style=\"color: #4fadea;\"><strong>15:00<\/strong> <\/span>G\u00e9obiologie : la sant\u00e9 par l&#8217;habitat <strong><em>&#8211; Roland Fernandez<\/em><\/strong><br \/>\n<span style=\"color: #4fadea;\"><strong>16:00<\/strong><\/span> Comment agir contre les tensions musculaires de la t\u00eate, de la nuque et du dos<em><strong> &#8211; Alfred Pfennig<\/strong><\/em><br \/>\n<span style=\"color: #4fad5b;\"><strong>16:30<\/strong><\/span> Plasma marin, eau de mer \/ S\u00e8ve de bouleau \/ Argile : 3 solutions naturelles fondamentales <em><strong>&#8211; Gr\u00e9goire Cadeau<\/strong><\/em><br \/>\n<span style=\"color: #4fadea;\"><strong>17:00<\/strong><\/span> Se lib\u00e9rer de ses mal-\u00eatre <em><strong>&#8211; Liliane Dauteuil<br \/>\n<\/strong><\/em><span style=\"color: #4fadea;\"><span style=\"color: #4fad5b;\"><strong>17:30<\/strong><\/span> <\/span>Retrouver et gu\u00e9rir son enfant int\u00e9rieur : La R\u00e9silience. Gu\u00e9rir le pass\u00e9 pour vivre pleinement l&#8217;instant pr\u00e9sent <em>&#8211;<strong> H\u00e9l\u00e8ne Girardin<br \/>\n<\/strong><\/em><strong><span style=\"color: #4fadea;\">18:00<\/span><\/strong> Je veux changer. Je peux changer. Comment\u00a0? <em><strong>&#8211; Anne-Sophie Jegado<\/strong><strong><br \/>\n<\/strong><\/em><\/p>\n<h2>Samedi 20 janvier<\/h2>\n<p><span style=\"color: #4fad5b;\"><strong>10:30 <\/strong><\/span>G\u00e9obiologie : lieux, histoire et m\u00e9moire <strong><em>&#8211; Fran\u00e7ois Annequin<\/em><\/strong><em><strong><br \/>\n<\/strong><\/em><span style=\"color: #4fadea;\"><strong>11:00<\/strong> <\/span>Gu\u00e9rir les blessures du pass\u00e9 pour mieux vivre l&#8217;instant pr\u00e9sent : les 6 phases d&#8217;acc\u00e8s au Lacher Prise <em>&#8211;<strong> H\u00e9l\u00e8ne Girardin<\/strong><\/em><br \/>\n<span style=\"color: #4fad5b;\"><strong>11:30<\/strong><\/span> Un outil pratique et objectif pour vous aider dans vos choix et vous guider dans l\u2019accomplissement de vos projets <em><strong>&#8211; Sylvia Cordonnier<\/strong><\/em><br \/>\n<span style=\"color: #4fadea;\"><strong>12:00<\/strong><\/span> Bienfaits, utilisation des min\u00e9raux <em><strong>&#8211; Jean-Claude Kennedec<\/strong><\/em><br \/>\n<span style=\"color: #4fad5b;\"><strong>13:00<\/strong><\/span> G\u00e9obiologie : la sant\u00e9 par l&#8217;habitat<em> <strong>&#8211; Roland Fernandez<\/strong><\/em><br \/>\n<span style=\"color: #4fadea;\"><strong>13:00<\/strong><\/span> S&#8217;aligner avec sa mission de vie<em><strong> &#8211; Laurence Thievin<\/strong><\/em><br \/>\n<span style=\"color: #4fad5b;\"><strong>14:00<\/strong><\/span> La num\u00e9rologie du rayonnement de l&#8217;\u00eatre<em><strong> &#8211; Sandrine Laurier<\/strong><\/em><br \/>\n<span style=\"color: #4fadea;\"><strong>14:00<\/strong><\/span> L&#8217;action du yoga sur l&#8217;attention et les crises de l&#8217;enfant <em><strong>&#8211; Emile Lozevis<\/strong><\/em><br \/>\n<span style=\"color: #4fad5b;\"><strong>15:00<\/strong><\/span> Vos 4 dimensions \u00e9nerg\u00e9tiques et leur implication dans votre vie quotidienne<em><strong> &#8211; Mary-Laure Teyssedre<\/strong><\/em><br \/>\n<span style=\"color: #4fadea;\"><strong>15:00<\/strong><\/span> Plasma marin, eau de mer \/ S\u00e8ve de bouleau \/ Argile : 3 solutions naturelles fondamentales<em> <strong>&#8211; Gr\u00e9goire Cadeau<\/strong><\/em><br \/>\n<span style=\"color: #4fadea;\"><strong>16:00<\/strong><\/span> Comment agir contre les tensions musculaires de la t\u00eate, de la nuque et du dos<em><strong> &#8211; Alfred Pfennig<\/strong><\/em><br \/>\n<span style=\"color: #4fad5b;\"><strong>16:30<\/strong><\/span> Se lib\u00e9rer de ses mal-\u00eatres<em><strong> &#8211; Liliane Dauteuil<\/strong><\/em><br \/>\n<span style=\"color: #4fadea;\"><strong>17:00<\/strong><\/span> La g\u00e9om\u00e9trie sacr\u00e9e au service de l&#8217;\u00e9veil <em><strong>&#8211; J\u00e9r\u00f4me Boujon<br \/>\n<\/strong><\/em><span style=\"color: #4fad5b;\"><strong>17:30<\/strong><\/span> Retrouver et gu\u00e9rir son enfant int\u00e9rieur : La R\u00e9silience. Gu\u00e9rir le pass\u00e9 pour vivre pleinement l\u2019instant pr\u00e9sent <em><strong>&#8211; H\u00e9l\u00e8ne Girardin<\/strong><\/em><br \/>\n<span style=\"color: #4fadea;\"><strong>18:00<\/strong> <\/span>Les soins \u00e9gyptiens et ess\u00e9niens <em><strong>&#8211; Anais Neveu<\/strong><\/em><\/p>\n<h2>Dimanche 21 janvier<\/h2>\n<p><span style=\"color: #4fadea;\"><strong><span style=\"color: #4fad5b;\">10:30<\/span> <\/strong><\/span>Le compl\u00e9ment \u00e0 la g\u00e9obiologie, perturbations et tests kin\u00e9sio HF <em><strong>&#8211; Marc Perrot<\/strong><\/em><span style=\"color: #4fadea;\"><strong><br \/>\n11:00<\/strong><\/span> C&#8217;est quoi une personne nerveuse ?<em> <strong>&#8211; H\u00e9l\u00e8ne Marchix<\/strong><\/em><br \/>\n<span style=\"color: #4fad5b;\"><strong>11:30<\/strong><\/span> L\u2019art du yoga, un voyage du corps physique aux dimensions subtiles <em><strong>&#8211; Sreemati<\/strong><\/em><br \/>\n<span style=\"color: #4fadea;\"><strong>12:00<\/strong><\/span> Comment agir contre les tensions musculaires de la t\u00eate, de la nuque et du dos<em><strong> &#8211; Alfred Pfennig<\/strong><\/em><br \/>\n<span style=\"color: #4fad5b;\"><strong>13:00<\/strong><\/span> Bienfaits, utilisation des min\u00e9raux <em><strong>&#8211; Jean-Claude Kennedec<br \/>\n<\/strong><\/em><strong><span style=\"color: #57b1eb;\">13:00<\/span><\/strong> Retrouver et gu\u00e9rir son enfant int\u00e9rieur : La R\u00e9silience. Gu\u00e9rir le pass\u00e9 pour vivre pleinement l\u2019instant pr\u00e9sent<em><strong> &#8211; H\u00e9l\u00e8ne Girardin<\/strong><\/em><br \/>\n<span style=\"color: #4fad5b;\"><strong>14:00<\/strong><\/span> G\u00e9obiologie : la sant\u00e9 par l&#8217;habitat <em><strong>&#8211; Roland Fernandez<\/strong><\/em><br \/>\n<span style=\"color: #4fadea;\"><strong>14:00<\/strong><\/span> Plasma marin, eau de mer \/ S\u00e8ve de bouleau \/ Argile : 3 solutions naturelles fondamentales<em><strong> &#8211; Gr\u00e9goire Cadeau<\/strong><\/em><br \/>\n<span style=\"color: #4fad5b;\"><strong>15:00<\/strong><\/span> Vivre avec l\u2019\u00e9co lucidit\u00e9 <em><strong>&#8211; Or\u00e9gane Plailly et Tanguy Descamps<\/strong>\u00a0<\/em><br \/>\n<span style=\"color: #4fadea;\"><strong>15:00<\/strong> <\/span>Orgonites, protection des ondes \u00e9lectromagn\u00e9tiques et g\u00e9obiologie <em><strong>&#8211; Thierry Hermann<\/strong><\/em><br \/>\n<span style=\"color: #4fadea;\"><strong>16:00<\/strong><\/span> Les soins \u00e9gyptiens et ess\u00e9niens <em><strong>&#8211; Anais Neveu<br \/>\n<\/strong><\/em><strong><span style=\"color: #51ad5d;\">16:30<\/span><\/strong> Gu\u00e9rir les blessures du pass\u00e9 pour mieux vivre l&#8217;instant pr\u00e9sent : les 6 phases d&#8217;acc\u00e8s au Lacher Prise <em><strong>&#8211; H\u00e9l\u00e8ne Girardin<br \/>\n<\/strong><\/em><strong><span style=\"color: #57b1eb;\">17:00<\/span> <\/strong>M\u00e9ditation canalis\u00e9e <em><strong>&#8211; Pascale Ott<\/strong><\/em><\/p>\n","protected":false},"excerpt":{"rendered":"<p>Salle GWENED Salle HOUAT Vendredi 19 janvier 11:00 D\u00e9couverte de la manipulation de la baguette du sourcier &#8211; Marc Perrot 12:00 Les m\u00e9taux lourds : origines, incidences, les mesurer, les solutions &#8211; Armand Bensemhoun 12:00 5 jours pour aller mieux &#8211; Pascal Bertrand et Dominique Bourdin 13:00 Bienfaits, utilisation des min\u00e9raux &#8211; Jean-Claude Kennedec 13:00&hellip; <\/p>\n","protected":false},"author":5,"featured_media":0,"parent":0,"menu_order":0,"comment_status":"closed","ping_status":"closed","template":"","meta":{"_monsterinsights_skip_tracking":false,"_monsterinsights_sitenote_active":false,"_monsterinsights_sitenote_note":"","_monsterinsights_sitenote_category":0,"footnotes":""},"class_list":["post-9054","page","type-page","status-publish","hentry"],"yoast_head":"<!-- This site is optimized with the Yoast SEO plugin v27.3 - https:\/\/yoast.com\/product\/yoast-seo-wordpress\/ -->\n<title>Conf\u00e9rences - RESPIRE VANNES<\/title>\n<meta name=\"robots\" content=\"index, follow, max-snippet:-1, max-image-preview:large, max-video-preview:-1\" \/>\n<link rel=\"canonical\" href=\"https:\/\/www.respirelavie.fr\/vannes\/conferences\/\" \/>\n<meta property=\"og:locale\" content=\"fr_FR\" \/>\n<meta property=\"og:type\" content=\"article\" \/>\n<meta property=\"og:title\" content=\"Conf\u00e9rences - RESPIRE VANNES\" \/>\n<meta property=\"og:description\" content=\"Salle GWENED Salle HOUAT Vendredi 19 janvier 11:00 D\u00e9couverte de la manipulation de la baguette du sourcier &#8211; Marc Perrot 12:00 Les m\u00e9taux lourds : origines, incidences, les mesurer, les solutions &#8211; Armand Bensemhoun 12:00 5 jours pour aller mieux &#8211; Pascal Bertrand et Dominique Bourdin 13:00 Bienfaits, utilisation des min\u00e9raux &#8211; Jean-Claude Kennedec 13:00&hellip;\" \/>\n<meta property=\"og:url\" content=\"https:\/\/www.respirelavie.fr\/vannes\/conferences\/\" \/>\n<meta property=\"og:site_name\" content=\"RESPIRE VANNES\" \/>\n<meta name=\"twitter:card\" content=\"summary_large_image\" \/>\n<meta name=\"twitter:label1\" content=\"Dur\u00e9e de lecture estim\u00e9e\" \/>\n\t<meta name=\"twitter:data1\" content=\"3 minutes\" \/>\n<script type=\"application\/ld+json\" class=\"yoast-schema-graph\">{\"@context\":\"https:\\\/\\\/schema.org\",\"@graph\":[{\"@type\":\"WebPage\",\"@id\":\"https:\\\/\\\/www.respirelavie.fr\\\/vannes\\\/conferences\\\/\",\"url\":\"https:\\\/\\\/www.respirelavie.fr\\\/vannes\\\/conferences\\\/\",\"name\":\"Conf\u00e9rences - RESPIRE VANNES\",\"isPartOf\":{\"@id\":\"https:\\\/\\\/www.respirelavie.fr\\\/vannes\\\/#website\"},\"datePublished\":\"2024-11-18T08:47:08+00:00\",\"breadcrumb\":{\"@id\":\"https:\\\/\\\/www.respirelavie.fr\\\/vannes\\\/conferences\\\/#breadcrumb\"},\"inLanguage\":\"fr-FR\",\"potentialAction\":[{\"@type\":\"ReadAction\",\"target\":[\"https:\\\/\\\/www.respirelavie.fr\\\/vannes\\\/conferences\\\/\"]}]},{\"@type\":\"BreadcrumbList\",\"@id\":\"https:\\\/\\\/www.respirelavie.fr\\\/vannes\\\/conferences\\\/#breadcrumb\",\"itemListElement\":[{\"@type\":\"ListItem\",\"position\":1,\"name\":\"Accueil\",\"item\":\"https:\\\/\\\/www.respirelavie.fr\\\/vannes\\\/\"},{\"@type\":\"ListItem\",\"position\":2,\"name\":\"Conf\u00e9rences\"}]},{\"@type\":\"WebSite\",\"@id\":\"https:\\\/\\\/www.respirelavie.fr\\\/vannes\\\/#website\",\"url\":\"https:\\\/\\\/www.respirelavie.fr\\\/vannes\\\/\",\"name\":\"RESPIRE VANNES\",\"description\":\"RESPIRE : votre salon bio, bien-\u00eatre et habitat sain \u00e0 Vannes\",\"publisher\":{\"@id\":\"https:\\\/\\\/www.respirelavie.fr\\\/vannes\\\/#organization\"},\"potentialAction\":[{\"@type\":\"SearchAction\",\"target\":{\"@type\":\"EntryPoint\",\"urlTemplate\":\"https:\\\/\\\/www.respirelavie.fr\\\/vannes\\\/?s={search_term_string}\"},\"query-input\":{\"@type\":\"PropertyValueSpecification\",\"valueRequired\":true,\"valueName\":\"search_term_string\"}}],\"inLanguage\":\"fr-FR\"},{\"@type\":\"Organization\",\"@id\":\"https:\\\/\\\/www.respirelavie.fr\\\/vannes\\\/#organization\",\"name\":\"RESPIRE VANNES\",\"url\":\"https:\\\/\\\/www.respirelavie.fr\\\/vannes\\\/\",\"logo\":{\"@type\":\"ImageObject\",\"inLanguage\":\"fr-FR\",\"@id\":\"https:\\\/\\\/www.respirelavie.fr\\\/vannes\\\/#\\\/schema\\\/logo\\\/image\\\/\",\"url\":\"https:\\\/\\\/www.respirelavie.fr\\\/vannes\\\/wp-content\\\/uploads\\\/sites\\\/4\\\/2024\\\/10\\\/cropped-cropped-cropped-Logo-RESPIRE-vannes-2025-1-1.png\",\"contentUrl\":\"https:\\\/\\\/www.respirelavie.fr\\\/vannes\\\/wp-content\\\/uploads\\\/sites\\\/4\\\/2024\\\/10\\\/cropped-cropped-cropped-Logo-RESPIRE-vannes-2025-1-1.png\",\"width\":797,\"height\":145,\"caption\":\"RESPIRE VANNES\"},\"image\":{\"@id\":\"https:\\\/\\\/www.respirelavie.fr\\\/vannes\\\/#\\\/schema\\\/logo\\\/image\\\/\"}}]}<\/script>\n<!-- \/ Yoast SEO plugin. -->","yoast_head_json":{"title":"Conf\u00e9rences - RESPIRE VANNES","robots":{"index":"index","follow":"follow","max-snippet":"max-snippet:-1","max-image-preview":"max-image-preview:large","max-video-preview":"max-video-preview:-1"},"canonical":"https:\/\/www.respirelavie.fr\/vannes\/conferences\/","og_locale":"fr_FR","og_type":"article","og_title":"Conf\u00e9rences - RESPIRE VANNES","og_description":"Salle GWENED Salle HOUAT Vendredi 19 janvier 11:00 D\u00e9couverte de la manipulation de la baguette du sourcier &#8211; Marc Perrot 12:00 Les m\u00e9taux lourds : origines, incidences, les mesurer, les solutions &#8211; Armand Bensemhoun 12:00 5 jours pour aller mieux &#8211; Pascal Bertrand et Dominique Bourdin 13:00 Bienfaits, utilisation des min\u00e9raux &#8211; Jean-Claude Kennedec 13:00&hellip;","og_url":"https:\/\/www.respirelavie.fr\/vannes\/conferences\/","og_site_name":"RESPIRE VANNES","twitter_card":"summary_large_image","twitter_misc":{"Dur\u00e9e de lecture estim\u00e9e":"3 minutes"},"schema":{"@context":"https:\/\/schema.org","@graph":[{"@type":"WebPage","@id":"https:\/\/www.respirelavie.fr\/vannes\/conferences\/","url":"https:\/\/www.respirelavie.fr\/vannes\/conferences\/","name":"Conf\u00e9rences - RESPIRE VANNES","isPartOf":{"@id":"https:\/\/www.respirelavie.fr\/vannes\/#website"},"datePublished":"2024-11-18T08:47:08+00:00","breadcrumb":{"@id":"https:\/\/www.respirelavie.fr\/vannes\/conferences\/#breadcrumb"},"inLanguage":"fr-FR","potentialAction":[{"@type":"ReadAction","target":["https:\/\/www.respirelavie.fr\/vannes\/conferences\/"]}]},{"@type":"BreadcrumbList","@id":"https:\/\/www.respirelavie.fr\/vannes\/conferences\/#breadcrumb","itemListElement":[{"@type":"ListItem","position":1,"name":"Accueil","item":"https:\/\/www.respirelavie.fr\/vannes\/"},{"@type":"ListItem","position":2,"name":"Conf\u00e9rences"}]},{"@type":"WebSite","@id":"https:\/\/www.respirelavie.fr\/vannes\/#website","url":"https:\/\/www.respirelavie.fr\/vannes\/","name":"RESPIRE VANNES","description":"RESPIRE : votre salon bio, bien-\u00eatre et habitat sain \u00e0 Vannes","publisher":{"@id":"https:\/\/www.respirelavie.fr\/vannes\/#organization"},"potentialAction":[{"@type":"SearchAction","target":{"@type":"EntryPoint","urlTemplate":"https:\/\/www.respirelavie.fr\/vannes\/?s={search_term_string}"},"query-input":{"@type":"PropertyValueSpecification","valueRequired":true,"valueName":"search_term_string"}}],"inLanguage":"fr-FR"},{"@type":"Organization","@id":"https:\/\/www.respirelavie.fr\/vannes\/#organization","name":"RESPIRE VANNES","url":"https:\/\/www.respirelavie.fr\/vannes\/","logo":{"@type":"ImageObject","inLanguage":"fr-FR","@id":"https:\/\/www.respirelavie.fr\/vannes\/#\/schema\/logo\/image\/","url":"https:\/\/www.respirelavie.fr\/vannes\/wp-content\/uploads\/sites\/4\/2024\/10\/cropped-cropped-cropped-Logo-RESPIRE-vannes-2025-1-1.png","contentUrl":"https:\/\/www.respirelavie.fr\/vannes\/wp-content\/uploads\/sites\/4\/2024\/10\/cropped-cropped-cropped-Logo-RESPIRE-vannes-2025-1-1.png","width":797,"height":145,"caption":"RESPIRE VANNES"},"image":{"@id":"https:\/\/www.respirelavie.fr\/vannes\/#\/schema\/logo\/image\/"}}]}},"_links":{"self":[{"href":"https:\/\/www.respirelavie.fr\/vannes\/wp-json\/wp\/v2\/pages\/9054","targetHints":{"allow":["GET"]}}],"collection":[{"href":"https:\/\/www.respirelavie.fr\/vannes\/wp-json\/wp\/v2\/pages"}],"about":[{"href":"https:\/\/www.respirelavie.fr\/vannes\/wp-json\/wp\/v2\/types\/page"}],"author":[{"embeddable":true,"href":"https:\/\/www.respirelavie.fr\/vannes\/wp-json\/wp\/v2\/users\/5"}],"replies":[{"embeddable":true,"href":"https:\/\/www.respirelavie.fr\/vannes\/wp-json\/wp\/v2\/comments?post=9054"}],"version-history":[{"count":1,"href":"https:\/\/www.respirelavie.fr\/vannes\/wp-json\/wp\/v2\/pages\/9054\/revisions"}],"predecessor-version":[{"id":9055,"href":"https:\/\/www.respirelavie.fr\/vannes\/wp-json\/wp\/v2\/pages\/9054\/revisions\/9055"}],"wp:attachment":[{"href":"https:\/\/www.respirelavie.fr\/vannes\/wp-json\/wp\/v2\/media?parent=9054"}],"curies":[{"name":"wp","href":"https:\/\/api.w.org\/{rel}","templated":true}]}}