{"id":9057,"date":"2024-11-18T09:48:21","date_gmt":"2024-11-18T08:48:21","guid":{"rendered":"https:\/\/www.respirelavie.fr\/vannes\/?page_id=9057"},"modified":"2024-11-18T09:48:21","modified_gmt":"2024-11-18T08:48:21","slug":"ateliers-bien-etre","status":"publish","type":"page","link":"https:\/\/www.respirelavie.fr\/vannes\/ateliers-bien-etre\/","title":{"rendered":"Ateliers bien-\u00eatre"},"content":{"rendered":"<p><span style=\"color: #ff2f92;\"><strong>Salle ARZ<\/strong><\/span><\/p>\n<h2>Vendredi 19 janvier<\/h2>\n<p><span style=\"color: #eb4691;\"><strong> 11:00<\/strong><\/span> L&#8217;art de bien respirer <em><strong>&#8211; Myriam Michel<\/strong><\/em><br \/>\n<strong><span style=\"color: #eb4691;\">12:00<\/span> <\/strong> Retrouver et gu\u00e9rir son enfant int\u00e9rieur : La R\u00e9silience. Gu\u00e9rir le pass\u00e9 pour vivre pleinement l\u2019instant pr\u00e9sent <strong><em>&#8211; H\u00e9l\u00e8ne Girardin<br \/>\n<\/em><span style=\"color: #eb4691;\">13:00<\/span><\/strong> Technique de lib\u00e9ration \u00e9motionnel par visualisation <em><strong>&#8211; Karima Sfihi<br \/>\n<\/strong><\/em><strong><span style=\"color: #eb4691;\">14:00<\/span><\/strong> La nouvelle terre &#8211; mon futur lumineux <em><strong>&#8211; St\u00e9phane Idier<br \/>\n<\/strong><\/em><strong><span style=\"color: #eb4691;\">15:00<\/span><\/strong> Atelier Qi-Gong <em><strong>&#8211; Marie-Laure Canasse et S\u00e9bastien Artaud<\/strong><\/em><br \/>\n<span style=\"color: #eb4691;\"><strong>16:00<\/strong><\/span> Pratique : le Qi Gong de sant\u00e9 <em><strong>&#8211; Corinne Laverdure<br \/>\n<\/strong><\/em><strong><span style=\"color: #eb4691;\">17:00<\/span><\/strong> Qi Gong de la femme <em><strong>&#8211; Marilyn Paquet<br \/>\n<\/strong><\/em><strong><span style=\"color: #eb4691;\">18:00<\/span>\u00a0<\/strong> Int\u00e9grer les supers aliments au quotidien <em><strong>&#8211; Monique Pellen\u00a0<\/strong><\/em><\/p>\n<h2>Samedi 20 janvier<\/h2>\n<p><span style=\"color: #eb4691;\"><strong> 11:00<\/strong><\/span> Pratique : le Qi Gong de sant\u00e9<em><strong> &#8211; Corinne Laverdure<br \/>\n<\/strong><\/em><span style=\"color: #eb4691;\"><strong>12:00<\/strong><\/span> Orgonites, protection des ondes \u00e9lectromagn\u00e9tiques et g\u00e9obiologie <em><strong>&#8211; Thierry Hermann<\/strong><\/em><br \/>\n<span style=\"color: #eb4691;\"><strong>13:00<\/strong><\/span> Soin collectif C\u0153ur Cristal<em><strong> &#8211; Christelle Tafanel<\/strong><\/em><br \/>\n<span style=\"color: #eb4691;\"><strong>14:00<\/strong><\/span> La m\u00e9thode QET, conscientiser les Maux par les mots <em><strong>&#8211; Maryvonne Pomm\u00e9<\/strong><\/em><br \/>\n<span style=\"color: #eb4691;\"><strong>15:00<\/strong><\/span> Pr\u00e9senter la pratique d&#8217;un appareil des points d&#8217;acupuncture qui permet d&#8217;aider \u00e0 soulager des douleurs <em><strong>&#8211; Hwang Chang<\/strong><\/em><br \/>\n<span style=\"color: #eb4691;\"><strong>16:00<\/strong><\/span> Votre ann\u00e9e personnelle en num\u00e9rologie cr\u00e9ative <em><strong>&#8211; Laurence Thievin<br \/>\n<\/strong><\/em><span style=\"color: #eb4691;\"><strong>17:00<\/strong><\/span> La nouvelle terre &#8211; mon futur lumineux<em><strong> &#8211; St\u00e9phane Idier<br \/>\n<\/strong><\/em><span style=\"color: #eb4691;\"><strong>18:00<\/strong><\/span> Atelier Qi-Gong <em><strong>&#8211; Marie-Laure Canasse et S\u00e9bastien Artaud<\/strong><\/em><\/p>\n<h2>Dimanche 21 janvier<\/h2>\n<p><span style=\"color: #eb4691;\"><strong> 11:00<\/strong><\/span> La nouvelle terre &#8211; mon futur lumineux <em><strong>&#8211; St\u00e9phane Idier\u00a0<\/strong><\/em><br \/>\n<span style=\"color: #eb4691;\"><strong>12:00<\/strong><\/span> Les m\u00e9taux lourds : origines, incidences, les mesurer, les solutions <em><strong>&#8211; Armand Bensemhoun<\/strong><\/em><br \/>\n<span style=\"color: #eb4691;\"><strong>13:00<\/strong><\/span> Int\u00e9grer les supers aliments au quotidien <em><strong>&#8211; Monique Pellen\u00a0<\/strong><\/em><br \/>\n<span style=\"color: #eb4691;\"><strong>14:00<\/strong><\/span> Qi Gong autour de l&#8217;\u00e9l\u00e9ment bois (foie)<em><strong> &#8211; Marilyn Paquet<\/strong><\/em><br \/>\n<span style=\"color: #eb4691;\"><strong>15:00<\/strong><\/span> Atelier Qi-Gong <em><strong>&#8211; Marie-Laure Canasse et S\u00e9bastien Artaud<\/strong><\/em><br \/>\n<span style=\"color: #eb4691;\"><strong>16:00<\/strong><\/span> Pr\u00e9sentation antenne LECHER <em><strong>&#8211; Martine Barreau<\/strong><\/em><br \/>\n<span style=\"color: #eb4691;\"><strong>17:00<\/strong> <\/span>D\u00e9couverte de la manipulation de la baguette du sourcier<em><strong> &#8211; Yannick Lepage<\/strong><\/em><\/p>\n","protected":false},"excerpt":{"rendered":"<p>Salle ARZ Vendredi 19 janvier 11:00 L&#8217;art de bien respirer &#8211; Myriam Michel 12:00 Retrouver et gu\u00e9rir son enfant int\u00e9rieur : La R\u00e9silience. Gu\u00e9rir le pass\u00e9 pour vivre pleinement l\u2019instant pr\u00e9sent &#8211; H\u00e9l\u00e8ne Girardin 13:00 Technique de lib\u00e9ration \u00e9motionnel par visualisation &#8211; Karima Sfihi 14:00 La nouvelle terre &#8211; mon futur lumineux &#8211; St\u00e9phane Idier&hellip; <\/p>\n","protected":false},"author":5,"featured_media":0,"parent":0,"menu_order":0,"comment_status":"closed","ping_status":"closed","template":"","meta":{"_monsterinsights_skip_tracking":false,"_monsterinsights_sitenote_active":false,"_monsterinsights_sitenote_note":"","_monsterinsights_sitenote_category":0,"footnotes":""},"class_list":["post-9057","page","type-page","status-publish","hentry"],"yoast_head":"<!-- This site is optimized with the Yoast SEO plugin v27.3 - https:\/\/yoast.com\/product\/yoast-seo-wordpress\/ -->\n<title>Ateliers bien-\u00eatre - RESPIRE VANNES<\/title>\n<meta name=\"robots\" content=\"index, follow, max-snippet:-1, max-image-preview:large, max-video-preview:-1\" \/>\n<link rel=\"canonical\" href=\"https:\/\/www.respirelavie.fr\/vannes\/ateliers-bien-etre\/\" \/>\n<meta property=\"og:locale\" content=\"fr_FR\" \/>\n<meta property=\"og:type\" content=\"article\" \/>\n<meta property=\"og:title\" content=\"Ateliers bien-\u00eatre - RESPIRE VANNES\" \/>\n<meta property=\"og:description\" content=\"Salle ARZ Vendredi 19 janvier 11:00 L&#8217;art de bien respirer &#8211; Myriam Michel 12:00 Retrouver et gu\u00e9rir son enfant int\u00e9rieur : La R\u00e9silience. Gu\u00e9rir le pass\u00e9 pour vivre pleinement l\u2019instant pr\u00e9sent &#8211; H\u00e9l\u00e8ne Girardin 13:00 Technique de lib\u00e9ration \u00e9motionnel par visualisation &#8211; Karima Sfihi 14:00 La nouvelle terre &#8211; mon futur lumineux &#8211; St\u00e9phane Idier&hellip;\" \/>\n<meta property=\"og:url\" content=\"https:\/\/www.respirelavie.fr\/vannes\/ateliers-bien-etre\/\" \/>\n<meta property=\"og:site_name\" content=\"RESPIRE VANNES\" \/>\n<meta name=\"twitter:card\" content=\"summary_large_image\" \/>\n<meta name=\"twitter:label1\" content=\"Dur\u00e9e de lecture estim\u00e9e\" \/>\n\t<meta name=\"twitter:data1\" content=\"2 minutes\" \/>\n<script type=\"application\/ld+json\" class=\"yoast-schema-graph\">{\"@context\":\"https:\\\/\\\/schema.org\",\"@graph\":[{\"@type\":\"WebPage\",\"@id\":\"https:\\\/\\\/www.respirelavie.fr\\\/vannes\\\/ateliers-bien-etre\\\/\",\"url\":\"https:\\\/\\\/www.respirelavie.fr\\\/vannes\\\/ateliers-bien-etre\\\/\",\"name\":\"Ateliers bien-\u00eatre - RESPIRE VANNES\",\"isPartOf\":{\"@id\":\"https:\\\/\\\/www.respirelavie.fr\\\/vannes\\\/#website\"},\"datePublished\":\"2024-11-18T08:48:21+00:00\",\"breadcrumb\":{\"@id\":\"https:\\\/\\\/www.respirelavie.fr\\\/vannes\\\/ateliers-bien-etre\\\/#breadcrumb\"},\"inLanguage\":\"fr-FR\",\"potentialAction\":[{\"@type\":\"ReadAction\",\"target\":[\"https:\\\/\\\/www.respirelavie.fr\\\/vannes\\\/ateliers-bien-etre\\\/\"]}]},{\"@type\":\"BreadcrumbList\",\"@id\":\"https:\\\/\\\/www.respirelavie.fr\\\/vannes\\\/ateliers-bien-etre\\\/#breadcrumb\",\"itemListElement\":[{\"@type\":\"ListItem\",\"position\":1,\"name\":\"Accueil\",\"item\":\"https:\\\/\\\/www.respirelavie.fr\\\/vannes\\\/\"},{\"@type\":\"ListItem\",\"position\":2,\"name\":\"Ateliers bien-\u00eatre\"}]},{\"@type\":\"WebSite\",\"@id\":\"https:\\\/\\\/www.respirelavie.fr\\\/vannes\\\/#website\",\"url\":\"https:\\\/\\\/www.respirelavie.fr\\\/vannes\\\/\",\"name\":\"RESPIRE VANNES\",\"description\":\"RESPIRE : votre salon bio, bien-\u00eatre et habitat sain \u00e0 Vannes\",\"publisher\":{\"@id\":\"https:\\\/\\\/www.respirelavie.fr\\\/vannes\\\/#organization\"},\"potentialAction\":[{\"@type\":\"SearchAction\",\"target\":{\"@type\":\"EntryPoint\",\"urlTemplate\":\"https:\\\/\\\/www.respirelavie.fr\\\/vannes\\\/?s={search_term_string}\"},\"query-input\":{\"@type\":\"PropertyValueSpecification\",\"valueRequired\":true,\"valueName\":\"search_term_string\"}}],\"inLanguage\":\"fr-FR\"},{\"@type\":\"Organization\",\"@id\":\"https:\\\/\\\/www.respirelavie.fr\\\/vannes\\\/#organization\",\"name\":\"RESPIRE VANNES\",\"url\":\"https:\\\/\\\/www.respirelavie.fr\\\/vannes\\\/\",\"logo\":{\"@type\":\"ImageObject\",\"inLanguage\":\"fr-FR\",\"@id\":\"https:\\\/\\\/www.respirelavie.fr\\\/vannes\\\/#\\\/schema\\\/logo\\\/image\\\/\",\"url\":\"https:\\\/\\\/www.respirelavie.fr\\\/vannes\\\/wp-content\\\/uploads\\\/sites\\\/4\\\/2024\\\/10\\\/cropped-cropped-cropped-Logo-RESPIRE-vannes-2025-1-1.png\",\"contentUrl\":\"https:\\\/\\\/www.respirelavie.fr\\\/vannes\\\/wp-content\\\/uploads\\\/sites\\\/4\\\/2024\\\/10\\\/cropped-cropped-cropped-Logo-RESPIRE-vannes-2025-1-1.png\",\"width\":797,\"height\":145,\"caption\":\"RESPIRE VANNES\"},\"image\":{\"@id\":\"https:\\\/\\\/www.respirelavie.fr\\\/vannes\\\/#\\\/schema\\\/logo\\\/image\\\/\"}}]}<\/script>\n<!-- \/ Yoast SEO plugin. -->","yoast_head_json":{"title":"Ateliers bien-\u00eatre - RESPIRE VANNES","robots":{"index":"index","follow":"follow","max-snippet":"max-snippet:-1","max-image-preview":"max-image-preview:large","max-video-preview":"max-video-preview:-1"},"canonical":"https:\/\/www.respirelavie.fr\/vannes\/ateliers-bien-etre\/","og_locale":"fr_FR","og_type":"article","og_title":"Ateliers bien-\u00eatre - RESPIRE VANNES","og_description":"Salle ARZ Vendredi 19 janvier 11:00 L&#8217;art de bien respirer &#8211; Myriam Michel 12:00 Retrouver et gu\u00e9rir son enfant int\u00e9rieur : La R\u00e9silience. Gu\u00e9rir le pass\u00e9 pour vivre pleinement l\u2019instant pr\u00e9sent &#8211; H\u00e9l\u00e8ne Girardin 13:00 Technique de lib\u00e9ration \u00e9motionnel par visualisation &#8211; Karima Sfihi 14:00 La nouvelle terre &#8211; mon futur lumineux &#8211; St\u00e9phane Idier&hellip;","og_url":"https:\/\/www.respirelavie.fr\/vannes\/ateliers-bien-etre\/","og_site_name":"RESPIRE VANNES","twitter_card":"summary_large_image","twitter_misc":{"Dur\u00e9e de lecture estim\u00e9e":"2 minutes"},"schema":{"@context":"https:\/\/schema.org","@graph":[{"@type":"WebPage","@id":"https:\/\/www.respirelavie.fr\/vannes\/ateliers-bien-etre\/","url":"https:\/\/www.respirelavie.fr\/vannes\/ateliers-bien-etre\/","name":"Ateliers bien-\u00eatre - RESPIRE VANNES","isPartOf":{"@id":"https:\/\/www.respirelavie.fr\/vannes\/#website"},"datePublished":"2024-11-18T08:48:21+00:00","breadcrumb":{"@id":"https:\/\/www.respirelavie.fr\/vannes\/ateliers-bien-etre\/#breadcrumb"},"inLanguage":"fr-FR","potentialAction":[{"@type":"ReadAction","target":["https:\/\/www.respirelavie.fr\/vannes\/ateliers-bien-etre\/"]}]},{"@type":"BreadcrumbList","@id":"https:\/\/www.respirelavie.fr\/vannes\/ateliers-bien-etre\/#breadcrumb","itemListElement":[{"@type":"ListItem","position":1,"name":"Accueil","item":"https:\/\/www.respirelavie.fr\/vannes\/"},{"@type":"ListItem","position":2,"name":"Ateliers bien-\u00eatre"}]},{"@type":"WebSite","@id":"https:\/\/www.respirelavie.fr\/vannes\/#website","url":"https:\/\/www.respirelavie.fr\/vannes\/","name":"RESPIRE VANNES","description":"RESPIRE : votre salon bio, bien-\u00eatre et habitat sain \u00e0 Vannes","publisher":{"@id":"https:\/\/www.respirelavie.fr\/vannes\/#organization"},"potentialAction":[{"@type":"SearchAction","target":{"@type":"EntryPoint","urlTemplate":"https:\/\/www.respirelavie.fr\/vannes\/?s={search_term_string}"},"query-input":{"@type":"PropertyValueSpecification","valueRequired":true,"valueName":"search_term_string"}}],"inLanguage":"fr-FR"},{"@type":"Organization","@id":"https:\/\/www.respirelavie.fr\/vannes\/#organization","name":"RESPIRE VANNES","url":"https:\/\/www.respirelavie.fr\/vannes\/","logo":{"@type":"ImageObject","inLanguage":"fr-FR","@id":"https:\/\/www.respirelavie.fr\/vannes\/#\/schema\/logo\/image\/","url":"https:\/\/www.respirelavie.fr\/vannes\/wp-content\/uploads\/sites\/4\/2024\/10\/cropped-cropped-cropped-Logo-RESPIRE-vannes-2025-1-1.png","contentUrl":"https:\/\/www.respirelavie.fr\/vannes\/wp-content\/uploads\/sites\/4\/2024\/10\/cropped-cropped-cropped-Logo-RESPIRE-vannes-2025-1-1.png","width":797,"height":145,"caption":"RESPIRE VANNES"},"image":{"@id":"https:\/\/www.respirelavie.fr\/vannes\/#\/schema\/logo\/image\/"}}]}},"_links":{"self":[{"href":"https:\/\/www.respirelavie.fr\/vannes\/wp-json\/wp\/v2\/pages\/9057","targetHints":{"allow":["GET"]}}],"collection":[{"href":"https:\/\/www.respirelavie.fr\/vannes\/wp-json\/wp\/v2\/pages"}],"about":[{"href":"https:\/\/www.respirelavie.fr\/vannes\/wp-json\/wp\/v2\/types\/page"}],"author":[{"embeddable":true,"href":"https:\/\/www.respirelavie.fr\/vannes\/wp-json\/wp\/v2\/users\/5"}],"replies":[{"embeddable":true,"href":"https:\/\/www.respirelavie.fr\/vannes\/wp-json\/wp\/v2\/comments?post=9057"}],"version-history":[{"count":1,"href":"https:\/\/www.respirelavie.fr\/vannes\/wp-json\/wp\/v2\/pages\/9057\/revisions"}],"predecessor-version":[{"id":9058,"href":"https:\/\/www.respirelavie.fr\/vannes\/wp-json\/wp\/v2\/pages\/9057\/revisions\/9058"}],"wp:attachment":[{"href":"https:\/\/www.respirelavie.fr\/vannes\/wp-json\/wp\/v2\/media?parent=9057"}],"curies":[{"name":"wp","href":"https:\/\/api.w.org\/{rel}","templated":true}]}}